{"id":514,"date":"2026-01-22T19:24:33","date_gmt":"2026-01-22T19:24:33","guid":{"rendered":"https:\/\/www.transtoyou.com\/ro\/product\/valtrex\/"},"modified":"2026-01-22T19:25:40","modified_gmt":"2026-01-22T19:25:40","slug":"valtrex","status":"publish","type":"product","link":"https:\/\/www.transtoyou.com\/ro\/product\/valtrex\/","title":{"rendered":"Valtrex"},"content":{"rendered":"<p>Valtrex este un medicament antiviral (medicament \u00eempotriva virusurilor) folosit pentru a trata infec\u021biile cauzate de virusurile herpetice. Este un promedicament al aciclovirului, ceea ce \u00eenseamn\u0103 c\u0103 organismul t\u0103u \u00eel transform\u0103 \u00een forma sa activ\u0103 (aciclovir) dup\u0103 ce \u00eel iei. Aciclovirul ac\u021bioneaz\u0103 prin oprirea virusului de la replicarea ADN-ului s\u0103u (material genetic), ceea ce \u00eempiedic\u0103 multiplicarea \u0219i r\u0103sp\u00e2ndirea acestuia (blocheaz\u0103 replicarea viral\u0103).<\/p>\n<p>Valtrex este prescris \u00een principal pentru infec\u021biile cauzate de virusurile herpetice, inclusiv herpesul bucal (herpes oral), herpesul genital, zona zoster (herpes zoster), infec\u021biile oculare cauzate de herpes \u0219i pentru prevenirea infec\u021biilor cu citomegalovirus (CMV) la persoanele care au avut un transplant de organ. De asemenea, este utilizat pe termen lung pentru a reduce frecven\u021ba apari\u021biei episoadelor.<\/p>\n<p>Valtrex afecteaz\u0103 organismul prin controlarea virusului \u00een timpul episoadelor active \u0219i prin reducerea riscului de apari\u021bie a unor noi episoade. Func\u021bioneaz\u0103 bine atunci c\u00e2nd este \u00eenceput devreme \u00een cursul simptomelor, adesea \u00een primele 1\u20131,5 ore. Deoarece vizeaz\u0103 doar celulele infectate cu virus, celulele s\u0103n\u0103toase sunt de obicei protejate, rezult\u00e2nd \u00een efecte secundare mai pu\u021bine.<\/p>\n<p>Principalele beneficii ale Valtrex sunt debutul rapid, u\u0219urin\u021ba \u00een utilizare (tablet\u0103 oral\u0103), dozele zilnice mai pu\u021bine comparativ cu antiviralele mai vechi \u0219i dovezi puternice ale eficacit\u0103\u021bii. Reduce durerea \u0219i timpul de vindecare \u00een timpul episoadelor \u0219i poate, de asemenea, s\u0103 diminueze \u0219ansele de transmitere a virusului altora atunci c\u00e2nd este utilizat zilnic.<\/p>\n<p>Valtrex nu vindec\u0103 herpesul, dar ajut\u0103 la gestionarea acestuia eficient \u0219i face via\u021ba cu aceast\u0103 afec\u021biune mai u\u0219or de suportat.<\/p>\n","protected":false},"excerpt":{"rendered":"<ul>\n<li>Antiviral \u00eempotriva virusurilor herpes<\/li>\n<li>Ajut\u0103 la reducerea apari\u021biilor \u0219i simptomelor<\/li>\n<li>Op\u021biune o dat\u0103 pe zi pentru preven\u021bie<\/li>\n<\/ul>\n","protected":false},"featured_media":516,"comment_status":"open","ping_status":"closed","template":"","meta":[],"product_brand":[],"product_cat":[116,74,144],"product_tag":[],"expert":[17],"class_list":{"0":"post-514","1":"product","2":"type-product","3":"status-publish","4":"has-post-thumbnail","6":"product_cat-herpes","7":"product_cat-herpes-bucal","8":"product_cat-tigle","9":"expert-dr-c-munoz-parada","11":"first","12":"instock","13":"shipping-taxable","14":"product-type-variable"},"yoast_head":"<!-- This site is optimized with the Yoast SEO plugin v27.0 - https:\/\/yoast.com\/product\/yoast-seo-wordpress\/ -->\n<title>Valtrex | Suport Antiviral Eficient - Transtoyou<\/title>\n<meta name=\"description\" content=\"Valtrex disponibil la Transtoyou, oferind suport antiviral de \u00eencredere. Descoper\u0103 beneficiile pentru gestionarea simptomelor herpesului. Cump\u0103r\u0103 acum pentru \u00eengrijire eficient\u0103.\" \/>\n<meta name=\"robots\" content=\"noindex, follow, max-snippet:-1, max-image-preview:large, max-video-preview:-1\" \/>\n<meta property=\"og:locale\" content=\"ro_RO\" \/>\n<meta property=\"og:type\" content=\"article\" \/>\n<meta property=\"og:title\" content=\"Valtrex | Suport Antiviral Eficient - Transtoyou\" \/>\n<meta property=\"og:description\" content=\"Valtrex disponibil la Transtoyou, oferind suport antiviral de \u00eencredere. Descoper\u0103 beneficiile pentru gestionarea simptomelor herpesului. Cump\u0103r\u0103 acum pentru \u00eengrijire eficient\u0103.\" \/>\n<meta property=\"og:url\" content=\"https:\/\/www.transtoyou.com\/ro\/product\/valtrex\/\" \/>\n<meta property=\"og:site_name\" content=\"Transtoyou - RO\" \/>\n<meta property=\"article:modified_time\" content=\"2026-01-22T19:25:40+00:00\" \/>\n<meta name=\"twitter:card\" content=\"summary_large_image\" \/>\n<meta name=\"twitter:label1\" content=\"Timp estimat pentru citire\" \/>\n\t<meta name=\"twitter:data1\" content=\"1 minut\" \/>\n<script type=\"application\/ld+json\" class=\"yoast-schema-graph\">{\"@context\":\"https:\/\/schema.org\",\"@graph\":[{\"@type\":\"WebPage\",\"@id\":\"https:\/\/www.transtoyou.com\/ro\/product\/valtrex\/\",\"url\":\"https:\/\/www.transtoyou.com\/ro\/product\/valtrex\/\",\"name\":\"Valtrex | Suport Antiviral Eficient - Transtoyou\",\"isPartOf\":{\"@id\":\"https:\/\/www.transtoyou.com\/ro\/#website\"},\"primaryImageOfPage\":{\"@id\":\"https:\/\/www.transtoyou.com\/ro\/product\/valtrex\/#primaryimage\"},\"image\":{\"@id\":\"https:\/\/www.transtoyou.com\/ro\/product\/valtrex\/#primaryimage\"},\"thumbnailUrl\":\"https:\/\/www.transtoyou.com\/ro\/wp-content\/uploads\/sites\/13\/2026\/01\/tty-no-product-image-25.webp\",\"datePublished\":\"2026-01-22T19:24:33+00:00\",\"dateModified\":\"2026-01-22T19:25:40+00:00\",\"description\":\"Valtrex disponibil la Transtoyou, oferind suport antiviral de \u00eencredere. Descoper\u0103 beneficiile pentru gestionarea simptomelor herpesului. Cump\u0103r\u0103 acum pentru \u00eengrijire eficient\u0103.\",\"breadcrumb\":{\"@id\":\"https:\/\/www.transtoyou.com\/ro\/product\/valtrex\/#breadcrumb\"},\"inLanguage\":\"ro-RO\",\"potentialAction\":[{\"@type\":\"ReadAction\",\"target\":[\"https:\/\/www.transtoyou.com\/ro\/product\/valtrex\/\"]}]},{\"@type\":\"ImageObject\",\"inLanguage\":\"ro-RO\",\"@id\":\"https:\/\/www.transtoyou.com\/ro\/product\/valtrex\/#primaryimage\",\"url\":\"https:\/\/www.transtoyou.com\/ro\/wp-content\/uploads\/sites\/13\/2026\/01\/tty-no-product-image-25.webp\",\"contentUrl\":\"https:\/\/www.transtoyou.com\/ro\/wp-content\/uploads\/sites\/13\/2026\/01\/tty-no-product-image-25.webp\",\"width\":1000,\"height\":1000,\"caption\":\"Imaginea implicit\u0103 a produsului\"},{\"@type\":\"WebSite\",\"@id\":\"https:\/\/www.transtoyou.com\/ro\/#website\",\"url\":\"https:\/\/www.transtoyou.com\/ro\/\",\"name\":\"Transtoyou - RO\",\"description\":\"\",\"publisher\":{\"@id\":\"https:\/\/www.transtoyou.com\/ro\/#organization\"},\"potentialAction\":[{\"@type\":\"SearchAction\",\"target\":{\"@type\":\"EntryPoint\",\"urlTemplate\":\"https:\/\/www.transtoyou.com\/ro\/?s={search_term_string}\"},\"query-input\":{\"@type\":\"PropertyValueSpecification\",\"valueRequired\":true,\"valueName\":\"search_term_string\"}}],\"inLanguage\":\"ro-RO\"},{\"@type\":\"Organization\",\"@id\":\"https:\/\/www.transtoyou.com\/ro\/#organization\",\"name\":\"Transtoyou - RO\",\"url\":\"https:\/\/www.transtoyou.com\/ro\/\",\"logo\":{\"@type\":\"ImageObject\",\"inLanguage\":\"ro-RO\",\"@id\":\"https:\/\/www.transtoyou.com\/ro\/#\/schema\/logo\/image\/\",\"url\":\"https:\/\/www.transtoyou.com\/ro\/wp-content\/uploads\/sites\/13\/2026\/01\/logo-tty-menu-bar-300x87-1.webp\",\"contentUrl\":\"https:\/\/www.transtoyou.com\/ro\/wp-content\/uploads\/sites\/13\/2026\/01\/logo-tty-menu-bar-300x87-1.webp\",\"width\":300,\"height\":87,\"caption\":\"Transtoyou - RO\"},\"image\":{\"@id\":\"https:\/\/www.transtoyou.com\/ro\/#\/schema\/logo\/image\/\"}}]}<\/script>\n<!-- \/ Yoast SEO plugin. -->","yoast_head_json":{"title":"Valtrex | Suport Antiviral Eficient - Transtoyou","description":"Valtrex disponibil la Transtoyou, oferind suport antiviral de \u00eencredere. Descoper\u0103 beneficiile pentru gestionarea simptomelor herpesului. Cump\u0103r\u0103 acum pentru \u00eengrijire eficient\u0103.","robots":{"index":"noindex","follow":"follow","max-snippet":"max-snippet:-1","max-image-preview":"max-image-preview:large","max-video-preview":"max-video-preview:-1"},"og_locale":"ro_RO","og_type":"article","og_title":"Valtrex | Suport Antiviral Eficient - Transtoyou","og_description":"Valtrex disponibil la Transtoyou, oferind suport antiviral de \u00eencredere. Descoper\u0103 beneficiile pentru gestionarea simptomelor herpesului. Cump\u0103r\u0103 acum pentru \u00eengrijire eficient\u0103.","og_url":"https:\/\/www.transtoyou.com\/ro\/product\/valtrex\/","og_site_name":"Transtoyou - RO","article_modified_time":"2026-01-22T19:25:40+00:00","twitter_card":"summary_large_image","twitter_misc":{"Timp estimat pentru citire":"1 minut"},"schema":{"@context":"https:\/\/schema.org","@graph":[{"@type":"WebPage","@id":"https:\/\/www.transtoyou.com\/ro\/product\/valtrex\/","url":"https:\/\/www.transtoyou.com\/ro\/product\/valtrex\/","name":"Valtrex | Suport Antiviral Eficient - Transtoyou","isPartOf":{"@id":"https:\/\/www.transtoyou.com\/ro\/#website"},"primaryImageOfPage":{"@id":"https:\/\/www.transtoyou.com\/ro\/product\/valtrex\/#primaryimage"},"image":{"@id":"https:\/\/www.transtoyou.com\/ro\/product\/valtrex\/#primaryimage"},"thumbnailUrl":"https:\/\/www.transtoyou.com\/ro\/wp-content\/uploads\/sites\/13\/2026\/01\/tty-no-product-image-25.webp","datePublished":"2026-01-22T19:24:33+00:00","dateModified":"2026-01-22T19:25:40+00:00","description":"Valtrex disponibil la Transtoyou, oferind suport antiviral de \u00eencredere. Descoper\u0103 beneficiile pentru gestionarea simptomelor herpesului. Cump\u0103r\u0103 acum pentru \u00eengrijire eficient\u0103.","breadcrumb":{"@id":"https:\/\/www.transtoyou.com\/ro\/product\/valtrex\/#breadcrumb"},"inLanguage":"ro-RO","potentialAction":[{"@type":"ReadAction","target":["https:\/\/www.transtoyou.com\/ro\/product\/valtrex\/"]}]},{"@type":"ImageObject","inLanguage":"ro-RO","@id":"https:\/\/www.transtoyou.com\/ro\/product\/valtrex\/#primaryimage","url":"https:\/\/www.transtoyou.com\/ro\/wp-content\/uploads\/sites\/13\/2026\/01\/tty-no-product-image-25.webp","contentUrl":"https:\/\/www.transtoyou.com\/ro\/wp-content\/uploads\/sites\/13\/2026\/01\/tty-no-product-image-25.webp","width":1000,"height":1000,"caption":"Imaginea implicit\u0103 a produsului"},{"@type":"WebSite","@id":"https:\/\/www.transtoyou.com\/ro\/#website","url":"https:\/\/www.transtoyou.com\/ro\/","name":"Transtoyou - RO","description":"","publisher":{"@id":"https:\/\/www.transtoyou.com\/ro\/#organization"},"potentialAction":[{"@type":"SearchAction","target":{"@type":"EntryPoint","urlTemplate":"https:\/\/www.transtoyou.com\/ro\/?s={search_term_string}"},"query-input":{"@type":"PropertyValueSpecification","valueRequired":true,"valueName":"search_term_string"}}],"inLanguage":"ro-RO"},{"@type":"Organization","@id":"https:\/\/www.transtoyou.com\/ro\/#organization","name":"Transtoyou - RO","url":"https:\/\/www.transtoyou.com\/ro\/","logo":{"@type":"ImageObject","inLanguage":"ro-RO","@id":"https:\/\/www.transtoyou.com\/ro\/#\/schema\/logo\/image\/","url":"https:\/\/www.transtoyou.com\/ro\/wp-content\/uploads\/sites\/13\/2026\/01\/logo-tty-menu-bar-300x87-1.webp","contentUrl":"https:\/\/www.transtoyou.com\/ro\/wp-content\/uploads\/sites\/13\/2026\/01\/logo-tty-menu-bar-300x87-1.webp","width":300,"height":87,"caption":"Transtoyou - RO"},"image":{"@id":"https:\/\/www.transtoyou.com\/ro\/#\/schema\/logo\/image\/"}}]}},"_links":{"self":[{"href":"https:\/\/www.transtoyou.com\/ro\/wp-json\/wp\/v2\/product\/514","targetHints":{"allow":["GET"]}}],"collection":[{"href":"https:\/\/www.transtoyou.com\/ro\/wp-json\/wp\/v2\/product"}],"about":[{"href":"https:\/\/www.transtoyou.com\/ro\/wp-json\/wp\/v2\/types\/product"}],"replies":[{"embeddable":true,"href":"https:\/\/www.transtoyou.com\/ro\/wp-json\/wp\/v2\/comments?post=514"}],"wp:featuredmedia":[{"embeddable":true,"href":"https:\/\/www.transtoyou.com\/ro\/wp-json\/wp\/v2\/media\/516"}],"wp:attachment":[{"href":"https:\/\/www.transtoyou.com\/ro\/wp-json\/wp\/v2\/media?parent=514"}],"wp:term":[{"taxonomy":"product_brand","embeddable":true,"href":"https:\/\/www.transtoyou.com\/ro\/wp-json\/wp\/v2\/product_brand?post=514"},{"taxonomy":"product_cat","embeddable":true,"href":"https:\/\/www.transtoyou.com\/ro\/wp-json\/wp\/v2\/product_cat?post=514"},{"taxonomy":"product_tag","embeddable":true,"href":"https:\/\/www.transtoyou.com\/ro\/wp-json\/wp\/v2\/product_tag?post=514"},{"taxonomy":"expert","embeddable":true,"href":"https:\/\/www.transtoyou.com\/ro\/wp-json\/wp\/v2\/expert?post=514"}],"curies":[{"name":"wp","href":"https:\/\/api.w.org\/{rel}","templated":true}]}}