{"id":517,"date":"2026-01-22T19:38:42","date_gmt":"2026-01-22T19:38:42","guid":{"rendered":"https:\/\/www.transtoyou.com\/ro\/product\/valaciclovir\/"},"modified":"2026-03-06T14:55:47","modified_gmt":"2026-03-06T14:55:47","slug":"valaciclovir","status":"publish","type":"product","link":"https:\/\/www.transtoyou.com\/ro\/product\/valaciclovir\/","title":{"rendered":"Valaciclovir"},"content":{"rendered":"<p>Valaciclovir este un medicament antiviral (medicament \u00eempotriva virusurilor) folosit pentru a trata infec\u021biile cauzate de virusurile herpetice. Este un promedicament al aciclovirului, ceea ce \u00eenseamn\u0103 c\u0103 organismul t\u0103u \u00eel transform\u0103 \u00een forma sa activ\u0103 (aciclovir) dup\u0103 ce \u00eel iei. Aciclovirul ac\u021bioneaz\u0103 prin interferarea cu capacitatea virusului de a-\u0219i copia ADN-ul (blocheaz\u0103 replicarea viral\u0103), oprind efectiv multiplicarea \u0219i r\u0103sp\u00e2ndirea acestuia.<\/p>\n<p>Valaciclovirul este utilizat \u00een principal pentru a trata \u0219i preveni infec\u021biile cu herpes simplex, inclusiv herpesul bucal \u0219i herpesul genital, zona zoster (herpes zoster) sau infec\u021biile oculare cauzate de herpes. Este deosebit de util \u00een reducerea durerii, duratei \u0219i recidivelor simptomelor.<\/p>\n<p>Acest medicament ajut\u0103 la reducerea severit\u0103\u021bii erup\u021biilor \u0219i poate scurta timpul de vindecare. Atunci c\u00e2nd este utilizat ca tratament preventiv, reduce num\u0103rul recidivelor \u0219i poate face ca episoadele s\u0103 fie mai pu\u021bin severe. \u00cencepe s\u0103 ac\u021bioneze rapid (\u00een termen de 1\u20131,5 ore dup\u0103 administrare) \u0219i, deoarece este administrat pe cale oral\u0103, este convenabil \u0219i u\u0219or de utilizat. Multe persoane beneficiaz\u0103 de ac\u021biunea sa de lung\u0103 durat\u0103, cu relativ pu\u021bine efecte secundare.<\/p>\n<p>Valaciclovirul nu vindec\u0103 herpesul, dar face via\u021ba cu virusul mai u\u0219or de gestionat prin limitarea impactului s\u0103u asupra vie\u021bii de zi cu zi.<\/p>\n","protected":false},"excerpt":{"rendered":"<ul>\n<li>Antiviral \u00eempotriva virusurilor herpetice<\/li>\n<li>Ajut\u0103 la reducerea apari\u021biilor \u0219i simptomelor<\/li>\n<li>Op\u021biune zilnic\u0103 pentru prevenire<\/li>\n<\/ul>\n","protected":false},"featured_media":519,"comment_status":"open","ping_status":"closed","template":"","meta":[],"product_brand":[],"product_cat":[116,74,144],"product_tag":[],"expert":[17],"class_list":{"0":"post-517","1":"product","2":"type-product","3":"status-publish","4":"has-post-thumbnail","6":"product_cat-herpes","7":"product_cat-herpes-bucal","8":"product_cat-tigle","9":"expert-dr-c-munoz-parada","11":"first","12":"instock","13":"shipping-taxable","14":"product-type-variable"},"yoast_head":"<!-- This site is optimized with the Yoast SEO plugin v27.0 - https:\/\/yoast.com\/product\/yoast-seo-wordpress\/ -->\n<title>Valaciclovir | Combate rapid herpesul \u0219i zona zoster - Transtoyou<\/title>\n<meta name=\"description\" content=\"Valaciclovir, un antiviral eficient pentru herpes, reduce simptomele \u0219i recidivele. Folosire oral\u0103 convenabil\u0103. Descoper\u0103 beneficiile pe Transtoyou!\" \/>\n<meta name=\"robots\" content=\"noindex, follow, max-snippet:-1, max-image-preview:large, max-video-preview:-1\" \/>\n<meta property=\"og:locale\" content=\"ro_RO\" \/>\n<meta property=\"og:type\" content=\"article\" \/>\n<meta property=\"og:title\" content=\"Valaciclovir | Combate rapid herpesul \u0219i zona zoster - Transtoyou\" \/>\n<meta property=\"og:description\" content=\"Valaciclovir, un antiviral eficient pentru herpes, reduce simptomele \u0219i recidivele. Folosire oral\u0103 convenabil\u0103. Descoper\u0103 beneficiile pe Transtoyou!\" \/>\n<meta property=\"og:url\" content=\"https:\/\/www.transtoyou.com\/ro\/product\/valaciclovir\/\" \/>\n<meta property=\"og:site_name\" content=\"Transtoyou - RO\" \/>\n<meta property=\"article:modified_time\" content=\"2026-03-06T14:55:47+00:00\" \/>\n<meta name=\"twitter:card\" content=\"summary_large_image\" \/>\n<meta name=\"twitter:label1\" content=\"Timp estimat pentru citire\" \/>\n\t<meta name=\"twitter:data1\" content=\"1 minut\" \/>\n<script type=\"application\/ld+json\" class=\"yoast-schema-graph\">{\"@context\":\"https:\/\/schema.org\",\"@graph\":[{\"@type\":\"WebPage\",\"@id\":\"https:\/\/www.transtoyou.com\/ro\/product\/valaciclovir\/\",\"url\":\"https:\/\/www.transtoyou.com\/ro\/product\/valaciclovir\/\",\"name\":\"Valaciclovir | Combate rapid herpesul \u0219i zona zoster - Transtoyou\",\"isPartOf\":{\"@id\":\"https:\/\/www.transtoyou.com\/ro\/#website\"},\"primaryImageOfPage\":{\"@id\":\"https:\/\/www.transtoyou.com\/ro\/product\/valaciclovir\/#primaryimage\"},\"image\":{\"@id\":\"https:\/\/www.transtoyou.com\/ro\/product\/valaciclovir\/#primaryimage\"},\"thumbnailUrl\":\"https:\/\/www.transtoyou.com\/ro\/wp-content\/uploads\/sites\/13\/2026\/01\/tty-no-product-image-26.webp\",\"datePublished\":\"2026-01-22T19:38:42+00:00\",\"dateModified\":\"2026-03-06T14:55:47+00:00\",\"description\":\"Valaciclovir, un antiviral eficient pentru herpes, reduce simptomele \u0219i recidivele. Folosire oral\u0103 convenabil\u0103. Descoper\u0103 beneficiile pe Transtoyou!\",\"breadcrumb\":{\"@id\":\"https:\/\/www.transtoyou.com\/ro\/product\/valaciclovir\/#breadcrumb\"},\"inLanguage\":\"ro-RO\",\"potentialAction\":[{\"@type\":\"ReadAction\",\"target\":[\"https:\/\/www.transtoyou.com\/ro\/product\/valaciclovir\/\"]}]},{\"@type\":\"ImageObject\",\"inLanguage\":\"ro-RO\",\"@id\":\"https:\/\/www.transtoyou.com\/ro\/product\/valaciclovir\/#primaryimage\",\"url\":\"https:\/\/www.transtoyou.com\/ro\/wp-content\/uploads\/sites\/13\/2026\/01\/tty-no-product-image-26.webp\",\"contentUrl\":\"https:\/\/www.transtoyou.com\/ro\/wp-content\/uploads\/sites\/13\/2026\/01\/tty-no-product-image-26.webp\",\"width\":1000,\"height\":1000,\"caption\":\"Imaginea implicit\u0103 a produsului\"},{\"@type\":\"WebSite\",\"@id\":\"https:\/\/www.transtoyou.com\/ro\/#website\",\"url\":\"https:\/\/www.transtoyou.com\/ro\/\",\"name\":\"Transtoyou - RO\",\"description\":\"\",\"publisher\":{\"@id\":\"https:\/\/www.transtoyou.com\/ro\/#organization\"},\"potentialAction\":[{\"@type\":\"SearchAction\",\"target\":{\"@type\":\"EntryPoint\",\"urlTemplate\":\"https:\/\/www.transtoyou.com\/ro\/?s={search_term_string}\"},\"query-input\":{\"@type\":\"PropertyValueSpecification\",\"valueRequired\":true,\"valueName\":\"search_term_string\"}}],\"inLanguage\":\"ro-RO\"},{\"@type\":\"Organization\",\"@id\":\"https:\/\/www.transtoyou.com\/ro\/#organization\",\"name\":\"Transtoyou - RO\",\"url\":\"https:\/\/www.transtoyou.com\/ro\/\",\"logo\":{\"@type\":\"ImageObject\",\"inLanguage\":\"ro-RO\",\"@id\":\"https:\/\/www.transtoyou.com\/ro\/#\/schema\/logo\/image\/\",\"url\":\"https:\/\/www.transtoyou.com\/ro\/wp-content\/uploads\/sites\/13\/2026\/01\/logo-tty-menu-bar-300x87-1.webp\",\"contentUrl\":\"https:\/\/www.transtoyou.com\/ro\/wp-content\/uploads\/sites\/13\/2026\/01\/logo-tty-menu-bar-300x87-1.webp\",\"width\":300,\"height\":87,\"caption\":\"Transtoyou - RO\"},\"image\":{\"@id\":\"https:\/\/www.transtoyou.com\/ro\/#\/schema\/logo\/image\/\"}}]}<\/script>\n<!-- \/ Yoast SEO plugin. -->","yoast_head_json":{"title":"Valaciclovir | Combate rapid herpesul \u0219i zona zoster - Transtoyou","description":"Valaciclovir, un antiviral eficient pentru herpes, reduce simptomele \u0219i recidivele. Folosire oral\u0103 convenabil\u0103. Descoper\u0103 beneficiile pe Transtoyou!","robots":{"index":"noindex","follow":"follow","max-snippet":"max-snippet:-1","max-image-preview":"max-image-preview:large","max-video-preview":"max-video-preview:-1"},"og_locale":"ro_RO","og_type":"article","og_title":"Valaciclovir | Combate rapid herpesul \u0219i zona zoster - Transtoyou","og_description":"Valaciclovir, un antiviral eficient pentru herpes, reduce simptomele \u0219i recidivele. Folosire oral\u0103 convenabil\u0103. Descoper\u0103 beneficiile pe Transtoyou!","og_url":"https:\/\/www.transtoyou.com\/ro\/product\/valaciclovir\/","og_site_name":"Transtoyou - RO","article_modified_time":"2026-03-06T14:55:47+00:00","twitter_card":"summary_large_image","twitter_misc":{"Timp estimat pentru citire":"1 minut"},"schema":{"@context":"https:\/\/schema.org","@graph":[{"@type":"WebPage","@id":"https:\/\/www.transtoyou.com\/ro\/product\/valaciclovir\/","url":"https:\/\/www.transtoyou.com\/ro\/product\/valaciclovir\/","name":"Valaciclovir | Combate rapid herpesul \u0219i zona zoster - Transtoyou","isPartOf":{"@id":"https:\/\/www.transtoyou.com\/ro\/#website"},"primaryImageOfPage":{"@id":"https:\/\/www.transtoyou.com\/ro\/product\/valaciclovir\/#primaryimage"},"image":{"@id":"https:\/\/www.transtoyou.com\/ro\/product\/valaciclovir\/#primaryimage"},"thumbnailUrl":"https:\/\/www.transtoyou.com\/ro\/wp-content\/uploads\/sites\/13\/2026\/01\/tty-no-product-image-26.webp","datePublished":"2026-01-22T19:38:42+00:00","dateModified":"2026-03-06T14:55:47+00:00","description":"Valaciclovir, un antiviral eficient pentru herpes, reduce simptomele \u0219i recidivele. Folosire oral\u0103 convenabil\u0103. Descoper\u0103 beneficiile pe Transtoyou!","breadcrumb":{"@id":"https:\/\/www.transtoyou.com\/ro\/product\/valaciclovir\/#breadcrumb"},"inLanguage":"ro-RO","potentialAction":[{"@type":"ReadAction","target":["https:\/\/www.transtoyou.com\/ro\/product\/valaciclovir\/"]}]},{"@type":"ImageObject","inLanguage":"ro-RO","@id":"https:\/\/www.transtoyou.com\/ro\/product\/valaciclovir\/#primaryimage","url":"https:\/\/www.transtoyou.com\/ro\/wp-content\/uploads\/sites\/13\/2026\/01\/tty-no-product-image-26.webp","contentUrl":"https:\/\/www.transtoyou.com\/ro\/wp-content\/uploads\/sites\/13\/2026\/01\/tty-no-product-image-26.webp","width":1000,"height":1000,"caption":"Imaginea implicit\u0103 a produsului"},{"@type":"WebSite","@id":"https:\/\/www.transtoyou.com\/ro\/#website","url":"https:\/\/www.transtoyou.com\/ro\/","name":"Transtoyou - RO","description":"","publisher":{"@id":"https:\/\/www.transtoyou.com\/ro\/#organization"},"potentialAction":[{"@type":"SearchAction","target":{"@type":"EntryPoint","urlTemplate":"https:\/\/www.transtoyou.com\/ro\/?s={search_term_string}"},"query-input":{"@type":"PropertyValueSpecification","valueRequired":true,"valueName":"search_term_string"}}],"inLanguage":"ro-RO"},{"@type":"Organization","@id":"https:\/\/www.transtoyou.com\/ro\/#organization","name":"Transtoyou - RO","url":"https:\/\/www.transtoyou.com\/ro\/","logo":{"@type":"ImageObject","inLanguage":"ro-RO","@id":"https:\/\/www.transtoyou.com\/ro\/#\/schema\/logo\/image\/","url":"https:\/\/www.transtoyou.com\/ro\/wp-content\/uploads\/sites\/13\/2026\/01\/logo-tty-menu-bar-300x87-1.webp","contentUrl":"https:\/\/www.transtoyou.com\/ro\/wp-content\/uploads\/sites\/13\/2026\/01\/logo-tty-menu-bar-300x87-1.webp","width":300,"height":87,"caption":"Transtoyou - RO"},"image":{"@id":"https:\/\/www.transtoyou.com\/ro\/#\/schema\/logo\/image\/"}}]}},"_links":{"self":[{"href":"https:\/\/www.transtoyou.com\/ro\/wp-json\/wp\/v2\/product\/517","targetHints":{"allow":["GET"]}}],"collection":[{"href":"https:\/\/www.transtoyou.com\/ro\/wp-json\/wp\/v2\/product"}],"about":[{"href":"https:\/\/www.transtoyou.com\/ro\/wp-json\/wp\/v2\/types\/product"}],"replies":[{"embeddable":true,"href":"https:\/\/www.transtoyou.com\/ro\/wp-json\/wp\/v2\/comments?post=517"}],"wp:featuredmedia":[{"embeddable":true,"href":"https:\/\/www.transtoyou.com\/ro\/wp-json\/wp\/v2\/media\/519"}],"wp:attachment":[{"href":"https:\/\/www.transtoyou.com\/ro\/wp-json\/wp\/v2\/media?parent=517"}],"wp:term":[{"taxonomy":"product_brand","embeddable":true,"href":"https:\/\/www.transtoyou.com\/ro\/wp-json\/wp\/v2\/product_brand?post=517"},{"taxonomy":"product_cat","embeddable":true,"href":"https:\/\/www.transtoyou.com\/ro\/wp-json\/wp\/v2\/product_cat?post=517"},{"taxonomy":"product_tag","embeddable":true,"href":"https:\/\/www.transtoyou.com\/ro\/wp-json\/wp\/v2\/product_tag?post=517"},{"taxonomy":"expert","embeddable":true,"href":"https:\/\/www.transtoyou.com\/ro\/wp-json\/wp\/v2\/expert?post=517"}],"curies":[{"name":"wp","href":"https:\/\/api.w.org\/{rel}","templated":true}]}}