{"id":574,"date":"2026-01-23T16:03:10","date_gmt":"2026-01-23T16:03:10","guid":{"rendered":"https:\/\/www.transtoyou.com\/ro\/product\/sandrena\/"},"modified":"2026-01-23T16:04:16","modified_gmt":"2026-01-23T16:04:16","slug":"sandrena","status":"publish","type":"product","link":"https:\/\/www.transtoyou.com\/ro\/product\/sandrena\/","title":{"rendered":"Sandrena"},"content":{"rendered":"<p>Sandrena este un gel transdermic care con\u021bine hemihidrat de estradiol, o form\u0103 de estrogen. Acesta trateaz\u0103 simptomele asociate cu deficien\u021ba de estrogen \u00een timpul menopauzei naturale sau chirurgicale, cum ar fi bufeurile, transpira\u021biile nocturne \u0219i usc\u0103ciunea vaginal\u0103. Sandrena poate fi folosit \u0219i \u00een preven\u021bia timpurie a osteoporozei postmenopauzale.<\/p>\n<p>Medica\u021bia func\u021bioneaz\u0103 prin livrarea estradiolului direct prin piele \u00een fluxul sanguin, ocolind ficatul \u0219i reduc\u00e2nd fluctua\u021biile hormonale \u00een compara\u021bie cu estrogenele orale. Estradiolul se leag\u0103 de receptorii de estrogen, exercit\u00e2nd efecte antiosteoporotice, de reglare a lipidelor \u0219i de stabilizare a vasomotorului. De asemenea, men\u021bine s\u0103n\u0103tatea pielii, a tractului urinar \u0219i a oaselor.<\/p>\n<p>\u00cen corp, Sandrena cre\u0219te eficient nivelurile de estradiol pentru a restabili echilibrul hormonal, \u00eembun\u0103t\u0103\u021bind simptomele menopauzei, men\u021bin\u00e2nd \u00een acela\u0219i timp un raport favorabil \u00eentre estradiol \u0219i estron\u0103. Ofer\u0103 niveluri stabile ale s\u00e2ngelui cu fluctua\u021bii minime zilnice \u0219i poate fi ajustat cu u\u0219urin\u021b\u0103 \u00een func\u021bie de nevoile terapeutice individuale.<\/p>\n<p>Sandrena este \u00een general bine tolerat, de\u0219i necesit\u0103 combina\u021bia cu un progestogen la femeile cu uter intact pentru a preveni hiperplazia endometrial\u0103.<\/p>\n","protected":false},"excerpt":{"rendered":"<ul>\n<li>Ameliorare pentru simptomele menopauzei<\/li>\n<li>Tratament cu gel de estrogen transdermic<\/li>\n<li>Ajut\u0103 la prevenirea osteoporozei precoce<\/li>\n<\/ul>\n","protected":false},"featured_media":576,"comment_status":"open","ping_status":"closed","template":"","meta":[],"product_brand":[],"product_cat":[97,120],"product_tag":[],"expert":[17],"class_list":{"0":"post-574","1":"product","2":"type-product","3":"status-publish","4":"has-post-thumbnail","6":"product_cat-estrogen-si-terapie-feminizanta","7":"product_cat-terapie-de-inlocuire-hormonala-hrt","8":"expert-dr-c-munoz-parada","10":"first","11":"instock","12":"shipping-taxable","13":"product-type-variable"},"yoast_head":"<!-- This site is optimized with the Yoast SEO plugin v27.0 - https:\/\/yoast.com\/product\/yoast-seo-wordpress\/ -->\n<title>Sandrena | Suport de \u00cencredere pentru Echilibrul Hormonal - Transtoyou<\/title>\n<meta name=\"description\" content=\"Sandrena disponibil acum pe Transtoyou, oferind suport hormonal cu beneficii revizuite clinic. Cump\u0103r\u0103 ast\u0103zi solu\u021bii de s\u0103n\u0103tate de \u00eencredere \u0219i de calitate.\" \/>\n<meta name=\"robots\" content=\"noindex, follow, max-snippet:-1, max-image-preview:large, max-video-preview:-1\" \/>\n<meta property=\"og:locale\" content=\"ro_RO\" \/>\n<meta property=\"og:type\" content=\"article\" \/>\n<meta property=\"og:title\" content=\"Sandrena | Suport de \u00cencredere pentru Echilibrul Hormonal - Transtoyou\" \/>\n<meta property=\"og:description\" content=\"Sandrena disponibil acum pe Transtoyou, oferind suport hormonal cu beneficii revizuite clinic. Cump\u0103r\u0103 ast\u0103zi solu\u021bii de s\u0103n\u0103tate de \u00eencredere \u0219i de calitate.\" \/>\n<meta property=\"og:url\" content=\"https:\/\/www.transtoyou.com\/ro\/product\/sandrena\/\" \/>\n<meta property=\"og:site_name\" content=\"Transtoyou - RO\" \/>\n<meta property=\"article:modified_time\" content=\"2026-01-23T16:04:16+00:00\" \/>\n<meta name=\"twitter:card\" content=\"summary_large_image\" \/>\n<meta name=\"twitter:label1\" content=\"Timp estimat pentru citire\" \/>\n\t<meta name=\"twitter:data1\" content=\"1 minut\" \/>\n<script type=\"application\/ld+json\" class=\"yoast-schema-graph\">{\"@context\":\"https:\/\/schema.org\",\"@graph\":[{\"@type\":\"WebPage\",\"@id\":\"https:\/\/www.transtoyou.com\/ro\/product\/sandrena\/\",\"url\":\"https:\/\/www.transtoyou.com\/ro\/product\/sandrena\/\",\"name\":\"Sandrena | Suport de \u00cencredere pentru Echilibrul Hormonal - Transtoyou\",\"isPartOf\":{\"@id\":\"https:\/\/www.transtoyou.com\/ro\/#website\"},\"primaryImageOfPage\":{\"@id\":\"https:\/\/www.transtoyou.com\/ro\/product\/sandrena\/#primaryimage\"},\"image\":{\"@id\":\"https:\/\/www.transtoyou.com\/ro\/product\/sandrena\/#primaryimage\"},\"thumbnailUrl\":\"https:\/\/www.transtoyou.com\/ro\/wp-content\/uploads\/sites\/13\/2026\/01\/tty-no-product-image-29.webp\",\"datePublished\":\"2026-01-23T16:03:10+00:00\",\"dateModified\":\"2026-01-23T16:04:16+00:00\",\"description\":\"Sandrena disponibil acum pe Transtoyou, oferind suport hormonal cu beneficii revizuite clinic. Cump\u0103r\u0103 ast\u0103zi solu\u021bii de s\u0103n\u0103tate de \u00eencredere \u0219i de calitate.\",\"breadcrumb\":{\"@id\":\"https:\/\/www.transtoyou.com\/ro\/product\/sandrena\/#breadcrumb\"},\"inLanguage\":\"ro-RO\",\"potentialAction\":[{\"@type\":\"ReadAction\",\"target\":[\"https:\/\/www.transtoyou.com\/ro\/product\/sandrena\/\"]}]},{\"@type\":\"ImageObject\",\"inLanguage\":\"ro-RO\",\"@id\":\"https:\/\/www.transtoyou.com\/ro\/product\/sandrena\/#primaryimage\",\"url\":\"https:\/\/www.transtoyou.com\/ro\/wp-content\/uploads\/sites\/13\/2026\/01\/tty-no-product-image-29.webp\",\"contentUrl\":\"https:\/\/www.transtoyou.com\/ro\/wp-content\/uploads\/sites\/13\/2026\/01\/tty-no-product-image-29.webp\",\"width\":1000,\"height\":1000,\"caption\":\"Imaginea implicit\u0103 a produsului\"},{\"@type\":\"WebSite\",\"@id\":\"https:\/\/www.transtoyou.com\/ro\/#website\",\"url\":\"https:\/\/www.transtoyou.com\/ro\/\",\"name\":\"Transtoyou - RO\",\"description\":\"\",\"publisher\":{\"@id\":\"https:\/\/www.transtoyou.com\/ro\/#organization\"},\"potentialAction\":[{\"@type\":\"SearchAction\",\"target\":{\"@type\":\"EntryPoint\",\"urlTemplate\":\"https:\/\/www.transtoyou.com\/ro\/?s={search_term_string}\"},\"query-input\":{\"@type\":\"PropertyValueSpecification\",\"valueRequired\":true,\"valueName\":\"search_term_string\"}}],\"inLanguage\":\"ro-RO\"},{\"@type\":\"Organization\",\"@id\":\"https:\/\/www.transtoyou.com\/ro\/#organization\",\"name\":\"Transtoyou - RO\",\"url\":\"https:\/\/www.transtoyou.com\/ro\/\",\"logo\":{\"@type\":\"ImageObject\",\"inLanguage\":\"ro-RO\",\"@id\":\"https:\/\/www.transtoyou.com\/ro\/#\/schema\/logo\/image\/\",\"url\":\"https:\/\/www.transtoyou.com\/ro\/wp-content\/uploads\/sites\/13\/2026\/01\/logo-tty-menu-bar-300x87-1.webp\",\"contentUrl\":\"https:\/\/www.transtoyou.com\/ro\/wp-content\/uploads\/sites\/13\/2026\/01\/logo-tty-menu-bar-300x87-1.webp\",\"width\":300,\"height\":87,\"caption\":\"Transtoyou - RO\"},\"image\":{\"@id\":\"https:\/\/www.transtoyou.com\/ro\/#\/schema\/logo\/image\/\"}}]}<\/script>\n<!-- \/ Yoast SEO plugin. -->","yoast_head_json":{"title":"Sandrena | Suport de \u00cencredere pentru Echilibrul Hormonal - Transtoyou","description":"Sandrena disponibil acum pe Transtoyou, oferind suport hormonal cu beneficii revizuite clinic. Cump\u0103r\u0103 ast\u0103zi solu\u021bii de s\u0103n\u0103tate de \u00eencredere \u0219i de calitate.","robots":{"index":"noindex","follow":"follow","max-snippet":"max-snippet:-1","max-image-preview":"max-image-preview:large","max-video-preview":"max-video-preview:-1"},"og_locale":"ro_RO","og_type":"article","og_title":"Sandrena | Suport de \u00cencredere pentru Echilibrul Hormonal - Transtoyou","og_description":"Sandrena disponibil acum pe Transtoyou, oferind suport hormonal cu beneficii revizuite clinic. Cump\u0103r\u0103 ast\u0103zi solu\u021bii de s\u0103n\u0103tate de \u00eencredere \u0219i de calitate.","og_url":"https:\/\/www.transtoyou.com\/ro\/product\/sandrena\/","og_site_name":"Transtoyou - RO","article_modified_time":"2026-01-23T16:04:16+00:00","twitter_card":"summary_large_image","twitter_misc":{"Timp estimat pentru citire":"1 minut"},"schema":{"@context":"https:\/\/schema.org","@graph":[{"@type":"WebPage","@id":"https:\/\/www.transtoyou.com\/ro\/product\/sandrena\/","url":"https:\/\/www.transtoyou.com\/ro\/product\/sandrena\/","name":"Sandrena | Suport de \u00cencredere pentru Echilibrul Hormonal - Transtoyou","isPartOf":{"@id":"https:\/\/www.transtoyou.com\/ro\/#website"},"primaryImageOfPage":{"@id":"https:\/\/www.transtoyou.com\/ro\/product\/sandrena\/#primaryimage"},"image":{"@id":"https:\/\/www.transtoyou.com\/ro\/product\/sandrena\/#primaryimage"},"thumbnailUrl":"https:\/\/www.transtoyou.com\/ro\/wp-content\/uploads\/sites\/13\/2026\/01\/tty-no-product-image-29.webp","datePublished":"2026-01-23T16:03:10+00:00","dateModified":"2026-01-23T16:04:16+00:00","description":"Sandrena disponibil acum pe Transtoyou, oferind suport hormonal cu beneficii revizuite clinic. Cump\u0103r\u0103 ast\u0103zi solu\u021bii de s\u0103n\u0103tate de \u00eencredere \u0219i de calitate.","breadcrumb":{"@id":"https:\/\/www.transtoyou.com\/ro\/product\/sandrena\/#breadcrumb"},"inLanguage":"ro-RO","potentialAction":[{"@type":"ReadAction","target":["https:\/\/www.transtoyou.com\/ro\/product\/sandrena\/"]}]},{"@type":"ImageObject","inLanguage":"ro-RO","@id":"https:\/\/www.transtoyou.com\/ro\/product\/sandrena\/#primaryimage","url":"https:\/\/www.transtoyou.com\/ro\/wp-content\/uploads\/sites\/13\/2026\/01\/tty-no-product-image-29.webp","contentUrl":"https:\/\/www.transtoyou.com\/ro\/wp-content\/uploads\/sites\/13\/2026\/01\/tty-no-product-image-29.webp","width":1000,"height":1000,"caption":"Imaginea implicit\u0103 a produsului"},{"@type":"WebSite","@id":"https:\/\/www.transtoyou.com\/ro\/#website","url":"https:\/\/www.transtoyou.com\/ro\/","name":"Transtoyou - RO","description":"","publisher":{"@id":"https:\/\/www.transtoyou.com\/ro\/#organization"},"potentialAction":[{"@type":"SearchAction","target":{"@type":"EntryPoint","urlTemplate":"https:\/\/www.transtoyou.com\/ro\/?s={search_term_string}"},"query-input":{"@type":"PropertyValueSpecification","valueRequired":true,"valueName":"search_term_string"}}],"inLanguage":"ro-RO"},{"@type":"Organization","@id":"https:\/\/www.transtoyou.com\/ro\/#organization","name":"Transtoyou - RO","url":"https:\/\/www.transtoyou.com\/ro\/","logo":{"@type":"ImageObject","inLanguage":"ro-RO","@id":"https:\/\/www.transtoyou.com\/ro\/#\/schema\/logo\/image\/","url":"https:\/\/www.transtoyou.com\/ro\/wp-content\/uploads\/sites\/13\/2026\/01\/logo-tty-menu-bar-300x87-1.webp","contentUrl":"https:\/\/www.transtoyou.com\/ro\/wp-content\/uploads\/sites\/13\/2026\/01\/logo-tty-menu-bar-300x87-1.webp","width":300,"height":87,"caption":"Transtoyou - RO"},"image":{"@id":"https:\/\/www.transtoyou.com\/ro\/#\/schema\/logo\/image\/"}}]}},"_links":{"self":[{"href":"https:\/\/www.transtoyou.com\/ro\/wp-json\/wp\/v2\/product\/574","targetHints":{"allow":["GET"]}}],"collection":[{"href":"https:\/\/www.transtoyou.com\/ro\/wp-json\/wp\/v2\/product"}],"about":[{"href":"https:\/\/www.transtoyou.com\/ro\/wp-json\/wp\/v2\/types\/product"}],"replies":[{"embeddable":true,"href":"https:\/\/www.transtoyou.com\/ro\/wp-json\/wp\/v2\/comments?post=574"}],"wp:featuredmedia":[{"embeddable":true,"href":"https:\/\/www.transtoyou.com\/ro\/wp-json\/wp\/v2\/media\/576"}],"wp:attachment":[{"href":"https:\/\/www.transtoyou.com\/ro\/wp-json\/wp\/v2\/media?parent=574"}],"wp:term":[{"taxonomy":"product_brand","embeddable":true,"href":"https:\/\/www.transtoyou.com\/ro\/wp-json\/wp\/v2\/product_brand?post=574"},{"taxonomy":"product_cat","embeddable":true,"href":"https:\/\/www.transtoyou.com\/ro\/wp-json\/wp\/v2\/product_cat?post=574"},{"taxonomy":"product_tag","embeddable":true,"href":"https:\/\/www.transtoyou.com\/ro\/wp-json\/wp\/v2\/product_tag?post=574"},{"taxonomy":"expert","embeddable":true,"href":"https:\/\/www.transtoyou.com\/ro\/wp-json\/wp\/v2\/expert?post=574"}],"curies":[{"name":"wp","href":"https:\/\/api.w.org\/{rel}","templated":true}]}}