{"id":577,"date":"2026-01-23T16:17:43","date_gmt":"2026-01-23T16:17:43","guid":{"rendered":"https:\/\/www.transtoyou.com\/ro\/product\/spedra\/"},"modified":"2026-03-05T11:30:36","modified_gmt":"2026-03-05T11:30:36","slug":"spedra","status":"publish","type":"product","link":"https:\/\/www.transtoyou.com\/ro\/product\/spedra\/","title":{"rendered":"Spedra"},"content":{"rendered":"<p>Spedra este o medicatie cu actiune rapida utilizata pentru tratarea disfunctiei erectile (DE). Contine avanafil, un inhibitor selectiv al fosfodiesterazei de tip 5 (PDE5). Atunci c\u00e2nd un b\u0103rbat este stimulat sexual, fluxul de s\u00e2nge cre\u0219te, produc\u00e2nd o erec\u021bie. Avanafil blocheaz\u0103 enzima PDE5 pentru a prelungi procesul de erec\u021bie.<\/p>\n<p>Spedra este indicat pentru DE, inclusiv pentru cei cu simptome u\u0219oare p\u00e2n\u0103 la severe, at\u00e2ta timp c\u00e2t stimularea sexual\u0103 este prezent\u0103. Nu este eficient f\u0103r\u0103 aceasta. Debutul ac\u021biunii are loc \u00een doar 15\u201330 de minute, iar efectele pot dura p\u00e2n\u0103 la 2 ore, \u00een func\u021bie de individ.<\/p>\n<p>Aceast\u0103 medicatie este bine tolerat\u0103 \u0219i are un profil de siguran\u021b\u0103 favorabil atunci c\u00e2nd este utilizat\u0103 conform prescrip\u021biei. Poate fi utilizat\u0103 de toate v\u00e2rstele, inclusiv de persoanele \u00een v\u00e2rst\u0103, \u0219i are avantajul de a fi absorbit\u0103 rapid. Spre deosebire de unii inhibitori PDE5, interac\u021biunile alimentare ale Spedra sunt minime, de\u0219i o mas\u0103 bogat\u0103 \u00een gr\u0103simi poate \u00eent\u00e2rzia u\u0219or absorb\u021bia.<\/p>\n","protected":false},"excerpt":{"rendered":"<ul>\n<li>\u00cencepe rapid \u00een 15\u201330 de minute<\/li>\n<li>Eficient timp de p\u00e2n\u0103 la 2 ore<\/li>\n<li>Poate fi luat cu sau f\u0103r\u0103 m\u00e2ncare<\/li>\n<\/ul>\n","protected":false},"featured_media":579,"comment_status":"open","ping_status":"closed","template":"","meta":[],"product_brand":[],"product_cat":[96],"product_tag":[],"expert":[17],"class_list":{"0":"post-577","1":"product","2":"type-product","3":"status-publish","4":"has-post-thumbnail","6":"product_cat-tratamente-pentru-disfunctia-erectila","7":"expert-dr-c-munoz-parada","9":"first","10":"instock","11":"shipping-taxable","12":"product-type-variable"},"yoast_head":"<!-- This site is optimized with the Yoast SEO plugin v27.0 - https:\/\/yoast.com\/product\/yoast-seo-wordpress\/ -->\n<title>Spedra | Solu\u021bie Rapid\u0103 pentru ED - Transtoyou<\/title>\n<meta name=\"description\" content=\"Spedra, disponibil acum pe Transtoyou. \u00cembun\u0103t\u0103\u021be\u0219te-\u021bi s\u0103n\u0103tatea cu acest produs unic. Descoper\u0103 beneficiile \u0219i comand\u0103 acum!\" \/>\n<meta name=\"robots\" content=\"noindex, follow, max-snippet:-1, max-image-preview:large, max-video-preview:-1\" \/>\n<meta property=\"og:locale\" content=\"ro_RO\" \/>\n<meta property=\"og:type\" content=\"article\" \/>\n<meta property=\"og:title\" content=\"Spedra | Solu\u021bie Rapid\u0103 pentru ED - Transtoyou\" \/>\n<meta property=\"og:description\" content=\"Spedra, disponibil acum pe Transtoyou. \u00cembun\u0103t\u0103\u021be\u0219te-\u021bi s\u0103n\u0103tatea cu acest produs unic. Descoper\u0103 beneficiile \u0219i comand\u0103 acum!\" \/>\n<meta property=\"og:url\" content=\"https:\/\/www.transtoyou.com\/ro\/product\/spedra\/\" \/>\n<meta property=\"og:site_name\" content=\"Transtoyou - RO\" \/>\n<meta property=\"article:modified_time\" content=\"2026-03-05T11:30:36+00:00\" \/>\n<meta name=\"twitter:card\" content=\"summary_large_image\" \/>\n<meta name=\"twitter:label1\" content=\"Timp estimat pentru citire\" \/>\n\t<meta name=\"twitter:data1\" content=\"1 minut\" \/>\n<script type=\"application\/ld+json\" class=\"yoast-schema-graph\">{\"@context\":\"https:\/\/schema.org\",\"@graph\":[{\"@type\":\"WebPage\",\"@id\":\"https:\/\/www.transtoyou.com\/ro\/product\/spedra\/\",\"url\":\"https:\/\/www.transtoyou.com\/ro\/product\/spedra\/\",\"name\":\"Spedra | Solu\u021bie Rapid\u0103 pentru ED - Transtoyou\",\"isPartOf\":{\"@id\":\"https:\/\/www.transtoyou.com\/ro\/#website\"},\"primaryImageOfPage\":{\"@id\":\"https:\/\/www.transtoyou.com\/ro\/product\/spedra\/#primaryimage\"},\"image\":{\"@id\":\"https:\/\/www.transtoyou.com\/ro\/product\/spedra\/#primaryimage\"},\"thumbnailUrl\":\"https:\/\/www.transtoyou.com\/ro\/wp-content\/uploads\/sites\/13\/2026\/01\/tty-no-product-image-30.webp\",\"datePublished\":\"2026-01-23T16:17:43+00:00\",\"dateModified\":\"2026-03-05T11:30:36+00:00\",\"description\":\"Spedra, disponibil acum pe Transtoyou. \u00cembun\u0103t\u0103\u021be\u0219te-\u021bi s\u0103n\u0103tatea cu acest produs unic. Descoper\u0103 beneficiile \u0219i comand\u0103 acum!\",\"breadcrumb\":{\"@id\":\"https:\/\/www.transtoyou.com\/ro\/product\/spedra\/#breadcrumb\"},\"inLanguage\":\"ro-RO\",\"potentialAction\":[{\"@type\":\"ReadAction\",\"target\":[\"https:\/\/www.transtoyou.com\/ro\/product\/spedra\/\"]}]},{\"@type\":\"ImageObject\",\"inLanguage\":\"ro-RO\",\"@id\":\"https:\/\/www.transtoyou.com\/ro\/product\/spedra\/#primaryimage\",\"url\":\"https:\/\/www.transtoyou.com\/ro\/wp-content\/uploads\/sites\/13\/2026\/01\/tty-no-product-image-30.webp\",\"contentUrl\":\"https:\/\/www.transtoyou.com\/ro\/wp-content\/uploads\/sites\/13\/2026\/01\/tty-no-product-image-30.webp\",\"width\":1000,\"height\":1000,\"caption\":\"Imaginea implicit\u0103 a produsului\"},{\"@type\":\"WebSite\",\"@id\":\"https:\/\/www.transtoyou.com\/ro\/#website\",\"url\":\"https:\/\/www.transtoyou.com\/ro\/\",\"name\":\"Transtoyou - RO\",\"description\":\"\",\"publisher\":{\"@id\":\"https:\/\/www.transtoyou.com\/ro\/#organization\"},\"potentialAction\":[{\"@type\":\"SearchAction\",\"target\":{\"@type\":\"EntryPoint\",\"urlTemplate\":\"https:\/\/www.transtoyou.com\/ro\/?s={search_term_string}\"},\"query-input\":{\"@type\":\"PropertyValueSpecification\",\"valueRequired\":true,\"valueName\":\"search_term_string\"}}],\"inLanguage\":\"ro-RO\"},{\"@type\":\"Organization\",\"@id\":\"https:\/\/www.transtoyou.com\/ro\/#organization\",\"name\":\"Transtoyou - RO\",\"url\":\"https:\/\/www.transtoyou.com\/ro\/\",\"logo\":{\"@type\":\"ImageObject\",\"inLanguage\":\"ro-RO\",\"@id\":\"https:\/\/www.transtoyou.com\/ro\/#\/schema\/logo\/image\/\",\"url\":\"https:\/\/www.transtoyou.com\/ro\/wp-content\/uploads\/sites\/13\/2026\/01\/logo-tty-menu-bar-300x87-1.webp\",\"contentUrl\":\"https:\/\/www.transtoyou.com\/ro\/wp-content\/uploads\/sites\/13\/2026\/01\/logo-tty-menu-bar-300x87-1.webp\",\"width\":300,\"height\":87,\"caption\":\"Transtoyou - RO\"},\"image\":{\"@id\":\"https:\/\/www.transtoyou.com\/ro\/#\/schema\/logo\/image\/\"}}]}<\/script>\n<!-- \/ Yoast SEO plugin. -->","yoast_head_json":{"title":"Spedra | Solu\u021bie Rapid\u0103 pentru ED - Transtoyou","description":"Spedra, disponibil acum pe Transtoyou. \u00cembun\u0103t\u0103\u021be\u0219te-\u021bi s\u0103n\u0103tatea cu acest produs unic. Descoper\u0103 beneficiile \u0219i comand\u0103 acum!","robots":{"index":"noindex","follow":"follow","max-snippet":"max-snippet:-1","max-image-preview":"max-image-preview:large","max-video-preview":"max-video-preview:-1"},"og_locale":"ro_RO","og_type":"article","og_title":"Spedra | Solu\u021bie Rapid\u0103 pentru ED - Transtoyou","og_description":"Spedra, disponibil acum pe Transtoyou. \u00cembun\u0103t\u0103\u021be\u0219te-\u021bi s\u0103n\u0103tatea cu acest produs unic. Descoper\u0103 beneficiile \u0219i comand\u0103 acum!","og_url":"https:\/\/www.transtoyou.com\/ro\/product\/spedra\/","og_site_name":"Transtoyou - RO","article_modified_time":"2026-03-05T11:30:36+00:00","twitter_card":"summary_large_image","twitter_misc":{"Timp estimat pentru citire":"1 minut"},"schema":{"@context":"https:\/\/schema.org","@graph":[{"@type":"WebPage","@id":"https:\/\/www.transtoyou.com\/ro\/product\/spedra\/","url":"https:\/\/www.transtoyou.com\/ro\/product\/spedra\/","name":"Spedra | Solu\u021bie Rapid\u0103 pentru ED - Transtoyou","isPartOf":{"@id":"https:\/\/www.transtoyou.com\/ro\/#website"},"primaryImageOfPage":{"@id":"https:\/\/www.transtoyou.com\/ro\/product\/spedra\/#primaryimage"},"image":{"@id":"https:\/\/www.transtoyou.com\/ro\/product\/spedra\/#primaryimage"},"thumbnailUrl":"https:\/\/www.transtoyou.com\/ro\/wp-content\/uploads\/sites\/13\/2026\/01\/tty-no-product-image-30.webp","datePublished":"2026-01-23T16:17:43+00:00","dateModified":"2026-03-05T11:30:36+00:00","description":"Spedra, disponibil acum pe Transtoyou. \u00cembun\u0103t\u0103\u021be\u0219te-\u021bi s\u0103n\u0103tatea cu acest produs unic. Descoper\u0103 beneficiile \u0219i comand\u0103 acum!","breadcrumb":{"@id":"https:\/\/www.transtoyou.com\/ro\/product\/spedra\/#breadcrumb"},"inLanguage":"ro-RO","potentialAction":[{"@type":"ReadAction","target":["https:\/\/www.transtoyou.com\/ro\/product\/spedra\/"]}]},{"@type":"ImageObject","inLanguage":"ro-RO","@id":"https:\/\/www.transtoyou.com\/ro\/product\/spedra\/#primaryimage","url":"https:\/\/www.transtoyou.com\/ro\/wp-content\/uploads\/sites\/13\/2026\/01\/tty-no-product-image-30.webp","contentUrl":"https:\/\/www.transtoyou.com\/ro\/wp-content\/uploads\/sites\/13\/2026\/01\/tty-no-product-image-30.webp","width":1000,"height":1000,"caption":"Imaginea implicit\u0103 a produsului"},{"@type":"WebSite","@id":"https:\/\/www.transtoyou.com\/ro\/#website","url":"https:\/\/www.transtoyou.com\/ro\/","name":"Transtoyou - RO","description":"","publisher":{"@id":"https:\/\/www.transtoyou.com\/ro\/#organization"},"potentialAction":[{"@type":"SearchAction","target":{"@type":"EntryPoint","urlTemplate":"https:\/\/www.transtoyou.com\/ro\/?s={search_term_string}"},"query-input":{"@type":"PropertyValueSpecification","valueRequired":true,"valueName":"search_term_string"}}],"inLanguage":"ro-RO"},{"@type":"Organization","@id":"https:\/\/www.transtoyou.com\/ro\/#organization","name":"Transtoyou - RO","url":"https:\/\/www.transtoyou.com\/ro\/","logo":{"@type":"ImageObject","inLanguage":"ro-RO","@id":"https:\/\/www.transtoyou.com\/ro\/#\/schema\/logo\/image\/","url":"https:\/\/www.transtoyou.com\/ro\/wp-content\/uploads\/sites\/13\/2026\/01\/logo-tty-menu-bar-300x87-1.webp","contentUrl":"https:\/\/www.transtoyou.com\/ro\/wp-content\/uploads\/sites\/13\/2026\/01\/logo-tty-menu-bar-300x87-1.webp","width":300,"height":87,"caption":"Transtoyou - RO"},"image":{"@id":"https:\/\/www.transtoyou.com\/ro\/#\/schema\/logo\/image\/"}}]}},"_links":{"self":[{"href":"https:\/\/www.transtoyou.com\/ro\/wp-json\/wp\/v2\/product\/577","targetHints":{"allow":["GET"]}}],"collection":[{"href":"https:\/\/www.transtoyou.com\/ro\/wp-json\/wp\/v2\/product"}],"about":[{"href":"https:\/\/www.transtoyou.com\/ro\/wp-json\/wp\/v2\/types\/product"}],"replies":[{"embeddable":true,"href":"https:\/\/www.transtoyou.com\/ro\/wp-json\/wp\/v2\/comments?post=577"}],"wp:featuredmedia":[{"embeddable":true,"href":"https:\/\/www.transtoyou.com\/ro\/wp-json\/wp\/v2\/media\/579"}],"wp:attachment":[{"href":"https:\/\/www.transtoyou.com\/ro\/wp-json\/wp\/v2\/media?parent=577"}],"wp:term":[{"taxonomy":"product_brand","embeddable":true,"href":"https:\/\/www.transtoyou.com\/ro\/wp-json\/wp\/v2\/product_brand?post=577"},{"taxonomy":"product_cat","embeddable":true,"href":"https:\/\/www.transtoyou.com\/ro\/wp-json\/wp\/v2\/product_cat?post=577"},{"taxonomy":"product_tag","embeddable":true,"href":"https:\/\/www.transtoyou.com\/ro\/wp-json\/wp\/v2\/product_tag?post=577"},{"taxonomy":"expert","embeddable":true,"href":"https:\/\/www.transtoyou.com\/ro\/wp-json\/wp\/v2\/expert?post=577"}],"curies":[{"name":"wp","href":"https:\/\/api.w.org\/{rel}","templated":true}]}}