{"id":580,"date":"2026-01-23T16:32:10","date_gmt":"2026-01-23T16:32:10","guid":{"rendered":"https:\/\/www.transtoyou.com\/ro\/product\/fucidin\/"},"modified":"2026-01-23T16:33:11","modified_gmt":"2026-01-23T16:33:11","slug":"fucidin","status":"publish","type":"product","link":"https:\/\/www.transtoyou.com\/ro\/product\/fucidin\/","title":{"rendered":"Fucidin"},"content":{"rendered":"<p>Fucidin este un antibiotic topic utilizat pentru tratarea infec\u021biilor cutanate cauzate de anumite bacterii. Con\u021bine acid fusidic, un antibiotic asem\u0103n\u0103tor steroizilor care ac\u021bioneaz\u0103 prin inhibarea procesului de sintez\u0103 a proteinelor bacteriene, oprind efectiv cre\u0219terea \u0219i r\u0103sp\u00e2ndirea bacteriilor.<\/p>\n<p>Fucidin este prescris frecvent pentru infec\u021bii cutanate localizate, cum ar fi impetigo, eczema infectat\u0103, foliculit\u0103, furuncule (b\u0103\u0219ici), ulcere infectate \u0219i mu\u0219c\u0103turi de insecte infectate.<\/p>\n<p>Ajut\u0103 la reducerea ro\u0219e\u021bii, inflama\u021biei, umfl\u0103turii \u0219i secre\u021biei cauzate de infec\u021bie. Nu are propriet\u0103\u021bi antifungice sau antivirale, a\u0219a c\u0103 nu este eficient pentru infec\u021biile cauzate de ciuperci sau viru\u0219i.<\/p>\n<p>Principalele beneficii ale Fucidin includ eficacitatea sa ridicat\u0103 \u00eempotriva bacteriilor, ameliorarea rapid\u0103 a simptomelor \u0219i toleran\u021ba bun\u0103 a pielii. Este potrivit pentru utilizare pe termen scurt \u0219i poate fi utilizat cu sau f\u0103r\u0103 pansamente, \u00een func\u021bie de severitatea \u0219i localizarea leziunii. Este deosebit de util atunci c\u00e2nd antibioticele sistemice nu sunt necesare sau pentru a evita utilizarea antibioticelor pe cale oral\u0103.<\/p>\n","protected":false},"excerpt":{"rendered":"<ul>\n<li>Vizeaz\u0103 infec\u021biile bacteriene ale pielii<\/li>\n<li>Potrivit pentru eczema infectat\u0103<\/li>\n<li>Crema antibiotic\u0103 topic\u0103 cu ac\u021biune rapid\u0103<\/li>\n<\/ul>\n","protected":false},"featured_media":582,"comment_status":"open","ping_status":"closed","template":"","meta":[],"product_brand":[],"product_cat":[90],"product_tag":[],"expert":[17],"class_list":{"0":"post-580","1":"product","2":"type-product","3":"status-publish","4":"has-post-thumbnail","6":"product_cat-eczeme","7":"expert-dr-c-munoz-parada","9":"first","10":"instock","11":"shipping-taxable","12":"product-type-variable"},"yoast_head":"<!-- This site is optimized with the Yoast SEO plugin v27.0 - https:\/\/yoast.com\/product\/yoast-seo-wordpress\/ -->\n<title>Fucidin | Tratament Eficient pentru Infec\u021bii ale Pielii - Transtoyou<\/title>\n<meta name=\"description\" content=\"Fucidin, un antibiotic topic, trateaz\u0103 eficient infec\u021biile pielii. Cump\u0103r\u0103 acum pentru o ameliorare rapid\u0103 a simptomelor, disponibil la Transtoyou.\" \/>\n<meta name=\"robots\" content=\"noindex, follow, max-snippet:-1, max-image-preview:large, max-video-preview:-1\" \/>\n<meta property=\"og:locale\" content=\"ro_RO\" \/>\n<meta property=\"og:type\" content=\"article\" \/>\n<meta property=\"og:title\" content=\"Fucidin | Tratament Eficient pentru Infec\u021bii ale Pielii - Transtoyou\" \/>\n<meta property=\"og:description\" content=\"Fucidin, un antibiotic topic, trateaz\u0103 eficient infec\u021biile pielii. Cump\u0103r\u0103 acum pentru o ameliorare rapid\u0103 a simptomelor, disponibil la Transtoyou.\" \/>\n<meta property=\"og:url\" content=\"https:\/\/www.transtoyou.com\/ro\/product\/fucidin\/\" \/>\n<meta property=\"og:site_name\" content=\"Transtoyou - RO\" \/>\n<meta property=\"article:modified_time\" content=\"2026-01-23T16:33:11+00:00\" \/>\n<meta name=\"twitter:card\" content=\"summary_large_image\" \/>\n<meta name=\"twitter:label1\" content=\"Timp estimat pentru citire\" \/>\n\t<meta name=\"twitter:data1\" content=\"1 minut\" \/>\n<script type=\"application\/ld+json\" class=\"yoast-schema-graph\">{\"@context\":\"https:\/\/schema.org\",\"@graph\":[{\"@type\":\"WebPage\",\"@id\":\"https:\/\/www.transtoyou.com\/ro\/product\/fucidin\/\",\"url\":\"https:\/\/www.transtoyou.com\/ro\/product\/fucidin\/\",\"name\":\"Fucidin | Tratament Eficient pentru Infec\u021bii ale Pielii - Transtoyou\",\"isPartOf\":{\"@id\":\"https:\/\/www.transtoyou.com\/ro\/#website\"},\"primaryImageOfPage\":{\"@id\":\"https:\/\/www.transtoyou.com\/ro\/product\/fucidin\/#primaryimage\"},\"image\":{\"@id\":\"https:\/\/www.transtoyou.com\/ro\/product\/fucidin\/#primaryimage\"},\"thumbnailUrl\":\"https:\/\/www.transtoyou.com\/ro\/wp-content\/uploads\/sites\/13\/2026\/01\/tty-no-product-image-31.webp\",\"datePublished\":\"2026-01-23T16:32:10+00:00\",\"dateModified\":\"2026-01-23T16:33:11+00:00\",\"description\":\"Fucidin, un antibiotic topic, trateaz\u0103 eficient infec\u021biile pielii. Cump\u0103r\u0103 acum pentru o ameliorare rapid\u0103 a simptomelor, disponibil la Transtoyou.\",\"breadcrumb\":{\"@id\":\"https:\/\/www.transtoyou.com\/ro\/product\/fucidin\/#breadcrumb\"},\"inLanguage\":\"ro-RO\",\"potentialAction\":[{\"@type\":\"ReadAction\",\"target\":[\"https:\/\/www.transtoyou.com\/ro\/product\/fucidin\/\"]}]},{\"@type\":\"ImageObject\",\"inLanguage\":\"ro-RO\",\"@id\":\"https:\/\/www.transtoyou.com\/ro\/product\/fucidin\/#primaryimage\",\"url\":\"https:\/\/www.transtoyou.com\/ro\/wp-content\/uploads\/sites\/13\/2026\/01\/tty-no-product-image-31.webp\",\"contentUrl\":\"https:\/\/www.transtoyou.com\/ro\/wp-content\/uploads\/sites\/13\/2026\/01\/tty-no-product-image-31.webp\",\"width\":1000,\"height\":1000,\"caption\":\"Imaginea implicit\u0103 a produsului\"},{\"@type\":\"WebSite\",\"@id\":\"https:\/\/www.transtoyou.com\/ro\/#website\",\"url\":\"https:\/\/www.transtoyou.com\/ro\/\",\"name\":\"Transtoyou - RO\",\"description\":\"\",\"publisher\":{\"@id\":\"https:\/\/www.transtoyou.com\/ro\/#organization\"},\"potentialAction\":[{\"@type\":\"SearchAction\",\"target\":{\"@type\":\"EntryPoint\",\"urlTemplate\":\"https:\/\/www.transtoyou.com\/ro\/?s={search_term_string}\"},\"query-input\":{\"@type\":\"PropertyValueSpecification\",\"valueRequired\":true,\"valueName\":\"search_term_string\"}}],\"inLanguage\":\"ro-RO\"},{\"@type\":\"Organization\",\"@id\":\"https:\/\/www.transtoyou.com\/ro\/#organization\",\"name\":\"Transtoyou - RO\",\"url\":\"https:\/\/www.transtoyou.com\/ro\/\",\"logo\":{\"@type\":\"ImageObject\",\"inLanguage\":\"ro-RO\",\"@id\":\"https:\/\/www.transtoyou.com\/ro\/#\/schema\/logo\/image\/\",\"url\":\"https:\/\/www.transtoyou.com\/ro\/wp-content\/uploads\/sites\/13\/2026\/01\/logo-tty-menu-bar-300x87-1.webp\",\"contentUrl\":\"https:\/\/www.transtoyou.com\/ro\/wp-content\/uploads\/sites\/13\/2026\/01\/logo-tty-menu-bar-300x87-1.webp\",\"width\":300,\"height\":87,\"caption\":\"Transtoyou - RO\"},\"image\":{\"@id\":\"https:\/\/www.transtoyou.com\/ro\/#\/schema\/logo\/image\/\"}}]}<\/script>\n<!-- \/ Yoast SEO plugin. -->","yoast_head_json":{"title":"Fucidin | Tratament Eficient pentru Infec\u021bii ale Pielii - Transtoyou","description":"Fucidin, un antibiotic topic, trateaz\u0103 eficient infec\u021biile pielii. Cump\u0103r\u0103 acum pentru o ameliorare rapid\u0103 a simptomelor, disponibil la Transtoyou.","robots":{"index":"noindex","follow":"follow","max-snippet":"max-snippet:-1","max-image-preview":"max-image-preview:large","max-video-preview":"max-video-preview:-1"},"og_locale":"ro_RO","og_type":"article","og_title":"Fucidin | Tratament Eficient pentru Infec\u021bii ale Pielii - Transtoyou","og_description":"Fucidin, un antibiotic topic, trateaz\u0103 eficient infec\u021biile pielii. Cump\u0103r\u0103 acum pentru o ameliorare rapid\u0103 a simptomelor, disponibil la Transtoyou.","og_url":"https:\/\/www.transtoyou.com\/ro\/product\/fucidin\/","og_site_name":"Transtoyou - RO","article_modified_time":"2026-01-23T16:33:11+00:00","twitter_card":"summary_large_image","twitter_misc":{"Timp estimat pentru citire":"1 minut"},"schema":{"@context":"https:\/\/schema.org","@graph":[{"@type":"WebPage","@id":"https:\/\/www.transtoyou.com\/ro\/product\/fucidin\/","url":"https:\/\/www.transtoyou.com\/ro\/product\/fucidin\/","name":"Fucidin | Tratament Eficient pentru Infec\u021bii ale Pielii - Transtoyou","isPartOf":{"@id":"https:\/\/www.transtoyou.com\/ro\/#website"},"primaryImageOfPage":{"@id":"https:\/\/www.transtoyou.com\/ro\/product\/fucidin\/#primaryimage"},"image":{"@id":"https:\/\/www.transtoyou.com\/ro\/product\/fucidin\/#primaryimage"},"thumbnailUrl":"https:\/\/www.transtoyou.com\/ro\/wp-content\/uploads\/sites\/13\/2026\/01\/tty-no-product-image-31.webp","datePublished":"2026-01-23T16:32:10+00:00","dateModified":"2026-01-23T16:33:11+00:00","description":"Fucidin, un antibiotic topic, trateaz\u0103 eficient infec\u021biile pielii. Cump\u0103r\u0103 acum pentru o ameliorare rapid\u0103 a simptomelor, disponibil la Transtoyou.","breadcrumb":{"@id":"https:\/\/www.transtoyou.com\/ro\/product\/fucidin\/#breadcrumb"},"inLanguage":"ro-RO","potentialAction":[{"@type":"ReadAction","target":["https:\/\/www.transtoyou.com\/ro\/product\/fucidin\/"]}]},{"@type":"ImageObject","inLanguage":"ro-RO","@id":"https:\/\/www.transtoyou.com\/ro\/product\/fucidin\/#primaryimage","url":"https:\/\/www.transtoyou.com\/ro\/wp-content\/uploads\/sites\/13\/2026\/01\/tty-no-product-image-31.webp","contentUrl":"https:\/\/www.transtoyou.com\/ro\/wp-content\/uploads\/sites\/13\/2026\/01\/tty-no-product-image-31.webp","width":1000,"height":1000,"caption":"Imaginea implicit\u0103 a produsului"},{"@type":"WebSite","@id":"https:\/\/www.transtoyou.com\/ro\/#website","url":"https:\/\/www.transtoyou.com\/ro\/","name":"Transtoyou - RO","description":"","publisher":{"@id":"https:\/\/www.transtoyou.com\/ro\/#organization"},"potentialAction":[{"@type":"SearchAction","target":{"@type":"EntryPoint","urlTemplate":"https:\/\/www.transtoyou.com\/ro\/?s={search_term_string}"},"query-input":{"@type":"PropertyValueSpecification","valueRequired":true,"valueName":"search_term_string"}}],"inLanguage":"ro-RO"},{"@type":"Organization","@id":"https:\/\/www.transtoyou.com\/ro\/#organization","name":"Transtoyou - RO","url":"https:\/\/www.transtoyou.com\/ro\/","logo":{"@type":"ImageObject","inLanguage":"ro-RO","@id":"https:\/\/www.transtoyou.com\/ro\/#\/schema\/logo\/image\/","url":"https:\/\/www.transtoyou.com\/ro\/wp-content\/uploads\/sites\/13\/2026\/01\/logo-tty-menu-bar-300x87-1.webp","contentUrl":"https:\/\/www.transtoyou.com\/ro\/wp-content\/uploads\/sites\/13\/2026\/01\/logo-tty-menu-bar-300x87-1.webp","width":300,"height":87,"caption":"Transtoyou - RO"},"image":{"@id":"https:\/\/www.transtoyou.com\/ro\/#\/schema\/logo\/image\/"}}]}},"_links":{"self":[{"href":"https:\/\/www.transtoyou.com\/ro\/wp-json\/wp\/v2\/product\/580","targetHints":{"allow":["GET"]}}],"collection":[{"href":"https:\/\/www.transtoyou.com\/ro\/wp-json\/wp\/v2\/product"}],"about":[{"href":"https:\/\/www.transtoyou.com\/ro\/wp-json\/wp\/v2\/types\/product"}],"replies":[{"embeddable":true,"href":"https:\/\/www.transtoyou.com\/ro\/wp-json\/wp\/v2\/comments?post=580"}],"wp:featuredmedia":[{"embeddable":true,"href":"https:\/\/www.transtoyou.com\/ro\/wp-json\/wp\/v2\/media\/582"}],"wp:attachment":[{"href":"https:\/\/www.transtoyou.com\/ro\/wp-json\/wp\/v2\/media?parent=580"}],"wp:term":[{"taxonomy":"product_brand","embeddable":true,"href":"https:\/\/www.transtoyou.com\/ro\/wp-json\/wp\/v2\/product_brand?post=580"},{"taxonomy":"product_cat","embeddable":true,"href":"https:\/\/www.transtoyou.com\/ro\/wp-json\/wp\/v2\/product_cat?post=580"},{"taxonomy":"product_tag","embeddable":true,"href":"https:\/\/www.transtoyou.com\/ro\/wp-json\/wp\/v2\/product_tag?post=580"},{"taxonomy":"expert","embeddable":true,"href":"https:\/\/www.transtoyou.com\/ro\/wp-json\/wp\/v2\/expert?post=580"}],"curies":[{"name":"wp","href":"https:\/\/api.w.org\/{rel}","templated":true}]}}