{"id":607,"date":"2026-01-23T18:47:20","date_gmt":"2026-01-23T18:47:20","guid":{"rendered":"https:\/\/www.transtoyou.com\/ro\/product\/famenita\/"},"modified":"2026-01-23T18:48:23","modified_gmt":"2026-01-23T18:48:23","slug":"famenita","status":"publish","type":"product","link":"https:\/\/www.transtoyou.com\/ro\/product\/famenita\/","title":{"rendered":"Famenita"},"content":{"rendered":"<p>Famenita este o capsul\u0103 moale care con\u021bine progesteron micronizat, o form\u0103 natural\u0103 a hormonului produs de organism. Este utilizat\u0103 pentru a sus\u021bine echilibrul hormonal \u00een diverse situa\u021bii, inclusiv terapia de substitu\u021bie hormonal\u0103 (HRT), gestionarea disconfortului menstrual, tratamentele de fertilitate, ameliorarea simptomelor menopauzei \u0219i tratamentul endometriozei.<\/p>\n<p>\u00cen HRT, Famenita este utilizat\u0103 \u00eempreun\u0103 cu estrogenul pentru a proteja mucoasa uterin\u0103 la persoanele care nu au suferit o histerectomie. Estrogenul singur poate provoca \u00eengro\u0219area endometrului, ceea ce poate cre\u0219te riscurile pentru s\u0103n\u0103tate. Famenita ajut\u0103 la contracararea acestui efect prin stabilizarea mucoasei uterine.<\/p>\n<p>\u00cen tratamentele de fertilitate, Famenita sus\u021bine faza luteal\u0103 a ciclului menstrual \u0219i ajut\u0103 la preg\u0103tirea uterului pentru sarcin\u0103. De asemenea, poate fi prescris\u0103 pentru a reduce durerea \u0219i a reglementa ciclurile la persoanele care sufer\u0103 de endometrioz\u0103 sau de perioade neregulate. Pentru cei care experimenteaz\u0103 menopauza sau simptome premenstruale, Famenita poate ameliora schimb\u0103rile de dispozi\u021bie, balonarea \u0219i alte disconforturi legate de hormoni.<\/p>\n<p>Famenita este progesteron bio-identic, derivat din plante, care poate fi administrat pe cale oral\u0103 sau utilizat vaginal, \u00een func\u021bie de scopul dorit.<\/p>\n","protected":false},"excerpt":{"rendered":"<ul>\n<li>Capsul\u0103 de progesteron natural<\/li>\n<li>Sus\u021bine terapia de substitu\u021bie hormonal\u0103, fertilitatea \u0219i reglarea ciclului<\/li>\n<li>Poate fi utilizat\u0103 oral sau vaginal<\/li>\n<\/ul>\n","protected":false},"featured_media":609,"comment_status":"open","ping_status":"closed","template":"","meta":[],"product_brand":[],"product_cat":[128,93,101,126,120],"product_tag":[],"expert":[21],"class_list":{"0":"post-607","1":"product","2":"type-product","3":"status-publish","4":"has-post-thumbnail","6":"product_cat-disconfort-menstrual","7":"product_cat-endometrioza","8":"product_cat-fertilitate-si-ovulatie","9":"product_cat-relief-pentru-menopauza-si-pms","10":"product_cat-terapie-de-inlocuire-hormonala-hrt","11":"expert-dr-m-sharoyko","13":"first","14":"instock","15":"shipping-taxable","16":"product-type-variable"},"yoast_head":"<!-- This site is optimized with the Yoast SEO plugin v27.0 - https:\/\/yoast.com\/product\/yoast-seo-wordpress\/ -->\n<title>Famenita | Suport Natural pentru Hormoni - Transtoyou<\/title>\n<meta name=\"description\" content=\"Famenita, disponibil aici, sus\u021bine echilibrul hormonal pentru HRT, u\u0219urarea menstrua\u021biei \u0219i endometrioz\u0103. Cump\u0103r\u0103 acum o solu\u021bie natural\u0103 de progesteron.\" \/>\n<meta name=\"robots\" content=\"noindex, follow, max-snippet:-1, max-image-preview:large, max-video-preview:-1\" \/>\n<meta property=\"og:locale\" content=\"ro_RO\" \/>\n<meta property=\"og:type\" content=\"article\" \/>\n<meta property=\"og:title\" content=\"Famenita | Suport Natural pentru Hormoni - Transtoyou\" \/>\n<meta property=\"og:description\" content=\"Famenita, disponibil aici, sus\u021bine echilibrul hormonal pentru HRT, u\u0219urarea menstrua\u021biei \u0219i endometrioz\u0103. Cump\u0103r\u0103 acum o solu\u021bie natural\u0103 de progesteron.\" \/>\n<meta property=\"og:url\" content=\"https:\/\/www.transtoyou.com\/ro\/product\/famenita\/\" \/>\n<meta property=\"og:site_name\" content=\"Transtoyou - RO\" \/>\n<meta property=\"article:modified_time\" content=\"2026-01-23T18:48:23+00:00\" \/>\n<meta name=\"twitter:card\" content=\"summary_large_image\" \/>\n<meta name=\"twitter:label1\" content=\"Timp estimat pentru citire\" \/>\n\t<meta name=\"twitter:data1\" content=\"1 minut\" \/>\n<script type=\"application\/ld+json\" class=\"yoast-schema-graph\">{\"@context\":\"https:\/\/schema.org\",\"@graph\":[{\"@type\":\"WebPage\",\"@id\":\"https:\/\/www.transtoyou.com\/ro\/product\/famenita\/\",\"url\":\"https:\/\/www.transtoyou.com\/ro\/product\/famenita\/\",\"name\":\"Famenita | Suport Natural pentru Hormoni - Transtoyou\",\"isPartOf\":{\"@id\":\"https:\/\/www.transtoyou.com\/ro\/#website\"},\"primaryImageOfPage\":{\"@id\":\"https:\/\/www.transtoyou.com\/ro\/product\/famenita\/#primaryimage\"},\"image\":{\"@id\":\"https:\/\/www.transtoyou.com\/ro\/product\/famenita\/#primaryimage\"},\"thumbnailUrl\":\"https:\/\/www.transtoyou.com\/ro\/wp-content\/uploads\/sites\/13\/2026\/01\/tty-no-product-image-40.webp\",\"datePublished\":\"2026-01-23T18:47:20+00:00\",\"dateModified\":\"2026-01-23T18:48:23+00:00\",\"description\":\"Famenita, disponibil aici, sus\u021bine echilibrul hormonal pentru HRT, u\u0219urarea menstrua\u021biei \u0219i endometrioz\u0103. Cump\u0103r\u0103 acum o solu\u021bie natural\u0103 de progesteron.\",\"breadcrumb\":{\"@id\":\"https:\/\/www.transtoyou.com\/ro\/product\/famenita\/#breadcrumb\"},\"inLanguage\":\"ro-RO\",\"potentialAction\":[{\"@type\":\"ReadAction\",\"target\":[\"https:\/\/www.transtoyou.com\/ro\/product\/famenita\/\"]}]},{\"@type\":\"ImageObject\",\"inLanguage\":\"ro-RO\",\"@id\":\"https:\/\/www.transtoyou.com\/ro\/product\/famenita\/#primaryimage\",\"url\":\"https:\/\/www.transtoyou.com\/ro\/wp-content\/uploads\/sites\/13\/2026\/01\/tty-no-product-image-40.webp\",\"contentUrl\":\"https:\/\/www.transtoyou.com\/ro\/wp-content\/uploads\/sites\/13\/2026\/01\/tty-no-product-image-40.webp\",\"width\":1000,\"height\":1000,\"caption\":\"Imagine produs implicit\"},{\"@type\":\"WebSite\",\"@id\":\"https:\/\/www.transtoyou.com\/ro\/#website\",\"url\":\"https:\/\/www.transtoyou.com\/ro\/\",\"name\":\"Transtoyou - RO\",\"description\":\"\",\"publisher\":{\"@id\":\"https:\/\/www.transtoyou.com\/ro\/#organization\"},\"potentialAction\":[{\"@type\":\"SearchAction\",\"target\":{\"@type\":\"EntryPoint\",\"urlTemplate\":\"https:\/\/www.transtoyou.com\/ro\/?s={search_term_string}\"},\"query-input\":{\"@type\":\"PropertyValueSpecification\",\"valueRequired\":true,\"valueName\":\"search_term_string\"}}],\"inLanguage\":\"ro-RO\"},{\"@type\":\"Organization\",\"@id\":\"https:\/\/www.transtoyou.com\/ro\/#organization\",\"name\":\"Transtoyou - RO\",\"url\":\"https:\/\/www.transtoyou.com\/ro\/\",\"logo\":{\"@type\":\"ImageObject\",\"inLanguage\":\"ro-RO\",\"@id\":\"https:\/\/www.transtoyou.com\/ro\/#\/schema\/logo\/image\/\",\"url\":\"https:\/\/www.transtoyou.com\/ro\/wp-content\/uploads\/sites\/13\/2026\/01\/logo-tty-menu-bar-300x87-1.webp\",\"contentUrl\":\"https:\/\/www.transtoyou.com\/ro\/wp-content\/uploads\/sites\/13\/2026\/01\/logo-tty-menu-bar-300x87-1.webp\",\"width\":300,\"height\":87,\"caption\":\"Transtoyou - RO\"},\"image\":{\"@id\":\"https:\/\/www.transtoyou.com\/ro\/#\/schema\/logo\/image\/\"}}]}<\/script>\n<!-- \/ Yoast SEO plugin. -->","yoast_head_json":{"title":"Famenita | Suport Natural pentru Hormoni - Transtoyou","description":"Famenita, disponibil aici, sus\u021bine echilibrul hormonal pentru HRT, u\u0219urarea menstrua\u021biei \u0219i endometrioz\u0103. Cump\u0103r\u0103 acum o solu\u021bie natural\u0103 de progesteron.","robots":{"index":"noindex","follow":"follow","max-snippet":"max-snippet:-1","max-image-preview":"max-image-preview:large","max-video-preview":"max-video-preview:-1"},"og_locale":"ro_RO","og_type":"article","og_title":"Famenita | Suport Natural pentru Hormoni - Transtoyou","og_description":"Famenita, disponibil aici, sus\u021bine echilibrul hormonal pentru HRT, u\u0219urarea menstrua\u021biei \u0219i endometrioz\u0103. Cump\u0103r\u0103 acum o solu\u021bie natural\u0103 de progesteron.","og_url":"https:\/\/www.transtoyou.com\/ro\/product\/famenita\/","og_site_name":"Transtoyou - RO","article_modified_time":"2026-01-23T18:48:23+00:00","twitter_card":"summary_large_image","twitter_misc":{"Timp estimat pentru citire":"1 minut"},"schema":{"@context":"https:\/\/schema.org","@graph":[{"@type":"WebPage","@id":"https:\/\/www.transtoyou.com\/ro\/product\/famenita\/","url":"https:\/\/www.transtoyou.com\/ro\/product\/famenita\/","name":"Famenita | Suport Natural pentru Hormoni - Transtoyou","isPartOf":{"@id":"https:\/\/www.transtoyou.com\/ro\/#website"},"primaryImageOfPage":{"@id":"https:\/\/www.transtoyou.com\/ro\/product\/famenita\/#primaryimage"},"image":{"@id":"https:\/\/www.transtoyou.com\/ro\/product\/famenita\/#primaryimage"},"thumbnailUrl":"https:\/\/www.transtoyou.com\/ro\/wp-content\/uploads\/sites\/13\/2026\/01\/tty-no-product-image-40.webp","datePublished":"2026-01-23T18:47:20+00:00","dateModified":"2026-01-23T18:48:23+00:00","description":"Famenita, disponibil aici, sus\u021bine echilibrul hormonal pentru HRT, u\u0219urarea menstrua\u021biei \u0219i endometrioz\u0103. Cump\u0103r\u0103 acum o solu\u021bie natural\u0103 de progesteron.","breadcrumb":{"@id":"https:\/\/www.transtoyou.com\/ro\/product\/famenita\/#breadcrumb"},"inLanguage":"ro-RO","potentialAction":[{"@type":"ReadAction","target":["https:\/\/www.transtoyou.com\/ro\/product\/famenita\/"]}]},{"@type":"ImageObject","inLanguage":"ro-RO","@id":"https:\/\/www.transtoyou.com\/ro\/product\/famenita\/#primaryimage","url":"https:\/\/www.transtoyou.com\/ro\/wp-content\/uploads\/sites\/13\/2026\/01\/tty-no-product-image-40.webp","contentUrl":"https:\/\/www.transtoyou.com\/ro\/wp-content\/uploads\/sites\/13\/2026\/01\/tty-no-product-image-40.webp","width":1000,"height":1000,"caption":"Imagine produs implicit"},{"@type":"WebSite","@id":"https:\/\/www.transtoyou.com\/ro\/#website","url":"https:\/\/www.transtoyou.com\/ro\/","name":"Transtoyou - RO","description":"","publisher":{"@id":"https:\/\/www.transtoyou.com\/ro\/#organization"},"potentialAction":[{"@type":"SearchAction","target":{"@type":"EntryPoint","urlTemplate":"https:\/\/www.transtoyou.com\/ro\/?s={search_term_string}"},"query-input":{"@type":"PropertyValueSpecification","valueRequired":true,"valueName":"search_term_string"}}],"inLanguage":"ro-RO"},{"@type":"Organization","@id":"https:\/\/www.transtoyou.com\/ro\/#organization","name":"Transtoyou - RO","url":"https:\/\/www.transtoyou.com\/ro\/","logo":{"@type":"ImageObject","inLanguage":"ro-RO","@id":"https:\/\/www.transtoyou.com\/ro\/#\/schema\/logo\/image\/","url":"https:\/\/www.transtoyou.com\/ro\/wp-content\/uploads\/sites\/13\/2026\/01\/logo-tty-menu-bar-300x87-1.webp","contentUrl":"https:\/\/www.transtoyou.com\/ro\/wp-content\/uploads\/sites\/13\/2026\/01\/logo-tty-menu-bar-300x87-1.webp","width":300,"height":87,"caption":"Transtoyou - RO"},"image":{"@id":"https:\/\/www.transtoyou.com\/ro\/#\/schema\/logo\/image\/"}}]}},"_links":{"self":[{"href":"https:\/\/www.transtoyou.com\/ro\/wp-json\/wp\/v2\/product\/607","targetHints":{"allow":["GET"]}}],"collection":[{"href":"https:\/\/www.transtoyou.com\/ro\/wp-json\/wp\/v2\/product"}],"about":[{"href":"https:\/\/www.transtoyou.com\/ro\/wp-json\/wp\/v2\/types\/product"}],"replies":[{"embeddable":true,"href":"https:\/\/www.transtoyou.com\/ro\/wp-json\/wp\/v2\/comments?post=607"}],"wp:featuredmedia":[{"embeddable":true,"href":"https:\/\/www.transtoyou.com\/ro\/wp-json\/wp\/v2\/media\/609"}],"wp:attachment":[{"href":"https:\/\/www.transtoyou.com\/ro\/wp-json\/wp\/v2\/media?parent=607"}],"wp:term":[{"taxonomy":"product_brand","embeddable":true,"href":"https:\/\/www.transtoyou.com\/ro\/wp-json\/wp\/v2\/product_brand?post=607"},{"taxonomy":"product_cat","embeddable":true,"href":"https:\/\/www.transtoyou.com\/ro\/wp-json\/wp\/v2\/product_cat?post=607"},{"taxonomy":"product_tag","embeddable":true,"href":"https:\/\/www.transtoyou.com\/ro\/wp-json\/wp\/v2\/product_tag?post=607"},{"taxonomy":"expert","embeddable":true,"href":"https:\/\/www.transtoyou.com\/ro\/wp-json\/wp\/v2\/expert?post=607"}],"curies":[{"name":"wp","href":"https:\/\/api.w.org\/{rel}","templated":true}]}}