{"id":618,"date":"2026-01-23T19:44:34","date_gmt":"2026-01-23T19:44:34","guid":{"rendered":"https:\/\/www.transtoyou.com\/ro\/product\/kyleena\/"},"modified":"2026-01-23T19:45:30","modified_gmt":"2026-01-23T19:45:30","slug":"kyleena","status":"publish","type":"product","link":"https:\/\/www.transtoyou.com\/ro\/product\/kyleena\/","title":{"rendered":"Kyleena"},"content":{"rendered":"<p>Kyleena este un dispozitiv intrauterin mic \u0219i flexibil care elibereaz\u0103 o doz\u0103 mic\u0103 din hormonul levonorgestrel direct \u00een uter. Ofer\u0103 contracep\u021bie reversibil\u0103 de lung\u0103 durat\u0103 timp de p\u00e2n\u0103 la cinci ani \u0219i se num\u0103r\u0103 printre cele mai eficiente metode de control al na\u0219terii disponibile. Odat\u0103 plasat, Kyleena func\u021bioneaz\u0103 continuu f\u0103r\u0103 a necesita aten\u021bie zilnic\u0103.<\/p>\n<p>Dispozitivul este plasat \u00een interiorul uterului \u00een timpul unei proceduri simple. Elibereaz\u0103 lent levonorgestrel, care \u00eengroa\u0219\u0103 mucusul cervical pentru a preveni spermatozoizii s\u0103 ajung\u0103 la ovul \u0219i poate, de asemenea, s\u0103 suprime ovula\u021bia la unele persoane. Hormonul este eliberat local \u00een cantit\u0103\u021bi mici, ceea ce reduce probabilitatea efectelor secundare sistemice.<\/p>\n<p>Kyleena este mai mic\u0103 dec\u00e2t alte DIU-uri \u0219i este adesea aleas\u0103 de persoanele care prefer\u0103 o op\u021biune hormonal\u0103 cu dozaj mic sau care nu au avut copii. Este eficient\u0103 \u00een termen de 24 de ore de la plasare \u0219i poate fi \u00eendep\u0103rtat\u0103 \u00een orice moment, permi\u021b\u00e2nd fertilit\u0103\u021bii s\u0103 revin\u0103 rapid. Spre deosebire de pilulele zilnice sau injec\u021bii, Kyleena ofer\u0103 protec\u021bie continu\u0103 f\u0103r\u0103 a necesita ac\u021biune regulat\u0103 din partea utilizatorului.<\/p>\n<p>Acest DIU este o metod\u0103 discret\u0103 \u0219i extrem de fiabil\u0103 de contracep\u021bie care permite utilizatorilor s\u0103 evite estrogenul \u0219i s\u0103 opteze pentru o solu\u021bie pe termen lung, cu \u00eentre\u021binere redus\u0103. Kyleena nu con\u021bine cupru \u0219i nu este destinat\u0103 contracep\u021biei de urgen\u021b\u0103. Po\u021bi solicita Kyleena la Transtoyou, dar trebuie s\u0103 faci o programare cu un profesionist care poate plasa DIU-ul pentru tine.<\/p>\n","protected":false},"excerpt":{"rendered":"<ul>\n<li>Dispozitiv intrauterin hormonal cu ac\u021biune prelungit\u0103<\/li>\n<li>Eficient p\u00e2n\u0103 la cinci ani<\/li>\n<li>Doz\u0103 mic\u0103 \u0219i f\u0103r\u0103 estrogen<\/li>\n<\/ul>\n","protected":false},"featured_media":620,"comment_status":"open","ping_status":"closed","template":"","meta":[],"product_brand":[],"product_cat":[122,129],"product_tag":[],"expert":[19],"class_list":{"0":"post-618","1":"product","2":"type-product","3":"status-publish","4":"has-post-thumbnail","6":"product_cat-dispozitiv-intrauterin-diu","7":"product_cat-suprimarea-menstruala","8":"expert-dr-j-vazquez","10":"first","11":"instock","12":"shipping-taxable","13":"product-type-variable"},"yoast_head":"<!-- This site is optimized with the Yoast SEO plugin v27.0 - https:\/\/yoast.com\/product\/yoast-seo-wordpress\/ -->\n<title>Kyleena | Contracep\u021bie Eficient\u0103 pe Termen Lung - Transtoyou<\/title>\n<meta name=\"description\" content=\"Kyleena, disponibil la Transtoyou, ofer\u0103 o contracep\u021bie de \u00eencredere pe termen lung. Descoper\u0103 beneficiile sale pentru o solu\u021bie de \u00eencredere \u00een planificarea familiei.\" \/>\n<meta name=\"robots\" content=\"noindex, follow, max-snippet:-1, max-image-preview:large, max-video-preview:-1\" \/>\n<meta property=\"og:locale\" content=\"ro_RO\" \/>\n<meta property=\"og:type\" content=\"article\" \/>\n<meta property=\"og:title\" content=\"Kyleena | Contracep\u021bie Eficient\u0103 pe Termen Lung - Transtoyou\" \/>\n<meta property=\"og:description\" content=\"Kyleena, disponibil la Transtoyou, ofer\u0103 o contracep\u021bie de \u00eencredere pe termen lung. Descoper\u0103 beneficiile sale pentru o solu\u021bie de \u00eencredere \u00een planificarea familiei.\" \/>\n<meta property=\"og:url\" content=\"https:\/\/www.transtoyou.com\/ro\/product\/kyleena\/\" \/>\n<meta property=\"og:site_name\" content=\"Transtoyou - RO\" \/>\n<meta property=\"article:modified_time\" content=\"2026-01-23T19:45:30+00:00\" \/>\n<meta name=\"twitter:card\" content=\"summary_large_image\" \/>\n<meta name=\"twitter:label1\" content=\"Timp estimat pentru citire\" \/>\n\t<meta name=\"twitter:data1\" content=\"1 minut\" \/>\n<script type=\"application\/ld+json\" class=\"yoast-schema-graph\">{\"@context\":\"https:\/\/schema.org\",\"@graph\":[{\"@type\":\"WebPage\",\"@id\":\"https:\/\/www.transtoyou.com\/ro\/product\/kyleena\/\",\"url\":\"https:\/\/www.transtoyou.com\/ro\/product\/kyleena\/\",\"name\":\"Kyleena | Contracep\u021bie Eficient\u0103 pe Termen Lung - Transtoyou\",\"isPartOf\":{\"@id\":\"https:\/\/www.transtoyou.com\/ro\/#website\"},\"primaryImageOfPage\":{\"@id\":\"https:\/\/www.transtoyou.com\/ro\/product\/kyleena\/#primaryimage\"},\"image\":{\"@id\":\"https:\/\/www.transtoyou.com\/ro\/product\/kyleena\/#primaryimage\"},\"thumbnailUrl\":\"https:\/\/www.transtoyou.com\/ro\/wp-content\/uploads\/sites\/13\/2026\/01\/tty-no-product-image-44.webp\",\"datePublished\":\"2026-01-23T19:44:34+00:00\",\"dateModified\":\"2026-01-23T19:45:30+00:00\",\"description\":\"Kyleena, disponibil la Transtoyou, ofer\u0103 o contracep\u021bie de \u00eencredere pe termen lung. Descoper\u0103 beneficiile sale pentru o solu\u021bie de \u00eencredere \u00een planificarea familiei.\",\"breadcrumb\":{\"@id\":\"https:\/\/www.transtoyou.com\/ro\/product\/kyleena\/#breadcrumb\"},\"inLanguage\":\"ro-RO\",\"potentialAction\":[{\"@type\":\"ReadAction\",\"target\":[\"https:\/\/www.transtoyou.com\/ro\/product\/kyleena\/\"]}]},{\"@type\":\"ImageObject\",\"inLanguage\":\"ro-RO\",\"@id\":\"https:\/\/www.transtoyou.com\/ro\/product\/kyleena\/#primaryimage\",\"url\":\"https:\/\/www.transtoyou.com\/ro\/wp-content\/uploads\/sites\/13\/2026\/01\/tty-no-product-image-44.webp\",\"contentUrl\":\"https:\/\/www.transtoyou.com\/ro\/wp-content\/uploads\/sites\/13\/2026\/01\/tty-no-product-image-44.webp\",\"width\":1000,\"height\":1000,\"caption\":\"Imaginea implicit\u0103 a produsului\"},{\"@type\":\"WebSite\",\"@id\":\"https:\/\/www.transtoyou.com\/ro\/#website\",\"url\":\"https:\/\/www.transtoyou.com\/ro\/\",\"name\":\"Transtoyou - RO\",\"description\":\"\",\"publisher\":{\"@id\":\"https:\/\/www.transtoyou.com\/ro\/#organization\"},\"potentialAction\":[{\"@type\":\"SearchAction\",\"target\":{\"@type\":\"EntryPoint\",\"urlTemplate\":\"https:\/\/www.transtoyou.com\/ro\/?s={search_term_string}\"},\"query-input\":{\"@type\":\"PropertyValueSpecification\",\"valueRequired\":true,\"valueName\":\"search_term_string\"}}],\"inLanguage\":\"ro-RO\"},{\"@type\":\"Organization\",\"@id\":\"https:\/\/www.transtoyou.com\/ro\/#organization\",\"name\":\"Transtoyou - RO\",\"url\":\"https:\/\/www.transtoyou.com\/ro\/\",\"logo\":{\"@type\":\"ImageObject\",\"inLanguage\":\"ro-RO\",\"@id\":\"https:\/\/www.transtoyou.com\/ro\/#\/schema\/logo\/image\/\",\"url\":\"https:\/\/www.transtoyou.com\/ro\/wp-content\/uploads\/sites\/13\/2026\/01\/logo-tty-menu-bar-300x87-1.webp\",\"contentUrl\":\"https:\/\/www.transtoyou.com\/ro\/wp-content\/uploads\/sites\/13\/2026\/01\/logo-tty-menu-bar-300x87-1.webp\",\"width\":300,\"height\":87,\"caption\":\"Transtoyou - RO\"},\"image\":{\"@id\":\"https:\/\/www.transtoyou.com\/ro\/#\/schema\/logo\/image\/\"}}]}<\/script>\n<!-- \/ Yoast SEO plugin. -->","yoast_head_json":{"title":"Kyleena | Contracep\u021bie Eficient\u0103 pe Termen Lung - Transtoyou","description":"Kyleena, disponibil la Transtoyou, ofer\u0103 o contracep\u021bie de \u00eencredere pe termen lung. Descoper\u0103 beneficiile sale pentru o solu\u021bie de \u00eencredere \u00een planificarea familiei.","robots":{"index":"noindex","follow":"follow","max-snippet":"max-snippet:-1","max-image-preview":"max-image-preview:large","max-video-preview":"max-video-preview:-1"},"og_locale":"ro_RO","og_type":"article","og_title":"Kyleena | Contracep\u021bie Eficient\u0103 pe Termen Lung - Transtoyou","og_description":"Kyleena, disponibil la Transtoyou, ofer\u0103 o contracep\u021bie de \u00eencredere pe termen lung. Descoper\u0103 beneficiile sale pentru o solu\u021bie de \u00eencredere \u00een planificarea familiei.","og_url":"https:\/\/www.transtoyou.com\/ro\/product\/kyleena\/","og_site_name":"Transtoyou - RO","article_modified_time":"2026-01-23T19:45:30+00:00","twitter_card":"summary_large_image","twitter_misc":{"Timp estimat pentru citire":"1 minut"},"schema":{"@context":"https:\/\/schema.org","@graph":[{"@type":"WebPage","@id":"https:\/\/www.transtoyou.com\/ro\/product\/kyleena\/","url":"https:\/\/www.transtoyou.com\/ro\/product\/kyleena\/","name":"Kyleena | Contracep\u021bie Eficient\u0103 pe Termen Lung - Transtoyou","isPartOf":{"@id":"https:\/\/www.transtoyou.com\/ro\/#website"},"primaryImageOfPage":{"@id":"https:\/\/www.transtoyou.com\/ro\/product\/kyleena\/#primaryimage"},"image":{"@id":"https:\/\/www.transtoyou.com\/ro\/product\/kyleena\/#primaryimage"},"thumbnailUrl":"https:\/\/www.transtoyou.com\/ro\/wp-content\/uploads\/sites\/13\/2026\/01\/tty-no-product-image-44.webp","datePublished":"2026-01-23T19:44:34+00:00","dateModified":"2026-01-23T19:45:30+00:00","description":"Kyleena, disponibil la Transtoyou, ofer\u0103 o contracep\u021bie de \u00eencredere pe termen lung. Descoper\u0103 beneficiile sale pentru o solu\u021bie de \u00eencredere \u00een planificarea familiei.","breadcrumb":{"@id":"https:\/\/www.transtoyou.com\/ro\/product\/kyleena\/#breadcrumb"},"inLanguage":"ro-RO","potentialAction":[{"@type":"ReadAction","target":["https:\/\/www.transtoyou.com\/ro\/product\/kyleena\/"]}]},{"@type":"ImageObject","inLanguage":"ro-RO","@id":"https:\/\/www.transtoyou.com\/ro\/product\/kyleena\/#primaryimage","url":"https:\/\/www.transtoyou.com\/ro\/wp-content\/uploads\/sites\/13\/2026\/01\/tty-no-product-image-44.webp","contentUrl":"https:\/\/www.transtoyou.com\/ro\/wp-content\/uploads\/sites\/13\/2026\/01\/tty-no-product-image-44.webp","width":1000,"height":1000,"caption":"Imaginea implicit\u0103 a produsului"},{"@type":"WebSite","@id":"https:\/\/www.transtoyou.com\/ro\/#website","url":"https:\/\/www.transtoyou.com\/ro\/","name":"Transtoyou - RO","description":"","publisher":{"@id":"https:\/\/www.transtoyou.com\/ro\/#organization"},"potentialAction":[{"@type":"SearchAction","target":{"@type":"EntryPoint","urlTemplate":"https:\/\/www.transtoyou.com\/ro\/?s={search_term_string}"},"query-input":{"@type":"PropertyValueSpecification","valueRequired":true,"valueName":"search_term_string"}}],"inLanguage":"ro-RO"},{"@type":"Organization","@id":"https:\/\/www.transtoyou.com\/ro\/#organization","name":"Transtoyou - RO","url":"https:\/\/www.transtoyou.com\/ro\/","logo":{"@type":"ImageObject","inLanguage":"ro-RO","@id":"https:\/\/www.transtoyou.com\/ro\/#\/schema\/logo\/image\/","url":"https:\/\/www.transtoyou.com\/ro\/wp-content\/uploads\/sites\/13\/2026\/01\/logo-tty-menu-bar-300x87-1.webp","contentUrl":"https:\/\/www.transtoyou.com\/ro\/wp-content\/uploads\/sites\/13\/2026\/01\/logo-tty-menu-bar-300x87-1.webp","width":300,"height":87,"caption":"Transtoyou - RO"},"image":{"@id":"https:\/\/www.transtoyou.com\/ro\/#\/schema\/logo\/image\/"}}]}},"_links":{"self":[{"href":"https:\/\/www.transtoyou.com\/ro\/wp-json\/wp\/v2\/product\/618","targetHints":{"allow":["GET"]}}],"collection":[{"href":"https:\/\/www.transtoyou.com\/ro\/wp-json\/wp\/v2\/product"}],"about":[{"href":"https:\/\/www.transtoyou.com\/ro\/wp-json\/wp\/v2\/types\/product"}],"replies":[{"embeddable":true,"href":"https:\/\/www.transtoyou.com\/ro\/wp-json\/wp\/v2\/comments?post=618"}],"wp:featuredmedia":[{"embeddable":true,"href":"https:\/\/www.transtoyou.com\/ro\/wp-json\/wp\/v2\/media\/620"}],"wp:attachment":[{"href":"https:\/\/www.transtoyou.com\/ro\/wp-json\/wp\/v2\/media?parent=618"}],"wp:term":[{"taxonomy":"product_brand","embeddable":true,"href":"https:\/\/www.transtoyou.com\/ro\/wp-json\/wp\/v2\/product_brand?post=618"},{"taxonomy":"product_cat","embeddable":true,"href":"https:\/\/www.transtoyou.com\/ro\/wp-json\/wp\/v2\/product_cat?post=618"},{"taxonomy":"product_tag","embeddable":true,"href":"https:\/\/www.transtoyou.com\/ro\/wp-json\/wp\/v2\/product_tag?post=618"},{"taxonomy":"expert","embeddable":true,"href":"https:\/\/www.transtoyou.com\/ro\/wp-json\/wp\/v2\/expert?post=618"}],"curies":[{"name":"wp","href":"https:\/\/api.w.org\/{rel}","templated":true}]}}