{"id":636,"date":"2026-01-23T21:22:43","date_gmt":"2026-01-23T21:22:43","guid":{"rendered":"https:\/\/www.transtoyou.com\/ro\/product\/femoston\/"},"modified":"2026-01-23T21:23:38","modified_gmt":"2026-01-23T21:23:38","slug":"femoston","status":"publish","type":"product","link":"https:\/\/www.transtoyou.com\/ro\/product\/femoston\/","title":{"rendered":"Femoston"},"content":{"rendered":"<p>Femoston este un comprimat utilizat ca parte a terapiei de substitu\u021bie hormonal\u0103 pentru a ameliora simptomele asociate cu nivelurile sc\u0103zute de estrogen. Con\u021bine dou\u0103 hormoni: estradiol, o form\u0103 de estrogen, \u0219i dydrogesteron, un progestogen care ajut\u0103 la protejarea mucoasei uterine. Aceast\u0103 combina\u021bie este utilizat\u0103 de obicei de persoanele care au ajuns la menopauz\u0103 \u0219i care au \u00eenc\u0103 un uter.<\/p>\n<p>Simptomele menopauzei, cum ar fi bufeurile, transpira\u021biile nocturne, schimb\u0103rile de dispozi\u021bie \u0219i usc\u0103ciunea vaginal\u0103, apar din cauza reducerii nivelurilor de estrogen. Femoston re\u00eentre\u021bine acest hormon pentru a restabili echilibrul \u0219i a reduce disconfortul. Componenta progestogen\u0103 ajut\u0103 la prevenirea \u00eengro\u0219\u0103rii excesive a mucoasei uterine, ceea ce se poate \u00eent\u00e2mpla atunci c\u00e2nd estrogenul este utilizat singur.<\/p>\n<p>Femoston se ia o dat\u0103 pe zi, cu diferite formul\u0103ri disponibile \u00een func\u021bie de necesitatea unui model hormonal continuu sau ciclic. Utilizarea constant\u0103 ajut\u0103 la gestionarea at\u00e2t a simptomelor pe termen scurt ale deficien\u021bei de estrogen, c\u00e2t \u0219i contribuie la obiectivele pe termen lung legate de stabilitatea hormonal\u0103 \u0219i calitatea vie\u021bii.<\/p>\n","protected":false},"excerpt":{"rendered":"<ul>\n<li>Tablet\u0103 hormonal\u0103 oral\u0103 zilnic\u0103<\/li>\n<li>Amelioreaz\u0103 simptomele menopauzei<\/li>\n<li>Combin\u0103 estrogen \u0219i progestogen<\/li>\n<\/ul>\n","protected":false},"featured_media":638,"comment_status":"open","ping_status":"closed","template":"","meta":[],"product_brand":[],"product_cat":[126,120],"product_tag":[],"expert":[16],"class_list":{"0":"post-636","1":"product","2":"type-product","3":"status-publish","4":"has-post-thumbnail","6":"product_cat-relief-pentru-menopauza-si-pms","7":"product_cat-terapie-de-inlocuire-hormonala-hrt","8":"expert-dr-c-alexandru","10":"first","11":"instock","12":"shipping-taxable","13":"product-type-variable"},"yoast_head":"<!-- This site is optimized with the Yoast SEO plugin v27.0 - https:\/\/yoast.com\/product\/yoast-seo-wordpress\/ -->\n<title>Femoston | Suport pentru Echilibrul Hormonal - Transtoyou<\/title>\n<meta name=\"description\" content=\"Femoston, disponibil la Transtoyou. Descoper\u0103 beneficiile sale pentru echilibrul hormonal \u0219i bun\u0103stare. Cump\u0103r\u0103 acum o solu\u021bie de \u00eencredere.\" \/>\n<meta name=\"robots\" content=\"noindex, follow, max-snippet:-1, max-image-preview:large, max-video-preview:-1\" \/>\n<meta property=\"og:locale\" content=\"ro_RO\" \/>\n<meta property=\"og:type\" content=\"article\" \/>\n<meta property=\"og:title\" content=\"Femoston | Suport pentru Echilibrul Hormonal - Transtoyou\" \/>\n<meta property=\"og:description\" content=\"Femoston, disponibil la Transtoyou. Descoper\u0103 beneficiile sale pentru echilibrul hormonal \u0219i bun\u0103stare. Cump\u0103r\u0103 acum o solu\u021bie de \u00eencredere.\" \/>\n<meta property=\"og:url\" content=\"https:\/\/www.transtoyou.com\/ro\/product\/femoston\/\" \/>\n<meta property=\"og:site_name\" content=\"Transtoyou - RO\" \/>\n<meta property=\"article:modified_time\" content=\"2026-01-23T21:23:38+00:00\" \/>\n<meta name=\"twitter:card\" content=\"summary_large_image\" \/>\n<meta name=\"twitter:label1\" content=\"Timp estimat pentru citire\" \/>\n\t<meta name=\"twitter:data1\" content=\"1 minut\" \/>\n<script type=\"application\/ld+json\" class=\"yoast-schema-graph\">{\"@context\":\"https:\/\/schema.org\",\"@graph\":[{\"@type\":\"WebPage\",\"@id\":\"https:\/\/www.transtoyou.com\/ro\/product\/femoston\/\",\"url\":\"https:\/\/www.transtoyou.com\/ro\/product\/femoston\/\",\"name\":\"Femoston | Suport pentru Echilibrul Hormonal - Transtoyou\",\"isPartOf\":{\"@id\":\"https:\/\/www.transtoyou.com\/ro\/#website\"},\"primaryImageOfPage\":{\"@id\":\"https:\/\/www.transtoyou.com\/ro\/product\/femoston\/#primaryimage\"},\"image\":{\"@id\":\"https:\/\/www.transtoyou.com\/ro\/product\/femoston\/#primaryimage\"},\"thumbnailUrl\":\"https:\/\/www.transtoyou.com\/ro\/wp-content\/uploads\/sites\/13\/2026\/01\/tty-no-product-image-50.webp\",\"datePublished\":\"2026-01-23T21:22:43+00:00\",\"dateModified\":\"2026-01-23T21:23:38+00:00\",\"description\":\"Femoston, disponibil la Transtoyou. Descoper\u0103 beneficiile sale pentru echilibrul hormonal \u0219i bun\u0103stare. Cump\u0103r\u0103 acum o solu\u021bie de \u00eencredere.\",\"breadcrumb\":{\"@id\":\"https:\/\/www.transtoyou.com\/ro\/product\/femoston\/#breadcrumb\"},\"inLanguage\":\"ro-RO\",\"potentialAction\":[{\"@type\":\"ReadAction\",\"target\":[\"https:\/\/www.transtoyou.com\/ro\/product\/femoston\/\"]}]},{\"@type\":\"ImageObject\",\"inLanguage\":\"ro-RO\",\"@id\":\"https:\/\/www.transtoyou.com\/ro\/product\/femoston\/#primaryimage\",\"url\":\"https:\/\/www.transtoyou.com\/ro\/wp-content\/uploads\/sites\/13\/2026\/01\/tty-no-product-image-50.webp\",\"contentUrl\":\"https:\/\/www.transtoyou.com\/ro\/wp-content\/uploads\/sites\/13\/2026\/01\/tty-no-product-image-50.webp\",\"width\":1000,\"height\":1000,\"caption\":\"Imaginea implicit\u0103 a produsului\"},{\"@type\":\"WebSite\",\"@id\":\"https:\/\/www.transtoyou.com\/ro\/#website\",\"url\":\"https:\/\/www.transtoyou.com\/ro\/\",\"name\":\"Transtoyou - RO\",\"description\":\"\",\"publisher\":{\"@id\":\"https:\/\/www.transtoyou.com\/ro\/#organization\"},\"potentialAction\":[{\"@type\":\"SearchAction\",\"target\":{\"@type\":\"EntryPoint\",\"urlTemplate\":\"https:\/\/www.transtoyou.com\/ro\/?s={search_term_string}\"},\"query-input\":{\"@type\":\"PropertyValueSpecification\",\"valueRequired\":true,\"valueName\":\"search_term_string\"}}],\"inLanguage\":\"ro-RO\"},{\"@type\":\"Organization\",\"@id\":\"https:\/\/www.transtoyou.com\/ro\/#organization\",\"name\":\"Transtoyou - RO\",\"url\":\"https:\/\/www.transtoyou.com\/ro\/\",\"logo\":{\"@type\":\"ImageObject\",\"inLanguage\":\"ro-RO\",\"@id\":\"https:\/\/www.transtoyou.com\/ro\/#\/schema\/logo\/image\/\",\"url\":\"https:\/\/www.transtoyou.com\/ro\/wp-content\/uploads\/sites\/13\/2026\/01\/logo-tty-menu-bar-300x87-1.webp\",\"contentUrl\":\"https:\/\/www.transtoyou.com\/ro\/wp-content\/uploads\/sites\/13\/2026\/01\/logo-tty-menu-bar-300x87-1.webp\",\"width\":300,\"height\":87,\"caption\":\"Transtoyou - RO\"},\"image\":{\"@id\":\"https:\/\/www.transtoyou.com\/ro\/#\/schema\/logo\/image\/\"}}]}<\/script>\n<!-- \/ Yoast SEO plugin. -->","yoast_head_json":{"title":"Femoston | Suport pentru Echilibrul Hormonal - Transtoyou","description":"Femoston, disponibil la Transtoyou. Descoper\u0103 beneficiile sale pentru echilibrul hormonal \u0219i bun\u0103stare. Cump\u0103r\u0103 acum o solu\u021bie de \u00eencredere.","robots":{"index":"noindex","follow":"follow","max-snippet":"max-snippet:-1","max-image-preview":"max-image-preview:large","max-video-preview":"max-video-preview:-1"},"og_locale":"ro_RO","og_type":"article","og_title":"Femoston | Suport pentru Echilibrul Hormonal - Transtoyou","og_description":"Femoston, disponibil la Transtoyou. Descoper\u0103 beneficiile sale pentru echilibrul hormonal \u0219i bun\u0103stare. Cump\u0103r\u0103 acum o solu\u021bie de \u00eencredere.","og_url":"https:\/\/www.transtoyou.com\/ro\/product\/femoston\/","og_site_name":"Transtoyou - RO","article_modified_time":"2026-01-23T21:23:38+00:00","twitter_card":"summary_large_image","twitter_misc":{"Timp estimat pentru citire":"1 minut"},"schema":{"@context":"https:\/\/schema.org","@graph":[{"@type":"WebPage","@id":"https:\/\/www.transtoyou.com\/ro\/product\/femoston\/","url":"https:\/\/www.transtoyou.com\/ro\/product\/femoston\/","name":"Femoston | Suport pentru Echilibrul Hormonal - Transtoyou","isPartOf":{"@id":"https:\/\/www.transtoyou.com\/ro\/#website"},"primaryImageOfPage":{"@id":"https:\/\/www.transtoyou.com\/ro\/product\/femoston\/#primaryimage"},"image":{"@id":"https:\/\/www.transtoyou.com\/ro\/product\/femoston\/#primaryimage"},"thumbnailUrl":"https:\/\/www.transtoyou.com\/ro\/wp-content\/uploads\/sites\/13\/2026\/01\/tty-no-product-image-50.webp","datePublished":"2026-01-23T21:22:43+00:00","dateModified":"2026-01-23T21:23:38+00:00","description":"Femoston, disponibil la Transtoyou. Descoper\u0103 beneficiile sale pentru echilibrul hormonal \u0219i bun\u0103stare. Cump\u0103r\u0103 acum o solu\u021bie de \u00eencredere.","breadcrumb":{"@id":"https:\/\/www.transtoyou.com\/ro\/product\/femoston\/#breadcrumb"},"inLanguage":"ro-RO","potentialAction":[{"@type":"ReadAction","target":["https:\/\/www.transtoyou.com\/ro\/product\/femoston\/"]}]},{"@type":"ImageObject","inLanguage":"ro-RO","@id":"https:\/\/www.transtoyou.com\/ro\/product\/femoston\/#primaryimage","url":"https:\/\/www.transtoyou.com\/ro\/wp-content\/uploads\/sites\/13\/2026\/01\/tty-no-product-image-50.webp","contentUrl":"https:\/\/www.transtoyou.com\/ro\/wp-content\/uploads\/sites\/13\/2026\/01\/tty-no-product-image-50.webp","width":1000,"height":1000,"caption":"Imaginea implicit\u0103 a produsului"},{"@type":"WebSite","@id":"https:\/\/www.transtoyou.com\/ro\/#website","url":"https:\/\/www.transtoyou.com\/ro\/","name":"Transtoyou - RO","description":"","publisher":{"@id":"https:\/\/www.transtoyou.com\/ro\/#organization"},"potentialAction":[{"@type":"SearchAction","target":{"@type":"EntryPoint","urlTemplate":"https:\/\/www.transtoyou.com\/ro\/?s={search_term_string}"},"query-input":{"@type":"PropertyValueSpecification","valueRequired":true,"valueName":"search_term_string"}}],"inLanguage":"ro-RO"},{"@type":"Organization","@id":"https:\/\/www.transtoyou.com\/ro\/#organization","name":"Transtoyou - RO","url":"https:\/\/www.transtoyou.com\/ro\/","logo":{"@type":"ImageObject","inLanguage":"ro-RO","@id":"https:\/\/www.transtoyou.com\/ro\/#\/schema\/logo\/image\/","url":"https:\/\/www.transtoyou.com\/ro\/wp-content\/uploads\/sites\/13\/2026\/01\/logo-tty-menu-bar-300x87-1.webp","contentUrl":"https:\/\/www.transtoyou.com\/ro\/wp-content\/uploads\/sites\/13\/2026\/01\/logo-tty-menu-bar-300x87-1.webp","width":300,"height":87,"caption":"Transtoyou - RO"},"image":{"@id":"https:\/\/www.transtoyou.com\/ro\/#\/schema\/logo\/image\/"}}]}},"_links":{"self":[{"href":"https:\/\/www.transtoyou.com\/ro\/wp-json\/wp\/v2\/product\/636","targetHints":{"allow":["GET"]}}],"collection":[{"href":"https:\/\/www.transtoyou.com\/ro\/wp-json\/wp\/v2\/product"}],"about":[{"href":"https:\/\/www.transtoyou.com\/ro\/wp-json\/wp\/v2\/types\/product"}],"replies":[{"embeddable":true,"href":"https:\/\/www.transtoyou.com\/ro\/wp-json\/wp\/v2\/comments?post=636"}],"wp:featuredmedia":[{"embeddable":true,"href":"https:\/\/www.transtoyou.com\/ro\/wp-json\/wp\/v2\/media\/638"}],"wp:attachment":[{"href":"https:\/\/www.transtoyou.com\/ro\/wp-json\/wp\/v2\/media?parent=636"}],"wp:term":[{"taxonomy":"product_brand","embeddable":true,"href":"https:\/\/www.transtoyou.com\/ro\/wp-json\/wp\/v2\/product_brand?post=636"},{"taxonomy":"product_cat","embeddable":true,"href":"https:\/\/www.transtoyou.com\/ro\/wp-json\/wp\/v2\/product_cat?post=636"},{"taxonomy":"product_tag","embeddable":true,"href":"https:\/\/www.transtoyou.com\/ro\/wp-json\/wp\/v2\/product_tag?post=636"},{"taxonomy":"expert","embeddable":true,"href":"https:\/\/www.transtoyou.com\/ro\/wp-json\/wp\/v2\/expert?post=636"}],"curies":[{"name":"wp","href":"https:\/\/api.w.org\/{rel}","templated":true}]}}