{"id":639,"date":"2026-01-23T21:36:13","date_gmt":"2026-01-23T21:36:13","guid":{"rendered":"https:\/\/www.transtoyou.com\/ro\/product\/lenzetto\/"},"modified":"2026-01-23T21:37:14","modified_gmt":"2026-01-23T21:37:14","slug":"lenzetto","status":"publish","type":"product","link":"https:\/\/www.transtoyou.com\/ro\/product\/lenzetto\/","title":{"rendered":"Lenzetto"},"content":{"rendered":"<p>Lenzetto este un spray folosit pentru a livra estrogen prin piele \u0219i \u00een s\u00e2nge. Con\u021bine estradiol, o form\u0103 de estrogen identic\u0103 hormonului produs natural \u00een organism. Aceast\u0103 medicament este utilizat \u00een terapia de substitu\u021bie hormonal\u0103 pentru a trata simptomele cauzate de nivelurile sc\u0103zute de estrogen \u0219i este, de asemenea, potrivit pentru utilizarea \u00een terapia hormonal\u0103 de feminizare.<\/p>\n<p>\u00cen timpul menopauzei sau \u00een situa\u021bii \u00een care estrogenul este necesar din alte motive, persoanele pot experimenta simptome precum bufeuri, transpira\u021bii nocturne, schimb\u0103ri de dispozi\u021bie \u0219i usc\u0103ciune vaginal\u0103. Lenzetto restabile\u0219te nivelurile de estrogen pentru a ajuta la reducerea severit\u0103\u021bii acestor simptome. Deoarece spray-ul se aplic\u0103 pe piele, evit\u0103 sistemul digestiv \u0219i ofer\u0103 o alternativ\u0103 flexibil\u0103, non-oral\u0103 la tablete sau plasturi.<\/p>\n<p>Spray-ul se aplic\u0103 o dat\u0103 pe zi pe pielea curat\u0103 \u0219i uscat\u0103, de obicei pe partea interioar\u0103 a antebra\u021bului. Se usuc\u0103 rapid \u0219i nu las\u0103 reziduuri. Lenzetto permite dozarea personalizat\u0103 \u0219i o metod\u0103 discret\u0103, cu \u00eentre\u021binere redus\u0103, de livrare a estrogenului at\u00e2t pentru ameliorarea menopauzei, c\u00e2t \u0219i pentru \u00eengrijirea de feminizare.<\/p>\n","protected":false},"excerpt":{"rendered":"<ul>\n<li>Spray cu estrogen pentru absorb\u021bia prin piele<\/li>\n<li>Utilizat pentru menopauz\u0103<\/li>\n<li>Doz\u0103 zilnic\u0103 ajustabil\u0103<\/li>\n<\/ul>\n","protected":false},"featured_media":641,"comment_status":"open","ping_status":"closed","template":"","meta":[],"product_brand":[],"product_cat":[120],"product_tag":[],"expert":[16],"class_list":{"0":"post-639","1":"product","2":"type-product","3":"status-publish","4":"has-post-thumbnail","6":"product_cat-terapie-de-inlocuire-hormonala-hrt","7":"expert-dr-c-alexandru","9":"first","10":"instock","11":"shipping-taxable","12":"product-type-variable"},"yoast_head":"<!-- This site is optimized with the Yoast SEO plugin v27.0 - https:\/\/yoast.com\/product\/yoast-seo-wordpress\/ -->\n<title>Lenzetto | Spray hormonal cu aplicare u\u0219oar\u0103 - Transtoyou<\/title>\n<meta name=\"description\" content=\"Lenzetto, disponibil pe Transtoyou, ofer\u0103 o u\u0219urare eficient\u0103 pentru simptomele menopauzei. Descoper\u0103 beneficiile sale \u0219i cump\u0103r\u0103 acum o solu\u021bie convenabil\u0103.\" \/>\n<meta name=\"robots\" content=\"noindex, follow, max-snippet:-1, max-image-preview:large, max-video-preview:-1\" \/>\n<meta property=\"og:locale\" content=\"ro_RO\" \/>\n<meta property=\"og:type\" content=\"article\" \/>\n<meta property=\"og:title\" content=\"Lenzetto | Spray hormonal cu aplicare u\u0219oar\u0103 - Transtoyou\" \/>\n<meta property=\"og:description\" content=\"Lenzetto, disponibil pe Transtoyou, ofer\u0103 o u\u0219urare eficient\u0103 pentru simptomele menopauzei. Descoper\u0103 beneficiile sale \u0219i cump\u0103r\u0103 acum o solu\u021bie convenabil\u0103.\" \/>\n<meta property=\"og:url\" content=\"https:\/\/www.transtoyou.com\/ro\/product\/lenzetto\/\" \/>\n<meta property=\"og:site_name\" content=\"Transtoyou - RO\" \/>\n<meta property=\"article:modified_time\" content=\"2026-01-23T21:37:14+00:00\" \/>\n<meta name=\"twitter:card\" content=\"summary_large_image\" \/>\n<meta name=\"twitter:label1\" content=\"Timp estimat pentru citire\" \/>\n\t<meta name=\"twitter:data1\" content=\"1 minut\" \/>\n<script type=\"application\/ld+json\" class=\"yoast-schema-graph\">{\"@context\":\"https:\/\/schema.org\",\"@graph\":[{\"@type\":\"WebPage\",\"@id\":\"https:\/\/www.transtoyou.com\/ro\/product\/lenzetto\/\",\"url\":\"https:\/\/www.transtoyou.com\/ro\/product\/lenzetto\/\",\"name\":\"Lenzetto | Spray hormonal cu aplicare u\u0219oar\u0103 - Transtoyou\",\"isPartOf\":{\"@id\":\"https:\/\/www.transtoyou.com\/ro\/#website\"},\"primaryImageOfPage\":{\"@id\":\"https:\/\/www.transtoyou.com\/ro\/product\/lenzetto\/#primaryimage\"},\"image\":{\"@id\":\"https:\/\/www.transtoyou.com\/ro\/product\/lenzetto\/#primaryimage\"},\"thumbnailUrl\":\"https:\/\/www.transtoyou.com\/ro\/wp-content\/uploads\/sites\/13\/2026\/01\/tty-no-product-image-51.webp\",\"datePublished\":\"2026-01-23T21:36:13+00:00\",\"dateModified\":\"2026-01-23T21:37:14+00:00\",\"description\":\"Lenzetto, disponibil pe Transtoyou, ofer\u0103 o u\u0219urare eficient\u0103 pentru simptomele menopauzei. Descoper\u0103 beneficiile sale \u0219i cump\u0103r\u0103 acum o solu\u021bie convenabil\u0103.\",\"breadcrumb\":{\"@id\":\"https:\/\/www.transtoyou.com\/ro\/product\/lenzetto\/#breadcrumb\"},\"inLanguage\":\"ro-RO\",\"potentialAction\":[{\"@type\":\"ReadAction\",\"target\":[\"https:\/\/www.transtoyou.com\/ro\/product\/lenzetto\/\"]}]},{\"@type\":\"ImageObject\",\"inLanguage\":\"ro-RO\",\"@id\":\"https:\/\/www.transtoyou.com\/ro\/product\/lenzetto\/#primaryimage\",\"url\":\"https:\/\/www.transtoyou.com\/ro\/wp-content\/uploads\/sites\/13\/2026\/01\/tty-no-product-image-51.webp\",\"contentUrl\":\"https:\/\/www.transtoyou.com\/ro\/wp-content\/uploads\/sites\/13\/2026\/01\/tty-no-product-image-51.webp\",\"width\":1000,\"height\":1000,\"caption\":\"Imaginea implicit\u0103 a produsului\"},{\"@type\":\"WebSite\",\"@id\":\"https:\/\/www.transtoyou.com\/ro\/#website\",\"url\":\"https:\/\/www.transtoyou.com\/ro\/\",\"name\":\"Transtoyou - RO\",\"description\":\"\",\"publisher\":{\"@id\":\"https:\/\/www.transtoyou.com\/ro\/#organization\"},\"potentialAction\":[{\"@type\":\"SearchAction\",\"target\":{\"@type\":\"EntryPoint\",\"urlTemplate\":\"https:\/\/www.transtoyou.com\/ro\/?s={search_term_string}\"},\"query-input\":{\"@type\":\"PropertyValueSpecification\",\"valueRequired\":true,\"valueName\":\"search_term_string\"}}],\"inLanguage\":\"ro-RO\"},{\"@type\":\"Organization\",\"@id\":\"https:\/\/www.transtoyou.com\/ro\/#organization\",\"name\":\"Transtoyou - RO\",\"url\":\"https:\/\/www.transtoyou.com\/ro\/\",\"logo\":{\"@type\":\"ImageObject\",\"inLanguage\":\"ro-RO\",\"@id\":\"https:\/\/www.transtoyou.com\/ro\/#\/schema\/logo\/image\/\",\"url\":\"https:\/\/www.transtoyou.com\/ro\/wp-content\/uploads\/sites\/13\/2026\/01\/logo-tty-menu-bar-300x87-1.webp\",\"contentUrl\":\"https:\/\/www.transtoyou.com\/ro\/wp-content\/uploads\/sites\/13\/2026\/01\/logo-tty-menu-bar-300x87-1.webp\",\"width\":300,\"height\":87,\"caption\":\"Transtoyou - RO\"},\"image\":{\"@id\":\"https:\/\/www.transtoyou.com\/ro\/#\/schema\/logo\/image\/\"}}]}<\/script>\n<!-- \/ Yoast SEO plugin. -->","yoast_head_json":{"title":"Lenzetto | Spray hormonal cu aplicare u\u0219oar\u0103 - Transtoyou","description":"Lenzetto, disponibil pe Transtoyou, ofer\u0103 o u\u0219urare eficient\u0103 pentru simptomele menopauzei. Descoper\u0103 beneficiile sale \u0219i cump\u0103r\u0103 acum o solu\u021bie convenabil\u0103.","robots":{"index":"noindex","follow":"follow","max-snippet":"max-snippet:-1","max-image-preview":"max-image-preview:large","max-video-preview":"max-video-preview:-1"},"og_locale":"ro_RO","og_type":"article","og_title":"Lenzetto | Spray hormonal cu aplicare u\u0219oar\u0103 - Transtoyou","og_description":"Lenzetto, disponibil pe Transtoyou, ofer\u0103 o u\u0219urare eficient\u0103 pentru simptomele menopauzei. Descoper\u0103 beneficiile sale \u0219i cump\u0103r\u0103 acum o solu\u021bie convenabil\u0103.","og_url":"https:\/\/www.transtoyou.com\/ro\/product\/lenzetto\/","og_site_name":"Transtoyou - RO","article_modified_time":"2026-01-23T21:37:14+00:00","twitter_card":"summary_large_image","twitter_misc":{"Timp estimat pentru citire":"1 minut"},"schema":{"@context":"https:\/\/schema.org","@graph":[{"@type":"WebPage","@id":"https:\/\/www.transtoyou.com\/ro\/product\/lenzetto\/","url":"https:\/\/www.transtoyou.com\/ro\/product\/lenzetto\/","name":"Lenzetto | Spray hormonal cu aplicare u\u0219oar\u0103 - Transtoyou","isPartOf":{"@id":"https:\/\/www.transtoyou.com\/ro\/#website"},"primaryImageOfPage":{"@id":"https:\/\/www.transtoyou.com\/ro\/product\/lenzetto\/#primaryimage"},"image":{"@id":"https:\/\/www.transtoyou.com\/ro\/product\/lenzetto\/#primaryimage"},"thumbnailUrl":"https:\/\/www.transtoyou.com\/ro\/wp-content\/uploads\/sites\/13\/2026\/01\/tty-no-product-image-51.webp","datePublished":"2026-01-23T21:36:13+00:00","dateModified":"2026-01-23T21:37:14+00:00","description":"Lenzetto, disponibil pe Transtoyou, ofer\u0103 o u\u0219urare eficient\u0103 pentru simptomele menopauzei. Descoper\u0103 beneficiile sale \u0219i cump\u0103r\u0103 acum o solu\u021bie convenabil\u0103.","breadcrumb":{"@id":"https:\/\/www.transtoyou.com\/ro\/product\/lenzetto\/#breadcrumb"},"inLanguage":"ro-RO","potentialAction":[{"@type":"ReadAction","target":["https:\/\/www.transtoyou.com\/ro\/product\/lenzetto\/"]}]},{"@type":"ImageObject","inLanguage":"ro-RO","@id":"https:\/\/www.transtoyou.com\/ro\/product\/lenzetto\/#primaryimage","url":"https:\/\/www.transtoyou.com\/ro\/wp-content\/uploads\/sites\/13\/2026\/01\/tty-no-product-image-51.webp","contentUrl":"https:\/\/www.transtoyou.com\/ro\/wp-content\/uploads\/sites\/13\/2026\/01\/tty-no-product-image-51.webp","width":1000,"height":1000,"caption":"Imaginea implicit\u0103 a produsului"},{"@type":"WebSite","@id":"https:\/\/www.transtoyou.com\/ro\/#website","url":"https:\/\/www.transtoyou.com\/ro\/","name":"Transtoyou - RO","description":"","publisher":{"@id":"https:\/\/www.transtoyou.com\/ro\/#organization"},"potentialAction":[{"@type":"SearchAction","target":{"@type":"EntryPoint","urlTemplate":"https:\/\/www.transtoyou.com\/ro\/?s={search_term_string}"},"query-input":{"@type":"PropertyValueSpecification","valueRequired":true,"valueName":"search_term_string"}}],"inLanguage":"ro-RO"},{"@type":"Organization","@id":"https:\/\/www.transtoyou.com\/ro\/#organization","name":"Transtoyou - RO","url":"https:\/\/www.transtoyou.com\/ro\/","logo":{"@type":"ImageObject","inLanguage":"ro-RO","@id":"https:\/\/www.transtoyou.com\/ro\/#\/schema\/logo\/image\/","url":"https:\/\/www.transtoyou.com\/ro\/wp-content\/uploads\/sites\/13\/2026\/01\/logo-tty-menu-bar-300x87-1.webp","contentUrl":"https:\/\/www.transtoyou.com\/ro\/wp-content\/uploads\/sites\/13\/2026\/01\/logo-tty-menu-bar-300x87-1.webp","width":300,"height":87,"caption":"Transtoyou - RO"},"image":{"@id":"https:\/\/www.transtoyou.com\/ro\/#\/schema\/logo\/image\/"}}]}},"_links":{"self":[{"href":"https:\/\/www.transtoyou.com\/ro\/wp-json\/wp\/v2\/product\/639","targetHints":{"allow":["GET"]}}],"collection":[{"href":"https:\/\/www.transtoyou.com\/ro\/wp-json\/wp\/v2\/product"}],"about":[{"href":"https:\/\/www.transtoyou.com\/ro\/wp-json\/wp\/v2\/types\/product"}],"replies":[{"embeddable":true,"href":"https:\/\/www.transtoyou.com\/ro\/wp-json\/wp\/v2\/comments?post=639"}],"wp:featuredmedia":[{"embeddable":true,"href":"https:\/\/www.transtoyou.com\/ro\/wp-json\/wp\/v2\/media\/641"}],"wp:attachment":[{"href":"https:\/\/www.transtoyou.com\/ro\/wp-json\/wp\/v2\/media?parent=639"}],"wp:term":[{"taxonomy":"product_brand","embeddable":true,"href":"https:\/\/www.transtoyou.com\/ro\/wp-json\/wp\/v2\/product_brand?post=639"},{"taxonomy":"product_cat","embeddable":true,"href":"https:\/\/www.transtoyou.com\/ro\/wp-json\/wp\/v2\/product_cat?post=639"},{"taxonomy":"product_tag","embeddable":true,"href":"https:\/\/www.transtoyou.com\/ro\/wp-json\/wp\/v2\/product_tag?post=639"},{"taxonomy":"expert","embeddable":true,"href":"https:\/\/www.transtoyou.com\/ro\/wp-json\/wp\/v2\/expert?post=639"}],"curies":[{"name":"wp","href":"https:\/\/api.w.org\/{rel}","templated":true}]}}