{"id":648,"date":"2026-01-23T22:24:17","date_gmt":"2026-01-23T22:24:17","guid":{"rendered":"https:\/\/www.transtoyou.com\/ro\/product\/metoprolol\/"},"modified":"2026-02-26T08:49:02","modified_gmt":"2026-02-26T08:49:02","slug":"metoprolol","status":"publish","type":"product","link":"https:\/\/www.transtoyou.com\/ro\/product\/metoprolol\/","title":{"rendered":"Metoprolol"},"content":{"rendered":"<p>Metoprolol este un medicament care apar\u021bine clasei beta-blocantelor, prescris frecvent pentru a gestiona hipertensiunea arterial\u0103. Prin \u00eencetinirea ritmului cardiac \u0219i reducerea for\u021bei contrac\u021biilor inimii, ajut\u0103 inima s\u0103 func\u021bioneze mai eficient \u0219i reduce presiunea asupra vaselor de s\u00e2nge. Acest lucru \u00eel face o op\u021biune at\u00e2t \u00een planurile de tratament ini\u021biale, c\u00e2t \u0219i pe termen lung pentru hipertensiune.<\/p>\n<p>C\u00e2nd tensiunea arterial\u0103 r\u0103m\u00e2ne crescut\u0103 \u00een timp, cre\u0219te riscul de complica\u021bii grave pentru s\u0103n\u0103tate, cum ar fi atacul de cord, accidentul vascular cerebral sau deteriorarea rinichilor. Metoprololul ac\u021bioneaz\u0103 prin blocarea ac\u021biunii anumitor substan\u021be chimice naturale din organism, cum ar fi adrenalina, asupra inimii \u0219i vaselor de s\u00e2nge. Ca urmare, reduce ritmul cardiac \u0219i u\u0219ureaz\u0103 stresul asupra sistemului cardiovascular.<\/p>\n<p>Metoprololul se administreaz\u0103 de obicei sub form\u0103 de tablet\u0103 o dat\u0103 sau de dou\u0103 ori pe zi. Persoanele care iau Metoprolol \u00een general nu simt efectele sale direct, dar \u00een timp ajut\u0103 la protejarea inimii \u0219i vaselor de s\u00e2nge de daunele cauzate de hipertensiunea prelungit\u0103. Utilizarea constant\u0103 este esen\u021bial\u0103 pentru men\u021binerea unor niveluri stabile ale tensiunii arteriale \u0219i prevenirea complica\u021biilor, chiar dac\u0103 nu sunt prezente simptome.<\/p>\n<p>Metoprololul poate provoca unele efecte secundare u\u0219oare, cum ar fi oboseala, extremit\u0103\u021bile reci sau ame\u021belile, \u00een special la \u00eenceputul tratamentului. Acestea de obicei scad pe m\u0103sur\u0103 ce organismul se adapteaz\u0103. Ca \u00een cazul oric\u0103rui tratament pentru hipertensiune, monitorizarea regulat\u0103 \u0219i urm\u0103rirea medical\u0103 sunt importante pentru a asigura siguran\u021ba \u0219i eficacitatea.<\/p>\n","protected":false},"excerpt":{"rendered":"<ul>\n<li>Blocant selectiv pentru inim\u0103 administrat o dat\u0103 pe zi<\/li>\n<li>Dovedit c\u0103 reduce decesele post-IM<\/li>\n<li>Calmeaz\u0103 pulsul, tensiunea, palpita\u021biile<\/li>\n<\/ul>\n","protected":false},"featured_media":650,"comment_status":"open","ping_status":"closed","template":"","meta":[],"product_brand":[],"product_cat":[117],"product_tag":[],"expert":[21],"class_list":{"0":"post-648","1":"product","2":"type-product","3":"status-publish","4":"has-post-thumbnail","6":"product_cat-tensiune-arteriala-crescuta","7":"expert-dr-m-sharoyko","9":"first","10":"instock","11":"shipping-taxable","12":"product-type-variable"},"yoast_head":"<!-- This site is optimized with the Yoast SEO plugin v27.0 - https:\/\/yoast.com\/product\/yoast-seo-wordpress\/ -->\n<title>Metoprolol | Controleaz\u0103 eficient tensiunea arterial\u0103 - Transtoyou<\/title>\n<meta name=\"description\" content=\"Descoper\u0103 Metoprolol, un beta-blocant pentru tensiune arterial\u0103 ridicat\u0103, disponibil la Transtoyou. Reduce stresul cardiac \u0219i \u00eembun\u0103t\u0103\u021be\u0219te s\u0103n\u0103tatea cardiovascular\u0103.\" \/>\n<meta name=\"robots\" content=\"noindex, follow, max-snippet:-1, max-image-preview:large, max-video-preview:-1\" \/>\n<meta property=\"og:locale\" content=\"ro_RO\" \/>\n<meta property=\"og:type\" content=\"article\" \/>\n<meta property=\"og:title\" content=\"Metoprolol | Controleaz\u0103 eficient tensiunea arterial\u0103 - Transtoyou\" \/>\n<meta property=\"og:description\" content=\"Descoper\u0103 Metoprolol, un beta-blocant pentru tensiune arterial\u0103 ridicat\u0103, disponibil la Transtoyou. Reduce stresul cardiac \u0219i \u00eembun\u0103t\u0103\u021be\u0219te s\u0103n\u0103tatea cardiovascular\u0103.\" \/>\n<meta property=\"og:url\" content=\"https:\/\/www.transtoyou.com\/ro\/product\/metoprolol\/\" \/>\n<meta property=\"og:site_name\" content=\"Transtoyou - RO\" \/>\n<meta property=\"article:modified_time\" content=\"2026-02-26T08:49:02+00:00\" \/>\n<meta name=\"twitter:card\" content=\"summary_large_image\" \/>\n<meta name=\"twitter:label1\" content=\"Timp estimat pentru citire\" \/>\n\t<meta name=\"twitter:data1\" content=\"1 minut\" \/>\n<script type=\"application\/ld+json\" class=\"yoast-schema-graph\">{\"@context\":\"https:\/\/schema.org\",\"@graph\":[{\"@type\":\"WebPage\",\"@id\":\"https:\/\/www.transtoyou.com\/ro\/product\/metoprolol\/\",\"url\":\"https:\/\/www.transtoyou.com\/ro\/product\/metoprolol\/\",\"name\":\"Metoprolol | Controleaz\u0103 eficient tensiunea arterial\u0103 - Transtoyou\",\"isPartOf\":{\"@id\":\"https:\/\/www.transtoyou.com\/ro\/#website\"},\"primaryImageOfPage\":{\"@id\":\"https:\/\/www.transtoyou.com\/ro\/product\/metoprolol\/#primaryimage\"},\"image\":{\"@id\":\"https:\/\/www.transtoyou.com\/ro\/product\/metoprolol\/#primaryimage\"},\"thumbnailUrl\":\"https:\/\/www.transtoyou.com\/ro\/wp-content\/uploads\/sites\/13\/2026\/01\/tty-no-product-image-54.webp\",\"datePublished\":\"2026-01-23T22:24:17+00:00\",\"dateModified\":\"2026-02-26T08:49:02+00:00\",\"description\":\"Descoper\u0103 Metoprolol, un beta-blocant pentru tensiune arterial\u0103 ridicat\u0103, disponibil la Transtoyou. Reduce stresul cardiac \u0219i \u00eembun\u0103t\u0103\u021be\u0219te s\u0103n\u0103tatea cardiovascular\u0103.\",\"breadcrumb\":{\"@id\":\"https:\/\/www.transtoyou.com\/ro\/product\/metoprolol\/#breadcrumb\"},\"inLanguage\":\"ro-RO\",\"potentialAction\":[{\"@type\":\"ReadAction\",\"target\":[\"https:\/\/www.transtoyou.com\/ro\/product\/metoprolol\/\"]}]},{\"@type\":\"ImageObject\",\"inLanguage\":\"ro-RO\",\"@id\":\"https:\/\/www.transtoyou.com\/ro\/product\/metoprolol\/#primaryimage\",\"url\":\"https:\/\/www.transtoyou.com\/ro\/wp-content\/uploads\/sites\/13\/2026\/01\/tty-no-product-image-54.webp\",\"contentUrl\":\"https:\/\/www.transtoyou.com\/ro\/wp-content\/uploads\/sites\/13\/2026\/01\/tty-no-product-image-54.webp\",\"width\":1000,\"height\":1000,\"caption\":\"Imaginea implicit\u0103 a produsului\"},{\"@type\":\"WebSite\",\"@id\":\"https:\/\/www.transtoyou.com\/ro\/#website\",\"url\":\"https:\/\/www.transtoyou.com\/ro\/\",\"name\":\"Transtoyou - RO\",\"description\":\"\",\"publisher\":{\"@id\":\"https:\/\/www.transtoyou.com\/ro\/#organization\"},\"potentialAction\":[{\"@type\":\"SearchAction\",\"target\":{\"@type\":\"EntryPoint\",\"urlTemplate\":\"https:\/\/www.transtoyou.com\/ro\/?s={search_term_string}\"},\"query-input\":{\"@type\":\"PropertyValueSpecification\",\"valueRequired\":true,\"valueName\":\"search_term_string\"}}],\"inLanguage\":\"ro-RO\"},{\"@type\":\"Organization\",\"@id\":\"https:\/\/www.transtoyou.com\/ro\/#organization\",\"name\":\"Transtoyou - RO\",\"url\":\"https:\/\/www.transtoyou.com\/ro\/\",\"logo\":{\"@type\":\"ImageObject\",\"inLanguage\":\"ro-RO\",\"@id\":\"https:\/\/www.transtoyou.com\/ro\/#\/schema\/logo\/image\/\",\"url\":\"https:\/\/www.transtoyou.com\/ro\/wp-content\/uploads\/sites\/13\/2026\/01\/logo-tty-menu-bar-300x87-1.webp\",\"contentUrl\":\"https:\/\/www.transtoyou.com\/ro\/wp-content\/uploads\/sites\/13\/2026\/01\/logo-tty-menu-bar-300x87-1.webp\",\"width\":300,\"height\":87,\"caption\":\"Transtoyou - RO\"},\"image\":{\"@id\":\"https:\/\/www.transtoyou.com\/ro\/#\/schema\/logo\/image\/\"}}]}<\/script>\n<!-- \/ Yoast SEO plugin. -->","yoast_head_json":{"title":"Metoprolol | Controleaz\u0103 eficient tensiunea arterial\u0103 - Transtoyou","description":"Descoper\u0103 Metoprolol, un beta-blocant pentru tensiune arterial\u0103 ridicat\u0103, disponibil la Transtoyou. Reduce stresul cardiac \u0219i \u00eembun\u0103t\u0103\u021be\u0219te s\u0103n\u0103tatea cardiovascular\u0103.","robots":{"index":"noindex","follow":"follow","max-snippet":"max-snippet:-1","max-image-preview":"max-image-preview:large","max-video-preview":"max-video-preview:-1"},"og_locale":"ro_RO","og_type":"article","og_title":"Metoprolol | Controleaz\u0103 eficient tensiunea arterial\u0103 - Transtoyou","og_description":"Descoper\u0103 Metoprolol, un beta-blocant pentru tensiune arterial\u0103 ridicat\u0103, disponibil la Transtoyou. Reduce stresul cardiac \u0219i \u00eembun\u0103t\u0103\u021be\u0219te s\u0103n\u0103tatea cardiovascular\u0103.","og_url":"https:\/\/www.transtoyou.com\/ro\/product\/metoprolol\/","og_site_name":"Transtoyou - RO","article_modified_time":"2026-02-26T08:49:02+00:00","twitter_card":"summary_large_image","twitter_misc":{"Timp estimat pentru citire":"1 minut"},"schema":{"@context":"https:\/\/schema.org","@graph":[{"@type":"WebPage","@id":"https:\/\/www.transtoyou.com\/ro\/product\/metoprolol\/","url":"https:\/\/www.transtoyou.com\/ro\/product\/metoprolol\/","name":"Metoprolol | Controleaz\u0103 eficient tensiunea arterial\u0103 - Transtoyou","isPartOf":{"@id":"https:\/\/www.transtoyou.com\/ro\/#website"},"primaryImageOfPage":{"@id":"https:\/\/www.transtoyou.com\/ro\/product\/metoprolol\/#primaryimage"},"image":{"@id":"https:\/\/www.transtoyou.com\/ro\/product\/metoprolol\/#primaryimage"},"thumbnailUrl":"https:\/\/www.transtoyou.com\/ro\/wp-content\/uploads\/sites\/13\/2026\/01\/tty-no-product-image-54.webp","datePublished":"2026-01-23T22:24:17+00:00","dateModified":"2026-02-26T08:49:02+00:00","description":"Descoper\u0103 Metoprolol, un beta-blocant pentru tensiune arterial\u0103 ridicat\u0103, disponibil la Transtoyou. Reduce stresul cardiac \u0219i \u00eembun\u0103t\u0103\u021be\u0219te s\u0103n\u0103tatea cardiovascular\u0103.","breadcrumb":{"@id":"https:\/\/www.transtoyou.com\/ro\/product\/metoprolol\/#breadcrumb"},"inLanguage":"ro-RO","potentialAction":[{"@type":"ReadAction","target":["https:\/\/www.transtoyou.com\/ro\/product\/metoprolol\/"]}]},{"@type":"ImageObject","inLanguage":"ro-RO","@id":"https:\/\/www.transtoyou.com\/ro\/product\/metoprolol\/#primaryimage","url":"https:\/\/www.transtoyou.com\/ro\/wp-content\/uploads\/sites\/13\/2026\/01\/tty-no-product-image-54.webp","contentUrl":"https:\/\/www.transtoyou.com\/ro\/wp-content\/uploads\/sites\/13\/2026\/01\/tty-no-product-image-54.webp","width":1000,"height":1000,"caption":"Imaginea implicit\u0103 a produsului"},{"@type":"WebSite","@id":"https:\/\/www.transtoyou.com\/ro\/#website","url":"https:\/\/www.transtoyou.com\/ro\/","name":"Transtoyou - RO","description":"","publisher":{"@id":"https:\/\/www.transtoyou.com\/ro\/#organization"},"potentialAction":[{"@type":"SearchAction","target":{"@type":"EntryPoint","urlTemplate":"https:\/\/www.transtoyou.com\/ro\/?s={search_term_string}"},"query-input":{"@type":"PropertyValueSpecification","valueRequired":true,"valueName":"search_term_string"}}],"inLanguage":"ro-RO"},{"@type":"Organization","@id":"https:\/\/www.transtoyou.com\/ro\/#organization","name":"Transtoyou - RO","url":"https:\/\/www.transtoyou.com\/ro\/","logo":{"@type":"ImageObject","inLanguage":"ro-RO","@id":"https:\/\/www.transtoyou.com\/ro\/#\/schema\/logo\/image\/","url":"https:\/\/www.transtoyou.com\/ro\/wp-content\/uploads\/sites\/13\/2026\/01\/logo-tty-menu-bar-300x87-1.webp","contentUrl":"https:\/\/www.transtoyou.com\/ro\/wp-content\/uploads\/sites\/13\/2026\/01\/logo-tty-menu-bar-300x87-1.webp","width":300,"height":87,"caption":"Transtoyou - RO"},"image":{"@id":"https:\/\/www.transtoyou.com\/ro\/#\/schema\/logo\/image\/"}}]}},"_links":{"self":[{"href":"https:\/\/www.transtoyou.com\/ro\/wp-json\/wp\/v2\/product\/648","targetHints":{"allow":["GET"]}}],"collection":[{"href":"https:\/\/www.transtoyou.com\/ro\/wp-json\/wp\/v2\/product"}],"about":[{"href":"https:\/\/www.transtoyou.com\/ro\/wp-json\/wp\/v2\/types\/product"}],"replies":[{"embeddable":true,"href":"https:\/\/www.transtoyou.com\/ro\/wp-json\/wp\/v2\/comments?post=648"}],"wp:featuredmedia":[{"embeddable":true,"href":"https:\/\/www.transtoyou.com\/ro\/wp-json\/wp\/v2\/media\/650"}],"wp:attachment":[{"href":"https:\/\/www.transtoyou.com\/ro\/wp-json\/wp\/v2\/media?parent=648"}],"wp:term":[{"taxonomy":"product_brand","embeddable":true,"href":"https:\/\/www.transtoyou.com\/ro\/wp-json\/wp\/v2\/product_brand?post=648"},{"taxonomy":"product_cat","embeddable":true,"href":"https:\/\/www.transtoyou.com\/ro\/wp-json\/wp\/v2\/product_cat?post=648"},{"taxonomy":"product_tag","embeddable":true,"href":"https:\/\/www.transtoyou.com\/ro\/wp-json\/wp\/v2\/product_tag?post=648"},{"taxonomy":"expert","embeddable":true,"href":"https:\/\/www.transtoyou.com\/ro\/wp-json\/wp\/v2\/expert?post=648"}],"curies":[{"name":"wp","href":"https:\/\/api.w.org\/{rel}","templated":true}]}}