{"id":651,"date":"2026-01-23T22:40:10","date_gmt":"2026-01-23T22:40:10","guid":{"rendered":"https:\/\/www.transtoyou.com\/ro\/product\/testavan\/"},"modified":"2026-03-01T09:39:13","modified_gmt":"2026-03-01T09:39:13","slug":"testavan","status":"publish","type":"product","link":"https:\/\/www.transtoyou.com\/ro\/product\/testavan\/","title":{"rendered":"Testavan"},"content":{"rendered":"<p>Testavan este un gel de testosteron aplicat direct pe piele, conceput pentru a trata nivelurile sc\u0103zute de testosteron la b\u0103rba\u021bii adul\u021bi \u0219i persoanele care urmeaz\u0103 terapie hormonal\u0103 masculinant\u0103. Ofer\u0103 o alternativ\u0103 non-invaziv\u0103 \u0219i convenabil\u0103 la injec\u021bii, asigur\u00e2nd niveluri constante de hormoni prin aplicare topic\u0103 zilnic\u0103. Testavan este, de asemenea, utilizat \u00een contextul terapiei bazate pe testosteron la adul\u021bii \u00een v\u00e2rst\u0103, unde poate ajuta la sus\u021binerea vitalit\u0103\u021bii \u0219i energiei la unii indivizi cu deficit de testosteron confirmat clinic.<\/p>\n<p>Gelul con\u021bine testosteron \u00eentr-o formulare care este rapid absorbit\u0103 prin piele, livr\u00e2nd hormonul \u00een fluxul sanguin. Este asociat cu efecte precum \u00eembun\u0103t\u0103\u021birea st\u0103rii de spirit, cre\u0219terea masei musculare, energie mai mare, libido crescut \u0219i, \u00een contextul \u00eengrijirii afirmative de gen, dezvoltarea tr\u0103s\u0103turilor fizice masculinante, cum ar fi p\u0103rul facial, ad\u00e2ncirea vocii \u0219i \u00eencetarea menstrua\u021biei.<\/p>\n<p>Testavan se aplic\u0103 o dat\u0103 pe zi, de obicei pe partea superioar\u0103 a bra\u021bului sau pe um\u0103r. Gelul cu uscare rapid\u0103 poate s\u0103 nu necesite frecare complet\u0103, dar trebuie aplicat u\u0219or conform indica\u021biilor, iar precau\u021bii trebuie luate pentru a evita contactul cu al\u021bii. U\u0219urin\u021ba \u00een utilizare \u00eel face o op\u021biune preferat\u0103 pentru persoanele care aleg o abordare topic\u0103 a terapiei hormonale sau doresc s\u0103 evite injec\u021biile frecvente.<\/p>\n<p>Ca toate tratamentele cu testosteron, Testavan necesit\u0103 monitorizarea regulat\u0103 a nivelurilor hormonale \u0219i a altor parametri de s\u0103n\u0103tate. Efectele secundare pot include irita\u021bii ale pielii la locul de aplicare, acnee, schimb\u0103ri de dispozi\u021bie sau cre\u0219terea num\u0103rului de globule ro\u0219ii. Este contraindicat la persoanele cu un istoric de cancer de prostat\u0103 sau s\u00e2n \u0219i strict contraindicat la cele care sunt \u00eens\u0103rcinate sau care ar putea r\u0103m\u00e2ne \u00eens\u0103rcinate.<\/p>\n","protected":false},"excerpt":{"rendered":"<ul>\n<li>Gel de testosteron topic<\/li>\n<li>Poate sus\u021bine masculinizarea \u0219i energia<\/li>\n<li>Aplica\u021bie zilnic\u0103, non-invaziv\u0103<\/li>\n<\/ul>\n","protected":false},"featured_media":654,"comment_status":"open","ping_status":"closed","template":"","meta":[],"product_brand":[],"product_cat":[149,150],"product_tag":[],"expert":[19],"class_list":{"0":"post-651","1":"product","2":"type-product","3":"status-publish","4":"has-post-thumbnail","6":"product_cat-testosteron-anti-imbatranire","7":"product_cat-testosteron-si-terapie-de-masculinizare","8":"expert-dr-j-vazquez","10":"first","11":"instock","12":"shipping-taxable","13":"product-type-variable"},"yoast_head":"<!-- This site is optimized with the Yoast SEO plugin v27.0 - https:\/\/yoast.com\/product\/yoast-seo-wordpress\/ -->\n<title>Testavan | Gel de testosteron zilnic convenabil - Transtoyou<\/title>\n<meta name=\"description\" content=\"Gelul Testavan cu testosteron cre\u0219te energia \u0219i vitalitatea. Cump\u0103r\u0103 acum o solu\u021bie non-invaziv\u0103 pentru testosteronul sc\u0103zut, disponibil la Transtoyou.\" \/>\n<meta name=\"robots\" content=\"noindex, follow, max-snippet:-1, max-image-preview:large, max-video-preview:-1\" \/>\n<meta property=\"og:locale\" content=\"ro_RO\" \/>\n<meta property=\"og:type\" content=\"article\" \/>\n<meta property=\"og:title\" content=\"Testavan | Gel de testosteron zilnic convenabil - Transtoyou\" \/>\n<meta property=\"og:description\" content=\"Gelul Testavan cu testosteron cre\u0219te energia \u0219i vitalitatea. Cump\u0103r\u0103 acum o solu\u021bie non-invaziv\u0103 pentru testosteronul sc\u0103zut, disponibil la Transtoyou.\" \/>\n<meta property=\"og:url\" content=\"https:\/\/www.transtoyou.com\/ro\/product\/testavan\/\" \/>\n<meta property=\"og:site_name\" content=\"Transtoyou - RO\" \/>\n<meta property=\"article:modified_time\" content=\"2026-03-01T09:39:13+00:00\" \/>\n<meta name=\"twitter:card\" content=\"summary_large_image\" \/>\n<meta name=\"twitter:label1\" content=\"Timp estimat pentru citire\" \/>\n\t<meta name=\"twitter:data1\" content=\"2 minute\" \/>\n<script type=\"application\/ld+json\" class=\"yoast-schema-graph\">{\"@context\":\"https:\/\/schema.org\",\"@graph\":[{\"@type\":\"WebPage\",\"@id\":\"https:\/\/www.transtoyou.com\/ro\/product\/testavan\/\",\"url\":\"https:\/\/www.transtoyou.com\/ro\/product\/testavan\/\",\"name\":\"Testavan | Gel de testosteron zilnic convenabil - Transtoyou\",\"isPartOf\":{\"@id\":\"https:\/\/www.transtoyou.com\/ro\/#website\"},\"primaryImageOfPage\":{\"@id\":\"https:\/\/www.transtoyou.com\/ro\/product\/testavan\/#primaryimage\"},\"image\":{\"@id\":\"https:\/\/www.transtoyou.com\/ro\/product\/testavan\/#primaryimage\"},\"thumbnailUrl\":\"https:\/\/www.transtoyou.com\/ro\/wp-content\/uploads\/sites\/13\/2026\/01\/tty-no-product-image-55.webp\",\"datePublished\":\"2026-01-23T22:40:10+00:00\",\"dateModified\":\"2026-03-01T09:39:13+00:00\",\"description\":\"Gelul Testavan cu testosteron cre\u0219te energia \u0219i vitalitatea. Cump\u0103r\u0103 acum o solu\u021bie non-invaziv\u0103 pentru testosteronul sc\u0103zut, disponibil la Transtoyou.\",\"breadcrumb\":{\"@id\":\"https:\/\/www.transtoyou.com\/ro\/product\/testavan\/#breadcrumb\"},\"inLanguage\":\"ro-RO\",\"potentialAction\":[{\"@type\":\"ReadAction\",\"target\":[\"https:\/\/www.transtoyou.com\/ro\/product\/testavan\/\"]}]},{\"@type\":\"ImageObject\",\"inLanguage\":\"ro-RO\",\"@id\":\"https:\/\/www.transtoyou.com\/ro\/product\/testavan\/#primaryimage\",\"url\":\"https:\/\/www.transtoyou.com\/ro\/wp-content\/uploads\/sites\/13\/2026\/01\/tty-no-product-image-55.webp\",\"contentUrl\":\"https:\/\/www.transtoyou.com\/ro\/wp-content\/uploads\/sites\/13\/2026\/01\/tty-no-product-image-55.webp\",\"width\":1000,\"height\":1000,\"caption\":\"Imaginea implicit\u0103 a produsului\"},{\"@type\":\"WebSite\",\"@id\":\"https:\/\/www.transtoyou.com\/ro\/#website\",\"url\":\"https:\/\/www.transtoyou.com\/ro\/\",\"name\":\"Transtoyou - RO\",\"description\":\"\",\"publisher\":{\"@id\":\"https:\/\/www.transtoyou.com\/ro\/#organization\"},\"potentialAction\":[{\"@type\":\"SearchAction\",\"target\":{\"@type\":\"EntryPoint\",\"urlTemplate\":\"https:\/\/www.transtoyou.com\/ro\/?s={search_term_string}\"},\"query-input\":{\"@type\":\"PropertyValueSpecification\",\"valueRequired\":true,\"valueName\":\"search_term_string\"}}],\"inLanguage\":\"ro-RO\"},{\"@type\":\"Organization\",\"@id\":\"https:\/\/www.transtoyou.com\/ro\/#organization\",\"name\":\"Transtoyou - RO\",\"url\":\"https:\/\/www.transtoyou.com\/ro\/\",\"logo\":{\"@type\":\"ImageObject\",\"inLanguage\":\"ro-RO\",\"@id\":\"https:\/\/www.transtoyou.com\/ro\/#\/schema\/logo\/image\/\",\"url\":\"https:\/\/www.transtoyou.com\/ro\/wp-content\/uploads\/sites\/13\/2026\/01\/logo-tty-menu-bar-300x87-1.webp\",\"contentUrl\":\"https:\/\/www.transtoyou.com\/ro\/wp-content\/uploads\/sites\/13\/2026\/01\/logo-tty-menu-bar-300x87-1.webp\",\"width\":300,\"height\":87,\"caption\":\"Transtoyou - RO\"},\"image\":{\"@id\":\"https:\/\/www.transtoyou.com\/ro\/#\/schema\/logo\/image\/\"}}]}<\/script>\n<!-- \/ Yoast SEO plugin. -->","yoast_head_json":{"title":"Testavan | Gel de testosteron zilnic convenabil - Transtoyou","description":"Gelul Testavan cu testosteron cre\u0219te energia \u0219i vitalitatea. Cump\u0103r\u0103 acum o solu\u021bie non-invaziv\u0103 pentru testosteronul sc\u0103zut, disponibil la Transtoyou.","robots":{"index":"noindex","follow":"follow","max-snippet":"max-snippet:-1","max-image-preview":"max-image-preview:large","max-video-preview":"max-video-preview:-1"},"og_locale":"ro_RO","og_type":"article","og_title":"Testavan | Gel de testosteron zilnic convenabil - Transtoyou","og_description":"Gelul Testavan cu testosteron cre\u0219te energia \u0219i vitalitatea. Cump\u0103r\u0103 acum o solu\u021bie non-invaziv\u0103 pentru testosteronul sc\u0103zut, disponibil la Transtoyou.","og_url":"https:\/\/www.transtoyou.com\/ro\/product\/testavan\/","og_site_name":"Transtoyou - RO","article_modified_time":"2026-03-01T09:39:13+00:00","twitter_card":"summary_large_image","twitter_misc":{"Timp estimat pentru citire":"2 minute"},"schema":{"@context":"https:\/\/schema.org","@graph":[{"@type":"WebPage","@id":"https:\/\/www.transtoyou.com\/ro\/product\/testavan\/","url":"https:\/\/www.transtoyou.com\/ro\/product\/testavan\/","name":"Testavan | Gel de testosteron zilnic convenabil - Transtoyou","isPartOf":{"@id":"https:\/\/www.transtoyou.com\/ro\/#website"},"primaryImageOfPage":{"@id":"https:\/\/www.transtoyou.com\/ro\/product\/testavan\/#primaryimage"},"image":{"@id":"https:\/\/www.transtoyou.com\/ro\/product\/testavan\/#primaryimage"},"thumbnailUrl":"https:\/\/www.transtoyou.com\/ro\/wp-content\/uploads\/sites\/13\/2026\/01\/tty-no-product-image-55.webp","datePublished":"2026-01-23T22:40:10+00:00","dateModified":"2026-03-01T09:39:13+00:00","description":"Gelul Testavan cu testosteron cre\u0219te energia \u0219i vitalitatea. Cump\u0103r\u0103 acum o solu\u021bie non-invaziv\u0103 pentru testosteronul sc\u0103zut, disponibil la Transtoyou.","breadcrumb":{"@id":"https:\/\/www.transtoyou.com\/ro\/product\/testavan\/#breadcrumb"},"inLanguage":"ro-RO","potentialAction":[{"@type":"ReadAction","target":["https:\/\/www.transtoyou.com\/ro\/product\/testavan\/"]}]},{"@type":"ImageObject","inLanguage":"ro-RO","@id":"https:\/\/www.transtoyou.com\/ro\/product\/testavan\/#primaryimage","url":"https:\/\/www.transtoyou.com\/ro\/wp-content\/uploads\/sites\/13\/2026\/01\/tty-no-product-image-55.webp","contentUrl":"https:\/\/www.transtoyou.com\/ro\/wp-content\/uploads\/sites\/13\/2026\/01\/tty-no-product-image-55.webp","width":1000,"height":1000,"caption":"Imaginea implicit\u0103 a produsului"},{"@type":"WebSite","@id":"https:\/\/www.transtoyou.com\/ro\/#website","url":"https:\/\/www.transtoyou.com\/ro\/","name":"Transtoyou - RO","description":"","publisher":{"@id":"https:\/\/www.transtoyou.com\/ro\/#organization"},"potentialAction":[{"@type":"SearchAction","target":{"@type":"EntryPoint","urlTemplate":"https:\/\/www.transtoyou.com\/ro\/?s={search_term_string}"},"query-input":{"@type":"PropertyValueSpecification","valueRequired":true,"valueName":"search_term_string"}}],"inLanguage":"ro-RO"},{"@type":"Organization","@id":"https:\/\/www.transtoyou.com\/ro\/#organization","name":"Transtoyou - RO","url":"https:\/\/www.transtoyou.com\/ro\/","logo":{"@type":"ImageObject","inLanguage":"ro-RO","@id":"https:\/\/www.transtoyou.com\/ro\/#\/schema\/logo\/image\/","url":"https:\/\/www.transtoyou.com\/ro\/wp-content\/uploads\/sites\/13\/2026\/01\/logo-tty-menu-bar-300x87-1.webp","contentUrl":"https:\/\/www.transtoyou.com\/ro\/wp-content\/uploads\/sites\/13\/2026\/01\/logo-tty-menu-bar-300x87-1.webp","width":300,"height":87,"caption":"Transtoyou - RO"},"image":{"@id":"https:\/\/www.transtoyou.com\/ro\/#\/schema\/logo\/image\/"}}]}},"_links":{"self":[{"href":"https:\/\/www.transtoyou.com\/ro\/wp-json\/wp\/v2\/product\/651","targetHints":{"allow":["GET"]}}],"collection":[{"href":"https:\/\/www.transtoyou.com\/ro\/wp-json\/wp\/v2\/product"}],"about":[{"href":"https:\/\/www.transtoyou.com\/ro\/wp-json\/wp\/v2\/types\/product"}],"replies":[{"embeddable":true,"href":"https:\/\/www.transtoyou.com\/ro\/wp-json\/wp\/v2\/comments?post=651"}],"wp:featuredmedia":[{"embeddable":true,"href":"https:\/\/www.transtoyou.com\/ro\/wp-json\/wp\/v2\/media\/654"}],"wp:attachment":[{"href":"https:\/\/www.transtoyou.com\/ro\/wp-json\/wp\/v2\/media?parent=651"}],"wp:term":[{"taxonomy":"product_brand","embeddable":true,"href":"https:\/\/www.transtoyou.com\/ro\/wp-json\/wp\/v2\/product_brand?post=651"},{"taxonomy":"product_cat","embeddable":true,"href":"https:\/\/www.transtoyou.com\/ro\/wp-json\/wp\/v2\/product_cat?post=651"},{"taxonomy":"product_tag","embeddable":true,"href":"https:\/\/www.transtoyou.com\/ro\/wp-json\/wp\/v2\/product_tag?post=651"},{"taxonomy":"expert","embeddable":true,"href":"https:\/\/www.transtoyou.com\/ro\/wp-json\/wp\/v2\/expert?post=651"}],"curies":[{"name":"wp","href":"https:\/\/api.w.org\/{rel}","templated":true}]}}