{"id":661,"date":"2026-01-23T23:28:59","date_gmt":"2026-01-23T23:28:59","guid":{"rendered":"https:\/\/www.transtoyou.com\/ro\/product\/tamiflu\/"},"modified":"2026-03-06T10:46:25","modified_gmt":"2026-03-06T10:46:25","slug":"tamiflu","status":"publish","type":"product","link":"https:\/\/www.transtoyou.com\/ro\/product\/tamiflu\/","title":{"rendered":"Tamiflu"},"content":{"rendered":"<p>Tamiflu, cunoscut prin ingredientul s\u0103u activ oseltamivir, este un medicament antiviral utilizat pentru a trata \u0219i preveni gripa, cunoscut\u0103 \u00een mod obi\u0219nuit ca fiind r\u0103ceala. Nu este un remediu general pentru r\u0103ceal\u0103, ci mai degrab\u0103 un tratament \u021bintit care ac\u021bioneaz\u0103 \u00eempotriva virusurilor gripale de tip A \u0219i B, care sunt responsabile pentru focarele sezoniere de grip\u0103.<\/p>\n<p>Tamiflu ac\u021bioneaz\u0103 prin inhibarea enzimei neuraminidazei, o substan\u021b\u0103 de care virusul gripal are nevoie pentru a se r\u0103sp\u00e2ndi de la celulele infectate la cele s\u0103n\u0103toase din organism. Prin blocarea acestei enzime, Tamiflu ajut\u0103 la limitarea r\u0103sp\u00e2ndirii virusului, ceea ce poate reduce at\u00e2t severitatea, c\u00e2t \u0219i durata simptomelor precum febra, frisoanele, durerea \u00een g\u00e2t, durerile musculare \u0219i oboseala.<\/p>\n<p>Medicamentul este cel mai eficient atunci c\u00e2nd este \u00eenceput \u00een termen de 48 de ore de la apari\u021bia simptomelor, de\u0219i poate oferi totu\u0219i unele beneficii dac\u0103 este administrat mai t\u00e2rziu. Este prescris frecvent pentru persoanele cu risc mai mare de complica\u021bii gripale, cum ar fi adul\u021bii \u00een v\u00e2rst\u0103, persoanele cu afec\u021biuni medicale subiacente sau cei cu sistem imunitar sl\u0103bit. \u00cen unele cazuri, Tamiflu este utilizat \u0219i ca profilaxie post-expunere pentru persoanele care au fost expuse la grip\u0103, dar care nu au prezentat \u00eenc\u0103 simptome.<\/p>\n<p>Tamiflu este de obicei administrat ca un tratament de cinci zile, cu o capsul\u0103 luat\u0103 de dou\u0103 ori pe zi. Pentru preven\u021bie, o dozare zilnic\u0103 timp de zece zile este comun\u0103 dup\u0103 un contact apropiat cu cineva care are grip\u0103.<\/p>\n<p>Cei mai mul\u021bi oameni tolereaz\u0103 bine Tamiflu. Unii pot experimenta efecte secundare precum grea\u021b\u0103, v\u0103rs\u0103turi, dureri de cap sau dureri abdominale, \u00een special la \u00eenceputul tratamentului. Luarea medicamentului cu alimente poate ajuta la reducerea efectelor secundare legate de stomac.<\/p>\n","protected":false},"excerpt":{"rendered":"<ul>\n<li>\u00cencepe s\u0103 ac\u021bioneze \u00een c\u00e2teva ore pentru a scurta suferin\u021ba cauzat\u0103 de grip\u0103<\/li>\n<li>Op\u021biuni de capsule de 75 mg sau suspensie pediatric\u0103<\/li>\n<li>Dovedit c\u0103 reduce complica\u021biile \u00een grupurile cu risc ridicat<\/li>\n<\/ul>\n","protected":false},"featured_media":663,"comment_status":"open","ping_status":"closed","template":"","meta":[],"product_brand":[],"product_cat":[104],"product_tag":[],"expert":[21],"class_list":{"0":"post-661","1":"product","2":"type-product","3":"status-publish","4":"has-post-thumbnail","6":"product_cat-remedii-pentru-gripa-tuse-si-raceala","7":"expert-dr-m-sharoyko","9":"first","10":"instock","11":"shipping-taxable","12":"product-type-variable"},"yoast_head":"<!-- This site is optimized with the Yoast SEO plugin v27.0 - https:\/\/yoast.com\/product\/yoast-seo-wordpress\/ -->\n<title>Tamiflu | U\u0219urare \u0219i Prevenire \u021aintit\u0103 a Gripelor - Transtoyou<\/title>\n<meta name=\"description\" content=\"Tamiflu, un antiviral pentru grip\u0103 A \u0219i B, reduce simptomele \u0219i severitatea. Cump\u0103r\u0103 acum de la Transtoyou pentru protec\u021bie eficient\u0103!\" \/>\n<meta name=\"robots\" content=\"noindex, follow, max-snippet:-1, max-image-preview:large, max-video-preview:-1\" \/>\n<meta property=\"og:locale\" content=\"ro_RO\" \/>\n<meta property=\"og:type\" content=\"article\" \/>\n<meta property=\"og:title\" content=\"Tamiflu | U\u0219urare \u0219i Prevenire \u021aintit\u0103 a Gripelor - Transtoyou\" \/>\n<meta property=\"og:description\" content=\"Tamiflu, un antiviral pentru grip\u0103 A \u0219i B, reduce simptomele \u0219i severitatea. Cump\u0103r\u0103 acum de la Transtoyou pentru protec\u021bie eficient\u0103!\" \/>\n<meta property=\"og:url\" content=\"https:\/\/www.transtoyou.com\/ro\/product\/tamiflu\/\" \/>\n<meta property=\"og:site_name\" content=\"Transtoyou - RO\" \/>\n<meta property=\"article:modified_time\" content=\"2026-03-06T10:46:25+00:00\" \/>\n<meta name=\"twitter:card\" content=\"summary_large_image\" \/>\n<meta name=\"twitter:label1\" content=\"Timp estimat pentru citire\" \/>\n\t<meta name=\"twitter:data1\" content=\"2 minute\" \/>\n<script type=\"application\/ld+json\" class=\"yoast-schema-graph\">{\"@context\":\"https:\/\/schema.org\",\"@graph\":[{\"@type\":\"WebPage\",\"@id\":\"https:\/\/www.transtoyou.com\/ro\/product\/tamiflu\/\",\"url\":\"https:\/\/www.transtoyou.com\/ro\/product\/tamiflu\/\",\"name\":\"Tamiflu | U\u0219urare \u0219i Prevenire \u021aintit\u0103 a Gripelor - Transtoyou\",\"isPartOf\":{\"@id\":\"https:\/\/www.transtoyou.com\/ro\/#website\"},\"primaryImageOfPage\":{\"@id\":\"https:\/\/www.transtoyou.com\/ro\/product\/tamiflu\/#primaryimage\"},\"image\":{\"@id\":\"https:\/\/www.transtoyou.com\/ro\/product\/tamiflu\/#primaryimage\"},\"thumbnailUrl\":\"https:\/\/www.transtoyou.com\/ro\/wp-content\/uploads\/sites\/13\/2026\/01\/tty-no-product-image-58.webp\",\"datePublished\":\"2026-01-23T23:28:59+00:00\",\"dateModified\":\"2026-03-06T10:46:25+00:00\",\"description\":\"Tamiflu, un antiviral pentru grip\u0103 A \u0219i B, reduce simptomele \u0219i severitatea. Cump\u0103r\u0103 acum de la Transtoyou pentru protec\u021bie eficient\u0103!\",\"breadcrumb\":{\"@id\":\"https:\/\/www.transtoyou.com\/ro\/product\/tamiflu\/#breadcrumb\"},\"inLanguage\":\"ro-RO\",\"potentialAction\":[{\"@type\":\"ReadAction\",\"target\":[\"https:\/\/www.transtoyou.com\/ro\/product\/tamiflu\/\"]}]},{\"@type\":\"ImageObject\",\"inLanguage\":\"ro-RO\",\"@id\":\"https:\/\/www.transtoyou.com\/ro\/product\/tamiflu\/#primaryimage\",\"url\":\"https:\/\/www.transtoyou.com\/ro\/wp-content\/uploads\/sites\/13\/2026\/01\/tty-no-product-image-58.webp\",\"contentUrl\":\"https:\/\/www.transtoyou.com\/ro\/wp-content\/uploads\/sites\/13\/2026\/01\/tty-no-product-image-58.webp\",\"width\":1000,\"height\":1000,\"caption\":\"Imaginea implicit\u0103 a produsului\"},{\"@type\":\"WebSite\",\"@id\":\"https:\/\/www.transtoyou.com\/ro\/#website\",\"url\":\"https:\/\/www.transtoyou.com\/ro\/\",\"name\":\"Transtoyou - RO\",\"description\":\"\",\"publisher\":{\"@id\":\"https:\/\/www.transtoyou.com\/ro\/#organization\"},\"potentialAction\":[{\"@type\":\"SearchAction\",\"target\":{\"@type\":\"EntryPoint\",\"urlTemplate\":\"https:\/\/www.transtoyou.com\/ro\/?s={search_term_string}\"},\"query-input\":{\"@type\":\"PropertyValueSpecification\",\"valueRequired\":true,\"valueName\":\"search_term_string\"}}],\"inLanguage\":\"ro-RO\"},{\"@type\":\"Organization\",\"@id\":\"https:\/\/www.transtoyou.com\/ro\/#organization\",\"name\":\"Transtoyou - RO\",\"url\":\"https:\/\/www.transtoyou.com\/ro\/\",\"logo\":{\"@type\":\"ImageObject\",\"inLanguage\":\"ro-RO\",\"@id\":\"https:\/\/www.transtoyou.com\/ro\/#\/schema\/logo\/image\/\",\"url\":\"https:\/\/www.transtoyou.com\/ro\/wp-content\/uploads\/sites\/13\/2026\/01\/logo-tty-menu-bar-300x87-1.webp\",\"contentUrl\":\"https:\/\/www.transtoyou.com\/ro\/wp-content\/uploads\/sites\/13\/2026\/01\/logo-tty-menu-bar-300x87-1.webp\",\"width\":300,\"height\":87,\"caption\":\"Transtoyou - RO\"},\"image\":{\"@id\":\"https:\/\/www.transtoyou.com\/ro\/#\/schema\/logo\/image\/\"}}]}<\/script>\n<!-- \/ Yoast SEO plugin. -->","yoast_head_json":{"title":"Tamiflu | U\u0219urare \u0219i Prevenire \u021aintit\u0103 a Gripelor - Transtoyou","description":"Tamiflu, un antiviral pentru grip\u0103 A \u0219i B, reduce simptomele \u0219i severitatea. Cump\u0103r\u0103 acum de la Transtoyou pentru protec\u021bie eficient\u0103!","robots":{"index":"noindex","follow":"follow","max-snippet":"max-snippet:-1","max-image-preview":"max-image-preview:large","max-video-preview":"max-video-preview:-1"},"og_locale":"ro_RO","og_type":"article","og_title":"Tamiflu | U\u0219urare \u0219i Prevenire \u021aintit\u0103 a Gripelor - Transtoyou","og_description":"Tamiflu, un antiviral pentru grip\u0103 A \u0219i B, reduce simptomele \u0219i severitatea. Cump\u0103r\u0103 acum de la Transtoyou pentru protec\u021bie eficient\u0103!","og_url":"https:\/\/www.transtoyou.com\/ro\/product\/tamiflu\/","og_site_name":"Transtoyou - RO","article_modified_time":"2026-03-06T10:46:25+00:00","twitter_card":"summary_large_image","twitter_misc":{"Timp estimat pentru citire":"2 minute"},"schema":{"@context":"https:\/\/schema.org","@graph":[{"@type":"WebPage","@id":"https:\/\/www.transtoyou.com\/ro\/product\/tamiflu\/","url":"https:\/\/www.transtoyou.com\/ro\/product\/tamiflu\/","name":"Tamiflu | U\u0219urare \u0219i Prevenire \u021aintit\u0103 a Gripelor - Transtoyou","isPartOf":{"@id":"https:\/\/www.transtoyou.com\/ro\/#website"},"primaryImageOfPage":{"@id":"https:\/\/www.transtoyou.com\/ro\/product\/tamiflu\/#primaryimage"},"image":{"@id":"https:\/\/www.transtoyou.com\/ro\/product\/tamiflu\/#primaryimage"},"thumbnailUrl":"https:\/\/www.transtoyou.com\/ro\/wp-content\/uploads\/sites\/13\/2026\/01\/tty-no-product-image-58.webp","datePublished":"2026-01-23T23:28:59+00:00","dateModified":"2026-03-06T10:46:25+00:00","description":"Tamiflu, un antiviral pentru grip\u0103 A \u0219i B, reduce simptomele \u0219i severitatea. Cump\u0103r\u0103 acum de la Transtoyou pentru protec\u021bie eficient\u0103!","breadcrumb":{"@id":"https:\/\/www.transtoyou.com\/ro\/product\/tamiflu\/#breadcrumb"},"inLanguage":"ro-RO","potentialAction":[{"@type":"ReadAction","target":["https:\/\/www.transtoyou.com\/ro\/product\/tamiflu\/"]}]},{"@type":"ImageObject","inLanguage":"ro-RO","@id":"https:\/\/www.transtoyou.com\/ro\/product\/tamiflu\/#primaryimage","url":"https:\/\/www.transtoyou.com\/ro\/wp-content\/uploads\/sites\/13\/2026\/01\/tty-no-product-image-58.webp","contentUrl":"https:\/\/www.transtoyou.com\/ro\/wp-content\/uploads\/sites\/13\/2026\/01\/tty-no-product-image-58.webp","width":1000,"height":1000,"caption":"Imaginea implicit\u0103 a produsului"},{"@type":"WebSite","@id":"https:\/\/www.transtoyou.com\/ro\/#website","url":"https:\/\/www.transtoyou.com\/ro\/","name":"Transtoyou - RO","description":"","publisher":{"@id":"https:\/\/www.transtoyou.com\/ro\/#organization"},"potentialAction":[{"@type":"SearchAction","target":{"@type":"EntryPoint","urlTemplate":"https:\/\/www.transtoyou.com\/ro\/?s={search_term_string}"},"query-input":{"@type":"PropertyValueSpecification","valueRequired":true,"valueName":"search_term_string"}}],"inLanguage":"ro-RO"},{"@type":"Organization","@id":"https:\/\/www.transtoyou.com\/ro\/#organization","name":"Transtoyou - RO","url":"https:\/\/www.transtoyou.com\/ro\/","logo":{"@type":"ImageObject","inLanguage":"ro-RO","@id":"https:\/\/www.transtoyou.com\/ro\/#\/schema\/logo\/image\/","url":"https:\/\/www.transtoyou.com\/ro\/wp-content\/uploads\/sites\/13\/2026\/01\/logo-tty-menu-bar-300x87-1.webp","contentUrl":"https:\/\/www.transtoyou.com\/ro\/wp-content\/uploads\/sites\/13\/2026\/01\/logo-tty-menu-bar-300x87-1.webp","width":300,"height":87,"caption":"Transtoyou - RO"},"image":{"@id":"https:\/\/www.transtoyou.com\/ro\/#\/schema\/logo\/image\/"}}]}},"_links":{"self":[{"href":"https:\/\/www.transtoyou.com\/ro\/wp-json\/wp\/v2\/product\/661","targetHints":{"allow":["GET"]}}],"collection":[{"href":"https:\/\/www.transtoyou.com\/ro\/wp-json\/wp\/v2\/product"}],"about":[{"href":"https:\/\/www.transtoyou.com\/ro\/wp-json\/wp\/v2\/types\/product"}],"replies":[{"embeddable":true,"href":"https:\/\/www.transtoyou.com\/ro\/wp-json\/wp\/v2\/comments?post=661"}],"wp:featuredmedia":[{"embeddable":true,"href":"https:\/\/www.transtoyou.com\/ro\/wp-json\/wp\/v2\/media\/663"}],"wp:attachment":[{"href":"https:\/\/www.transtoyou.com\/ro\/wp-json\/wp\/v2\/media?parent=661"}],"wp:term":[{"taxonomy":"product_brand","embeddable":true,"href":"https:\/\/www.transtoyou.com\/ro\/wp-json\/wp\/v2\/product_brand?post=661"},{"taxonomy":"product_cat","embeddable":true,"href":"https:\/\/www.transtoyou.com\/ro\/wp-json\/wp\/v2\/product_cat?post=661"},{"taxonomy":"product_tag","embeddable":true,"href":"https:\/\/www.transtoyou.com\/ro\/wp-json\/wp\/v2\/product_tag?post=661"},{"taxonomy":"expert","embeddable":true,"href":"https:\/\/www.transtoyou.com\/ro\/wp-json\/wp\/v2\/expert?post=661"}],"curies":[{"name":"wp","href":"https:\/\/api.w.org\/{rel}","templated":true}]}}