{"id":671,"date":"2026-01-24T00:32:20","date_gmt":"2026-01-24T00:32:20","guid":{"rendered":"https:\/\/www.transtoyou.com\/ro\/product\/noriday\/"},"modified":"2026-01-24T00:33:19","modified_gmt":"2026-01-24T00:33:19","slug":"noriday","status":"publish","type":"product","link":"https:\/\/www.transtoyou.com\/ro\/product\/noriday\/","title":{"rendered":"Noriday"},"content":{"rendered":"<p>Noriday este o pilul\u0103 contraceptiv\u0103 care con\u021bine doar progestogen, cunoscut\u0103 \u00een mod obi\u0219nuit sub numele de mini pilul\u0103. Con\u021bine norethisteron, o versiune sintetic\u0103 a hormonului progesteron, \u0219i este utilizat\u0103 pentru a preveni sarcina. Noriday este o op\u021biune f\u0103r\u0103 estrogen, ceea ce o face potrivit\u0103 pentru persoanele care nu pot sau nu doresc s\u0103 ia contraceptive pe baz\u0103 de estrogen.<\/p>\n<p>Aceast\u0103 pilul\u0103 func\u021bioneaz\u0103 \u00een principal prin \u00eengro\u0219area mucusului cervical, ceea ce ajut\u0103 la reducerea probabilit\u0103\u021bii ca spermatozoizii s\u0103 ajung\u0103 la ovul. De asemenea, afecteaz\u0103 mucoasa uterin\u0103 pentru a reduce probabilitatea implant\u0103rii. La unele persoane, poate suprima ovula\u021bia, dar aceasta nu este principalul s\u0103u mod de ac\u021biune. Noriday trebuie luat\u0103 \u00een acela\u0219i timp \u00een fiecare zi, f\u0103r\u0103 pauze \u00eentre pachete.<\/p>\n<p>Noriday poate fi considerat\u0103 potrivit\u0103 pentru femeile care al\u0103pteaz\u0103, care au peste 35 de ani sau care au riscuri pentru s\u0103n\u0103tate care fac pilulele combinate inadecvate. De asemenea, poate fi aleas\u0103 de persoanele care caut\u0103 o contracep\u021bie cu dozaj redus, bazat\u0103 doar pe hormoni. Ca \u0219i \u00een cazul multor mini pilule, unele utilizatoare experimenteaz\u0103 schimb\u0103ri \u00een modelul s\u00e2nger\u0103rii menstruale, cum ar fi spotting, cicluri neregulate sau absen\u021ba complet\u0103 a menstrua\u021biei.<\/p>\n<p>Pentru a men\u021bine eficacitatea sa, Noriday trebuie luat\u0103 \u00eentr-un interval de trei ore \u00een fiecare zi. Dac\u0103 este luat\u0103 mai t\u00e2rziu de at\u00e2t, protec\u021bia contraceptiv\u0103 poate fi redus\u0103, iar contracep\u021bia suplimentar\u0103 este recomandat\u0103 pentru urm\u0103toarele dou\u0103 zile. Noriday ofer\u0103 o op\u021biune discret\u0103 \u0219i fiabil\u0103 pentru cei care caut\u0103 contracep\u021bie pe baz\u0103 de hormoni f\u0103r\u0103 estrogen, atunci c\u00e2nd este utilizat\u0103 corect.<\/p>\n","protected":false},"excerpt":{"rendered":"<ul>\n<li>Pastil\u0103 zilnic\u0103 f\u0103r\u0103 estrogen<\/li>\n<li>\u00cengroa\u0219\u0103 mucusul cervical \u0219i modific\u0103 mucoasa uterin\u0103<\/li>\n<li>Preferat\u0103 de persoanele cu intoleran\u021b\u0103 la estrogen<\/li>\n<\/ul>\n","protected":false},"featured_media":673,"comment_status":"open","ping_status":"closed","template":"","meta":[],"product_brand":[],"product_cat":[133],"product_tag":[],"expert":[19],"class_list":{"0":"post-671","1":"product","2":"type-product","3":"status-publish","4":"has-post-thumbnail","6":"product_cat-mini-pastila","7":"expert-dr-j-vazquez","9":"first","10":"instock","11":"shipping-taxable","12":"product-type-variable"},"yoast_head":"<!-- This site is optimized with the Yoast SEO plugin v27.0 - https:\/\/yoast.com\/product\/yoast-seo-wordpress\/ -->\n<title>Noriday | Pilul\u0103 contraceptiv\u0103 f\u0103r\u0103 estrogen - Transtoyou<\/title>\n<meta name=\"description\" content=\"Noriday mini pilul\u0103, contraceptiv f\u0103r\u0103 estrogen, \u00eengroa\u0219\u0103 mucusul cervical pentru a preveni sarcina. Cump\u0103r\u0103 Noriday ast\u0103zi pentru o alegere echilibrat\u0103 hormonal.\" \/>\n<meta name=\"robots\" content=\"noindex, follow, max-snippet:-1, max-image-preview:large, max-video-preview:-1\" \/>\n<meta property=\"og:locale\" content=\"ro_RO\" \/>\n<meta property=\"og:type\" content=\"article\" \/>\n<meta property=\"og:title\" content=\"Noriday | Pilul\u0103 contraceptiv\u0103 f\u0103r\u0103 estrogen - Transtoyou\" \/>\n<meta property=\"og:description\" content=\"Noriday mini pilul\u0103, contraceptiv f\u0103r\u0103 estrogen, \u00eengroa\u0219\u0103 mucusul cervical pentru a preveni sarcina. Cump\u0103r\u0103 Noriday ast\u0103zi pentru o alegere echilibrat\u0103 hormonal.\" \/>\n<meta property=\"og:url\" content=\"https:\/\/www.transtoyou.com\/ro\/product\/noriday\/\" \/>\n<meta property=\"og:site_name\" content=\"Transtoyou - RO\" \/>\n<meta property=\"article:modified_time\" content=\"2026-01-24T00:33:19+00:00\" \/>\n<meta name=\"twitter:card\" content=\"summary_large_image\" \/>\n<meta name=\"twitter:label1\" content=\"Timp estimat pentru citire\" \/>\n\t<meta name=\"twitter:data1\" content=\"1 minut\" \/>\n<script type=\"application\/ld+json\" class=\"yoast-schema-graph\">{\"@context\":\"https:\/\/schema.org\",\"@graph\":[{\"@type\":\"WebPage\",\"@id\":\"https:\/\/www.transtoyou.com\/ro\/product\/noriday\/\",\"url\":\"https:\/\/www.transtoyou.com\/ro\/product\/noriday\/\",\"name\":\"Noriday | Pilul\u0103 contraceptiv\u0103 f\u0103r\u0103 estrogen - Transtoyou\",\"isPartOf\":{\"@id\":\"https:\/\/www.transtoyou.com\/ro\/#website\"},\"primaryImageOfPage\":{\"@id\":\"https:\/\/www.transtoyou.com\/ro\/product\/noriday\/#primaryimage\"},\"image\":{\"@id\":\"https:\/\/www.transtoyou.com\/ro\/product\/noriday\/#primaryimage\"},\"thumbnailUrl\":\"https:\/\/www.transtoyou.com\/ro\/wp-content\/uploads\/sites\/13\/2026\/01\/tty-no-product-image-62.webp\",\"datePublished\":\"2026-01-24T00:32:20+00:00\",\"dateModified\":\"2026-01-24T00:33:19+00:00\",\"description\":\"Noriday mini pilul\u0103, contraceptiv f\u0103r\u0103 estrogen, \u00eengroa\u0219\u0103 mucusul cervical pentru a preveni sarcina. Cump\u0103r\u0103 Noriday ast\u0103zi pentru o alegere echilibrat\u0103 hormonal.\",\"breadcrumb\":{\"@id\":\"https:\/\/www.transtoyou.com\/ro\/product\/noriday\/#breadcrumb\"},\"inLanguage\":\"ro-RO\",\"potentialAction\":[{\"@type\":\"ReadAction\",\"target\":[\"https:\/\/www.transtoyou.com\/ro\/product\/noriday\/\"]}]},{\"@type\":\"ImageObject\",\"inLanguage\":\"ro-RO\",\"@id\":\"https:\/\/www.transtoyou.com\/ro\/product\/noriday\/#primaryimage\",\"url\":\"https:\/\/www.transtoyou.com\/ro\/wp-content\/uploads\/sites\/13\/2026\/01\/tty-no-product-image-62.webp\",\"contentUrl\":\"https:\/\/www.transtoyou.com\/ro\/wp-content\/uploads\/sites\/13\/2026\/01\/tty-no-product-image-62.webp\",\"width\":1000,\"height\":1000,\"caption\":\"Imaginea implicit\u0103 a produsului\"},{\"@type\":\"WebSite\",\"@id\":\"https:\/\/www.transtoyou.com\/ro\/#website\",\"url\":\"https:\/\/www.transtoyou.com\/ro\/\",\"name\":\"Transtoyou - RO\",\"description\":\"\",\"publisher\":{\"@id\":\"https:\/\/www.transtoyou.com\/ro\/#organization\"},\"potentialAction\":[{\"@type\":\"SearchAction\",\"target\":{\"@type\":\"EntryPoint\",\"urlTemplate\":\"https:\/\/www.transtoyou.com\/ro\/?s={search_term_string}\"},\"query-input\":{\"@type\":\"PropertyValueSpecification\",\"valueRequired\":true,\"valueName\":\"search_term_string\"}}],\"inLanguage\":\"ro-RO\"},{\"@type\":\"Organization\",\"@id\":\"https:\/\/www.transtoyou.com\/ro\/#organization\",\"name\":\"Transtoyou - RO\",\"url\":\"https:\/\/www.transtoyou.com\/ro\/\",\"logo\":{\"@type\":\"ImageObject\",\"inLanguage\":\"ro-RO\",\"@id\":\"https:\/\/www.transtoyou.com\/ro\/#\/schema\/logo\/image\/\",\"url\":\"https:\/\/www.transtoyou.com\/ro\/wp-content\/uploads\/sites\/13\/2026\/01\/logo-tty-menu-bar-300x87-1.webp\",\"contentUrl\":\"https:\/\/www.transtoyou.com\/ro\/wp-content\/uploads\/sites\/13\/2026\/01\/logo-tty-menu-bar-300x87-1.webp\",\"width\":300,\"height\":87,\"caption\":\"Transtoyou - RO\"},\"image\":{\"@id\":\"https:\/\/www.transtoyou.com\/ro\/#\/schema\/logo\/image\/\"}}]}<\/script>\n<!-- \/ Yoast SEO plugin. -->","yoast_head_json":{"title":"Noriday | Pilul\u0103 contraceptiv\u0103 f\u0103r\u0103 estrogen - Transtoyou","description":"Noriday mini pilul\u0103, contraceptiv f\u0103r\u0103 estrogen, \u00eengroa\u0219\u0103 mucusul cervical pentru a preveni sarcina. Cump\u0103r\u0103 Noriday ast\u0103zi pentru o alegere echilibrat\u0103 hormonal.","robots":{"index":"noindex","follow":"follow","max-snippet":"max-snippet:-1","max-image-preview":"max-image-preview:large","max-video-preview":"max-video-preview:-1"},"og_locale":"ro_RO","og_type":"article","og_title":"Noriday | Pilul\u0103 contraceptiv\u0103 f\u0103r\u0103 estrogen - Transtoyou","og_description":"Noriday mini pilul\u0103, contraceptiv f\u0103r\u0103 estrogen, \u00eengroa\u0219\u0103 mucusul cervical pentru a preveni sarcina. Cump\u0103r\u0103 Noriday ast\u0103zi pentru o alegere echilibrat\u0103 hormonal.","og_url":"https:\/\/www.transtoyou.com\/ro\/product\/noriday\/","og_site_name":"Transtoyou - RO","article_modified_time":"2026-01-24T00:33:19+00:00","twitter_card":"summary_large_image","twitter_misc":{"Timp estimat pentru citire":"1 minut"},"schema":{"@context":"https:\/\/schema.org","@graph":[{"@type":"WebPage","@id":"https:\/\/www.transtoyou.com\/ro\/product\/noriday\/","url":"https:\/\/www.transtoyou.com\/ro\/product\/noriday\/","name":"Noriday | Pilul\u0103 contraceptiv\u0103 f\u0103r\u0103 estrogen - Transtoyou","isPartOf":{"@id":"https:\/\/www.transtoyou.com\/ro\/#website"},"primaryImageOfPage":{"@id":"https:\/\/www.transtoyou.com\/ro\/product\/noriday\/#primaryimage"},"image":{"@id":"https:\/\/www.transtoyou.com\/ro\/product\/noriday\/#primaryimage"},"thumbnailUrl":"https:\/\/www.transtoyou.com\/ro\/wp-content\/uploads\/sites\/13\/2026\/01\/tty-no-product-image-62.webp","datePublished":"2026-01-24T00:32:20+00:00","dateModified":"2026-01-24T00:33:19+00:00","description":"Noriday mini pilul\u0103, contraceptiv f\u0103r\u0103 estrogen, \u00eengroa\u0219\u0103 mucusul cervical pentru a preveni sarcina. Cump\u0103r\u0103 Noriday ast\u0103zi pentru o alegere echilibrat\u0103 hormonal.","breadcrumb":{"@id":"https:\/\/www.transtoyou.com\/ro\/product\/noriday\/#breadcrumb"},"inLanguage":"ro-RO","potentialAction":[{"@type":"ReadAction","target":["https:\/\/www.transtoyou.com\/ro\/product\/noriday\/"]}]},{"@type":"ImageObject","inLanguage":"ro-RO","@id":"https:\/\/www.transtoyou.com\/ro\/product\/noriday\/#primaryimage","url":"https:\/\/www.transtoyou.com\/ro\/wp-content\/uploads\/sites\/13\/2026\/01\/tty-no-product-image-62.webp","contentUrl":"https:\/\/www.transtoyou.com\/ro\/wp-content\/uploads\/sites\/13\/2026\/01\/tty-no-product-image-62.webp","width":1000,"height":1000,"caption":"Imaginea implicit\u0103 a produsului"},{"@type":"WebSite","@id":"https:\/\/www.transtoyou.com\/ro\/#website","url":"https:\/\/www.transtoyou.com\/ro\/","name":"Transtoyou - RO","description":"","publisher":{"@id":"https:\/\/www.transtoyou.com\/ro\/#organization"},"potentialAction":[{"@type":"SearchAction","target":{"@type":"EntryPoint","urlTemplate":"https:\/\/www.transtoyou.com\/ro\/?s={search_term_string}"},"query-input":{"@type":"PropertyValueSpecification","valueRequired":true,"valueName":"search_term_string"}}],"inLanguage":"ro-RO"},{"@type":"Organization","@id":"https:\/\/www.transtoyou.com\/ro\/#organization","name":"Transtoyou - RO","url":"https:\/\/www.transtoyou.com\/ro\/","logo":{"@type":"ImageObject","inLanguage":"ro-RO","@id":"https:\/\/www.transtoyou.com\/ro\/#\/schema\/logo\/image\/","url":"https:\/\/www.transtoyou.com\/ro\/wp-content\/uploads\/sites\/13\/2026\/01\/logo-tty-menu-bar-300x87-1.webp","contentUrl":"https:\/\/www.transtoyou.com\/ro\/wp-content\/uploads\/sites\/13\/2026\/01\/logo-tty-menu-bar-300x87-1.webp","width":300,"height":87,"caption":"Transtoyou - RO"},"image":{"@id":"https:\/\/www.transtoyou.com\/ro\/#\/schema\/logo\/image\/"}}]}},"_links":{"self":[{"href":"https:\/\/www.transtoyou.com\/ro\/wp-json\/wp\/v2\/product\/671","targetHints":{"allow":["GET"]}}],"collection":[{"href":"https:\/\/www.transtoyou.com\/ro\/wp-json\/wp\/v2\/product"}],"about":[{"href":"https:\/\/www.transtoyou.com\/ro\/wp-json\/wp\/v2\/types\/product"}],"replies":[{"embeddable":true,"href":"https:\/\/www.transtoyou.com\/ro\/wp-json\/wp\/v2\/comments?post=671"}],"wp:featuredmedia":[{"embeddable":true,"href":"https:\/\/www.transtoyou.com\/ro\/wp-json\/wp\/v2\/media\/673"}],"wp:attachment":[{"href":"https:\/\/www.transtoyou.com\/ro\/wp-json\/wp\/v2\/media?parent=671"}],"wp:term":[{"taxonomy":"product_brand","embeddable":true,"href":"https:\/\/www.transtoyou.com\/ro\/wp-json\/wp\/v2\/product_brand?post=671"},{"taxonomy":"product_cat","embeddable":true,"href":"https:\/\/www.transtoyou.com\/ro\/wp-json\/wp\/v2\/product_cat?post=671"},{"taxonomy":"product_tag","embeddable":true,"href":"https:\/\/www.transtoyou.com\/ro\/wp-json\/wp\/v2\/product_tag?post=671"},{"taxonomy":"expert","embeddable":true,"href":"https:\/\/www.transtoyou.com\/ro\/wp-json\/wp\/v2\/expert?post=671"}],"curies":[{"name":"wp","href":"https:\/\/api.w.org\/{rel}","templated":true}]}}