{"id":680,"date":"2026-01-24T01:13:50","date_gmt":"2026-01-24T01:13:50","guid":{"rendered":"https:\/\/www.transtoyou.com\/ro\/product\/alendronic-acid\/"},"modified":"2026-01-24T01:14:45","modified_gmt":"2026-01-24T01:14:45","slug":"alendronic-acid","status":"publish","type":"product","link":"https:\/\/www.transtoyou.com\/ro\/product\/alendronic-acid\/","title":{"rendered":"Acid Alendronic"},"content":{"rendered":"<p>Alendronic acid is a medication used to prevent and treat osteoporosis, a condition where bones become weak and fragile. It belongs to a class of drugs called bisphosphonates, which work by slowing down the rate at which bone is broken down in the body. This helps to maintain bone density and reduce the risk of fractures, especially in the spine, hips, and wrists.<\/p>\n<p>Alendronic acid is most commonly prescribed for postmenopausal women and people who are at an increased risk of bone loss due to age, long-term steroid use, or underlying health conditions. By reducing bone turnover, it strengthens bones and supports long-term skeletal health.<\/p>\n<p>It is usually taken once weekly in tablet form. To maximize absorption and avoid irritation to the esophagus, the tablet should be swallowed whole with a full glass of water on an empty stomach. Users must remain upright for at least 30 minutes after taking the dose and should avoid eating and drinking (except water), or taking other medications during that time.<\/p>\n","protected":false},"excerpt":{"rendered":"<ul>\n<li>Weekly tablet to strengthen bones<\/li>\n<li>Reduces the risk of fractures<\/li>\n<li>Slows bone loss in osteoporosis<\/li>\n<\/ul>\n","protected":false},"featured_media":682,"comment_status":"open","ping_status":"closed","template":"","meta":[],"product_brand":[],"product_cat":[135],"product_tag":[],"expert":[21],"class_list":{"0":"post-680","1":"product","2":"type-product","3":"status-publish","4":"has-post-thumbnail","6":"product_cat-osteoporoza","7":"expert-dr-m-sharoyko","9":"first","10":"instock","11":"shipping-taxable","12":"product-type-variable"},"yoast_head":"<!-- This site is optimized with the Yoast SEO plugin v27.0 - https:\/\/yoast.com\/product\/yoast-seo-wordpress\/ -->\n<title>Acid Alendronic | \u00cent\u0103re\u0219te Oasele, Reduce Fracturile - Transtoyou<\/title>\n<meta name=\"description\" content=\"Acidul alendronic, acum disponibil pe Transtoyou, sus\u021bine s\u0103n\u0103tatea oaselor reduc\u00e2nd riscurile de osteoporoz\u0103. Cump\u0103r\u0103 ast\u0103zi pentru oase mai puternice!\" \/>\n<meta name=\"robots\" content=\"noindex, follow, max-snippet:-1, max-image-preview:large, max-video-preview:-1\" \/>\n<meta property=\"og:locale\" content=\"ro_RO\" \/>\n<meta property=\"og:type\" content=\"article\" \/>\n<meta property=\"og:title\" content=\"Acid Alendronic | \u00cent\u0103re\u0219te Oasele, Reduce Fracturile - Transtoyou\" \/>\n<meta property=\"og:description\" content=\"Acidul alendronic, acum disponibil pe Transtoyou, sus\u021bine s\u0103n\u0103tatea oaselor reduc\u00e2nd riscurile de osteoporoz\u0103. Cump\u0103r\u0103 ast\u0103zi pentru oase mai puternice!\" \/>\n<meta property=\"og:url\" content=\"https:\/\/www.transtoyou.com\/ro\/product\/alendronic-acid\/\" \/>\n<meta property=\"og:site_name\" content=\"Transtoyou - RO\" \/>\n<meta property=\"article:modified_time\" content=\"2026-01-24T01:14:45+00:00\" \/>\n<meta name=\"twitter:card\" content=\"summary_large_image\" \/>\n<meta name=\"twitter:label1\" content=\"Timp estimat pentru citire\" \/>\n\t<meta name=\"twitter:data1\" content=\"1 minut\" \/>\n<script type=\"application\/ld+json\" class=\"yoast-schema-graph\">{\"@context\":\"https:\/\/schema.org\",\"@graph\":[{\"@type\":\"WebPage\",\"@id\":\"https:\/\/www.transtoyou.com\/ro\/product\/alendronic-acid\/\",\"url\":\"https:\/\/www.transtoyou.com\/ro\/product\/alendronic-acid\/\",\"name\":\"Acid Alendronic | \u00cent\u0103re\u0219te Oasele, Reduce Fracturile - Transtoyou\",\"isPartOf\":{\"@id\":\"https:\/\/www.transtoyou.com\/ro\/#website\"},\"primaryImageOfPage\":{\"@id\":\"https:\/\/www.transtoyou.com\/ro\/product\/alendronic-acid\/#primaryimage\"},\"image\":{\"@id\":\"https:\/\/www.transtoyou.com\/ro\/product\/alendronic-acid\/#primaryimage\"},\"thumbnailUrl\":\"https:\/\/www.transtoyou.com\/ro\/wp-content\/uploads\/sites\/13\/2026\/01\/tty-no-product-image-65.webp\",\"datePublished\":\"2026-01-24T01:13:50+00:00\",\"dateModified\":\"2026-01-24T01:14:45+00:00\",\"description\":\"Acidul alendronic, acum disponibil pe Transtoyou, sus\u021bine s\u0103n\u0103tatea oaselor reduc\u00e2nd riscurile de osteoporoz\u0103. Cump\u0103r\u0103 ast\u0103zi pentru oase mai puternice!\",\"breadcrumb\":{\"@id\":\"https:\/\/www.transtoyou.com\/ro\/product\/alendronic-acid\/#breadcrumb\"},\"inLanguage\":\"ro-RO\",\"potentialAction\":[{\"@type\":\"ReadAction\",\"target\":[\"https:\/\/www.transtoyou.com\/ro\/product\/alendronic-acid\/\"]}]},{\"@type\":\"ImageObject\",\"inLanguage\":\"ro-RO\",\"@id\":\"https:\/\/www.transtoyou.com\/ro\/product\/alendronic-acid\/#primaryimage\",\"url\":\"https:\/\/www.transtoyou.com\/ro\/wp-content\/uploads\/sites\/13\/2026\/01\/tty-no-product-image-65.webp\",\"contentUrl\":\"https:\/\/www.transtoyou.com\/ro\/wp-content\/uploads\/sites\/13\/2026\/01\/tty-no-product-image-65.webp\",\"width\":1000,\"height\":1000,\"caption\":\"Imagine produs implicit\"},{\"@type\":\"WebSite\",\"@id\":\"https:\/\/www.transtoyou.com\/ro\/#website\",\"url\":\"https:\/\/www.transtoyou.com\/ro\/\",\"name\":\"Transtoyou - RO\",\"description\":\"\",\"publisher\":{\"@id\":\"https:\/\/www.transtoyou.com\/ro\/#organization\"},\"potentialAction\":[{\"@type\":\"SearchAction\",\"target\":{\"@type\":\"EntryPoint\",\"urlTemplate\":\"https:\/\/www.transtoyou.com\/ro\/?s={search_term_string}\"},\"query-input\":{\"@type\":\"PropertyValueSpecification\",\"valueRequired\":true,\"valueName\":\"search_term_string\"}}],\"inLanguage\":\"ro-RO\"},{\"@type\":\"Organization\",\"@id\":\"https:\/\/www.transtoyou.com\/ro\/#organization\",\"name\":\"Transtoyou - RO\",\"url\":\"https:\/\/www.transtoyou.com\/ro\/\",\"logo\":{\"@type\":\"ImageObject\",\"inLanguage\":\"ro-RO\",\"@id\":\"https:\/\/www.transtoyou.com\/ro\/#\/schema\/logo\/image\/\",\"url\":\"https:\/\/www.transtoyou.com\/ro\/wp-content\/uploads\/sites\/13\/2026\/01\/logo-tty-menu-bar-300x87-1.webp\",\"contentUrl\":\"https:\/\/www.transtoyou.com\/ro\/wp-content\/uploads\/sites\/13\/2026\/01\/logo-tty-menu-bar-300x87-1.webp\",\"width\":300,\"height\":87,\"caption\":\"Transtoyou - RO\"},\"image\":{\"@id\":\"https:\/\/www.transtoyou.com\/ro\/#\/schema\/logo\/image\/\"}}]}<\/script>\n<!-- \/ Yoast SEO plugin. -->","yoast_head_json":{"title":"Acid Alendronic | \u00cent\u0103re\u0219te Oasele, Reduce Fracturile - Transtoyou","description":"Acidul alendronic, acum disponibil pe Transtoyou, sus\u021bine s\u0103n\u0103tatea oaselor reduc\u00e2nd riscurile de osteoporoz\u0103. Cump\u0103r\u0103 ast\u0103zi pentru oase mai puternice!","robots":{"index":"noindex","follow":"follow","max-snippet":"max-snippet:-1","max-image-preview":"max-image-preview:large","max-video-preview":"max-video-preview:-1"},"og_locale":"ro_RO","og_type":"article","og_title":"Acid Alendronic | \u00cent\u0103re\u0219te Oasele, Reduce Fracturile - Transtoyou","og_description":"Acidul alendronic, acum disponibil pe Transtoyou, sus\u021bine s\u0103n\u0103tatea oaselor reduc\u00e2nd riscurile de osteoporoz\u0103. Cump\u0103r\u0103 ast\u0103zi pentru oase mai puternice!","og_url":"https:\/\/www.transtoyou.com\/ro\/product\/alendronic-acid\/","og_site_name":"Transtoyou - RO","article_modified_time":"2026-01-24T01:14:45+00:00","twitter_card":"summary_large_image","twitter_misc":{"Timp estimat pentru citire":"1 minut"},"schema":{"@context":"https:\/\/schema.org","@graph":[{"@type":"WebPage","@id":"https:\/\/www.transtoyou.com\/ro\/product\/alendronic-acid\/","url":"https:\/\/www.transtoyou.com\/ro\/product\/alendronic-acid\/","name":"Acid Alendronic | \u00cent\u0103re\u0219te Oasele, Reduce Fracturile - Transtoyou","isPartOf":{"@id":"https:\/\/www.transtoyou.com\/ro\/#website"},"primaryImageOfPage":{"@id":"https:\/\/www.transtoyou.com\/ro\/product\/alendronic-acid\/#primaryimage"},"image":{"@id":"https:\/\/www.transtoyou.com\/ro\/product\/alendronic-acid\/#primaryimage"},"thumbnailUrl":"https:\/\/www.transtoyou.com\/ro\/wp-content\/uploads\/sites\/13\/2026\/01\/tty-no-product-image-65.webp","datePublished":"2026-01-24T01:13:50+00:00","dateModified":"2026-01-24T01:14:45+00:00","description":"Acidul alendronic, acum disponibil pe Transtoyou, sus\u021bine s\u0103n\u0103tatea oaselor reduc\u00e2nd riscurile de osteoporoz\u0103. Cump\u0103r\u0103 ast\u0103zi pentru oase mai puternice!","breadcrumb":{"@id":"https:\/\/www.transtoyou.com\/ro\/product\/alendronic-acid\/#breadcrumb"},"inLanguage":"ro-RO","potentialAction":[{"@type":"ReadAction","target":["https:\/\/www.transtoyou.com\/ro\/product\/alendronic-acid\/"]}]},{"@type":"ImageObject","inLanguage":"ro-RO","@id":"https:\/\/www.transtoyou.com\/ro\/product\/alendronic-acid\/#primaryimage","url":"https:\/\/www.transtoyou.com\/ro\/wp-content\/uploads\/sites\/13\/2026\/01\/tty-no-product-image-65.webp","contentUrl":"https:\/\/www.transtoyou.com\/ro\/wp-content\/uploads\/sites\/13\/2026\/01\/tty-no-product-image-65.webp","width":1000,"height":1000,"caption":"Imagine produs implicit"},{"@type":"WebSite","@id":"https:\/\/www.transtoyou.com\/ro\/#website","url":"https:\/\/www.transtoyou.com\/ro\/","name":"Transtoyou - RO","description":"","publisher":{"@id":"https:\/\/www.transtoyou.com\/ro\/#organization"},"potentialAction":[{"@type":"SearchAction","target":{"@type":"EntryPoint","urlTemplate":"https:\/\/www.transtoyou.com\/ro\/?s={search_term_string}"},"query-input":{"@type":"PropertyValueSpecification","valueRequired":true,"valueName":"search_term_string"}}],"inLanguage":"ro-RO"},{"@type":"Organization","@id":"https:\/\/www.transtoyou.com\/ro\/#organization","name":"Transtoyou - RO","url":"https:\/\/www.transtoyou.com\/ro\/","logo":{"@type":"ImageObject","inLanguage":"ro-RO","@id":"https:\/\/www.transtoyou.com\/ro\/#\/schema\/logo\/image\/","url":"https:\/\/www.transtoyou.com\/ro\/wp-content\/uploads\/sites\/13\/2026\/01\/logo-tty-menu-bar-300x87-1.webp","contentUrl":"https:\/\/www.transtoyou.com\/ro\/wp-content\/uploads\/sites\/13\/2026\/01\/logo-tty-menu-bar-300x87-1.webp","width":300,"height":87,"caption":"Transtoyou - RO"},"image":{"@id":"https:\/\/www.transtoyou.com\/ro\/#\/schema\/logo\/image\/"}}]}},"_links":{"self":[{"href":"https:\/\/www.transtoyou.com\/ro\/wp-json\/wp\/v2\/product\/680","targetHints":{"allow":["GET"]}}],"collection":[{"href":"https:\/\/www.transtoyou.com\/ro\/wp-json\/wp\/v2\/product"}],"about":[{"href":"https:\/\/www.transtoyou.com\/ro\/wp-json\/wp\/v2\/types\/product"}],"replies":[{"embeddable":true,"href":"https:\/\/www.transtoyou.com\/ro\/wp-json\/wp\/v2\/comments?post=680"}],"wp:featuredmedia":[{"embeddable":true,"href":"https:\/\/www.transtoyou.com\/ro\/wp-json\/wp\/v2\/media\/682"}],"wp:attachment":[{"href":"https:\/\/www.transtoyou.com\/ro\/wp-json\/wp\/v2\/media?parent=680"}],"wp:term":[{"taxonomy":"product_brand","embeddable":true,"href":"https:\/\/www.transtoyou.com\/ro\/wp-json\/wp\/v2\/product_brand?post=680"},{"taxonomy":"product_cat","embeddable":true,"href":"https:\/\/www.transtoyou.com\/ro\/wp-json\/wp\/v2\/product_cat?post=680"},{"taxonomy":"product_tag","embeddable":true,"href":"https:\/\/www.transtoyou.com\/ro\/wp-json\/wp\/v2\/product_tag?post=680"},{"taxonomy":"expert","embeddable":true,"href":"https:\/\/www.transtoyou.com\/ro\/wp-json\/wp\/v2\/expert?post=680"}],"curies":[{"name":"wp","href":"https:\/\/api.w.org\/{rel}","templated":true}]}}