{"id":711,"date":"2026-01-24T03:59:16","date_gmt":"2026-01-24T03:59:16","guid":{"rendered":"https:\/\/www.transtoyou.com\/ro\/product\/rizatriptan\/"},"modified":"2026-03-02T15:54:43","modified_gmt":"2026-03-02T15:54:43","slug":"rizatriptan","status":"publish","type":"product","link":"https:\/\/www.transtoyou.com\/ro\/product\/rizatriptan\/","title":{"rendered":"Rizatriptan"},"content":{"rendered":"<p>Rizatriptan este un medicament pe baz\u0103 de re\u021bet\u0103 clasificat ca agonist selectiv al receptorilor de serotonin\u0103, cunoscut \u0219i sub numele de Triptan. Este utilizat \u00een principal pentru tratamentul acut al migrenelor, cu sau f\u0103r\u0103 aur\u0103. Rizatriptan ac\u021bioneaz\u0103 prin stimularea receptorilor de serotonin\u0103 (5-HT1B \u0219i 5-HT1D) din creier, ceea ce duce la \u00eengustarea vaselor de s\u00e2nge dilatate. Aceast\u0103 vasoconstric\u021bie ajut\u0103 la ameliorarea durerii, gre\u021burilor \u0219i sensibilit\u0103\u021bii la lumin\u0103 \u0219i sunet, frecvent asociate cu migrenele.<\/p>\n<p>Acest medicament nu previne migrenele, dar trateaz\u0103 eficient atacurile de migren\u0103 odat\u0103 ce acestea \u00eencep. Rizatriptan este cel mai eficient atunci c\u00e2nd este administrat la primul semn de simptome ale migrenei. Nu trateaz\u0103 alte tipuri de dureri de cap, cum ar fi durerile de cap de tensiune sau durerile de cap \u00een cluster.<\/p>\n<p>Ac\u021biunea Rizatriptan ajut\u0103 la reducerea inflama\u021biei din jurul vaselor de s\u00e2nge ale creierului, oferind o ameliorare \u021bintit\u0103 f\u0103r\u0103 a afecta alte sisteme ale corpului. De obicei, \u00eencepe s\u0103 ac\u021bioneze \u00een termen de 30 p\u00e2n\u0103 la 60 de minute dup\u0103 ingerare \u0219i poate oferi ameliorare timp de c\u00e2teva ore. Unul dintre beneficiile Rizatriptan este debutul rapid al ac\u021biunii \u0219i eficacitatea sa chiar \u0219i atunci c\u00e2nd simptomele migrenei includ gre\u021buri sau v\u0103rs\u0103turi.<\/p>\n<p>Pacien\u021bii experimenteaz\u0103 adesea efecte secundare mai pu\u021bine comparativ cu alte tratamente pentru migren\u0103, iar op\u021biunea de tablet\u0103 distructibil\u0103 oral\u0103 ofer\u0103 comoditate \u0219i absorb\u021bie rapid\u0103, mai ales atunci c\u00e2nd este administrat\u0103 f\u0103r\u0103 ap\u0103.<\/p>\n","protected":false},"excerpt":{"rendered":"<ul>\n<li>Ameliorare rapid\u0103 a migrenei<\/li>\n<li>Ac\u021bioneaz\u0103 \u00een 30 de minute<\/li>\n<li>Tablet\u0103 oral\u0103 convenabil\u0103<\/li>\n<\/ul>\n","protected":false},"featured_media":713,"comment_status":"open","ping_status":"closed","template":"","meta":[],"product_brand":[],"product_cat":[110],"product_tag":[],"expert":[16],"class_list":{"0":"post-711","1":"product","2":"type-product","3":"status-publish","4":"has-post-thumbnail","6":"product_cat-dureri-de-cap-migrene","7":"expert-dr-c-alexandru","9":"first","10":"instock","11":"shipping-taxable","12":"product-type-variable"},"yoast_head":"<!-- This site is optimized with the Yoast SEO plugin v27.0 - https:\/\/yoast.com\/product\/yoast-seo-wordpress\/ -->\n<title>Rizatriptan | U\u0219urare Rapid\u0103 a Migrenei - Transtoyou<\/title>\n<meta name=\"description\" content=\"Rizatriptan: U\u0219urare eficient\u0103 a migrenei disponibil\u0103 pe Transtoyou. Acceseaz\u0103 \u00eengrijire profesional\u0103 \u0219i re\u021bete sigure pentru dureri de cap.\" \/>\n<meta name=\"robots\" content=\"noindex, follow, max-snippet:-1, max-image-preview:large, max-video-preview:-1\" \/>\n<meta property=\"og:locale\" content=\"ro_RO\" \/>\n<meta property=\"og:type\" content=\"article\" \/>\n<meta property=\"og:title\" content=\"Rizatriptan | U\u0219urare Rapid\u0103 a Migrenei - Transtoyou\" \/>\n<meta property=\"og:description\" content=\"Rizatriptan: U\u0219urare eficient\u0103 a migrenei disponibil\u0103 pe Transtoyou. Acceseaz\u0103 \u00eengrijire profesional\u0103 \u0219i re\u021bete sigure pentru dureri de cap.\" \/>\n<meta property=\"og:url\" content=\"https:\/\/www.transtoyou.com\/ro\/product\/rizatriptan\/\" \/>\n<meta property=\"og:site_name\" content=\"Transtoyou - RO\" \/>\n<meta property=\"article:modified_time\" content=\"2026-03-02T15:54:43+00:00\" \/>\n<meta name=\"twitter:card\" content=\"summary_large_image\" \/>\n<meta name=\"twitter:label1\" content=\"Timp estimat pentru citire\" \/>\n\t<meta name=\"twitter:data1\" content=\"1 minut\" \/>\n<script type=\"application\/ld+json\" class=\"yoast-schema-graph\">{\"@context\":\"https:\/\/schema.org\",\"@graph\":[{\"@type\":\"WebPage\",\"@id\":\"https:\/\/www.transtoyou.com\/ro\/product\/rizatriptan\/\",\"url\":\"https:\/\/www.transtoyou.com\/ro\/product\/rizatriptan\/\",\"name\":\"Rizatriptan | U\u0219urare Rapid\u0103 a Migrenei - Transtoyou\",\"isPartOf\":{\"@id\":\"https:\/\/www.transtoyou.com\/ro\/#website\"},\"primaryImageOfPage\":{\"@id\":\"https:\/\/www.transtoyou.com\/ro\/product\/rizatriptan\/#primaryimage\"},\"image\":{\"@id\":\"https:\/\/www.transtoyou.com\/ro\/product\/rizatriptan\/#primaryimage\"},\"thumbnailUrl\":\"https:\/\/www.transtoyou.com\/ro\/wp-content\/uploads\/sites\/13\/2026\/01\/tty-no-product-image-76.webp\",\"datePublished\":\"2026-01-24T03:59:16+00:00\",\"dateModified\":\"2026-03-02T15:54:43+00:00\",\"description\":\"Rizatriptan: U\u0219urare eficient\u0103 a migrenei disponibil\u0103 pe Transtoyou. Acceseaz\u0103 \u00eengrijire profesional\u0103 \u0219i re\u021bete sigure pentru dureri de cap.\",\"breadcrumb\":{\"@id\":\"https:\/\/www.transtoyou.com\/ro\/product\/rizatriptan\/#breadcrumb\"},\"inLanguage\":\"ro-RO\",\"potentialAction\":[{\"@type\":\"ReadAction\",\"target\":[\"https:\/\/www.transtoyou.com\/ro\/product\/rizatriptan\/\"]}]},{\"@type\":\"ImageObject\",\"inLanguage\":\"ro-RO\",\"@id\":\"https:\/\/www.transtoyou.com\/ro\/product\/rizatriptan\/#primaryimage\",\"url\":\"https:\/\/www.transtoyou.com\/ro\/wp-content\/uploads\/sites\/13\/2026\/01\/tty-no-product-image-76.webp\",\"contentUrl\":\"https:\/\/www.transtoyou.com\/ro\/wp-content\/uploads\/sites\/13\/2026\/01\/tty-no-product-image-76.webp\",\"width\":1000,\"height\":1000,\"caption\":\"Imagine produs implicit\"},{\"@type\":\"WebSite\",\"@id\":\"https:\/\/www.transtoyou.com\/ro\/#website\",\"url\":\"https:\/\/www.transtoyou.com\/ro\/\",\"name\":\"Transtoyou - RO\",\"description\":\"\",\"publisher\":{\"@id\":\"https:\/\/www.transtoyou.com\/ro\/#organization\"},\"potentialAction\":[{\"@type\":\"SearchAction\",\"target\":{\"@type\":\"EntryPoint\",\"urlTemplate\":\"https:\/\/www.transtoyou.com\/ro\/?s={search_term_string}\"},\"query-input\":{\"@type\":\"PropertyValueSpecification\",\"valueRequired\":true,\"valueName\":\"search_term_string\"}}],\"inLanguage\":\"ro-RO\"},{\"@type\":\"Organization\",\"@id\":\"https:\/\/www.transtoyou.com\/ro\/#organization\",\"name\":\"Transtoyou - RO\",\"url\":\"https:\/\/www.transtoyou.com\/ro\/\",\"logo\":{\"@type\":\"ImageObject\",\"inLanguage\":\"ro-RO\",\"@id\":\"https:\/\/www.transtoyou.com\/ro\/#\/schema\/logo\/image\/\",\"url\":\"https:\/\/www.transtoyou.com\/ro\/wp-content\/uploads\/sites\/13\/2026\/01\/logo-tty-menu-bar-300x87-1.webp\",\"contentUrl\":\"https:\/\/www.transtoyou.com\/ro\/wp-content\/uploads\/sites\/13\/2026\/01\/logo-tty-menu-bar-300x87-1.webp\",\"width\":300,\"height\":87,\"caption\":\"Transtoyou - RO\"},\"image\":{\"@id\":\"https:\/\/www.transtoyou.com\/ro\/#\/schema\/logo\/image\/\"}}]}<\/script>\n<!-- \/ Yoast SEO plugin. -->","yoast_head_json":{"title":"Rizatriptan | U\u0219urare Rapid\u0103 a Migrenei - Transtoyou","description":"Rizatriptan: U\u0219urare eficient\u0103 a migrenei disponibil\u0103 pe Transtoyou. Acceseaz\u0103 \u00eengrijire profesional\u0103 \u0219i re\u021bete sigure pentru dureri de cap.","robots":{"index":"noindex","follow":"follow","max-snippet":"max-snippet:-1","max-image-preview":"max-image-preview:large","max-video-preview":"max-video-preview:-1"},"og_locale":"ro_RO","og_type":"article","og_title":"Rizatriptan | U\u0219urare Rapid\u0103 a Migrenei - Transtoyou","og_description":"Rizatriptan: U\u0219urare eficient\u0103 a migrenei disponibil\u0103 pe Transtoyou. Acceseaz\u0103 \u00eengrijire profesional\u0103 \u0219i re\u021bete sigure pentru dureri de cap.","og_url":"https:\/\/www.transtoyou.com\/ro\/product\/rizatriptan\/","og_site_name":"Transtoyou - RO","article_modified_time":"2026-03-02T15:54:43+00:00","twitter_card":"summary_large_image","twitter_misc":{"Timp estimat pentru citire":"1 minut"},"schema":{"@context":"https:\/\/schema.org","@graph":[{"@type":"WebPage","@id":"https:\/\/www.transtoyou.com\/ro\/product\/rizatriptan\/","url":"https:\/\/www.transtoyou.com\/ro\/product\/rizatriptan\/","name":"Rizatriptan | U\u0219urare Rapid\u0103 a Migrenei - Transtoyou","isPartOf":{"@id":"https:\/\/www.transtoyou.com\/ro\/#website"},"primaryImageOfPage":{"@id":"https:\/\/www.transtoyou.com\/ro\/product\/rizatriptan\/#primaryimage"},"image":{"@id":"https:\/\/www.transtoyou.com\/ro\/product\/rizatriptan\/#primaryimage"},"thumbnailUrl":"https:\/\/www.transtoyou.com\/ro\/wp-content\/uploads\/sites\/13\/2026\/01\/tty-no-product-image-76.webp","datePublished":"2026-01-24T03:59:16+00:00","dateModified":"2026-03-02T15:54:43+00:00","description":"Rizatriptan: U\u0219urare eficient\u0103 a migrenei disponibil\u0103 pe Transtoyou. Acceseaz\u0103 \u00eengrijire profesional\u0103 \u0219i re\u021bete sigure pentru dureri de cap.","breadcrumb":{"@id":"https:\/\/www.transtoyou.com\/ro\/product\/rizatriptan\/#breadcrumb"},"inLanguage":"ro-RO","potentialAction":[{"@type":"ReadAction","target":["https:\/\/www.transtoyou.com\/ro\/product\/rizatriptan\/"]}]},{"@type":"ImageObject","inLanguage":"ro-RO","@id":"https:\/\/www.transtoyou.com\/ro\/product\/rizatriptan\/#primaryimage","url":"https:\/\/www.transtoyou.com\/ro\/wp-content\/uploads\/sites\/13\/2026\/01\/tty-no-product-image-76.webp","contentUrl":"https:\/\/www.transtoyou.com\/ro\/wp-content\/uploads\/sites\/13\/2026\/01\/tty-no-product-image-76.webp","width":1000,"height":1000,"caption":"Imagine produs implicit"},{"@type":"WebSite","@id":"https:\/\/www.transtoyou.com\/ro\/#website","url":"https:\/\/www.transtoyou.com\/ro\/","name":"Transtoyou - RO","description":"","publisher":{"@id":"https:\/\/www.transtoyou.com\/ro\/#organization"},"potentialAction":[{"@type":"SearchAction","target":{"@type":"EntryPoint","urlTemplate":"https:\/\/www.transtoyou.com\/ro\/?s={search_term_string}"},"query-input":{"@type":"PropertyValueSpecification","valueRequired":true,"valueName":"search_term_string"}}],"inLanguage":"ro-RO"},{"@type":"Organization","@id":"https:\/\/www.transtoyou.com\/ro\/#organization","name":"Transtoyou - RO","url":"https:\/\/www.transtoyou.com\/ro\/","logo":{"@type":"ImageObject","inLanguage":"ro-RO","@id":"https:\/\/www.transtoyou.com\/ro\/#\/schema\/logo\/image\/","url":"https:\/\/www.transtoyou.com\/ro\/wp-content\/uploads\/sites\/13\/2026\/01\/logo-tty-menu-bar-300x87-1.webp","contentUrl":"https:\/\/www.transtoyou.com\/ro\/wp-content\/uploads\/sites\/13\/2026\/01\/logo-tty-menu-bar-300x87-1.webp","width":300,"height":87,"caption":"Transtoyou - RO"},"image":{"@id":"https:\/\/www.transtoyou.com\/ro\/#\/schema\/logo\/image\/"}}]}},"_links":{"self":[{"href":"https:\/\/www.transtoyou.com\/ro\/wp-json\/wp\/v2\/product\/711","targetHints":{"allow":["GET"]}}],"collection":[{"href":"https:\/\/www.transtoyou.com\/ro\/wp-json\/wp\/v2\/product"}],"about":[{"href":"https:\/\/www.transtoyou.com\/ro\/wp-json\/wp\/v2\/types\/product"}],"replies":[{"embeddable":true,"href":"https:\/\/www.transtoyou.com\/ro\/wp-json\/wp\/v2\/comments?post=711"}],"wp:featuredmedia":[{"embeddable":true,"href":"https:\/\/www.transtoyou.com\/ro\/wp-json\/wp\/v2\/media\/713"}],"wp:attachment":[{"href":"https:\/\/www.transtoyou.com\/ro\/wp-json\/wp\/v2\/media?parent=711"}],"wp:term":[{"taxonomy":"product_brand","embeddable":true,"href":"https:\/\/www.transtoyou.com\/ro\/wp-json\/wp\/v2\/product_brand?post=711"},{"taxonomy":"product_cat","embeddable":true,"href":"https:\/\/www.transtoyou.com\/ro\/wp-json\/wp\/v2\/product_cat?post=711"},{"taxonomy":"product_tag","embeddable":true,"href":"https:\/\/www.transtoyou.com\/ro\/wp-json\/wp\/v2\/product_tag?post=711"},{"taxonomy":"expert","embeddable":true,"href":"https:\/\/www.transtoyou.com\/ro\/wp-json\/wp\/v2\/expert?post=711"}],"curies":[{"name":"wp","href":"https:\/\/api.w.org\/{rel}","templated":true}]}}