{"id":738,"date":"2026-01-24T06:40:36","date_gmt":"2026-01-24T06:40:36","guid":{"rendered":"https:\/\/www.transtoyou.com\/ro\/product\/viridal\/"},"modified":"2026-03-07T14:55:44","modified_gmt":"2026-03-07T14:55:44","slug":"viridal","status":"publish","type":"product","link":"https:\/\/www.transtoyou.com\/ro\/product\/viridal\/","title":{"rendered":"Viridal"},"content":{"rendered":"<p>Viridal este un tratament utilizat pentru disfunc\u021bia erectil\u0103, \u00een special \u00een cazurile \u00een care medicamentele orale pot s\u0103 nu fie eficiente sau potrivite. Con\u021bine alprostadil, o versiune sintetic\u0103 a unei substan\u021be care apare \u00een mod natural \u0219i care ajut\u0103 la cre\u0219terea fluxului de s\u00e2nge c\u0103tre penis. Prin dilatarea vaselor de s\u00e2nge locale, sus\u021bine procesul fizic care duce la o erec\u021bie.<\/p>\n<p>Viridal se administreaz\u0103 prin injec\u021bie \u00een corpul cavernos. Aceast\u0103 metod\u0103 permite medicamentului s\u0103 ac\u021bioneze direct la locul unde este necesar. \u00cen cele mai multe cazuri, efectul \u00eencepe \u00een termen de 5 p\u00e2n\u0103 la 15 minute, iar erec\u021bia rezultat\u0103 dureaz\u0103 de obicei \u00eentre 30 \u0219i 60 de minute, de\u0219i acest lucru poate varia \u00eentre indivizi.<\/p>\n<p>Medicamentul vine sub form\u0103 de pulbere care se amestec\u0103 cu o solu\u021bie steril\u0103 \u00eenainte de utilizare. Se folose\u0219te un ac fin pentru injec\u021bie, iar este important s\u0103 se alterneze locul de injectare la fiecare utilizare pentru a reduce riscul de deteriorare a \u021besutului. Doza este de obicei ajustat\u0103 \u00een func\u021bie de r\u0103spunsul \u0219i tolerabilitatea individual\u0103.<\/p>\n<p>Viridal poate fi utilizat de persoanele cu diverse cauze subiacente ale disfunc\u021biei erectile, inclusiv condi\u021bii vasculare, neurologice sau post-chirurgicale. Efectele secundare comune pot include disconfort u\u0219or la locul de injectare sau o senza\u021bie de presiune \u00een penis. \u00cen unele cazuri, utilizatorii pot experimenta erec\u021bii prelungite sau fibroz\u0103 localizat\u0103 sau noduli penieni, care ar trebui evalua\u021bi dac\u0103 persist\u0103.<\/p>\n","protected":false},"excerpt":{"rendered":"<ul>\n<li>Erec\u021bie rapid\u0103 \u0219i fiabil\u0103 \u00een 5-15 minute<\/li>\n<li>Ocole\u0219te sistemul digestiv &#8211; func\u021bioneaz\u0103 chiar \u0219i c\u00e2nd comprimatele e\u0219ueaz\u0103<\/li>\n<li>Dozare ajustabil\u0103 cu sering\u0103 cu camer\u0103 dubl\u0103 cu amestecare automat\u0103<\/li>\n<\/ul>\n","protected":false},"featured_media":740,"comment_status":"open","ping_status":"closed","template":"","meta":[],"product_brand":[],"product_cat":[96],"product_tag":[],"expert":[21],"class_list":{"0":"post-738","1":"product","2":"type-product","3":"status-publish","4":"has-post-thumbnail","6":"product_cat-tratamente-pentru-disfunctia-erectila","7":"expert-dr-m-sharoyko","9":"first","10":"instock","11":"shipping-taxable","12":"product-type-variable"},"yoast_head":"<!-- This site is optimized with the Yoast SEO plugin v27.0 - https:\/\/yoast.com\/product\/yoast-seo-wordpress\/ -->\n<title>Viridal | Solu\u021bie Rapid\u0103 pentru ED - Transtoyou<\/title>\n<meta name=\"description\" content=\"Descoper\u0103 Viridal, solu\u021bia perfect\u0103 pentru disfunc\u021bia erectil\u0103. Con\u021bine alprostadil pentru rezultate eficiente. Disponibil aici, la Transtoyou.\" \/>\n<meta name=\"robots\" content=\"noindex, follow, max-snippet:-1, max-image-preview:large, max-video-preview:-1\" \/>\n<meta property=\"og:locale\" content=\"ro_RO\" \/>\n<meta property=\"og:type\" content=\"article\" \/>\n<meta property=\"og:title\" content=\"Viridal | Solu\u021bie Rapid\u0103 pentru ED - Transtoyou\" \/>\n<meta property=\"og:description\" content=\"Descoper\u0103 Viridal, solu\u021bia perfect\u0103 pentru disfunc\u021bia erectil\u0103. Con\u021bine alprostadil pentru rezultate eficiente. Disponibil aici, la Transtoyou.\" \/>\n<meta property=\"og:url\" content=\"https:\/\/www.transtoyou.com\/ro\/product\/viridal\/\" \/>\n<meta property=\"og:site_name\" content=\"Transtoyou - RO\" \/>\n<meta property=\"article:modified_time\" content=\"2026-03-07T14:55:44+00:00\" \/>\n<meta name=\"twitter:card\" content=\"summary_large_image\" \/>\n<meta name=\"twitter:label1\" content=\"Timp estimat pentru citire\" \/>\n\t<meta name=\"twitter:data1\" content=\"1 minut\" \/>\n<script type=\"application\/ld+json\" class=\"yoast-schema-graph\">{\"@context\":\"https:\/\/schema.org\",\"@graph\":[{\"@type\":\"WebPage\",\"@id\":\"https:\/\/www.transtoyou.com\/ro\/product\/viridal\/\",\"url\":\"https:\/\/www.transtoyou.com\/ro\/product\/viridal\/\",\"name\":\"Viridal | Solu\u021bie Rapid\u0103 pentru ED - Transtoyou\",\"isPartOf\":{\"@id\":\"https:\/\/www.transtoyou.com\/ro\/#website\"},\"primaryImageOfPage\":{\"@id\":\"https:\/\/www.transtoyou.com\/ro\/product\/viridal\/#primaryimage\"},\"image\":{\"@id\":\"https:\/\/www.transtoyou.com\/ro\/product\/viridal\/#primaryimage\"},\"thumbnailUrl\":\"https:\/\/www.transtoyou.com\/ro\/wp-content\/uploads\/sites\/13\/2026\/01\/tty-no-product-image-86.webp\",\"datePublished\":\"2026-01-24T06:40:36+00:00\",\"dateModified\":\"2026-03-07T14:55:44+00:00\",\"description\":\"Descoper\u0103 Viridal, solu\u021bia perfect\u0103 pentru disfunc\u021bia erectil\u0103. Con\u021bine alprostadil pentru rezultate eficiente. Disponibil aici, la Transtoyou.\",\"breadcrumb\":{\"@id\":\"https:\/\/www.transtoyou.com\/ro\/product\/viridal\/#breadcrumb\"},\"inLanguage\":\"ro-RO\",\"potentialAction\":[{\"@type\":\"ReadAction\",\"target\":[\"https:\/\/www.transtoyou.com\/ro\/product\/viridal\/\"]}]},{\"@type\":\"ImageObject\",\"inLanguage\":\"ro-RO\",\"@id\":\"https:\/\/www.transtoyou.com\/ro\/product\/viridal\/#primaryimage\",\"url\":\"https:\/\/www.transtoyou.com\/ro\/wp-content\/uploads\/sites\/13\/2026\/01\/tty-no-product-image-86.webp\",\"contentUrl\":\"https:\/\/www.transtoyou.com\/ro\/wp-content\/uploads\/sites\/13\/2026\/01\/tty-no-product-image-86.webp\",\"width\":1000,\"height\":1000,\"caption\":\"Imaginea implicit\u0103 a produsului\"},{\"@type\":\"WebSite\",\"@id\":\"https:\/\/www.transtoyou.com\/ro\/#website\",\"url\":\"https:\/\/www.transtoyou.com\/ro\/\",\"name\":\"Transtoyou - RO\",\"description\":\"\",\"publisher\":{\"@id\":\"https:\/\/www.transtoyou.com\/ro\/#organization\"},\"potentialAction\":[{\"@type\":\"SearchAction\",\"target\":{\"@type\":\"EntryPoint\",\"urlTemplate\":\"https:\/\/www.transtoyou.com\/ro\/?s={search_term_string}\"},\"query-input\":{\"@type\":\"PropertyValueSpecification\",\"valueRequired\":true,\"valueName\":\"search_term_string\"}}],\"inLanguage\":\"ro-RO\"},{\"@type\":\"Organization\",\"@id\":\"https:\/\/www.transtoyou.com\/ro\/#organization\",\"name\":\"Transtoyou - RO\",\"url\":\"https:\/\/www.transtoyou.com\/ro\/\",\"logo\":{\"@type\":\"ImageObject\",\"inLanguage\":\"ro-RO\",\"@id\":\"https:\/\/www.transtoyou.com\/ro\/#\/schema\/logo\/image\/\",\"url\":\"https:\/\/www.transtoyou.com\/ro\/wp-content\/uploads\/sites\/13\/2026\/01\/logo-tty-menu-bar-300x87-1.webp\",\"contentUrl\":\"https:\/\/www.transtoyou.com\/ro\/wp-content\/uploads\/sites\/13\/2026\/01\/logo-tty-menu-bar-300x87-1.webp\",\"width\":300,\"height\":87,\"caption\":\"Transtoyou - RO\"},\"image\":{\"@id\":\"https:\/\/www.transtoyou.com\/ro\/#\/schema\/logo\/image\/\"}}]}<\/script>\n<!-- \/ Yoast SEO plugin. -->","yoast_head_json":{"title":"Viridal | Solu\u021bie Rapid\u0103 pentru ED - Transtoyou","description":"Descoper\u0103 Viridal, solu\u021bia perfect\u0103 pentru disfunc\u021bia erectil\u0103. Con\u021bine alprostadil pentru rezultate eficiente. Disponibil aici, la Transtoyou.","robots":{"index":"noindex","follow":"follow","max-snippet":"max-snippet:-1","max-image-preview":"max-image-preview:large","max-video-preview":"max-video-preview:-1"},"og_locale":"ro_RO","og_type":"article","og_title":"Viridal | Solu\u021bie Rapid\u0103 pentru ED - Transtoyou","og_description":"Descoper\u0103 Viridal, solu\u021bia perfect\u0103 pentru disfunc\u021bia erectil\u0103. Con\u021bine alprostadil pentru rezultate eficiente. Disponibil aici, la Transtoyou.","og_url":"https:\/\/www.transtoyou.com\/ro\/product\/viridal\/","og_site_name":"Transtoyou - RO","article_modified_time":"2026-03-07T14:55:44+00:00","twitter_card":"summary_large_image","twitter_misc":{"Timp estimat pentru citire":"1 minut"},"schema":{"@context":"https:\/\/schema.org","@graph":[{"@type":"WebPage","@id":"https:\/\/www.transtoyou.com\/ro\/product\/viridal\/","url":"https:\/\/www.transtoyou.com\/ro\/product\/viridal\/","name":"Viridal | Solu\u021bie Rapid\u0103 pentru ED - Transtoyou","isPartOf":{"@id":"https:\/\/www.transtoyou.com\/ro\/#website"},"primaryImageOfPage":{"@id":"https:\/\/www.transtoyou.com\/ro\/product\/viridal\/#primaryimage"},"image":{"@id":"https:\/\/www.transtoyou.com\/ro\/product\/viridal\/#primaryimage"},"thumbnailUrl":"https:\/\/www.transtoyou.com\/ro\/wp-content\/uploads\/sites\/13\/2026\/01\/tty-no-product-image-86.webp","datePublished":"2026-01-24T06:40:36+00:00","dateModified":"2026-03-07T14:55:44+00:00","description":"Descoper\u0103 Viridal, solu\u021bia perfect\u0103 pentru disfunc\u021bia erectil\u0103. Con\u021bine alprostadil pentru rezultate eficiente. Disponibil aici, la Transtoyou.","breadcrumb":{"@id":"https:\/\/www.transtoyou.com\/ro\/product\/viridal\/#breadcrumb"},"inLanguage":"ro-RO","potentialAction":[{"@type":"ReadAction","target":["https:\/\/www.transtoyou.com\/ro\/product\/viridal\/"]}]},{"@type":"ImageObject","inLanguage":"ro-RO","@id":"https:\/\/www.transtoyou.com\/ro\/product\/viridal\/#primaryimage","url":"https:\/\/www.transtoyou.com\/ro\/wp-content\/uploads\/sites\/13\/2026\/01\/tty-no-product-image-86.webp","contentUrl":"https:\/\/www.transtoyou.com\/ro\/wp-content\/uploads\/sites\/13\/2026\/01\/tty-no-product-image-86.webp","width":1000,"height":1000,"caption":"Imaginea implicit\u0103 a produsului"},{"@type":"WebSite","@id":"https:\/\/www.transtoyou.com\/ro\/#website","url":"https:\/\/www.transtoyou.com\/ro\/","name":"Transtoyou - RO","description":"","publisher":{"@id":"https:\/\/www.transtoyou.com\/ro\/#organization"},"potentialAction":[{"@type":"SearchAction","target":{"@type":"EntryPoint","urlTemplate":"https:\/\/www.transtoyou.com\/ro\/?s={search_term_string}"},"query-input":{"@type":"PropertyValueSpecification","valueRequired":true,"valueName":"search_term_string"}}],"inLanguage":"ro-RO"},{"@type":"Organization","@id":"https:\/\/www.transtoyou.com\/ro\/#organization","name":"Transtoyou - RO","url":"https:\/\/www.transtoyou.com\/ro\/","logo":{"@type":"ImageObject","inLanguage":"ro-RO","@id":"https:\/\/www.transtoyou.com\/ro\/#\/schema\/logo\/image\/","url":"https:\/\/www.transtoyou.com\/ro\/wp-content\/uploads\/sites\/13\/2026\/01\/logo-tty-menu-bar-300x87-1.webp","contentUrl":"https:\/\/www.transtoyou.com\/ro\/wp-content\/uploads\/sites\/13\/2026\/01\/logo-tty-menu-bar-300x87-1.webp","width":300,"height":87,"caption":"Transtoyou - RO"},"image":{"@id":"https:\/\/www.transtoyou.com\/ro\/#\/schema\/logo\/image\/"}}]}},"_links":{"self":[{"href":"https:\/\/www.transtoyou.com\/ro\/wp-json\/wp\/v2\/product\/738","targetHints":{"allow":["GET"]}}],"collection":[{"href":"https:\/\/www.transtoyou.com\/ro\/wp-json\/wp\/v2\/product"}],"about":[{"href":"https:\/\/www.transtoyou.com\/ro\/wp-json\/wp\/v2\/types\/product"}],"replies":[{"embeddable":true,"href":"https:\/\/www.transtoyou.com\/ro\/wp-json\/wp\/v2\/comments?post=738"}],"wp:featuredmedia":[{"embeddable":true,"href":"https:\/\/www.transtoyou.com\/ro\/wp-json\/wp\/v2\/media\/740"}],"wp:attachment":[{"href":"https:\/\/www.transtoyou.com\/ro\/wp-json\/wp\/v2\/media?parent=738"}],"wp:term":[{"taxonomy":"product_brand","embeddable":true,"href":"https:\/\/www.transtoyou.com\/ro\/wp-json\/wp\/v2\/product_brand?post=738"},{"taxonomy":"product_cat","embeddable":true,"href":"https:\/\/www.transtoyou.com\/ro\/wp-json\/wp\/v2\/product_cat?post=738"},{"taxonomy":"product_tag","embeddable":true,"href":"https:\/\/www.transtoyou.com\/ro\/wp-json\/wp\/v2\/product_tag?post=738"},{"taxonomy":"expert","embeddable":true,"href":"https:\/\/www.transtoyou.com\/ro\/wp-json\/wp\/v2\/expert?post=738"}],"curies":[{"name":"wp","href":"https:\/\/api.w.org\/{rel}","templated":true}]}}