{"id":747,"date":"2026-01-24T07:28:54","date_gmt":"2026-01-24T07:28:54","guid":{"rendered":"https:\/\/www.transtoyou.com\/ro\/product\/vardenafil\/"},"modified":"2026-03-07T13:01:52","modified_gmt":"2026-03-07T13:01:52","slug":"vardenafil","status":"publish","type":"product","link":"https:\/\/www.transtoyou.com\/ro\/product\/vardenafil\/","title":{"rendered":"Vardenafil"},"content":{"rendered":"<p>Vardenafil este un medicament utilizat pentru tratarea disfunc\u021biei erectile, ajut\u00e2nd b\u0103rba\u021bii s\u0103-\u0219i rec\u00e2\u0219tige \u00eencrederea \u0219i activitatea sexual\u0103. Face parte din clasa de medicamente cunoscut\u0103 sub numele de inhibitori PDE5, care func\u021bioneaz\u0103 prin cre\u0219terea fluxului sanguin c\u0103tre penis \u00een timpul stimul\u0103rii sexuale. Acest lucru duce la o erec\u021bie mai puternic\u0103 \u0219i mai fiabil\u0103, facilit\u00e2nd implicarea \u0219i men\u021binerea intimit\u0103\u021bii.<\/p>\n<p>Vardenafil ac\u021bioneaz\u0103 prin relaxarea mu\u0219chilor netezi din vasele de s\u00e2nge ale penisului. Atunci c\u00e2nd un b\u0103rbat este excitat sexual, aceast\u0103 relaxare permite mai mult s\u00e2nge s\u0103 intre \u00een \u021besutul erectil, conduc\u00e2nd la o erec\u021bie care se simte natural. Medicamentul nu produce o erec\u021bie de unul singur, a\u0219a c\u0103 stimularea sexual\u0103 este \u00een continuare necesar\u0103 pentru a-\u0219i face efectul.<\/p>\n<p>Acest medicament este de obicei administrat sub form\u0103 de tablet\u0103, cu aproximativ 25 p\u00e2n\u0103 la 60 de minute \u00eenainte de activitatea sexual\u0103. Efectele sale pot dura aproximativ patru p\u00e2n\u0103 la cinci ore, oferind o fereastr\u0103 de timp confortabil\u0103 pentru intimit\u0103\u021bi spontane. \u00cen unele cazuri, b\u0103rba\u021bii pot observa c\u0103 \u00eencepe s\u0103 func\u021bioneze \u00een doar 15 minute, de\u0219i acest lucru variaz\u0103 de la o persoan\u0103 la alta. Vardenafil este adesea prescris la o doz\u0103 ini\u021bial\u0103 de 10 mg, care poate fi ajustat\u0103 \u00een func\u021bie de r\u0103spuns \u0219i tolerabilitate.<\/p>\n<p>Vardenafil poate fi luat cu sau f\u0103r\u0103 m\u00e2ncare, de\u0219i o mas\u0103 grea sau bogat\u0103 \u00een gr\u0103simi ar putea \u00eent\u00e2rzia u\u0219or debutul ac\u021biunii sale. Efectele secundare comune includ dureri de cap u\u0219oare, \u00eenro\u0219irea fe\u021bei, congestie nazal\u0103 sau indigestie. Aceste efecte tind s\u0103 fie temporare \u0219i dispar pe m\u0103sur\u0103 ce medicamentul \u00ee\u0219i pierde efectul. Nu ar trebui utilizat \u00eempreun\u0103 cu medicamente pe baz\u0103 de nitra\u021bi sau alte substan\u021be care scad tensiunea arterial\u0103.<\/p>\n","protected":false},"excerpt":{"rendered":"<ul>\n<li>Solutie cu actiune rapida pentru disfunctie erectila<\/li>\n<li>\u00cembun\u0103t\u0103\u021be\u0219te fluxul sanguin pentru un r\u0103spuns erectil natural<\/li>\n<li>Ajut\u0103 la restabilirea \u00eencrederii \u0219i intimit\u0103\u021bii<\/li>\n<\/ul>\n","protected":false},"featured_media":749,"comment_status":"open","ping_status":"closed","template":"","meta":[],"product_brand":[],"product_cat":[96],"product_tag":[],"expert":[16],"class_list":{"0":"post-747","1":"product","2":"type-product","3":"status-publish","4":"has-post-thumbnail","6":"product_cat-tratamente-pentru-disfunctia-erectila","7":"expert-dr-c-alexandru","9":"first","10":"instock","11":"shipping-taxable","12":"product-type-variable"},"yoast_head":"<!-- This site is optimized with the Yoast SEO plugin v27.0 - https:\/\/yoast.com\/product\/yoast-seo-wordpress\/ -->\n<title>Vardenafil | \u00cembun\u0103t\u0103\u021be\u0219te Performan\u021ba \u0219i \u00cencrederea - Transtoyou<\/title>\n<meta name=\"description\" content=\"Vardenafil, disponibil la Transtoyou, \u00eembun\u0103t\u0103\u021be\u0219te intimitatea prin cre\u0219terea fluxului sanguin pentru erec\u021bii mai puternice. Cump\u0103r\u0103 acum!\" \/>\n<meta name=\"robots\" content=\"noindex, follow, max-snippet:-1, max-image-preview:large, max-video-preview:-1\" \/>\n<meta property=\"og:locale\" content=\"ro_RO\" \/>\n<meta property=\"og:type\" content=\"article\" \/>\n<meta property=\"og:title\" content=\"Vardenafil | \u00cembun\u0103t\u0103\u021be\u0219te Performan\u021ba \u0219i \u00cencrederea - Transtoyou\" \/>\n<meta property=\"og:description\" content=\"Vardenafil, disponibil la Transtoyou, \u00eembun\u0103t\u0103\u021be\u0219te intimitatea prin cre\u0219terea fluxului sanguin pentru erec\u021bii mai puternice. Cump\u0103r\u0103 acum!\" \/>\n<meta property=\"og:url\" content=\"https:\/\/www.transtoyou.com\/ro\/product\/vardenafil\/\" \/>\n<meta property=\"og:site_name\" content=\"Transtoyou - RO\" \/>\n<meta property=\"article:modified_time\" content=\"2026-03-07T13:01:52+00:00\" \/>\n<meta name=\"twitter:card\" content=\"summary_large_image\" \/>\n<meta name=\"twitter:label1\" content=\"Timp estimat pentru citire\" \/>\n\t<meta name=\"twitter:data1\" content=\"2 minute\" \/>\n<script type=\"application\/ld+json\" class=\"yoast-schema-graph\">{\"@context\":\"https:\/\/schema.org\",\"@graph\":[{\"@type\":\"WebPage\",\"@id\":\"https:\/\/www.transtoyou.com\/ro\/product\/vardenafil\/\",\"url\":\"https:\/\/www.transtoyou.com\/ro\/product\/vardenafil\/\",\"name\":\"Vardenafil | \u00cembun\u0103t\u0103\u021be\u0219te Performan\u021ba \u0219i \u00cencrederea - Transtoyou\",\"isPartOf\":{\"@id\":\"https:\/\/www.transtoyou.com\/ro\/#website\"},\"primaryImageOfPage\":{\"@id\":\"https:\/\/www.transtoyou.com\/ro\/product\/vardenafil\/#primaryimage\"},\"image\":{\"@id\":\"https:\/\/www.transtoyou.com\/ro\/product\/vardenafil\/#primaryimage\"},\"thumbnailUrl\":\"https:\/\/www.transtoyou.com\/ro\/wp-content\/uploads\/sites\/13\/2026\/01\/tty-no-product-image-89.webp\",\"datePublished\":\"2026-01-24T07:28:54+00:00\",\"dateModified\":\"2026-03-07T13:01:52+00:00\",\"description\":\"Vardenafil, disponibil la Transtoyou, \u00eembun\u0103t\u0103\u021be\u0219te intimitatea prin cre\u0219terea fluxului sanguin pentru erec\u021bii mai puternice. Cump\u0103r\u0103 acum!\",\"breadcrumb\":{\"@id\":\"https:\/\/www.transtoyou.com\/ro\/product\/vardenafil\/#breadcrumb\"},\"inLanguage\":\"ro-RO\",\"potentialAction\":[{\"@type\":\"ReadAction\",\"target\":[\"https:\/\/www.transtoyou.com\/ro\/product\/vardenafil\/\"]}]},{\"@type\":\"ImageObject\",\"inLanguage\":\"ro-RO\",\"@id\":\"https:\/\/www.transtoyou.com\/ro\/product\/vardenafil\/#primaryimage\",\"url\":\"https:\/\/www.transtoyou.com\/ro\/wp-content\/uploads\/sites\/13\/2026\/01\/tty-no-product-image-89.webp\",\"contentUrl\":\"https:\/\/www.transtoyou.com\/ro\/wp-content\/uploads\/sites\/13\/2026\/01\/tty-no-product-image-89.webp\",\"width\":1000,\"height\":1000,\"caption\":\"Imaginea implicit\u0103 a produsului\"},{\"@type\":\"WebSite\",\"@id\":\"https:\/\/www.transtoyou.com\/ro\/#website\",\"url\":\"https:\/\/www.transtoyou.com\/ro\/\",\"name\":\"Transtoyou - RO\",\"description\":\"\",\"publisher\":{\"@id\":\"https:\/\/www.transtoyou.com\/ro\/#organization\"},\"potentialAction\":[{\"@type\":\"SearchAction\",\"target\":{\"@type\":\"EntryPoint\",\"urlTemplate\":\"https:\/\/www.transtoyou.com\/ro\/?s={search_term_string}\"},\"query-input\":{\"@type\":\"PropertyValueSpecification\",\"valueRequired\":true,\"valueName\":\"search_term_string\"}}],\"inLanguage\":\"ro-RO\"},{\"@type\":\"Organization\",\"@id\":\"https:\/\/www.transtoyou.com\/ro\/#organization\",\"name\":\"Transtoyou - RO\",\"url\":\"https:\/\/www.transtoyou.com\/ro\/\",\"logo\":{\"@type\":\"ImageObject\",\"inLanguage\":\"ro-RO\",\"@id\":\"https:\/\/www.transtoyou.com\/ro\/#\/schema\/logo\/image\/\",\"url\":\"https:\/\/www.transtoyou.com\/ro\/wp-content\/uploads\/sites\/13\/2026\/01\/logo-tty-menu-bar-300x87-1.webp\",\"contentUrl\":\"https:\/\/www.transtoyou.com\/ro\/wp-content\/uploads\/sites\/13\/2026\/01\/logo-tty-menu-bar-300x87-1.webp\",\"width\":300,\"height\":87,\"caption\":\"Transtoyou - RO\"},\"image\":{\"@id\":\"https:\/\/www.transtoyou.com\/ro\/#\/schema\/logo\/image\/\"}}]}<\/script>\n<!-- \/ Yoast SEO plugin. -->","yoast_head_json":{"title":"Vardenafil | \u00cembun\u0103t\u0103\u021be\u0219te Performan\u021ba \u0219i \u00cencrederea - Transtoyou","description":"Vardenafil, disponibil la Transtoyou, \u00eembun\u0103t\u0103\u021be\u0219te intimitatea prin cre\u0219terea fluxului sanguin pentru erec\u021bii mai puternice. Cump\u0103r\u0103 acum!","robots":{"index":"noindex","follow":"follow","max-snippet":"max-snippet:-1","max-image-preview":"max-image-preview:large","max-video-preview":"max-video-preview:-1"},"og_locale":"ro_RO","og_type":"article","og_title":"Vardenafil | \u00cembun\u0103t\u0103\u021be\u0219te Performan\u021ba \u0219i \u00cencrederea - Transtoyou","og_description":"Vardenafil, disponibil la Transtoyou, \u00eembun\u0103t\u0103\u021be\u0219te intimitatea prin cre\u0219terea fluxului sanguin pentru erec\u021bii mai puternice. Cump\u0103r\u0103 acum!","og_url":"https:\/\/www.transtoyou.com\/ro\/product\/vardenafil\/","og_site_name":"Transtoyou - RO","article_modified_time":"2026-03-07T13:01:52+00:00","twitter_card":"summary_large_image","twitter_misc":{"Timp estimat pentru citire":"2 minute"},"schema":{"@context":"https:\/\/schema.org","@graph":[{"@type":"WebPage","@id":"https:\/\/www.transtoyou.com\/ro\/product\/vardenafil\/","url":"https:\/\/www.transtoyou.com\/ro\/product\/vardenafil\/","name":"Vardenafil | \u00cembun\u0103t\u0103\u021be\u0219te Performan\u021ba \u0219i \u00cencrederea - Transtoyou","isPartOf":{"@id":"https:\/\/www.transtoyou.com\/ro\/#website"},"primaryImageOfPage":{"@id":"https:\/\/www.transtoyou.com\/ro\/product\/vardenafil\/#primaryimage"},"image":{"@id":"https:\/\/www.transtoyou.com\/ro\/product\/vardenafil\/#primaryimage"},"thumbnailUrl":"https:\/\/www.transtoyou.com\/ro\/wp-content\/uploads\/sites\/13\/2026\/01\/tty-no-product-image-89.webp","datePublished":"2026-01-24T07:28:54+00:00","dateModified":"2026-03-07T13:01:52+00:00","description":"Vardenafil, disponibil la Transtoyou, \u00eembun\u0103t\u0103\u021be\u0219te intimitatea prin cre\u0219terea fluxului sanguin pentru erec\u021bii mai puternice. Cump\u0103r\u0103 acum!","breadcrumb":{"@id":"https:\/\/www.transtoyou.com\/ro\/product\/vardenafil\/#breadcrumb"},"inLanguage":"ro-RO","potentialAction":[{"@type":"ReadAction","target":["https:\/\/www.transtoyou.com\/ro\/product\/vardenafil\/"]}]},{"@type":"ImageObject","inLanguage":"ro-RO","@id":"https:\/\/www.transtoyou.com\/ro\/product\/vardenafil\/#primaryimage","url":"https:\/\/www.transtoyou.com\/ro\/wp-content\/uploads\/sites\/13\/2026\/01\/tty-no-product-image-89.webp","contentUrl":"https:\/\/www.transtoyou.com\/ro\/wp-content\/uploads\/sites\/13\/2026\/01\/tty-no-product-image-89.webp","width":1000,"height":1000,"caption":"Imaginea implicit\u0103 a produsului"},{"@type":"WebSite","@id":"https:\/\/www.transtoyou.com\/ro\/#website","url":"https:\/\/www.transtoyou.com\/ro\/","name":"Transtoyou - RO","description":"","publisher":{"@id":"https:\/\/www.transtoyou.com\/ro\/#organization"},"potentialAction":[{"@type":"SearchAction","target":{"@type":"EntryPoint","urlTemplate":"https:\/\/www.transtoyou.com\/ro\/?s={search_term_string}"},"query-input":{"@type":"PropertyValueSpecification","valueRequired":true,"valueName":"search_term_string"}}],"inLanguage":"ro-RO"},{"@type":"Organization","@id":"https:\/\/www.transtoyou.com\/ro\/#organization","name":"Transtoyou - RO","url":"https:\/\/www.transtoyou.com\/ro\/","logo":{"@type":"ImageObject","inLanguage":"ro-RO","@id":"https:\/\/www.transtoyou.com\/ro\/#\/schema\/logo\/image\/","url":"https:\/\/www.transtoyou.com\/ro\/wp-content\/uploads\/sites\/13\/2026\/01\/logo-tty-menu-bar-300x87-1.webp","contentUrl":"https:\/\/www.transtoyou.com\/ro\/wp-content\/uploads\/sites\/13\/2026\/01\/logo-tty-menu-bar-300x87-1.webp","width":300,"height":87,"caption":"Transtoyou - RO"},"image":{"@id":"https:\/\/www.transtoyou.com\/ro\/#\/schema\/logo\/image\/"}}]}},"_links":{"self":[{"href":"https:\/\/www.transtoyou.com\/ro\/wp-json\/wp\/v2\/product\/747","targetHints":{"allow":["GET"]}}],"collection":[{"href":"https:\/\/www.transtoyou.com\/ro\/wp-json\/wp\/v2\/product"}],"about":[{"href":"https:\/\/www.transtoyou.com\/ro\/wp-json\/wp\/v2\/types\/product"}],"replies":[{"embeddable":true,"href":"https:\/\/www.transtoyou.com\/ro\/wp-json\/wp\/v2\/comments?post=747"}],"wp:featuredmedia":[{"embeddable":true,"href":"https:\/\/www.transtoyou.com\/ro\/wp-json\/wp\/v2\/media\/749"}],"wp:attachment":[{"href":"https:\/\/www.transtoyou.com\/ro\/wp-json\/wp\/v2\/media?parent=747"}],"wp:term":[{"taxonomy":"product_brand","embeddable":true,"href":"https:\/\/www.transtoyou.com\/ro\/wp-json\/wp\/v2\/product_brand?post=747"},{"taxonomy":"product_cat","embeddable":true,"href":"https:\/\/www.transtoyou.com\/ro\/wp-json\/wp\/v2\/product_cat?post=747"},{"taxonomy":"product_tag","embeddable":true,"href":"https:\/\/www.transtoyou.com\/ro\/wp-json\/wp\/v2\/product_tag?post=747"},{"taxonomy":"expert","embeddable":true,"href":"https:\/\/www.transtoyou.com\/ro\/wp-json\/wp\/v2\/expert?post=747"}],"curies":[{"name":"wp","href":"https:\/\/api.w.org\/{rel}","templated":true}]}}