{"id":750,"date":"2026-01-24T07:44:08","date_gmt":"2026-01-24T07:44:08","guid":{"rendered":"https:\/\/www.transtoyou.com\/ro\/product\/viagra-connect\/"},"modified":"2026-01-24T07:45:11","modified_gmt":"2026-01-24T07:45:11","slug":"viagra-connection","status":"publish","type":"product","link":"https:\/\/www.transtoyou.com\/ro\/product\/viagra-connection\/","title":{"rendered":"Viagra Connect"},"content":{"rendered":"<p>Viagra Connect este un medicament f\u0103r\u0103 prescrip\u021bie medical\u0103 utilizat pentru tratamentul disfunc\u021biei erectile (DE) la b\u0103rba\u021bii adul\u021bi. Con\u021bine citrat de sildenafil 50 mg, care apar\u021bine unei clase de medicamente cunoscut\u0103 sub numele de inhibitori ai fosfodiesterazei de tip 5 (PDE5).<\/p>\n<p>Medicamentul func\u021bioneaz\u0103 prin cre\u0219terea fluxului de s\u00e2nge c\u0103tre penis \u00een timpul excita\u021biei sexuale. Acest lucru se realizeaz\u0103 prin inhibarea enzimei PDE5, care descompune monofosfatul de guanozin\u0103 ciclic (cGMP). Aceasta este o substan\u021b\u0103 chimic\u0103 responsabil\u0103 pentru relaxarea mu\u0219chilor netezi \u0219i permiterea cre\u0219terii fluxului de s\u00e2nge \u00een \u021besutul erectil. Cu stimularea sexual\u0103, acest proces ajut\u0103 la ob\u021binerea \u0219i men\u021binerea unei erec\u021bii.<\/p>\n<p>Viagra Connect este indicat pentru tratamentul disfunc\u021biei erectile, o afec\u021biune \u00een care un b\u0103rbat are dificult\u0103\u021bi \u00een a ob\u021bine sau a men\u021bine o erec\u021bie adecvat\u0103 pentru activitatea sexual\u0103. Nu este destinat utiliz\u0103rii de c\u0103tre persoanele f\u0103r\u0103 DE sau ca un enhancer recrea\u021bional.<\/p>\n<p>Efectele \u00eencep de obicei \u00een termen de 30 p\u00e2n\u0103 la 60 de minute de la administrarea tabletei, iar beneficiile pot dura p\u00e2n\u0103 la 4 ore, \u00een func\u021bie de r\u0103spunsul individual \u0219i de factori externi, cum ar fi consumul de alimente.<\/p>\n<p>Beneficiile Viagra Connect includ debut rapid, accesibilitate u\u0219oar\u0103 f\u0103r\u0103 prescrip\u021bie \u0219i un profil de siguran\u021b\u0103 bine stabilit. Ofer\u0103 o solu\u021bie fiabil\u0103 \u0219i convenabil\u0103 pentru b\u0103rba\u021bii cu DE u\u0219oar\u0103 p\u00e2n\u0103 la moderat\u0103, mai ales atunci c\u00e2nd este utilizat sub \u00eendrumarea medical\u0103 adecvat\u0103.<\/p>\n<p>V\u0103 rug\u0103m s\u0103 re\u021bine\u021bi c\u0103, de\u0219i medicamentul nu provoac\u0103 o erec\u021bie de unul singur, sprijin\u0103 r\u0103spunsurile fiziologice naturale la excita\u021bia sexual\u0103.<\/p>\n","protected":false},"excerpt":{"rendered":"<ul>\n<li>Tratament rapid pentru disfunc\u021bia erectil\u0103<\/li>\n<li>Eficient timp de p\u00e2n\u0103 la 4 ore<\/li>\n<li>Disponibil f\u0103r\u0103 re\u021bet\u0103<\/li>\n<\/ul>\n","protected":false},"featured_media":752,"comment_status":"open","ping_status":"closed","template":"","meta":[],"product_brand":[],"product_cat":[96],"product_tag":[],"expert":[19],"class_list":{"0":"post-750","1":"product","2":"type-product","3":"status-publish","4":"has-post-thumbnail","6":"product_cat-tratamente-pentru-disfunctia-erectila","7":"expert-dr-j-vazquez","9":"first","10":"instock","11":"shipping-taxable","12":"product-type-variable"},"yoast_head":"<!-- This site is optimized with the Yoast SEO plugin v27.0 - https:\/\/yoast.com\/product\/yoast-seo-wordpress\/ -->\n<title>Viagra Connect | \u00cembun\u0103t\u0103\u021be\u0219te Fluxul Sanguin Natural - Transtoyou<\/title>\n<meta name=\"description\" content=\"Viagra Connect, disponibil aici, ajut\u0103 la tratarea disfunc\u021biei erectile prin \u00eembun\u0103t\u0103\u021birea circula\u021biei s\u00e2ngelui. Cump\u0103r\u0103 acum pentru o solu\u021bie eficient\u0103.\" \/>\n<meta name=\"robots\" content=\"noindex, follow, max-snippet:-1, max-image-preview:large, max-video-preview:-1\" \/>\n<meta property=\"og:locale\" content=\"ro_RO\" \/>\n<meta property=\"og:type\" content=\"article\" \/>\n<meta property=\"og:title\" content=\"Viagra Connect | \u00cembun\u0103t\u0103\u021be\u0219te Fluxul Sanguin Natural - Transtoyou\" \/>\n<meta property=\"og:description\" content=\"Viagra Connect, disponibil aici, ajut\u0103 la tratarea disfunc\u021biei erectile prin \u00eembun\u0103t\u0103\u021birea circula\u021biei s\u00e2ngelui. Cump\u0103r\u0103 acum pentru o solu\u021bie eficient\u0103.\" \/>\n<meta property=\"og:url\" content=\"https:\/\/www.transtoyou.com\/ro\/product\/viagra-connect\/\" \/>\n<meta property=\"og:site_name\" content=\"Transtoyou - RO\" \/>\n<meta property=\"article:modified_time\" content=\"2026-01-24T07:45:11+00:00\" \/>\n<meta name=\"twitter:card\" content=\"summary_large_image\" \/>\n<meta name=\"twitter:label1\" content=\"Timp estimat pentru citire\" \/>\n\t<meta name=\"twitter:data1\" content=\"1 minut\" \/>\n<script type=\"application\/ld+json\" class=\"yoast-schema-graph\">{\"@context\":\"https:\/\/schema.org\",\"@graph\":[{\"@type\":\"WebPage\",\"@id\":\"https:\/\/www.transtoyou.com\/ro\/product\/viagra-connect\/\",\"url\":\"https:\/\/www.transtoyou.com\/ro\/product\/viagra-connect\/\",\"name\":\"Viagra Connect | \u00cembun\u0103t\u0103\u021be\u0219te Fluxul Sanguin Natural - Transtoyou\",\"isPartOf\":{\"@id\":\"https:\/\/www.transtoyou.com\/ro\/#website\"},\"primaryImageOfPage\":{\"@id\":\"https:\/\/www.transtoyou.com\/ro\/product\/viagra-connect\/#primaryimage\"},\"image\":{\"@id\":\"https:\/\/www.transtoyou.com\/ro\/product\/viagra-connect\/#primaryimage\"},\"thumbnailUrl\":\"https:\/\/www.transtoyou.com\/ro\/wp-content\/uploads\/sites\/13\/2026\/01\/tty-no-product-image-90.webp\",\"datePublished\":\"2026-01-24T07:44:08+00:00\",\"dateModified\":\"2026-01-24T07:45:11+00:00\",\"description\":\"Viagra Connect, disponibil aici, ajut\u0103 la tratarea disfunc\u021biei erectile prin \u00eembun\u0103t\u0103\u021birea circula\u021biei s\u00e2ngelui. Cump\u0103r\u0103 acum pentru o solu\u021bie eficient\u0103.\",\"breadcrumb\":{\"@id\":\"https:\/\/www.transtoyou.com\/ro\/product\/viagra-connect\/#breadcrumb\"},\"inLanguage\":\"ro-RO\",\"potentialAction\":[{\"@type\":\"ReadAction\",\"target\":[\"https:\/\/www.transtoyou.com\/ro\/product\/viagra-connect\/\"]}]},{\"@type\":\"ImageObject\",\"inLanguage\":\"ro-RO\",\"@id\":\"https:\/\/www.transtoyou.com\/ro\/product\/viagra-connect\/#primaryimage\",\"url\":\"https:\/\/www.transtoyou.com\/ro\/wp-content\/uploads\/sites\/13\/2026\/01\/tty-no-product-image-90.webp\",\"contentUrl\":\"https:\/\/www.transtoyou.com\/ro\/wp-content\/uploads\/sites\/13\/2026\/01\/tty-no-product-image-90.webp\",\"width\":1000,\"height\":1000,\"caption\":\"Imaginea implicit\u0103 a produsului\"},{\"@type\":\"WebSite\",\"@id\":\"https:\/\/www.transtoyou.com\/ro\/#website\",\"url\":\"https:\/\/www.transtoyou.com\/ro\/\",\"name\":\"Transtoyou - RO\",\"description\":\"\",\"publisher\":{\"@id\":\"https:\/\/www.transtoyou.com\/ro\/#organization\"},\"potentialAction\":[{\"@type\":\"SearchAction\",\"target\":{\"@type\":\"EntryPoint\",\"urlTemplate\":\"https:\/\/www.transtoyou.com\/ro\/?s={search_term_string}\"},\"query-input\":{\"@type\":\"PropertyValueSpecification\",\"valueRequired\":true,\"valueName\":\"search_term_string\"}}],\"inLanguage\":\"ro-RO\"},{\"@type\":\"Organization\",\"@id\":\"https:\/\/www.transtoyou.com\/ro\/#organization\",\"name\":\"Transtoyou - RO\",\"url\":\"https:\/\/www.transtoyou.com\/ro\/\",\"logo\":{\"@type\":\"ImageObject\",\"inLanguage\":\"ro-RO\",\"@id\":\"https:\/\/www.transtoyou.com\/ro\/#\/schema\/logo\/image\/\",\"url\":\"https:\/\/www.transtoyou.com\/ro\/wp-content\/uploads\/sites\/13\/2026\/01\/logo-tty-menu-bar-300x87-1.webp\",\"contentUrl\":\"https:\/\/www.transtoyou.com\/ro\/wp-content\/uploads\/sites\/13\/2026\/01\/logo-tty-menu-bar-300x87-1.webp\",\"width\":300,\"height\":87,\"caption\":\"Transtoyou - RO\"},\"image\":{\"@id\":\"https:\/\/www.transtoyou.com\/ro\/#\/schema\/logo\/image\/\"}}]}<\/script>\n<!-- \/ Yoast SEO plugin. -->","yoast_head_json":{"title":"Viagra Connect | \u00cembun\u0103t\u0103\u021be\u0219te Fluxul Sanguin Natural - Transtoyou","description":"Viagra Connect, disponibil aici, ajut\u0103 la tratarea disfunc\u021biei erectile prin \u00eembun\u0103t\u0103\u021birea circula\u021biei s\u00e2ngelui. Cump\u0103r\u0103 acum pentru o solu\u021bie eficient\u0103.","robots":{"index":"noindex","follow":"follow","max-snippet":"max-snippet:-1","max-image-preview":"max-image-preview:large","max-video-preview":"max-video-preview:-1"},"og_locale":"ro_RO","og_type":"article","og_title":"Viagra Connect | \u00cembun\u0103t\u0103\u021be\u0219te Fluxul Sanguin Natural - Transtoyou","og_description":"Viagra Connect, disponibil aici, ajut\u0103 la tratarea disfunc\u021biei erectile prin \u00eembun\u0103t\u0103\u021birea circula\u021biei s\u00e2ngelui. Cump\u0103r\u0103 acum pentru o solu\u021bie eficient\u0103.","og_url":"https:\/\/www.transtoyou.com\/ro\/product\/viagra-connect\/","og_site_name":"Transtoyou - RO","article_modified_time":"2026-01-24T07:45:11+00:00","twitter_card":"summary_large_image","twitter_misc":{"Timp estimat pentru citire":"1 minut"},"schema":{"@context":"https:\/\/schema.org","@graph":[{"@type":"WebPage","@id":"https:\/\/www.transtoyou.com\/ro\/product\/viagra-connect\/","url":"https:\/\/www.transtoyou.com\/ro\/product\/viagra-connect\/","name":"Viagra Connect | \u00cembun\u0103t\u0103\u021be\u0219te Fluxul Sanguin Natural - Transtoyou","isPartOf":{"@id":"https:\/\/www.transtoyou.com\/ro\/#website"},"primaryImageOfPage":{"@id":"https:\/\/www.transtoyou.com\/ro\/product\/viagra-connect\/#primaryimage"},"image":{"@id":"https:\/\/www.transtoyou.com\/ro\/product\/viagra-connect\/#primaryimage"},"thumbnailUrl":"https:\/\/www.transtoyou.com\/ro\/wp-content\/uploads\/sites\/13\/2026\/01\/tty-no-product-image-90.webp","datePublished":"2026-01-24T07:44:08+00:00","dateModified":"2026-01-24T07:45:11+00:00","description":"Viagra Connect, disponibil aici, ajut\u0103 la tratarea disfunc\u021biei erectile prin \u00eembun\u0103t\u0103\u021birea circula\u021biei s\u00e2ngelui. Cump\u0103r\u0103 acum pentru o solu\u021bie eficient\u0103.","breadcrumb":{"@id":"https:\/\/www.transtoyou.com\/ro\/product\/viagra-connect\/#breadcrumb"},"inLanguage":"ro-RO","potentialAction":[{"@type":"ReadAction","target":["https:\/\/www.transtoyou.com\/ro\/product\/viagra-connect\/"]}]},{"@type":"ImageObject","inLanguage":"ro-RO","@id":"https:\/\/www.transtoyou.com\/ro\/product\/viagra-connect\/#primaryimage","url":"https:\/\/www.transtoyou.com\/ro\/wp-content\/uploads\/sites\/13\/2026\/01\/tty-no-product-image-90.webp","contentUrl":"https:\/\/www.transtoyou.com\/ro\/wp-content\/uploads\/sites\/13\/2026\/01\/tty-no-product-image-90.webp","width":1000,"height":1000,"caption":"Imaginea implicit\u0103 a produsului"},{"@type":"WebSite","@id":"https:\/\/www.transtoyou.com\/ro\/#website","url":"https:\/\/www.transtoyou.com\/ro\/","name":"Transtoyou - RO","description":"","publisher":{"@id":"https:\/\/www.transtoyou.com\/ro\/#organization"},"potentialAction":[{"@type":"SearchAction","target":{"@type":"EntryPoint","urlTemplate":"https:\/\/www.transtoyou.com\/ro\/?s={search_term_string}"},"query-input":{"@type":"PropertyValueSpecification","valueRequired":true,"valueName":"search_term_string"}}],"inLanguage":"ro-RO"},{"@type":"Organization","@id":"https:\/\/www.transtoyou.com\/ro\/#organization","name":"Transtoyou - RO","url":"https:\/\/www.transtoyou.com\/ro\/","logo":{"@type":"ImageObject","inLanguage":"ro-RO","@id":"https:\/\/www.transtoyou.com\/ro\/#\/schema\/logo\/image\/","url":"https:\/\/www.transtoyou.com\/ro\/wp-content\/uploads\/sites\/13\/2026\/01\/logo-tty-menu-bar-300x87-1.webp","contentUrl":"https:\/\/www.transtoyou.com\/ro\/wp-content\/uploads\/sites\/13\/2026\/01\/logo-tty-menu-bar-300x87-1.webp","width":300,"height":87,"caption":"Transtoyou - RO"},"image":{"@id":"https:\/\/www.transtoyou.com\/ro\/#\/schema\/logo\/image\/"}}]}},"_links":{"self":[{"href":"https:\/\/www.transtoyou.com\/ro\/wp-json\/wp\/v2\/product\/750","targetHints":{"allow":["GET"]}}],"collection":[{"href":"https:\/\/www.transtoyou.com\/ro\/wp-json\/wp\/v2\/product"}],"about":[{"href":"https:\/\/www.transtoyou.com\/ro\/wp-json\/wp\/v2\/types\/product"}],"replies":[{"embeddable":true,"href":"https:\/\/www.transtoyou.com\/ro\/wp-json\/wp\/v2\/comments?post=750"}],"wp:featuredmedia":[{"embeddable":true,"href":"https:\/\/www.transtoyou.com\/ro\/wp-json\/wp\/v2\/media\/752"}],"wp:attachment":[{"href":"https:\/\/www.transtoyou.com\/ro\/wp-json\/wp\/v2\/media?parent=750"}],"wp:term":[{"taxonomy":"product_brand","embeddable":true,"href":"https:\/\/www.transtoyou.com\/ro\/wp-json\/wp\/v2\/product_brand?post=750"},{"taxonomy":"product_cat","embeddable":true,"href":"https:\/\/www.transtoyou.com\/ro\/wp-json\/wp\/v2\/product_cat?post=750"},{"taxonomy":"product_tag","embeddable":true,"href":"https:\/\/www.transtoyou.com\/ro\/wp-json\/wp\/v2\/product_tag?post=750"},{"taxonomy":"expert","embeddable":true,"href":"https:\/\/www.transtoyou.com\/ro\/wp-json\/wp\/v2\/expert?post=750"}],"curies":[{"name":"wp","href":"https:\/\/api.w.org\/{rel}","templated":true}]}}