{"id":766,"date":"2026-01-24T09:13:22","date_gmt":"2026-01-24T09:13:22","guid":{"rendered":"https:\/\/www.transtoyou.com\/ro\/product\/cialis\/"},"modified":"2026-01-24T09:14:30","modified_gmt":"2026-01-24T09:14:30","slug":"cialis","status":"publish","type":"product","link":"https:\/\/www.transtoyou.com\/ro\/product\/cialis\/","title":{"rendered":"Cialis"},"content":{"rendered":"<p>Cialis este un medicament pentru tratamentul disfunc\u021biei erectile (DE). Ingredientul s\u0103u activ, tadalafil, ac\u021bioneaz\u0103 prin \u00eembun\u0103t\u0103\u021birea fluxului de s\u00e2nge c\u0103tre penis, ajut\u00e2nd b\u0103rba\u021bii s\u0103 ob\u021bin\u0103 \u0219i s\u0103 men\u021bin\u0103 o erec\u021bie atunci c\u00e2nd sunt stimula\u021bi sexual. Ceea ce diferen\u021biaz\u0103 Cialis de alte tratamente pentru DE este flexibilitatea sa; poate fi luat fie la nevoie \u00eenainte de activitatea sexual\u0103, fie ca un comprimat zilnic cu doz\u0103 mic\u0103, \u00een func\u021bie de stilul de via\u021b\u0103 \u0219i preferin\u021bele utilizatorului.<\/p>\n<p>Pentru b\u0103rba\u021bii care prefer\u0103 spontaneitatea, Cialis este disponibil \u00eentr-o dozare standard, de 10 &#8211; 20 mg, care poate fi luat\u0103 la cerere, cu aproximativ 30 de minute \u00eenainte de intimitate. Efectele sale pot dura p\u00e2n\u0103 la 36 de ore, oferind o fereastr\u0103 generoas\u0103 de timp pentru activitate sexual\u0103 natural\u0103 \u0219i f\u0103r\u0103 presiune.<\/p>\n<p>Aceast\u0103 durat\u0103 mai lung\u0103 este adesea apreciat\u0103 de cuplurile care valorizeaz\u0103 intimitatea f\u0103r\u0103 un program strict. Alternativ, Cialis este prescris \u0219i ca un comprimat zilnic, luat la o doz\u0103 mai mic\u0103 (2,5 &#8211; 5 mg) \u00een fiecare zi, indiferent de momentul \u00een care este planificat\u0103 activitatea sexual\u0103. Aceast\u0103 op\u021biune ofer\u0103 suport continuu \u0219i elimin\u0103 necesitatea de a sincroniza medicamentul.<\/p>\n<p>Este deosebit de util pentru b\u0103rba\u021bii care au activitate sexual\u0103 regulat\u0103 sau care prefer\u0103 s\u0103 fie preg\u0103ti\u021bi \u00een orice moment f\u0103r\u0103 a planifica \u00een avans. Cialis se ia pe cale oral\u0103 \u0219i poate fi utilizat cu sau f\u0103r\u0103 alimente. \u00cencepe s\u0103 ac\u021bioneze \u00een termen de 30 p\u00e2n\u0103 la 60 de minute pentru majoritatea utilizatorilor.<\/p>\n<p>Efectele secundare posibile includ dureri de cap, indigestie, dureri musculare sau \u00eenro\u0219irea fe\u021bei, de\u0219i majoritatea sunt u\u0219oare \u0219i temporare. Cialis nu ar trebui combinat cu nitra\u021bi sau anumite medicamente pentru tensiunea arterial\u0103.<\/p>\n","protected":false},"excerpt":{"rendered":"<ul>\n<li>Efec\u021biuni de lung\u0103 durat\u0103 de p\u00e2n\u0103 la 36 de ore<\/li>\n<li>Trateaz\u0103 disfunc\u021bia erectil\u0103 \u0219i HBP<\/li>\n<li>Ac\u021biune rapid\u0103, func\u021bioneaz\u0103 \u00een 30 de minute<\/li>\n<\/ul>\n","protected":false},"featured_media":768,"comment_status":"open","ping_status":"closed","template":"","meta":[],"product_brand":[],"product_cat":[96],"product_tag":[],"expert":[18],"class_list":{"0":"post-766","1":"product","2":"type-product","3":"status-publish","4":"has-post-thumbnail","6":"product_cat-tratamente-pentru-disfunctia-erectila","7":"expert-dr-g-varbanov","9":"first","10":"instock","11":"shipping-taxable","12":"product-type-variable"},"yoast_head":"<!-- This site is optimized with the Yoast SEO plugin v27.0 - https:\/\/yoast.com\/product\/yoast-seo-wordpress\/ -->\n<title>Cialis - Transtoyou - RO<\/title>\n<meta name=\"robots\" content=\"noindex, follow, max-snippet:-1, max-image-preview:large, max-video-preview:-1\" \/>\n<meta property=\"og:locale\" content=\"ro_RO\" \/>\n<meta property=\"og:type\" content=\"article\" \/>\n<meta property=\"og:title\" content=\"Cialis - Transtoyou - RO\" \/>\n<meta property=\"og:description\" content=\"Efec\u021biuni de lung\u0103 durat\u0103 de p\u00e2n\u0103 la 36 de ore  Trateaz\u0103 disfunc\u021bia erectil\u0103 \u0219i HBP  Ac\u021biune rapid\u0103, func\u021bioneaz\u0103 \u00een 30 de minute\" \/>\n<meta property=\"og:url\" content=\"https:\/\/www.transtoyou.com\/ro\/product\/cialis\/\" \/>\n<meta property=\"og:site_name\" content=\"Transtoyou - RO\" \/>\n<meta property=\"article:modified_time\" content=\"2026-01-24T09:14:30+00:00\" \/>\n<meta property=\"og:image\" content=\"https:\/\/www.transtoyou.com\/ro\/wp-content\/uploads\/sites\/13\/2026\/01\/tty-no-product-image-96.webp\" \/>\n\t<meta property=\"og:image:width\" content=\"1000\" \/>\n\t<meta property=\"og:image:height\" content=\"1000\" \/>\n\t<meta property=\"og:image:type\" content=\"image\/webp\" \/>\n<meta name=\"twitter:card\" content=\"summary_large_image\" \/>\n<meta name=\"twitter:label1\" content=\"Timp estimat pentru citire\" \/>\n\t<meta name=\"twitter:data1\" content=\"2 minute\" \/>\n<script type=\"application\/ld+json\" class=\"yoast-schema-graph\">{\"@context\":\"https:\/\/schema.org\",\"@graph\":[{\"@type\":\"WebPage\",\"@id\":\"https:\/\/www.transtoyou.com\/ro\/product\/cialis\/\",\"url\":\"https:\/\/www.transtoyou.com\/ro\/product\/cialis\/\",\"name\":\"Cialis - Transtoyou - RO\",\"isPartOf\":{\"@id\":\"https:\/\/www.transtoyou.com\/ro\/#website\"},\"primaryImageOfPage\":{\"@id\":\"https:\/\/www.transtoyou.com\/ro\/product\/cialis\/#primaryimage\"},\"image\":{\"@id\":\"https:\/\/www.transtoyou.com\/ro\/product\/cialis\/#primaryimage\"},\"thumbnailUrl\":\"https:\/\/www.transtoyou.com\/ro\/wp-content\/uploads\/sites\/13\/2026\/01\/tty-no-product-image-96.webp\",\"datePublished\":\"2026-01-24T09:13:22+00:00\",\"dateModified\":\"2026-01-24T09:14:30+00:00\",\"breadcrumb\":{\"@id\":\"https:\/\/www.transtoyou.com\/ro\/product\/cialis\/#breadcrumb\"},\"inLanguage\":\"ro-RO\",\"potentialAction\":[{\"@type\":\"ReadAction\",\"target\":[\"https:\/\/www.transtoyou.com\/ro\/product\/cialis\/\"]}]},{\"@type\":\"ImageObject\",\"inLanguage\":\"ro-RO\",\"@id\":\"https:\/\/www.transtoyou.com\/ro\/product\/cialis\/#primaryimage\",\"url\":\"https:\/\/www.transtoyou.com\/ro\/wp-content\/uploads\/sites\/13\/2026\/01\/tty-no-product-image-96.webp\",\"contentUrl\":\"https:\/\/www.transtoyou.com\/ro\/wp-content\/uploads\/sites\/13\/2026\/01\/tty-no-product-image-96.webp\",\"width\":1000,\"height\":1000,\"caption\":\"Imaginea implicit\u0103 a produsului\"},{\"@type\":\"WebSite\",\"@id\":\"https:\/\/www.transtoyou.com\/ro\/#website\",\"url\":\"https:\/\/www.transtoyou.com\/ro\/\",\"name\":\"Transtoyou - RO\",\"description\":\"\",\"publisher\":{\"@id\":\"https:\/\/www.transtoyou.com\/ro\/#organization\"},\"potentialAction\":[{\"@type\":\"SearchAction\",\"target\":{\"@type\":\"EntryPoint\",\"urlTemplate\":\"https:\/\/www.transtoyou.com\/ro\/?s={search_term_string}\"},\"query-input\":{\"@type\":\"PropertyValueSpecification\",\"valueRequired\":true,\"valueName\":\"search_term_string\"}}],\"inLanguage\":\"ro-RO\"},{\"@type\":\"Organization\",\"@id\":\"https:\/\/www.transtoyou.com\/ro\/#organization\",\"name\":\"Transtoyou - RO\",\"url\":\"https:\/\/www.transtoyou.com\/ro\/\",\"logo\":{\"@type\":\"ImageObject\",\"inLanguage\":\"ro-RO\",\"@id\":\"https:\/\/www.transtoyou.com\/ro\/#\/schema\/logo\/image\/\",\"url\":\"https:\/\/www.transtoyou.com\/ro\/wp-content\/uploads\/sites\/13\/2026\/01\/logo-tty-menu-bar-300x87-1.webp\",\"contentUrl\":\"https:\/\/www.transtoyou.com\/ro\/wp-content\/uploads\/sites\/13\/2026\/01\/logo-tty-menu-bar-300x87-1.webp\",\"width\":300,\"height\":87,\"caption\":\"Transtoyou - RO\"},\"image\":{\"@id\":\"https:\/\/www.transtoyou.com\/ro\/#\/schema\/logo\/image\/\"}}]}<\/script>\n<!-- \/ Yoast SEO plugin. -->","yoast_head_json":{"title":"Cialis - Transtoyou - RO","robots":{"index":"noindex","follow":"follow","max-snippet":"max-snippet:-1","max-image-preview":"max-image-preview:large","max-video-preview":"max-video-preview:-1"},"og_locale":"ro_RO","og_type":"article","og_title":"Cialis - Transtoyou - RO","og_description":"Efec\u021biuni de lung\u0103 durat\u0103 de p\u00e2n\u0103 la 36 de ore  Trateaz\u0103 disfunc\u021bia erectil\u0103 \u0219i HBP  Ac\u021biune rapid\u0103, func\u021bioneaz\u0103 \u00een 30 de minute","og_url":"https:\/\/www.transtoyou.com\/ro\/product\/cialis\/","og_site_name":"Transtoyou - RO","article_modified_time":"2026-01-24T09:14:30+00:00","og_image":[{"width":1000,"height":1000,"url":"https:\/\/www.transtoyou.com\/ro\/wp-content\/uploads\/sites\/13\/2026\/01\/tty-no-product-image-96.webp","type":"image\/webp"}],"twitter_card":"summary_large_image","twitter_misc":{"Timp estimat pentru citire":"2 minute"},"schema":{"@context":"https:\/\/schema.org","@graph":[{"@type":"WebPage","@id":"https:\/\/www.transtoyou.com\/ro\/product\/cialis\/","url":"https:\/\/www.transtoyou.com\/ro\/product\/cialis\/","name":"Cialis - Transtoyou - RO","isPartOf":{"@id":"https:\/\/www.transtoyou.com\/ro\/#website"},"primaryImageOfPage":{"@id":"https:\/\/www.transtoyou.com\/ro\/product\/cialis\/#primaryimage"},"image":{"@id":"https:\/\/www.transtoyou.com\/ro\/product\/cialis\/#primaryimage"},"thumbnailUrl":"https:\/\/www.transtoyou.com\/ro\/wp-content\/uploads\/sites\/13\/2026\/01\/tty-no-product-image-96.webp","datePublished":"2026-01-24T09:13:22+00:00","dateModified":"2026-01-24T09:14:30+00:00","breadcrumb":{"@id":"https:\/\/www.transtoyou.com\/ro\/product\/cialis\/#breadcrumb"},"inLanguage":"ro-RO","potentialAction":[{"@type":"ReadAction","target":["https:\/\/www.transtoyou.com\/ro\/product\/cialis\/"]}]},{"@type":"ImageObject","inLanguage":"ro-RO","@id":"https:\/\/www.transtoyou.com\/ro\/product\/cialis\/#primaryimage","url":"https:\/\/www.transtoyou.com\/ro\/wp-content\/uploads\/sites\/13\/2026\/01\/tty-no-product-image-96.webp","contentUrl":"https:\/\/www.transtoyou.com\/ro\/wp-content\/uploads\/sites\/13\/2026\/01\/tty-no-product-image-96.webp","width":1000,"height":1000,"caption":"Imaginea implicit\u0103 a produsului"},{"@type":"WebSite","@id":"https:\/\/www.transtoyou.com\/ro\/#website","url":"https:\/\/www.transtoyou.com\/ro\/","name":"Transtoyou - RO","description":"","publisher":{"@id":"https:\/\/www.transtoyou.com\/ro\/#organization"},"potentialAction":[{"@type":"SearchAction","target":{"@type":"EntryPoint","urlTemplate":"https:\/\/www.transtoyou.com\/ro\/?s={search_term_string}"},"query-input":{"@type":"PropertyValueSpecification","valueRequired":true,"valueName":"search_term_string"}}],"inLanguage":"ro-RO"},{"@type":"Organization","@id":"https:\/\/www.transtoyou.com\/ro\/#organization","name":"Transtoyou - RO","url":"https:\/\/www.transtoyou.com\/ro\/","logo":{"@type":"ImageObject","inLanguage":"ro-RO","@id":"https:\/\/www.transtoyou.com\/ro\/#\/schema\/logo\/image\/","url":"https:\/\/www.transtoyou.com\/ro\/wp-content\/uploads\/sites\/13\/2026\/01\/logo-tty-menu-bar-300x87-1.webp","contentUrl":"https:\/\/www.transtoyou.com\/ro\/wp-content\/uploads\/sites\/13\/2026\/01\/logo-tty-menu-bar-300x87-1.webp","width":300,"height":87,"caption":"Transtoyou - RO"},"image":{"@id":"https:\/\/www.transtoyou.com\/ro\/#\/schema\/logo\/image\/"}}]}},"_links":{"self":[{"href":"https:\/\/www.transtoyou.com\/ro\/wp-json\/wp\/v2\/product\/766","targetHints":{"allow":["GET"]}}],"collection":[{"href":"https:\/\/www.transtoyou.com\/ro\/wp-json\/wp\/v2\/product"}],"about":[{"href":"https:\/\/www.transtoyou.com\/ro\/wp-json\/wp\/v2\/types\/product"}],"replies":[{"embeddable":true,"href":"https:\/\/www.transtoyou.com\/ro\/wp-json\/wp\/v2\/comments?post=766"}],"wp:featuredmedia":[{"embeddable":true,"href":"https:\/\/www.transtoyou.com\/ro\/wp-json\/wp\/v2\/media\/768"}],"wp:attachment":[{"href":"https:\/\/www.transtoyou.com\/ro\/wp-json\/wp\/v2\/media?parent=766"}],"wp:term":[{"taxonomy":"product_brand","embeddable":true,"href":"https:\/\/www.transtoyou.com\/ro\/wp-json\/wp\/v2\/product_brand?post=766"},{"taxonomy":"product_cat","embeddable":true,"href":"https:\/\/www.transtoyou.com\/ro\/wp-json\/wp\/v2\/product_cat?post=766"},{"taxonomy":"product_tag","embeddable":true,"href":"https:\/\/www.transtoyou.com\/ro\/wp-json\/wp\/v2\/product_tag?post=766"},{"taxonomy":"expert","embeddable":true,"href":"https:\/\/www.transtoyou.com\/ro\/wp-json\/wp\/v2\/expert?post=766"}],"curies":[{"name":"wp","href":"https:\/\/api.w.org\/{rel}","templated":true}]}}