{"id":769,"date":"2026-01-24T09:29:10","date_gmt":"2026-01-24T09:29:10","guid":{"rendered":"https:\/\/www.transtoyou.com\/ro\/product\/caverject-alprostadil\/"},"modified":"2026-01-24T09:30:22","modified_gmt":"2026-01-24T09:30:22","slug":"caverject-alprostadil","status":"publish","type":"product","link":"https:\/\/www.transtoyou.com\/ro\/product\/caverject-alprostadil\/","title":{"rendered":"Caverject (Alprostadil)"},"content":{"rendered":"<p>Caverject este un medicament pe baz\u0103 de re\u021bet\u0103 utilizat pentru a trata disfunc\u021bia erectil\u0103 (DE) la b\u0103rba\u021bii adul\u021bi. Con\u021bine alprostadil, o substan\u021b\u0103 care apare \u00een mod natural \u0219i care ajut\u0103 la cre\u0219terea fluxului sanguin c\u0103tre penis.<\/p>\n<p>C\u00e2nd este injectat direct \u00een \u021besutul erectil, ac\u021bioneaz\u0103 prin relaxarea vaselor de s\u00e2nge \u0219i a mu\u0219chilor din penis, permi\u021b\u00e2nd s\u00e2ngelui s\u0103 curg\u0103 \u0219i s\u0103 produc\u0103 o erec\u021bie suficient de ferm\u0103 pentru activitatea sexual\u0103.<\/p>\n<p>Spre deosebire de medicamentele orale pentru DE, Caverject ac\u021bioneaz\u0103 local \u0219i nu depinde de stimularea sexual\u0103 pentru a \u00eencepe s\u0103 func\u021bioneze. Efectele sale sunt de obicei resim\u021bite \u00een termen de 5 p\u00e2n\u0103 la 20 de minute dup\u0103 injec\u021bie \u0219i pot dura aproximativ 30 p\u00e2n\u0103 la 60 de minute, de\u0219i durata exact\u0103 variaz\u0103 \u00een func\u021bie de individ. Acest lucru \u00eel face o op\u021biune fiabil\u0103 pentru b\u0103rba\u021bii care nu au r\u0103spuns bine la tratamentele orale sau care nu pot s\u0103 le ia din cauza altor afec\u021biuni de s\u0103n\u0103tate sau medicamente.<\/p>\n<p>Caverject este furnizat sub form\u0103 de pulbere \u0219i diluant care sunt amestecate \u00eenainte de utilizare \u0219i vine cu o ac de foarte fin pentru auto-injec\u021bie \u00een partea lateral\u0103 a penisului. Este important s\u0103 urmezi cu aten\u021bie instruc\u021biunile pentru a evita complica\u021biile \u0219i s\u0103 schimbi locurile de injec\u021bie pentru a preveni deteriorarea \u021besutului.<\/p>\n<p>Efectele secundare comune pot include durere u\u0219oar\u0103 la locul injec\u021biei, o senza\u021bie de plenitudine \u00een penis sau v\u00e2n\u0103t\u0103i u\u0219oare. Efectele secundare rare, dar grave, includ erec\u021bie prelungit\u0103 (priapism) sau fibroz\u0103 penile (cicatrizare). Caverject nu trebuie utilizat mai mult de o dat\u0103 \u00eentr-o perioad\u0103 de 24 de ore \u0219i nu mai mult de trei ori pe s\u0103pt\u0103m\u00e2n\u0103.<\/p>\n","protected":false},"excerpt":{"rendered":"<ul>\n<li>Sprijin rapid \u0219i de \u00eencredere pentru erec\u021bie<\/li>\n<li>Func\u021bioneaz\u0103 atunci c\u00e2nd comprimatele orale e\u0219ueaz\u0103<\/li>\n<li>Ac\u021biune local\u0103, efecte secundare minime<\/li>\n<\/ul>\n","protected":false},"featured_media":771,"comment_status":"open","ping_status":"closed","template":"","meta":[],"product_brand":[],"product_cat":[96],"product_tag":[],"expert":[18],"class_list":{"0":"post-769","1":"product","2":"type-product","3":"status-publish","4":"has-post-thumbnail","6":"product_cat-tratamente-pentru-disfunctia-erectila","7":"expert-dr-g-varbanov","9":"first","10":"instock","11":"shipping-taxable","12":"product-type-variable"},"yoast_head":"<!-- This site is optimized with the Yoast SEO plugin v27.0 - https:\/\/yoast.com\/product\/yoast-seo-wordpress\/ -->\n<title>Caverject (Alprostadil) | Solu\u021bie Rapid\u0103 pentru ED - Transtoyou<\/title>\n<meta name=\"description\" content=\"Caverject (Alprostadil) trateaz\u0103 eficient disfunc\u021bia erectil\u0103 prin cre\u0219terea fluxului sanguin local. Disponibil la Transtoyou, ideal pentru cei care nu r\u0103spund la medicamentele orale.\" \/>\n<meta name=\"robots\" content=\"noindex, follow, max-snippet:-1, max-image-preview:large, max-video-preview:-1\" \/>\n<meta property=\"og:locale\" content=\"ro_RO\" \/>\n<meta property=\"og:type\" content=\"article\" \/>\n<meta property=\"og:title\" content=\"Caverject (Alprostadil) | Solu\u021bie Rapid\u0103 pentru ED - Transtoyou\" \/>\n<meta property=\"og:description\" content=\"Caverject (Alprostadil) trateaz\u0103 eficient disfunc\u021bia erectil\u0103 prin cre\u0219terea fluxului sanguin local. Disponibil la Transtoyou, ideal pentru cei care nu r\u0103spund la medicamentele orale.\" \/>\n<meta property=\"og:url\" content=\"https:\/\/www.transtoyou.com\/ro\/product\/caverject-alprostadil\/\" \/>\n<meta property=\"og:site_name\" content=\"Transtoyou - RO\" \/>\n<meta property=\"article:modified_time\" content=\"2026-01-24T09:30:22+00:00\" \/>\n<meta name=\"twitter:card\" content=\"summary_large_image\" \/>\n<meta name=\"twitter:label1\" content=\"Timp estimat pentru citire\" \/>\n\t<meta name=\"twitter:data1\" content=\"2 minute\" \/>\n<script type=\"application\/ld+json\" class=\"yoast-schema-graph\">{\"@context\":\"https:\/\/schema.org\",\"@graph\":[{\"@type\":\"WebPage\",\"@id\":\"https:\/\/www.transtoyou.com\/ro\/product\/caverject-alprostadil\/\",\"url\":\"https:\/\/www.transtoyou.com\/ro\/product\/caverject-alprostadil\/\",\"name\":\"Caverject (Alprostadil) | Solu\u021bie Rapid\u0103 pentru ED - Transtoyou\",\"isPartOf\":{\"@id\":\"https:\/\/www.transtoyou.com\/ro\/#website\"},\"primaryImageOfPage\":{\"@id\":\"https:\/\/www.transtoyou.com\/ro\/product\/caverject-alprostadil\/#primaryimage\"},\"image\":{\"@id\":\"https:\/\/www.transtoyou.com\/ro\/product\/caverject-alprostadil\/#primaryimage\"},\"thumbnailUrl\":\"https:\/\/www.transtoyou.com\/ro\/wp-content\/uploads\/sites\/13\/2026\/01\/tty-no-product-image-97.webp\",\"datePublished\":\"2026-01-24T09:29:10+00:00\",\"dateModified\":\"2026-01-24T09:30:22+00:00\",\"description\":\"Caverject (Alprostadil) trateaz\u0103 eficient disfunc\u021bia erectil\u0103 prin cre\u0219terea fluxului sanguin local. Disponibil la Transtoyou, ideal pentru cei care nu r\u0103spund la medicamentele orale.\",\"breadcrumb\":{\"@id\":\"https:\/\/www.transtoyou.com\/ro\/product\/caverject-alprostadil\/#breadcrumb\"},\"inLanguage\":\"ro-RO\",\"potentialAction\":[{\"@type\":\"ReadAction\",\"target\":[\"https:\/\/www.transtoyou.com\/ro\/product\/caverject-alprostadil\/\"]}]},{\"@type\":\"ImageObject\",\"inLanguage\":\"ro-RO\",\"@id\":\"https:\/\/www.transtoyou.com\/ro\/product\/caverject-alprostadil\/#primaryimage\",\"url\":\"https:\/\/www.transtoyou.com\/ro\/wp-content\/uploads\/sites\/13\/2026\/01\/tty-no-product-image-97.webp\",\"contentUrl\":\"https:\/\/www.transtoyou.com\/ro\/wp-content\/uploads\/sites\/13\/2026\/01\/tty-no-product-image-97.webp\",\"width\":1000,\"height\":1000,\"caption\":\"Imaginea implicit\u0103 a produsului\"},{\"@type\":\"WebSite\",\"@id\":\"https:\/\/www.transtoyou.com\/ro\/#website\",\"url\":\"https:\/\/www.transtoyou.com\/ro\/\",\"name\":\"Transtoyou - RO\",\"description\":\"\",\"publisher\":{\"@id\":\"https:\/\/www.transtoyou.com\/ro\/#organization\"},\"potentialAction\":[{\"@type\":\"SearchAction\",\"target\":{\"@type\":\"EntryPoint\",\"urlTemplate\":\"https:\/\/www.transtoyou.com\/ro\/?s={search_term_string}\"},\"query-input\":{\"@type\":\"PropertyValueSpecification\",\"valueRequired\":true,\"valueName\":\"search_term_string\"}}],\"inLanguage\":\"ro-RO\"},{\"@type\":\"Organization\",\"@id\":\"https:\/\/www.transtoyou.com\/ro\/#organization\",\"name\":\"Transtoyou - RO\",\"url\":\"https:\/\/www.transtoyou.com\/ro\/\",\"logo\":{\"@type\":\"ImageObject\",\"inLanguage\":\"ro-RO\",\"@id\":\"https:\/\/www.transtoyou.com\/ro\/#\/schema\/logo\/image\/\",\"url\":\"https:\/\/www.transtoyou.com\/ro\/wp-content\/uploads\/sites\/13\/2026\/01\/logo-tty-menu-bar-300x87-1.webp\",\"contentUrl\":\"https:\/\/www.transtoyou.com\/ro\/wp-content\/uploads\/sites\/13\/2026\/01\/logo-tty-menu-bar-300x87-1.webp\",\"width\":300,\"height\":87,\"caption\":\"Transtoyou - RO\"},\"image\":{\"@id\":\"https:\/\/www.transtoyou.com\/ro\/#\/schema\/logo\/image\/\"}}]}<\/script>\n<!-- \/ Yoast SEO plugin. -->","yoast_head_json":{"title":"Caverject (Alprostadil) | Solu\u021bie Rapid\u0103 pentru ED - Transtoyou","description":"Caverject (Alprostadil) trateaz\u0103 eficient disfunc\u021bia erectil\u0103 prin cre\u0219terea fluxului sanguin local. Disponibil la Transtoyou, ideal pentru cei care nu r\u0103spund la medicamentele orale.","robots":{"index":"noindex","follow":"follow","max-snippet":"max-snippet:-1","max-image-preview":"max-image-preview:large","max-video-preview":"max-video-preview:-1"},"og_locale":"ro_RO","og_type":"article","og_title":"Caverject (Alprostadil) | Solu\u021bie Rapid\u0103 pentru ED - Transtoyou","og_description":"Caverject (Alprostadil) trateaz\u0103 eficient disfunc\u021bia erectil\u0103 prin cre\u0219terea fluxului sanguin local. Disponibil la Transtoyou, ideal pentru cei care nu r\u0103spund la medicamentele orale.","og_url":"https:\/\/www.transtoyou.com\/ro\/product\/caverject-alprostadil\/","og_site_name":"Transtoyou - RO","article_modified_time":"2026-01-24T09:30:22+00:00","twitter_card":"summary_large_image","twitter_misc":{"Timp estimat pentru citire":"2 minute"},"schema":{"@context":"https:\/\/schema.org","@graph":[{"@type":"WebPage","@id":"https:\/\/www.transtoyou.com\/ro\/product\/caverject-alprostadil\/","url":"https:\/\/www.transtoyou.com\/ro\/product\/caverject-alprostadil\/","name":"Caverject (Alprostadil) | Solu\u021bie Rapid\u0103 pentru ED - Transtoyou","isPartOf":{"@id":"https:\/\/www.transtoyou.com\/ro\/#website"},"primaryImageOfPage":{"@id":"https:\/\/www.transtoyou.com\/ro\/product\/caverject-alprostadil\/#primaryimage"},"image":{"@id":"https:\/\/www.transtoyou.com\/ro\/product\/caverject-alprostadil\/#primaryimage"},"thumbnailUrl":"https:\/\/www.transtoyou.com\/ro\/wp-content\/uploads\/sites\/13\/2026\/01\/tty-no-product-image-97.webp","datePublished":"2026-01-24T09:29:10+00:00","dateModified":"2026-01-24T09:30:22+00:00","description":"Caverject (Alprostadil) trateaz\u0103 eficient disfunc\u021bia erectil\u0103 prin cre\u0219terea fluxului sanguin local. Disponibil la Transtoyou, ideal pentru cei care nu r\u0103spund la medicamentele orale.","breadcrumb":{"@id":"https:\/\/www.transtoyou.com\/ro\/product\/caverject-alprostadil\/#breadcrumb"},"inLanguage":"ro-RO","potentialAction":[{"@type":"ReadAction","target":["https:\/\/www.transtoyou.com\/ro\/product\/caverject-alprostadil\/"]}]},{"@type":"ImageObject","inLanguage":"ro-RO","@id":"https:\/\/www.transtoyou.com\/ro\/product\/caverject-alprostadil\/#primaryimage","url":"https:\/\/www.transtoyou.com\/ro\/wp-content\/uploads\/sites\/13\/2026\/01\/tty-no-product-image-97.webp","contentUrl":"https:\/\/www.transtoyou.com\/ro\/wp-content\/uploads\/sites\/13\/2026\/01\/tty-no-product-image-97.webp","width":1000,"height":1000,"caption":"Imaginea implicit\u0103 a produsului"},{"@type":"WebSite","@id":"https:\/\/www.transtoyou.com\/ro\/#website","url":"https:\/\/www.transtoyou.com\/ro\/","name":"Transtoyou - RO","description":"","publisher":{"@id":"https:\/\/www.transtoyou.com\/ro\/#organization"},"potentialAction":[{"@type":"SearchAction","target":{"@type":"EntryPoint","urlTemplate":"https:\/\/www.transtoyou.com\/ro\/?s={search_term_string}"},"query-input":{"@type":"PropertyValueSpecification","valueRequired":true,"valueName":"search_term_string"}}],"inLanguage":"ro-RO"},{"@type":"Organization","@id":"https:\/\/www.transtoyou.com\/ro\/#organization","name":"Transtoyou - RO","url":"https:\/\/www.transtoyou.com\/ro\/","logo":{"@type":"ImageObject","inLanguage":"ro-RO","@id":"https:\/\/www.transtoyou.com\/ro\/#\/schema\/logo\/image\/","url":"https:\/\/www.transtoyou.com\/ro\/wp-content\/uploads\/sites\/13\/2026\/01\/logo-tty-menu-bar-300x87-1.webp","contentUrl":"https:\/\/www.transtoyou.com\/ro\/wp-content\/uploads\/sites\/13\/2026\/01\/logo-tty-menu-bar-300x87-1.webp","width":300,"height":87,"caption":"Transtoyou - RO"},"image":{"@id":"https:\/\/www.transtoyou.com\/ro\/#\/schema\/logo\/image\/"}}]}},"_links":{"self":[{"href":"https:\/\/www.transtoyou.com\/ro\/wp-json\/wp\/v2\/product\/769","targetHints":{"allow":["GET"]}}],"collection":[{"href":"https:\/\/www.transtoyou.com\/ro\/wp-json\/wp\/v2\/product"}],"about":[{"href":"https:\/\/www.transtoyou.com\/ro\/wp-json\/wp\/v2\/types\/product"}],"replies":[{"embeddable":true,"href":"https:\/\/www.transtoyou.com\/ro\/wp-json\/wp\/v2\/comments?post=769"}],"wp:featuredmedia":[{"embeddable":true,"href":"https:\/\/www.transtoyou.com\/ro\/wp-json\/wp\/v2\/media\/771"}],"wp:attachment":[{"href":"https:\/\/www.transtoyou.com\/ro\/wp-json\/wp\/v2\/media?parent=769"}],"wp:term":[{"taxonomy":"product_brand","embeddable":true,"href":"https:\/\/www.transtoyou.com\/ro\/wp-json\/wp\/v2\/product_brand?post=769"},{"taxonomy":"product_cat","embeddable":true,"href":"https:\/\/www.transtoyou.com\/ro\/wp-json\/wp\/v2\/product_cat?post=769"},{"taxonomy":"product_tag","embeddable":true,"href":"https:\/\/www.transtoyou.com\/ro\/wp-json\/wp\/v2\/product_tag?post=769"},{"taxonomy":"expert","embeddable":true,"href":"https:\/\/www.transtoyou.com\/ro\/wp-json\/wp\/v2\/expert?post=769"}],"curies":[{"name":"wp","href":"https:\/\/api.w.org\/{rel}","templated":true}]}}