{"id":777,"date":"2026-01-24T10:19:04","date_gmt":"2026-01-24T10:19:04","guid":{"rendered":"https:\/\/www.transtoyou.com\/ro\/product\/primolut-n\/"},"modified":"2026-03-01T12:13:37","modified_gmt":"2026-03-01T12:13:37","slug":"primolut-n","status":"publish","type":"product","link":"https:\/\/www.transtoyou.com\/ro\/product\/primolut-n\/","title":{"rendered":"Primolut N"},"content":{"rendered":"<p>Primolut N este un comprimat care con\u021bine norethisteron, un progestogen sintetic folosit pentru a gestiona \u0219i manipula ciclul menstrual. Este prescris frecvent pentru a \u00eent\u00e2rzia menstrua\u021bia din motive pe termen scurt, cum ar fi c\u0103l\u0103torii, sporturi sau evenimente speciale, \u0219i este, de asemenea, utilizat pentru suprimarea ciclului \u00een cazurile de perioade neregulate, abundente sau dureroase.<\/p>\n<p>Primolut N ac\u021bioneaz\u0103 prin men\u021binerea unor niveluri ridicate de progestogen \u00een organism, ceea ce \u00eempiedic\u0103 sc\u0103derea hormonal\u0103 care declan\u0219eaz\u0103 \u00een mod normal menstrua\u021bia. C\u00e2nd comprimatele sunt oprite, nivelurile hormonale scad \u0219i apare o s\u00e2ngerare de retragere, similar\u0103 cu o perioad\u0103 natural\u0103. Acest mecanism le permite utilizatorilor s\u0103 controleze c\u00e2nd \u00eencepe menstrua\u021bia.<\/p>\n<p>Primolut N este potrivit pentru persoanele care prefer\u0103 o modalitate pe termen scurt \u0219i f\u0103r\u0103 estrogen de a-\u0219i gestiona ciclurile. De obicei, este \u00eenceput cu c\u00e2teva zile \u00eenainte de perioada a\u0219teptat\u0103 \u0219i luat at\u00e2t timp c\u00e2t se dore\u0219te \u00eent\u00e2rziera. \u00cen scopuri medicale, poate fi utilizat \u0219i \u00een scheme de tratament mai lungi sub supravegherea medical\u0103.<\/p>\n<p>Comprimatul este u\u0219or de utilizat \u0219i bine tolerat de majoritatea persoanelor. Nu ofer\u0103 contracep\u021bie, a\u0219a c\u0103 este necesar\u0103 o protec\u021bie suplimentar\u0103 dac\u0103 evitarea sarcinii este, de asemenea, o preocupare. Odat\u0103 oprit, ciclul natural revine de obicei rapid.<\/p>\n","protected":false},"excerpt":{"rendered":"<ul>\n<li>\u00cent\u00e2rzie perioadele menstruale<\/li>\n<li>Tablet\u0103 cu doar progestogen<\/li>\n<li>Potrivit\u0103 pentru utilizare pe termen scurt<\/li>\n<\/ul>\n","protected":false},"featured_media":779,"comment_status":"open","ping_status":"closed","template":"","meta":[],"product_brand":[],"product_cat":[130,129],"product_tag":[],"expert":[21],"class_list":{"0":"post-777","1":"product","2":"type-product","3":"status-publish","4":"has-post-thumbnail","6":"product_cat-intarziere-menstruala","7":"product_cat-suprimarea-menstruala","8":"expert-dr-m-sharoyko","10":"first","11":"instock","12":"shipping-taxable","13":"product-type-variable"},"yoast_head":"<!-- This site is optimized with the Yoast SEO plugin v27.0 - https:\/\/yoast.com\/product\/yoast-seo-wordpress\/ -->\n<title>Primolut N | Suport pentru Echilibrul Hormonal - Transtoyou<\/title>\n<meta name=\"description\" content=\"Descoper\u0103 Primolut N pe Transtoyou, acum disponibil. Gestioneaz\u0103-\u021bi eficient ciclul menstrual cu aceast\u0103 solu\u021bie de \u00eencredere. Cump\u0103r\u0103 acum!\" \/>\n<meta name=\"robots\" content=\"noindex, follow, max-snippet:-1, max-image-preview:large, max-video-preview:-1\" \/>\n<meta property=\"og:locale\" content=\"ro_RO\" \/>\n<meta property=\"og:type\" content=\"article\" \/>\n<meta property=\"og:title\" content=\"Primolut N | Suport pentru Echilibrul Hormonal - Transtoyou\" \/>\n<meta property=\"og:description\" content=\"Descoper\u0103 Primolut N pe Transtoyou, acum disponibil. Gestioneaz\u0103-\u021bi eficient ciclul menstrual cu aceast\u0103 solu\u021bie de \u00eencredere. Cump\u0103r\u0103 acum!\" \/>\n<meta property=\"og:url\" content=\"https:\/\/www.transtoyou.com\/ro\/product\/primolut-n\/\" \/>\n<meta property=\"og:site_name\" content=\"Transtoyou - RO\" \/>\n<meta property=\"article:modified_time\" content=\"2026-03-01T12:13:37+00:00\" \/>\n<meta name=\"twitter:card\" content=\"summary_large_image\" \/>\n<meta name=\"twitter:label1\" content=\"Timp estimat pentru citire\" \/>\n\t<meta name=\"twitter:data1\" content=\"1 minut\" \/>\n<script type=\"application\/ld+json\" class=\"yoast-schema-graph\">{\"@context\":\"https:\/\/schema.org\",\"@graph\":[{\"@type\":\"WebPage\",\"@id\":\"https:\/\/www.transtoyou.com\/ro\/product\/primolut-n\/\",\"url\":\"https:\/\/www.transtoyou.com\/ro\/product\/primolut-n\/\",\"name\":\"Primolut N | Suport pentru Echilibrul Hormonal - Transtoyou\",\"isPartOf\":{\"@id\":\"https:\/\/www.transtoyou.com\/ro\/#website\"},\"primaryImageOfPage\":{\"@id\":\"https:\/\/www.transtoyou.com\/ro\/product\/primolut-n\/#primaryimage\"},\"image\":{\"@id\":\"https:\/\/www.transtoyou.com\/ro\/product\/primolut-n\/#primaryimage\"},\"thumbnailUrl\":\"https:\/\/www.transtoyou.com\/ro\/wp-content\/uploads\/sites\/13\/2026\/01\/tty-no-product-image-100.webp\",\"datePublished\":\"2026-01-24T10:19:04+00:00\",\"dateModified\":\"2026-03-01T12:13:37+00:00\",\"description\":\"Descoper\u0103 Primolut N pe Transtoyou, acum disponibil. Gestioneaz\u0103-\u021bi eficient ciclul menstrual cu aceast\u0103 solu\u021bie de \u00eencredere. Cump\u0103r\u0103 acum!\",\"breadcrumb\":{\"@id\":\"https:\/\/www.transtoyou.com\/ro\/product\/primolut-n\/#breadcrumb\"},\"inLanguage\":\"ro-RO\",\"potentialAction\":[{\"@type\":\"ReadAction\",\"target\":[\"https:\/\/www.transtoyou.com\/ro\/product\/primolut-n\/\"]}]},{\"@type\":\"ImageObject\",\"inLanguage\":\"ro-RO\",\"@id\":\"https:\/\/www.transtoyou.com\/ro\/product\/primolut-n\/#primaryimage\",\"url\":\"https:\/\/www.transtoyou.com\/ro\/wp-content\/uploads\/sites\/13\/2026\/01\/tty-no-product-image-100.webp\",\"contentUrl\":\"https:\/\/www.transtoyou.com\/ro\/wp-content\/uploads\/sites\/13\/2026\/01\/tty-no-product-image-100.webp\",\"width\":1000,\"height\":1000,\"caption\":\"Imaginea implicit\u0103 a produsului\"},{\"@type\":\"WebSite\",\"@id\":\"https:\/\/www.transtoyou.com\/ro\/#website\",\"url\":\"https:\/\/www.transtoyou.com\/ro\/\",\"name\":\"Transtoyou - RO\",\"description\":\"\",\"publisher\":{\"@id\":\"https:\/\/www.transtoyou.com\/ro\/#organization\"},\"potentialAction\":[{\"@type\":\"SearchAction\",\"target\":{\"@type\":\"EntryPoint\",\"urlTemplate\":\"https:\/\/www.transtoyou.com\/ro\/?s={search_term_string}\"},\"query-input\":{\"@type\":\"PropertyValueSpecification\",\"valueRequired\":true,\"valueName\":\"search_term_string\"}}],\"inLanguage\":\"ro-RO\"},{\"@type\":\"Organization\",\"@id\":\"https:\/\/www.transtoyou.com\/ro\/#organization\",\"name\":\"Transtoyou - RO\",\"url\":\"https:\/\/www.transtoyou.com\/ro\/\",\"logo\":{\"@type\":\"ImageObject\",\"inLanguage\":\"ro-RO\",\"@id\":\"https:\/\/www.transtoyou.com\/ro\/#\/schema\/logo\/image\/\",\"url\":\"https:\/\/www.transtoyou.com\/ro\/wp-content\/uploads\/sites\/13\/2026\/01\/logo-tty-menu-bar-300x87-1.webp\",\"contentUrl\":\"https:\/\/www.transtoyou.com\/ro\/wp-content\/uploads\/sites\/13\/2026\/01\/logo-tty-menu-bar-300x87-1.webp\",\"width\":300,\"height\":87,\"caption\":\"Transtoyou - RO\"},\"image\":{\"@id\":\"https:\/\/www.transtoyou.com\/ro\/#\/schema\/logo\/image\/\"}}]}<\/script>\n<!-- \/ Yoast SEO plugin. -->","yoast_head_json":{"title":"Primolut N | Suport pentru Echilibrul Hormonal - Transtoyou","description":"Descoper\u0103 Primolut N pe Transtoyou, acum disponibil. Gestioneaz\u0103-\u021bi eficient ciclul menstrual cu aceast\u0103 solu\u021bie de \u00eencredere. Cump\u0103r\u0103 acum!","robots":{"index":"noindex","follow":"follow","max-snippet":"max-snippet:-1","max-image-preview":"max-image-preview:large","max-video-preview":"max-video-preview:-1"},"og_locale":"ro_RO","og_type":"article","og_title":"Primolut N | Suport pentru Echilibrul Hormonal - Transtoyou","og_description":"Descoper\u0103 Primolut N pe Transtoyou, acum disponibil. Gestioneaz\u0103-\u021bi eficient ciclul menstrual cu aceast\u0103 solu\u021bie de \u00eencredere. Cump\u0103r\u0103 acum!","og_url":"https:\/\/www.transtoyou.com\/ro\/product\/primolut-n\/","og_site_name":"Transtoyou - RO","article_modified_time":"2026-03-01T12:13:37+00:00","twitter_card":"summary_large_image","twitter_misc":{"Timp estimat pentru citire":"1 minut"},"schema":{"@context":"https:\/\/schema.org","@graph":[{"@type":"WebPage","@id":"https:\/\/www.transtoyou.com\/ro\/product\/primolut-n\/","url":"https:\/\/www.transtoyou.com\/ro\/product\/primolut-n\/","name":"Primolut N | Suport pentru Echilibrul Hormonal - Transtoyou","isPartOf":{"@id":"https:\/\/www.transtoyou.com\/ro\/#website"},"primaryImageOfPage":{"@id":"https:\/\/www.transtoyou.com\/ro\/product\/primolut-n\/#primaryimage"},"image":{"@id":"https:\/\/www.transtoyou.com\/ro\/product\/primolut-n\/#primaryimage"},"thumbnailUrl":"https:\/\/www.transtoyou.com\/ro\/wp-content\/uploads\/sites\/13\/2026\/01\/tty-no-product-image-100.webp","datePublished":"2026-01-24T10:19:04+00:00","dateModified":"2026-03-01T12:13:37+00:00","description":"Descoper\u0103 Primolut N pe Transtoyou, acum disponibil. Gestioneaz\u0103-\u021bi eficient ciclul menstrual cu aceast\u0103 solu\u021bie de \u00eencredere. Cump\u0103r\u0103 acum!","breadcrumb":{"@id":"https:\/\/www.transtoyou.com\/ro\/product\/primolut-n\/#breadcrumb"},"inLanguage":"ro-RO","potentialAction":[{"@type":"ReadAction","target":["https:\/\/www.transtoyou.com\/ro\/product\/primolut-n\/"]}]},{"@type":"ImageObject","inLanguage":"ro-RO","@id":"https:\/\/www.transtoyou.com\/ro\/product\/primolut-n\/#primaryimage","url":"https:\/\/www.transtoyou.com\/ro\/wp-content\/uploads\/sites\/13\/2026\/01\/tty-no-product-image-100.webp","contentUrl":"https:\/\/www.transtoyou.com\/ro\/wp-content\/uploads\/sites\/13\/2026\/01\/tty-no-product-image-100.webp","width":1000,"height":1000,"caption":"Imaginea implicit\u0103 a produsului"},{"@type":"WebSite","@id":"https:\/\/www.transtoyou.com\/ro\/#website","url":"https:\/\/www.transtoyou.com\/ro\/","name":"Transtoyou - RO","description":"","publisher":{"@id":"https:\/\/www.transtoyou.com\/ro\/#organization"},"potentialAction":[{"@type":"SearchAction","target":{"@type":"EntryPoint","urlTemplate":"https:\/\/www.transtoyou.com\/ro\/?s={search_term_string}"},"query-input":{"@type":"PropertyValueSpecification","valueRequired":true,"valueName":"search_term_string"}}],"inLanguage":"ro-RO"},{"@type":"Organization","@id":"https:\/\/www.transtoyou.com\/ro\/#organization","name":"Transtoyou - RO","url":"https:\/\/www.transtoyou.com\/ro\/","logo":{"@type":"ImageObject","inLanguage":"ro-RO","@id":"https:\/\/www.transtoyou.com\/ro\/#\/schema\/logo\/image\/","url":"https:\/\/www.transtoyou.com\/ro\/wp-content\/uploads\/sites\/13\/2026\/01\/logo-tty-menu-bar-300x87-1.webp","contentUrl":"https:\/\/www.transtoyou.com\/ro\/wp-content\/uploads\/sites\/13\/2026\/01\/logo-tty-menu-bar-300x87-1.webp","width":300,"height":87,"caption":"Transtoyou - RO"},"image":{"@id":"https:\/\/www.transtoyou.com\/ro\/#\/schema\/logo\/image\/"}}]}},"_links":{"self":[{"href":"https:\/\/www.transtoyou.com\/ro\/wp-json\/wp\/v2\/product\/777","targetHints":{"allow":["GET"]}}],"collection":[{"href":"https:\/\/www.transtoyou.com\/ro\/wp-json\/wp\/v2\/product"}],"about":[{"href":"https:\/\/www.transtoyou.com\/ro\/wp-json\/wp\/v2\/types\/product"}],"replies":[{"embeddable":true,"href":"https:\/\/www.transtoyou.com\/ro\/wp-json\/wp\/v2\/comments?post=777"}],"wp:featuredmedia":[{"embeddable":true,"href":"https:\/\/www.transtoyou.com\/ro\/wp-json\/wp\/v2\/media\/779"}],"wp:attachment":[{"href":"https:\/\/www.transtoyou.com\/ro\/wp-json\/wp\/v2\/media?parent=777"}],"wp:term":[{"taxonomy":"product_brand","embeddable":true,"href":"https:\/\/www.transtoyou.com\/ro\/wp-json\/wp\/v2\/product_brand?post=777"},{"taxonomy":"product_cat","embeddable":true,"href":"https:\/\/www.transtoyou.com\/ro\/wp-json\/wp\/v2\/product_cat?post=777"},{"taxonomy":"product_tag","embeddable":true,"href":"https:\/\/www.transtoyou.com\/ro\/wp-json\/wp\/v2\/product_tag?post=777"},{"taxonomy":"expert","embeddable":true,"href":"https:\/\/www.transtoyou.com\/ro\/wp-json\/wp\/v2\/expert?post=777"}],"curies":[{"name":"wp","href":"https:\/\/api.w.org\/{rel}","templated":true}]}}