{"id":792,"date":"2026-01-24T18:12:22","date_gmt":"2026-01-24T18:12:22","guid":{"rendered":"https:\/\/www.transtoyou.com\/ro\/product\/efracea-oracea\/"},"modified":"2026-01-24T18:13:32","modified_gmt":"2026-01-24T18:13:32","slug":"efracea-oracea","status":"publish","type":"product","link":"https:\/\/www.transtoyou.com\/ro\/product\/efracea-oracea\/","title":{"rendered":"Efracea (Oracea)"},"content":{"rendered":"<p>Efracea, cunoscut \u0219i sub numele s\u0103u interna\u021bional Oracea, este un tratament oral administrat o dat\u0103 pe zi, folosit pentru a gestiona leziunile inflamatorii \u0219i episoadele acute asociate cu rozaceea. Con\u021bine doxiciclin\u0103 \u00eentr-o dozare sc\u0103zut\u0103, cu eliberare controlat\u0103. Spre deosebire de antibioticele folosite pentru a combate infec\u021biile, Efracea este clasificat\u0103 ca un tratament antiinflamator non-antimicrobian, ceea ce \u00eenseamn\u0103 c\u0103 vizeaz\u0103 inflama\u021bia pielii f\u0103r\u0103 a promova rezisten\u021ba bacterian\u0103.<\/p>\n<p>Rozaceea este o afec\u021biune cronic\u0103 a pielii care provoac\u0103 ro\u0219ea\u021b\u0103, vase de s\u00e2nge vizibile \u0219i, uneori, umfl\u0103turi asem\u0103n\u0103toare acneei, \u00een special pe fa\u021ba central\u0103. Efracea ajut\u0103 la reducerea acestor umfl\u0103turi \u0219i pustule prin suprimarea r\u0103spunsului inflamator \u00een piele. \u00cen timp, utilizarea constant\u0103 poate duce la o piele mai clar\u0103, mai pu\u021bine episoade acute \u0219i o reducere a disconfortului.<\/p>\n<p>Aceast\u0103 formulare cu dozare sc\u0103zut\u0103 este proiectat\u0103 special pentru utilizare pe termen lung \u0219i nu ac\u021bioneaz\u0103 ca un antibiotic tipic. Ac\u021bioneaz\u0103 treptat, cu \u00eembun\u0103t\u0103\u021biri vizibile care apar adesea \u00een decurs de patru p\u00e2n\u0103 la \u0219ase s\u0103pt\u0103m\u00e2ni. Deoarece nu se bazeaz\u0103 pe efectul s\u0103u antibacterian, Efracea este mai pu\u021bin probabil s\u0103 perturbe flora natural\u0103 a corpului \u0219i nu este destinat\u0103 trat\u0103rii infec\u021biilor bacteriene.<\/p>\n<p>Efracea este \u00een general bine tolerat\u0103, dar unii utilizatori pot experimenta disconfort gastrointestinal, sensibilitate la soare sau gur\u0103 uscat\u0103. Nu ar trebui s\u0103 fie administrat\u0103 cu lapte sau antiacide, deoarece acestea pot interfera cu absorb\u021bia. Aceast\u0103 medicament nu este potrivit \u00een timpul sarcinii sau \u00een timpul al\u0103pt\u0103rii.<\/p>\n","protected":false},"excerpt":{"rendered":"<ul>\n<li>Tratament oral administrat o dat\u0103 pe zi<\/li>\n<li>Reduce inflama\u021bia cauzat\u0103 de rozacee<\/li>\n<li>Effect non-antibiotic la dozare mic\u0103<\/li>\n<\/ul>\n","protected":false},"featured_media":794,"comment_status":"open","ping_status":"closed","template":"","meta":[],"product_brand":[],"product_cat":[141],"product_tag":[],"expert":[18],"class_list":{"0":"post-792","1":"product","2":"type-product","3":"status-publish","4":"has-post-thumbnail","6":"product_cat-rozacee","7":"expert-dr-g-varbanov","9":"first","10":"instock","11":"shipping-taxable","12":"product-type-variable"},"yoast_head":"<!-- This site is optimized with the Yoast SEO plugin v27.0 - https:\/\/yoast.com\/product\/yoast-seo-wordpress\/ -->\n<title>Efracea (Oracea) | Piele mai clar\u0103, Anti-inflamator - Transtoyou<\/title>\n<meta name=\"description\" content=\"Descoper\u0103 Efracea, un tratament oral pentru crizele de rozacee. Bucur\u0103-te de o piele mai clar\u0103 cu beneficiile sale antiinflamatorii. Disponibil acum pe Transtoyou.\" \/>\n<meta name=\"robots\" content=\"noindex, follow, max-snippet:-1, max-image-preview:large, max-video-preview:-1\" \/>\n<meta property=\"og:locale\" content=\"ro_RO\" \/>\n<meta property=\"og:type\" content=\"article\" \/>\n<meta property=\"og:title\" content=\"Efracea (Oracea) | Piele mai clar\u0103, Anti-inflamator - Transtoyou\" \/>\n<meta property=\"og:description\" content=\"Descoper\u0103 Efracea, un tratament oral pentru crizele de rozacee. Bucur\u0103-te de o piele mai clar\u0103 cu beneficiile sale antiinflamatorii. Disponibil acum pe Transtoyou.\" \/>\n<meta property=\"og:url\" content=\"https:\/\/www.transtoyou.com\/ro\/product\/efracea-oracea\/\" \/>\n<meta property=\"og:site_name\" content=\"Transtoyou - RO\" \/>\n<meta property=\"article:modified_time\" content=\"2026-01-24T18:13:32+00:00\" \/>\n<meta name=\"twitter:card\" content=\"summary_large_image\" \/>\n<meta name=\"twitter:label1\" content=\"Timp estimat pentru citire\" \/>\n\t<meta name=\"twitter:data1\" content=\"1 minut\" \/>\n<script type=\"application\/ld+json\" class=\"yoast-schema-graph\">{\"@context\":\"https:\/\/schema.org\",\"@graph\":[{\"@type\":\"WebPage\",\"@id\":\"https:\/\/www.transtoyou.com\/ro\/product\/efracea-oracea\/\",\"url\":\"https:\/\/www.transtoyou.com\/ro\/product\/efracea-oracea\/\",\"name\":\"Efracea (Oracea) | Piele mai clar\u0103, Anti-inflamator - Transtoyou\",\"isPartOf\":{\"@id\":\"https:\/\/www.transtoyou.com\/ro\/#website\"},\"primaryImageOfPage\":{\"@id\":\"https:\/\/www.transtoyou.com\/ro\/product\/efracea-oracea\/#primaryimage\"},\"image\":{\"@id\":\"https:\/\/www.transtoyou.com\/ro\/product\/efracea-oracea\/#primaryimage\"},\"thumbnailUrl\":\"https:\/\/www.transtoyou.com\/ro\/wp-content\/uploads\/sites\/13\/2026\/01\/tty-no-product-image-105.webp\",\"datePublished\":\"2026-01-24T18:12:22+00:00\",\"dateModified\":\"2026-01-24T18:13:32+00:00\",\"description\":\"Descoper\u0103 Efracea, un tratament oral pentru crizele de rozacee. Bucur\u0103-te de o piele mai clar\u0103 cu beneficiile sale antiinflamatorii. Disponibil acum pe Transtoyou.\",\"breadcrumb\":{\"@id\":\"https:\/\/www.transtoyou.com\/ro\/product\/efracea-oracea\/#breadcrumb\"},\"inLanguage\":\"ro-RO\",\"potentialAction\":[{\"@type\":\"ReadAction\",\"target\":[\"https:\/\/www.transtoyou.com\/ro\/product\/efracea-oracea\/\"]}]},{\"@type\":\"ImageObject\",\"inLanguage\":\"ro-RO\",\"@id\":\"https:\/\/www.transtoyou.com\/ro\/product\/efracea-oracea\/#primaryimage\",\"url\":\"https:\/\/www.transtoyou.com\/ro\/wp-content\/uploads\/sites\/13\/2026\/01\/tty-no-product-image-105.webp\",\"contentUrl\":\"https:\/\/www.transtoyou.com\/ro\/wp-content\/uploads\/sites\/13\/2026\/01\/tty-no-product-image-105.webp\",\"width\":1000,\"height\":1000,\"caption\":\"Imagine produs implicit\"},{\"@type\":\"WebSite\",\"@id\":\"https:\/\/www.transtoyou.com\/ro\/#website\",\"url\":\"https:\/\/www.transtoyou.com\/ro\/\",\"name\":\"Transtoyou - RO\",\"description\":\"\",\"publisher\":{\"@id\":\"https:\/\/www.transtoyou.com\/ro\/#organization\"},\"potentialAction\":[{\"@type\":\"SearchAction\",\"target\":{\"@type\":\"EntryPoint\",\"urlTemplate\":\"https:\/\/www.transtoyou.com\/ro\/?s={search_term_string}\"},\"query-input\":{\"@type\":\"PropertyValueSpecification\",\"valueRequired\":true,\"valueName\":\"search_term_string\"}}],\"inLanguage\":\"ro-RO\"},{\"@type\":\"Organization\",\"@id\":\"https:\/\/www.transtoyou.com\/ro\/#organization\",\"name\":\"Transtoyou - RO\",\"url\":\"https:\/\/www.transtoyou.com\/ro\/\",\"logo\":{\"@type\":\"ImageObject\",\"inLanguage\":\"ro-RO\",\"@id\":\"https:\/\/www.transtoyou.com\/ro\/#\/schema\/logo\/image\/\",\"url\":\"https:\/\/www.transtoyou.com\/ro\/wp-content\/uploads\/sites\/13\/2026\/01\/logo-tty-menu-bar-300x87-1.webp\",\"contentUrl\":\"https:\/\/www.transtoyou.com\/ro\/wp-content\/uploads\/sites\/13\/2026\/01\/logo-tty-menu-bar-300x87-1.webp\",\"width\":300,\"height\":87,\"caption\":\"Transtoyou - RO\"},\"image\":{\"@id\":\"https:\/\/www.transtoyou.com\/ro\/#\/schema\/logo\/image\/\"}}]}<\/script>\n<!-- \/ Yoast SEO plugin. -->","yoast_head_json":{"title":"Efracea (Oracea) | Piele mai clar\u0103, Anti-inflamator - Transtoyou","description":"Descoper\u0103 Efracea, un tratament oral pentru crizele de rozacee. Bucur\u0103-te de o piele mai clar\u0103 cu beneficiile sale antiinflamatorii. Disponibil acum pe Transtoyou.","robots":{"index":"noindex","follow":"follow","max-snippet":"max-snippet:-1","max-image-preview":"max-image-preview:large","max-video-preview":"max-video-preview:-1"},"og_locale":"ro_RO","og_type":"article","og_title":"Efracea (Oracea) | Piele mai clar\u0103, Anti-inflamator - Transtoyou","og_description":"Descoper\u0103 Efracea, un tratament oral pentru crizele de rozacee. Bucur\u0103-te de o piele mai clar\u0103 cu beneficiile sale antiinflamatorii. Disponibil acum pe Transtoyou.","og_url":"https:\/\/www.transtoyou.com\/ro\/product\/efracea-oracea\/","og_site_name":"Transtoyou - RO","article_modified_time":"2026-01-24T18:13:32+00:00","twitter_card":"summary_large_image","twitter_misc":{"Timp estimat pentru citire":"1 minut"},"schema":{"@context":"https:\/\/schema.org","@graph":[{"@type":"WebPage","@id":"https:\/\/www.transtoyou.com\/ro\/product\/efracea-oracea\/","url":"https:\/\/www.transtoyou.com\/ro\/product\/efracea-oracea\/","name":"Efracea (Oracea) | Piele mai clar\u0103, Anti-inflamator - Transtoyou","isPartOf":{"@id":"https:\/\/www.transtoyou.com\/ro\/#website"},"primaryImageOfPage":{"@id":"https:\/\/www.transtoyou.com\/ro\/product\/efracea-oracea\/#primaryimage"},"image":{"@id":"https:\/\/www.transtoyou.com\/ro\/product\/efracea-oracea\/#primaryimage"},"thumbnailUrl":"https:\/\/www.transtoyou.com\/ro\/wp-content\/uploads\/sites\/13\/2026\/01\/tty-no-product-image-105.webp","datePublished":"2026-01-24T18:12:22+00:00","dateModified":"2026-01-24T18:13:32+00:00","description":"Descoper\u0103 Efracea, un tratament oral pentru crizele de rozacee. Bucur\u0103-te de o piele mai clar\u0103 cu beneficiile sale antiinflamatorii. Disponibil acum pe Transtoyou.","breadcrumb":{"@id":"https:\/\/www.transtoyou.com\/ro\/product\/efracea-oracea\/#breadcrumb"},"inLanguage":"ro-RO","potentialAction":[{"@type":"ReadAction","target":["https:\/\/www.transtoyou.com\/ro\/product\/efracea-oracea\/"]}]},{"@type":"ImageObject","inLanguage":"ro-RO","@id":"https:\/\/www.transtoyou.com\/ro\/product\/efracea-oracea\/#primaryimage","url":"https:\/\/www.transtoyou.com\/ro\/wp-content\/uploads\/sites\/13\/2026\/01\/tty-no-product-image-105.webp","contentUrl":"https:\/\/www.transtoyou.com\/ro\/wp-content\/uploads\/sites\/13\/2026\/01\/tty-no-product-image-105.webp","width":1000,"height":1000,"caption":"Imagine produs implicit"},{"@type":"WebSite","@id":"https:\/\/www.transtoyou.com\/ro\/#website","url":"https:\/\/www.transtoyou.com\/ro\/","name":"Transtoyou - RO","description":"","publisher":{"@id":"https:\/\/www.transtoyou.com\/ro\/#organization"},"potentialAction":[{"@type":"SearchAction","target":{"@type":"EntryPoint","urlTemplate":"https:\/\/www.transtoyou.com\/ro\/?s={search_term_string}"},"query-input":{"@type":"PropertyValueSpecification","valueRequired":true,"valueName":"search_term_string"}}],"inLanguage":"ro-RO"},{"@type":"Organization","@id":"https:\/\/www.transtoyou.com\/ro\/#organization","name":"Transtoyou - RO","url":"https:\/\/www.transtoyou.com\/ro\/","logo":{"@type":"ImageObject","inLanguage":"ro-RO","@id":"https:\/\/www.transtoyou.com\/ro\/#\/schema\/logo\/image\/","url":"https:\/\/www.transtoyou.com\/ro\/wp-content\/uploads\/sites\/13\/2026\/01\/logo-tty-menu-bar-300x87-1.webp","contentUrl":"https:\/\/www.transtoyou.com\/ro\/wp-content\/uploads\/sites\/13\/2026\/01\/logo-tty-menu-bar-300x87-1.webp","width":300,"height":87,"caption":"Transtoyou - RO"},"image":{"@id":"https:\/\/www.transtoyou.com\/ro\/#\/schema\/logo\/image\/"}}]}},"_links":{"self":[{"href":"https:\/\/www.transtoyou.com\/ro\/wp-json\/wp\/v2\/product\/792","targetHints":{"allow":["GET"]}}],"collection":[{"href":"https:\/\/www.transtoyou.com\/ro\/wp-json\/wp\/v2\/product"}],"about":[{"href":"https:\/\/www.transtoyou.com\/ro\/wp-json\/wp\/v2\/types\/product"}],"replies":[{"embeddable":true,"href":"https:\/\/www.transtoyou.com\/ro\/wp-json\/wp\/v2\/comments?post=792"}],"wp:featuredmedia":[{"embeddable":true,"href":"https:\/\/www.transtoyou.com\/ro\/wp-json\/wp\/v2\/media\/794"}],"wp:attachment":[{"href":"https:\/\/www.transtoyou.com\/ro\/wp-json\/wp\/v2\/media?parent=792"}],"wp:term":[{"taxonomy":"product_brand","embeddable":true,"href":"https:\/\/www.transtoyou.com\/ro\/wp-json\/wp\/v2\/product_brand?post=792"},{"taxonomy":"product_cat","embeddable":true,"href":"https:\/\/www.transtoyou.com\/ro\/wp-json\/wp\/v2\/product_cat?post=792"},{"taxonomy":"product_tag","embeddable":true,"href":"https:\/\/www.transtoyou.com\/ro\/wp-json\/wp\/v2\/product_tag?post=792"},{"taxonomy":"expert","embeddable":true,"href":"https:\/\/www.transtoyou.com\/ro\/wp-json\/wp\/v2\/expert?post=792"}],"curies":[{"name":"wp","href":"https:\/\/api.w.org\/{rel}","templated":true}]}}