{"id":801,"date":"2026-01-24T19:02:40","date_gmt":"2026-01-24T19:02:40","guid":{"rendered":"https:\/\/www.transtoyou.com\/ro\/product\/circadin\/"},"modified":"2026-01-24T19:03:42","modified_gmt":"2026-01-24T19:03:42","slug":"circadin","status":"publish","type":"product","link":"https:\/\/www.transtoyou.com\/ro\/product\/circadin\/","title":{"rendered":"Circadin"},"content":{"rendered":"<p>Circadin este un medicament pe baz\u0103 de re\u021bet\u0103 care con\u021bine 2 mg de melatonin\u0103 cu eliberare prelungit\u0103, dezvoltat special pentru a sus\u021bine ciclul natural somn-veghe. Este prescris \u00een principal adul\u021bilor cu v\u00e2rsta de 55 de ani \u0219i peste care experimenteaz\u0103 o calitate slab\u0103 a somnului din cauza insomniei sau a modific\u0103rilor legate de v\u00e2rst\u0103 \u00een produc\u021bia de melatonin\u0103. Spre deosebire de suplimentele standard de melatonin\u0103, Circadin este conceput pentru a imita eliberarea natural\u0103 de melatonin\u0103 a corpului pe timpul nop\u021bii, ajut\u00e2nd la promovarea unui somn mai lung \u0219i mai odihnitor.<\/p>\n<p>Melatonina este un hormon pe care corpul \u00eel produce natural ca r\u0103spuns la \u00eentuneric. Circadin suplimenteaz\u0103 acest hormon \u00eentr-o form\u0103 cu eliberare controlat\u0103, ajut\u00e2nd oamenii s\u0103 adoarm\u0103 mai repede, s\u0103 doarm\u0103 mai profund \u0219i s\u0103 reduc\u0103 trezirile nocturne. Ofer\u0103 o alternativ\u0103 bl\u00e2nd\u0103 la pastilele tradi\u021bionale de somn f\u0103r\u0103 a provoca dependen\u021b\u0103 sau somnolen\u021b\u0103 semnificativ\u0103 \u00een timpul zilei.<\/p>\n<p>Circadin se ia pe cale oral\u0103, cu una p\u00e2n\u0103 la dou\u0103 ore \u00eenainte de culcare, \u0219i este cel mai eficient atunci c\u00e2nd este combinat cu bune practici de igien\u0103 a somnului, cum ar fi evitarea ecranelor \u00eenainte de culcare \u0219i men\u021binerea unei rutine regulate de somn. \u00cencepe s\u0103 \u00ee\u0219i fac\u0103 efectul \u00een primele zile, cu beneficii complete observate adesea dup\u0103 o utilizare constant\u0103 de una p\u00e2n\u0103 la dou\u0103 s\u0103pt\u0103m\u00e2ni.<\/p>\n<p>Este \u00een general bine tolerat, de\u0219i unele persoane pot experimenta efecte secundare u\u0219oare, cum ar fi dureri de cap, grea\u021b\u0103 sau somnolen\u021b\u0103. Nu ar trebui utilizat \u00eempreun\u0103 cu alcool sau sedative puternice, deoarece acestea pot afecta eficacitatea sa.<\/p>\n","protected":false},"excerpt":{"rendered":"<ul>\n<li>Suport pentru somn pe baz\u0103 de re\u021bet\u0103<\/li>\n<li>Melatonin\u0103 cu eliberare prelungit\u0103<\/li>\n<li>\u00cembun\u0103t\u0103\u021be\u0219te calitatea somnului<\/li>\n<\/ul>\n","protected":false},"featured_media":803,"comment_status":"open","ping_status":"closed","template":"","meta":[],"product_brand":[],"product_cat":[145],"product_tag":[],"expert":[16],"class_list":{"0":"post-801","1":"product","2":"type-product","3":"status-publish","4":"has-post-thumbnail","6":"product_cat-tulburari-de-somn","7":"expert-dr-c-alexandru","9":"first","10":"instock","11":"shipping-taxable","12":"product-type-variable"},"yoast_head":"<!-- This site is optimized with the Yoast SEO plugin v27.0 - https:\/\/yoast.com\/product\/yoast-seo-wordpress\/ -->\n<title>Circadin | Suport pentru Somn - Transtoyou<\/title>\n<meta name=\"description\" content=\"Circadin disponibil aici, sus\u021bine un somn odihnitor \u00een mod natural. Cump\u0103r\u0103 acum o solu\u021bie revizuit\u0103 clinic pentru a \u00eembun\u0103t\u0103\u021bi calitatea somnului cu u\u0219urin\u021b\u0103.\" \/>\n<meta name=\"robots\" content=\"noindex, follow, max-snippet:-1, max-image-preview:large, max-video-preview:-1\" \/>\n<meta property=\"og:locale\" content=\"ro_RO\" \/>\n<meta property=\"og:type\" content=\"article\" \/>\n<meta property=\"og:title\" content=\"Circadin | Suport pentru Somn - Transtoyou\" \/>\n<meta property=\"og:description\" content=\"Circadin disponibil aici, sus\u021bine un somn odihnitor \u00een mod natural. Cump\u0103r\u0103 acum o solu\u021bie revizuit\u0103 clinic pentru a \u00eembun\u0103t\u0103\u021bi calitatea somnului cu u\u0219urin\u021b\u0103.\" \/>\n<meta property=\"og:url\" content=\"https:\/\/www.transtoyou.com\/ro\/product\/circadin\/\" \/>\n<meta property=\"og:site_name\" content=\"Transtoyou - RO\" \/>\n<meta property=\"article:modified_time\" content=\"2026-01-24T19:03:42+00:00\" \/>\n<meta name=\"twitter:card\" content=\"summary_large_image\" \/>\n<meta name=\"twitter:label1\" content=\"Timp estimat pentru citire\" \/>\n\t<meta name=\"twitter:data1\" content=\"1 minut\" \/>\n<script type=\"application\/ld+json\" class=\"yoast-schema-graph\">{\"@context\":\"https:\/\/schema.org\",\"@graph\":[{\"@type\":\"WebPage\",\"@id\":\"https:\/\/www.transtoyou.com\/ro\/product\/circadin\/\",\"url\":\"https:\/\/www.transtoyou.com\/ro\/product\/circadin\/\",\"name\":\"Circadin | Suport pentru Somn - Transtoyou\",\"isPartOf\":{\"@id\":\"https:\/\/www.transtoyou.com\/ro\/#website\"},\"primaryImageOfPage\":{\"@id\":\"https:\/\/www.transtoyou.com\/ro\/product\/circadin\/#primaryimage\"},\"image\":{\"@id\":\"https:\/\/www.transtoyou.com\/ro\/product\/circadin\/#primaryimage\"},\"thumbnailUrl\":\"https:\/\/www.transtoyou.com\/ro\/wp-content\/uploads\/sites\/13\/2026\/01\/tty-no-product-image-108.webp\",\"datePublished\":\"2026-01-24T19:02:40+00:00\",\"dateModified\":\"2026-01-24T19:03:42+00:00\",\"description\":\"Circadin disponibil aici, sus\u021bine un somn odihnitor \u00een mod natural. Cump\u0103r\u0103 acum o solu\u021bie revizuit\u0103 clinic pentru a \u00eembun\u0103t\u0103\u021bi calitatea somnului cu u\u0219urin\u021b\u0103.\",\"breadcrumb\":{\"@id\":\"https:\/\/www.transtoyou.com\/ro\/product\/circadin\/#breadcrumb\"},\"inLanguage\":\"ro-RO\",\"potentialAction\":[{\"@type\":\"ReadAction\",\"target\":[\"https:\/\/www.transtoyou.com\/ro\/product\/circadin\/\"]}]},{\"@type\":\"ImageObject\",\"inLanguage\":\"ro-RO\",\"@id\":\"https:\/\/www.transtoyou.com\/ro\/product\/circadin\/#primaryimage\",\"url\":\"https:\/\/www.transtoyou.com\/ro\/wp-content\/uploads\/sites\/13\/2026\/01\/tty-no-product-image-108.webp\",\"contentUrl\":\"https:\/\/www.transtoyou.com\/ro\/wp-content\/uploads\/sites\/13\/2026\/01\/tty-no-product-image-108.webp\",\"width\":1000,\"height\":1000,\"caption\":\"Imaginea implicit\u0103 a produsului\"},{\"@type\":\"WebSite\",\"@id\":\"https:\/\/www.transtoyou.com\/ro\/#website\",\"url\":\"https:\/\/www.transtoyou.com\/ro\/\",\"name\":\"Transtoyou - RO\",\"description\":\"\",\"publisher\":{\"@id\":\"https:\/\/www.transtoyou.com\/ro\/#organization\"},\"potentialAction\":[{\"@type\":\"SearchAction\",\"target\":{\"@type\":\"EntryPoint\",\"urlTemplate\":\"https:\/\/www.transtoyou.com\/ro\/?s={search_term_string}\"},\"query-input\":{\"@type\":\"PropertyValueSpecification\",\"valueRequired\":true,\"valueName\":\"search_term_string\"}}],\"inLanguage\":\"ro-RO\"},{\"@type\":\"Organization\",\"@id\":\"https:\/\/www.transtoyou.com\/ro\/#organization\",\"name\":\"Transtoyou - RO\",\"url\":\"https:\/\/www.transtoyou.com\/ro\/\",\"logo\":{\"@type\":\"ImageObject\",\"inLanguage\":\"ro-RO\",\"@id\":\"https:\/\/www.transtoyou.com\/ro\/#\/schema\/logo\/image\/\",\"url\":\"https:\/\/www.transtoyou.com\/ro\/wp-content\/uploads\/sites\/13\/2026\/01\/logo-tty-menu-bar-300x87-1.webp\",\"contentUrl\":\"https:\/\/www.transtoyou.com\/ro\/wp-content\/uploads\/sites\/13\/2026\/01\/logo-tty-menu-bar-300x87-1.webp\",\"width\":300,\"height\":87,\"caption\":\"Transtoyou - RO\"},\"image\":{\"@id\":\"https:\/\/www.transtoyou.com\/ro\/#\/schema\/logo\/image\/\"}}]}<\/script>\n<!-- \/ Yoast SEO plugin. -->","yoast_head_json":{"title":"Circadin | Suport pentru Somn - Transtoyou","description":"Circadin disponibil aici, sus\u021bine un somn odihnitor \u00een mod natural. Cump\u0103r\u0103 acum o solu\u021bie revizuit\u0103 clinic pentru a \u00eembun\u0103t\u0103\u021bi calitatea somnului cu u\u0219urin\u021b\u0103.","robots":{"index":"noindex","follow":"follow","max-snippet":"max-snippet:-1","max-image-preview":"max-image-preview:large","max-video-preview":"max-video-preview:-1"},"og_locale":"ro_RO","og_type":"article","og_title":"Circadin | Suport pentru Somn - Transtoyou","og_description":"Circadin disponibil aici, sus\u021bine un somn odihnitor \u00een mod natural. Cump\u0103r\u0103 acum o solu\u021bie revizuit\u0103 clinic pentru a \u00eembun\u0103t\u0103\u021bi calitatea somnului cu u\u0219urin\u021b\u0103.","og_url":"https:\/\/www.transtoyou.com\/ro\/product\/circadin\/","og_site_name":"Transtoyou - RO","article_modified_time":"2026-01-24T19:03:42+00:00","twitter_card":"summary_large_image","twitter_misc":{"Timp estimat pentru citire":"1 minut"},"schema":{"@context":"https:\/\/schema.org","@graph":[{"@type":"WebPage","@id":"https:\/\/www.transtoyou.com\/ro\/product\/circadin\/","url":"https:\/\/www.transtoyou.com\/ro\/product\/circadin\/","name":"Circadin | Suport pentru Somn - Transtoyou","isPartOf":{"@id":"https:\/\/www.transtoyou.com\/ro\/#website"},"primaryImageOfPage":{"@id":"https:\/\/www.transtoyou.com\/ro\/product\/circadin\/#primaryimage"},"image":{"@id":"https:\/\/www.transtoyou.com\/ro\/product\/circadin\/#primaryimage"},"thumbnailUrl":"https:\/\/www.transtoyou.com\/ro\/wp-content\/uploads\/sites\/13\/2026\/01\/tty-no-product-image-108.webp","datePublished":"2026-01-24T19:02:40+00:00","dateModified":"2026-01-24T19:03:42+00:00","description":"Circadin disponibil aici, sus\u021bine un somn odihnitor \u00een mod natural. Cump\u0103r\u0103 acum o solu\u021bie revizuit\u0103 clinic pentru a \u00eembun\u0103t\u0103\u021bi calitatea somnului cu u\u0219urin\u021b\u0103.","breadcrumb":{"@id":"https:\/\/www.transtoyou.com\/ro\/product\/circadin\/#breadcrumb"},"inLanguage":"ro-RO","potentialAction":[{"@type":"ReadAction","target":["https:\/\/www.transtoyou.com\/ro\/product\/circadin\/"]}]},{"@type":"ImageObject","inLanguage":"ro-RO","@id":"https:\/\/www.transtoyou.com\/ro\/product\/circadin\/#primaryimage","url":"https:\/\/www.transtoyou.com\/ro\/wp-content\/uploads\/sites\/13\/2026\/01\/tty-no-product-image-108.webp","contentUrl":"https:\/\/www.transtoyou.com\/ro\/wp-content\/uploads\/sites\/13\/2026\/01\/tty-no-product-image-108.webp","width":1000,"height":1000,"caption":"Imaginea implicit\u0103 a produsului"},{"@type":"WebSite","@id":"https:\/\/www.transtoyou.com\/ro\/#website","url":"https:\/\/www.transtoyou.com\/ro\/","name":"Transtoyou - RO","description":"","publisher":{"@id":"https:\/\/www.transtoyou.com\/ro\/#organization"},"potentialAction":[{"@type":"SearchAction","target":{"@type":"EntryPoint","urlTemplate":"https:\/\/www.transtoyou.com\/ro\/?s={search_term_string}"},"query-input":{"@type":"PropertyValueSpecification","valueRequired":true,"valueName":"search_term_string"}}],"inLanguage":"ro-RO"},{"@type":"Organization","@id":"https:\/\/www.transtoyou.com\/ro\/#organization","name":"Transtoyou - RO","url":"https:\/\/www.transtoyou.com\/ro\/","logo":{"@type":"ImageObject","inLanguage":"ro-RO","@id":"https:\/\/www.transtoyou.com\/ro\/#\/schema\/logo\/image\/","url":"https:\/\/www.transtoyou.com\/ro\/wp-content\/uploads\/sites\/13\/2026\/01\/logo-tty-menu-bar-300x87-1.webp","contentUrl":"https:\/\/www.transtoyou.com\/ro\/wp-content\/uploads\/sites\/13\/2026\/01\/logo-tty-menu-bar-300x87-1.webp","width":300,"height":87,"caption":"Transtoyou - RO"},"image":{"@id":"https:\/\/www.transtoyou.com\/ro\/#\/schema\/logo\/image\/"}}]}},"_links":{"self":[{"href":"https:\/\/www.transtoyou.com\/ro\/wp-json\/wp\/v2\/product\/801","targetHints":{"allow":["GET"]}}],"collection":[{"href":"https:\/\/www.transtoyou.com\/ro\/wp-json\/wp\/v2\/product"}],"about":[{"href":"https:\/\/www.transtoyou.com\/ro\/wp-json\/wp\/v2\/types\/product"}],"replies":[{"embeddable":true,"href":"https:\/\/www.transtoyou.com\/ro\/wp-json\/wp\/v2\/comments?post=801"}],"wp:featuredmedia":[{"embeddable":true,"href":"https:\/\/www.transtoyou.com\/ro\/wp-json\/wp\/v2\/media\/803"}],"wp:attachment":[{"href":"https:\/\/www.transtoyou.com\/ro\/wp-json\/wp\/v2\/media?parent=801"}],"wp:term":[{"taxonomy":"product_brand","embeddable":true,"href":"https:\/\/www.transtoyou.com\/ro\/wp-json\/wp\/v2\/product_brand?post=801"},{"taxonomy":"product_cat","embeddable":true,"href":"https:\/\/www.transtoyou.com\/ro\/wp-json\/wp\/v2\/product_cat?post=801"},{"taxonomy":"product_tag","embeddable":true,"href":"https:\/\/www.transtoyou.com\/ro\/wp-json\/wp\/v2\/product_tag?post=801"},{"taxonomy":"expert","embeddable":true,"href":"https:\/\/www.transtoyou.com\/ro\/wp-json\/wp\/v2\/expert?post=801"}],"curies":[{"name":"wp","href":"https:\/\/api.w.org\/{rel}","templated":true}]}}