{"id":810,"date":"2026-01-24T19:53:52","date_gmt":"2026-01-24T19:53:52","guid":{"rendered":"https:\/\/www.transtoyou.com\/ro\/product\/zolpidem\/"},"modified":"2026-03-08T11:29:03","modified_gmt":"2026-03-08T11:29:03","slug":"zolpidem","status":"publish","type":"product","link":"https:\/\/www.transtoyou.com\/ro\/product\/zolpidem\/","title":{"rendered":"Zolpidem"},"content":{"rendered":"<p>Zolpidem este un medicament pe baz\u0103 de re\u021bet\u0103 utilizat pentru tratarea insomniei pe termen scurt. Face parte dintr-o clas\u0103 de medicamente cunoscut\u0103 sub numele de hipnotice non-benzodiazepinice \u0219i este conceput pentru a ajuta oamenii s\u0103 adorm\u0103 rapid. Zolpidem este prescris frecvent atunci c\u00e2nd dificultatea de a adormi devine perturbatoare pentru func\u021bionarea zilnic\u0103, de\u0219i nu este destinat utiliz\u0103rii pe termen lung.<\/p>\n<p>Medicamentul ac\u021bioneaz\u0103 asupra receptorilor din creier care regleaz\u0103 somnul, ajut\u00e2nd la ini\u021bierea ciclului natural de somn mai eficient. Spre deosebire de pastilele de somn mai vechi, Zolpidem tinde s\u0103 aib\u0103 mai pu\u021bine efecte secundare legate de sedare \u00een timpul zilei sau de senza\u021bia de oboseal\u0103 atunci c\u00e2nd este utilizat conform indica\u021biilor. Este disponibil \u00een forme cu eliberare imediat\u0103 \u0219i cu eliberare prelungit\u0103, \u00een func\u021bie de obiectivul de a adormi mai repede sau de a r\u0103m\u00e2ne adormit mai mult timp.<\/p>\n<p>Zolpidem este de obicei luat chiar \u00eenainte de culcare \u0219i \u00eencepe s\u0103 ac\u021bioneze \u00een 15 p\u00e2n\u0103 la 30 de minute. Deoarece ac\u021bioneaz\u0103 rapid, utilizatorii ar trebui s\u0103 se asigure c\u0103 sunt preg\u0103ti\u021bi s\u0103 doarm\u0103 timp de cel pu\u021bin \u0219apte p\u00e2n\u0103 la opt ore dup\u0103 ce l-au luat pentru a evita somnolen\u021ba de a doua zi. Este important s\u0103 se evite activit\u0103\u021bile care necesit\u0103 vigilen\u021b\u0103, cum ar fi conducerea, dup\u0103 ce s-a luat zolpidem.<\/p>\n<p>Acest medicament nu ar trebui utilizat \u00eempreun\u0103 cu alcool sau alte sedative, deoarece aceste combina\u021bii cresc riscul de efecte secundare periculoase. Unele persoane pot experimenta comportamente de somn neobi\u0219nuite, cum ar fi somnambulismul, m\u00e2ncatul sau conducerea f\u0103r\u0103 o con\u0219tientizare complet\u0103. Aceste comportamente sunt rare, dar ar trebui raportate imediat dac\u0103 apar.<\/p>\n<p>Zolpidem este prescris de obicei pentru durate scurte pentru a evita dependen\u021ba sau toleran\u021ba.<\/p>\n","protected":false},"excerpt":{"rendered":"<ul>\n<li>Tratament pentru insomnie pe termen scurt<\/li>\n<li>Sprijin pentru adormire rapid\u0103<\/li>\n<li>Ajutor pentru somn doar pe baz\u0103 de re\u021bet\u0103<\/li>\n<\/ul>\n","protected":false},"featured_media":812,"comment_status":"open","ping_status":"closed","template":"","meta":[],"product_brand":[],"product_cat":[145],"product_tag":[],"expert":[16],"class_list":{"0":"post-810","1":"product","2":"type-product","3":"status-publish","4":"has-post-thumbnail","6":"product_cat-tulburari-de-somn","7":"expert-dr-c-alexandru","9":"first","10":"instock","11":"shipping-taxable","12":"product-type-variable"},"yoast_head":"<!-- This site is optimized with the Yoast SEO plugin v27.0 - https:\/\/yoast.com\/product\/yoast-seo-wordpress\/ -->\n<title>Zolpidem | Solu\u021bie Rapid\u0103 pentru Somn - Transtoyou<\/title>\n<meta name=\"description\" content=\"Descoper\u0103 Zolpidem pentru tratarea insomniei pe termen scurt, disponibil cu re\u021bet\u0103 medical\u0103. Suport rapid pentru un somn mai bun, conform ghidului clinic.\" \/>\n<meta name=\"robots\" content=\"noindex, follow, max-snippet:-1, max-image-preview:large, max-video-preview:-1\" \/>\n<meta property=\"og:locale\" content=\"ro_RO\" \/>\n<meta property=\"og:type\" content=\"article\" \/>\n<meta property=\"og:title\" content=\"Zolpidem | Solu\u021bie Rapid\u0103 pentru Somn - Transtoyou\" \/>\n<meta property=\"og:description\" content=\"Descoper\u0103 Zolpidem pentru tratarea insomniei pe termen scurt, disponibil cu re\u021bet\u0103 medical\u0103. Suport rapid pentru un somn mai bun, conform ghidului clinic.\" \/>\n<meta property=\"og:url\" content=\"https:\/\/www.transtoyou.com\/ro\/product\/zolpidem\/\" \/>\n<meta property=\"og:site_name\" content=\"Transtoyou - RO\" \/>\n<meta property=\"article:modified_time\" content=\"2026-03-08T11:29:03+00:00\" \/>\n<meta name=\"twitter:card\" content=\"summary_large_image\" \/>\n<meta name=\"twitter:label1\" content=\"Timp estimat pentru citire\" \/>\n\t<meta name=\"twitter:data1\" content=\"2 minute\" \/>\n<script type=\"application\/ld+json\" class=\"yoast-schema-graph\">{\"@context\":\"https:\/\/schema.org\",\"@graph\":[{\"@type\":\"WebPage\",\"@id\":\"https:\/\/www.transtoyou.com\/ro\/product\/zolpidem\/\",\"url\":\"https:\/\/www.transtoyou.com\/ro\/product\/zolpidem\/\",\"name\":\"Zolpidem | Solu\u021bie Rapid\u0103 pentru Somn - Transtoyou\",\"isPartOf\":{\"@id\":\"https:\/\/www.transtoyou.com\/ro\/#website\"},\"primaryImageOfPage\":{\"@id\":\"https:\/\/www.transtoyou.com\/ro\/product\/zolpidem\/#primaryimage\"},\"image\":{\"@id\":\"https:\/\/www.transtoyou.com\/ro\/product\/zolpidem\/#primaryimage\"},\"thumbnailUrl\":\"https:\/\/www.transtoyou.com\/ro\/wp-content\/uploads\/sites\/13\/2026\/01\/tty-no-product-image-111.webp\",\"datePublished\":\"2026-01-24T19:53:52+00:00\",\"dateModified\":\"2026-03-08T11:29:03+00:00\",\"description\":\"Descoper\u0103 Zolpidem pentru tratarea insomniei pe termen scurt, disponibil cu re\u021bet\u0103 medical\u0103. Suport rapid pentru un somn mai bun, conform ghidului clinic.\",\"breadcrumb\":{\"@id\":\"https:\/\/www.transtoyou.com\/ro\/product\/zolpidem\/#breadcrumb\"},\"inLanguage\":\"ro-RO\",\"potentialAction\":[{\"@type\":\"ReadAction\",\"target\":[\"https:\/\/www.transtoyou.com\/ro\/product\/zolpidem\/\"]}]},{\"@type\":\"ImageObject\",\"inLanguage\":\"ro-RO\",\"@id\":\"https:\/\/www.transtoyou.com\/ro\/product\/zolpidem\/#primaryimage\",\"url\":\"https:\/\/www.transtoyou.com\/ro\/wp-content\/uploads\/sites\/13\/2026\/01\/tty-no-product-image-111.webp\",\"contentUrl\":\"https:\/\/www.transtoyou.com\/ro\/wp-content\/uploads\/sites\/13\/2026\/01\/tty-no-product-image-111.webp\",\"width\":1000,\"height\":1000,\"caption\":\"Imaginea implicit\u0103 a produsului\"},{\"@type\":\"WebSite\",\"@id\":\"https:\/\/www.transtoyou.com\/ro\/#website\",\"url\":\"https:\/\/www.transtoyou.com\/ro\/\",\"name\":\"Transtoyou - RO\",\"description\":\"\",\"publisher\":{\"@id\":\"https:\/\/www.transtoyou.com\/ro\/#organization\"},\"potentialAction\":[{\"@type\":\"SearchAction\",\"target\":{\"@type\":\"EntryPoint\",\"urlTemplate\":\"https:\/\/www.transtoyou.com\/ro\/?s={search_term_string}\"},\"query-input\":{\"@type\":\"PropertyValueSpecification\",\"valueRequired\":true,\"valueName\":\"search_term_string\"}}],\"inLanguage\":\"ro-RO\"},{\"@type\":\"Organization\",\"@id\":\"https:\/\/www.transtoyou.com\/ro\/#organization\",\"name\":\"Transtoyou - RO\",\"url\":\"https:\/\/www.transtoyou.com\/ro\/\",\"logo\":{\"@type\":\"ImageObject\",\"inLanguage\":\"ro-RO\",\"@id\":\"https:\/\/www.transtoyou.com\/ro\/#\/schema\/logo\/image\/\",\"url\":\"https:\/\/www.transtoyou.com\/ro\/wp-content\/uploads\/sites\/13\/2026\/01\/logo-tty-menu-bar-300x87-1.webp\",\"contentUrl\":\"https:\/\/www.transtoyou.com\/ro\/wp-content\/uploads\/sites\/13\/2026\/01\/logo-tty-menu-bar-300x87-1.webp\",\"width\":300,\"height\":87,\"caption\":\"Transtoyou - RO\"},\"image\":{\"@id\":\"https:\/\/www.transtoyou.com\/ro\/#\/schema\/logo\/image\/\"}}]}<\/script>\n<!-- \/ Yoast SEO plugin. -->","yoast_head_json":{"title":"Zolpidem | Solu\u021bie Rapid\u0103 pentru Somn - Transtoyou","description":"Descoper\u0103 Zolpidem pentru tratarea insomniei pe termen scurt, disponibil cu re\u021bet\u0103 medical\u0103. Suport rapid pentru un somn mai bun, conform ghidului clinic.","robots":{"index":"noindex","follow":"follow","max-snippet":"max-snippet:-1","max-image-preview":"max-image-preview:large","max-video-preview":"max-video-preview:-1"},"og_locale":"ro_RO","og_type":"article","og_title":"Zolpidem | Solu\u021bie Rapid\u0103 pentru Somn - Transtoyou","og_description":"Descoper\u0103 Zolpidem pentru tratarea insomniei pe termen scurt, disponibil cu re\u021bet\u0103 medical\u0103. Suport rapid pentru un somn mai bun, conform ghidului clinic.","og_url":"https:\/\/www.transtoyou.com\/ro\/product\/zolpidem\/","og_site_name":"Transtoyou - RO","article_modified_time":"2026-03-08T11:29:03+00:00","twitter_card":"summary_large_image","twitter_misc":{"Timp estimat pentru citire":"2 minute"},"schema":{"@context":"https:\/\/schema.org","@graph":[{"@type":"WebPage","@id":"https:\/\/www.transtoyou.com\/ro\/product\/zolpidem\/","url":"https:\/\/www.transtoyou.com\/ro\/product\/zolpidem\/","name":"Zolpidem | Solu\u021bie Rapid\u0103 pentru Somn - Transtoyou","isPartOf":{"@id":"https:\/\/www.transtoyou.com\/ro\/#website"},"primaryImageOfPage":{"@id":"https:\/\/www.transtoyou.com\/ro\/product\/zolpidem\/#primaryimage"},"image":{"@id":"https:\/\/www.transtoyou.com\/ro\/product\/zolpidem\/#primaryimage"},"thumbnailUrl":"https:\/\/www.transtoyou.com\/ro\/wp-content\/uploads\/sites\/13\/2026\/01\/tty-no-product-image-111.webp","datePublished":"2026-01-24T19:53:52+00:00","dateModified":"2026-03-08T11:29:03+00:00","description":"Descoper\u0103 Zolpidem pentru tratarea insomniei pe termen scurt, disponibil cu re\u021bet\u0103 medical\u0103. Suport rapid pentru un somn mai bun, conform ghidului clinic.","breadcrumb":{"@id":"https:\/\/www.transtoyou.com\/ro\/product\/zolpidem\/#breadcrumb"},"inLanguage":"ro-RO","potentialAction":[{"@type":"ReadAction","target":["https:\/\/www.transtoyou.com\/ro\/product\/zolpidem\/"]}]},{"@type":"ImageObject","inLanguage":"ro-RO","@id":"https:\/\/www.transtoyou.com\/ro\/product\/zolpidem\/#primaryimage","url":"https:\/\/www.transtoyou.com\/ro\/wp-content\/uploads\/sites\/13\/2026\/01\/tty-no-product-image-111.webp","contentUrl":"https:\/\/www.transtoyou.com\/ro\/wp-content\/uploads\/sites\/13\/2026\/01\/tty-no-product-image-111.webp","width":1000,"height":1000,"caption":"Imaginea implicit\u0103 a produsului"},{"@type":"WebSite","@id":"https:\/\/www.transtoyou.com\/ro\/#website","url":"https:\/\/www.transtoyou.com\/ro\/","name":"Transtoyou - RO","description":"","publisher":{"@id":"https:\/\/www.transtoyou.com\/ro\/#organization"},"potentialAction":[{"@type":"SearchAction","target":{"@type":"EntryPoint","urlTemplate":"https:\/\/www.transtoyou.com\/ro\/?s={search_term_string}"},"query-input":{"@type":"PropertyValueSpecification","valueRequired":true,"valueName":"search_term_string"}}],"inLanguage":"ro-RO"},{"@type":"Organization","@id":"https:\/\/www.transtoyou.com\/ro\/#organization","name":"Transtoyou - RO","url":"https:\/\/www.transtoyou.com\/ro\/","logo":{"@type":"ImageObject","inLanguage":"ro-RO","@id":"https:\/\/www.transtoyou.com\/ro\/#\/schema\/logo\/image\/","url":"https:\/\/www.transtoyou.com\/ro\/wp-content\/uploads\/sites\/13\/2026\/01\/logo-tty-menu-bar-300x87-1.webp","contentUrl":"https:\/\/www.transtoyou.com\/ro\/wp-content\/uploads\/sites\/13\/2026\/01\/logo-tty-menu-bar-300x87-1.webp","width":300,"height":87,"caption":"Transtoyou - RO"},"image":{"@id":"https:\/\/www.transtoyou.com\/ro\/#\/schema\/logo\/image\/"}}]}},"_links":{"self":[{"href":"https:\/\/www.transtoyou.com\/ro\/wp-json\/wp\/v2\/product\/810","targetHints":{"allow":["GET"]}}],"collection":[{"href":"https:\/\/www.transtoyou.com\/ro\/wp-json\/wp\/v2\/product"}],"about":[{"href":"https:\/\/www.transtoyou.com\/ro\/wp-json\/wp\/v2\/types\/product"}],"replies":[{"embeddable":true,"href":"https:\/\/www.transtoyou.com\/ro\/wp-json\/wp\/v2\/comments?post=810"}],"wp:featuredmedia":[{"embeddable":true,"href":"https:\/\/www.transtoyou.com\/ro\/wp-json\/wp\/v2\/media\/812"}],"wp:attachment":[{"href":"https:\/\/www.transtoyou.com\/ro\/wp-json\/wp\/v2\/media?parent=810"}],"wp:term":[{"taxonomy":"product_brand","embeddable":true,"href":"https:\/\/www.transtoyou.com\/ro\/wp-json\/wp\/v2\/product_brand?post=810"},{"taxonomy":"product_cat","embeddable":true,"href":"https:\/\/www.transtoyou.com\/ro\/wp-json\/wp\/v2\/product_cat?post=810"},{"taxonomy":"product_tag","embeddable":true,"href":"https:\/\/www.transtoyou.com\/ro\/wp-json\/wp\/v2\/product_tag?post=810"},{"taxonomy":"expert","embeddable":true,"href":"https:\/\/www.transtoyou.com\/ro\/wp-json\/wp\/v2\/expert?post=810"}],"curies":[{"name":"wp","href":"https:\/\/api.w.org\/{rel}","templated":true}]}}