{"id":816,"date":"2026-01-24T20:26:33","date_gmt":"2026-01-24T20:26:33","guid":{"rendered":"https:\/\/www.transtoyou.com\/ro\/product\/invicorp\/"},"modified":"2026-01-24T20:27:29","modified_gmt":"2026-01-24T20:27:29","slug":"invicorp","status":"publish","type":"product","link":"https:\/\/www.transtoyou.com\/ro\/product\/invicorp\/","title":{"rendered":"Invicorp"},"content":{"rendered":"<p>Invicorp este un medicament utilizat pentru tratarea disfunc\u021biei erectile (DE). Con\u021bine dou\u0103 substan\u021be active: aviptadil \u0219i fentolamin\u0103, care ac\u021bioneaz\u0103 \u00eempreun\u0103 pentru a \u00eembun\u0103t\u0103\u021bi fluxul sanguin \u00een penis \u0219i a reduce fluxul sanguin de ie\u0219ire. Aceast\u0103 ac\u021biune dual\u0103 permite ob\u021binerea unei erec\u021bii ferme, potrivite pentru activitatea sexual\u0103.<\/p>\n<p>Aviptadil este o versiune sintetic\u0103 a peptidei intestinale vasoactive (VIP), care ajut\u0103 la relaxarea mu\u0219chilor netezi \u0219i la reducerea fluxului sanguin de ie\u0219ire din penis. Fentolamina este un alfa-blocant care cre\u0219te fluxul sanguin \u00een \u021besutul penile prin dilatarea vaselor de s\u00e2nge. \u00cempreun\u0103, ajut\u0103 la ob\u021binerea \u0219i men\u021binerea unei erec\u021bii prin restabilirea echilibrului natural al fluxului sanguin \u00een \u0219i din penis.<\/p>\n<p>Invicorp este utilizat la b\u0103rba\u021bii cu disfunc\u021bie erectil\u0103, \u00een special la cei pentru care alte tratamente, cum ar fi medicamentele orale, nu sunt eficiente sau nu sunt recomandate. Se injecteaz\u0103 direct \u00een corpurile cavernosa (\u021besutul moale de fiecare parte a trunchiului penisului). Efectele \u00eencep de obicei la scurt timp dup\u0103 injec\u021bie \u0219i dureaz\u0103, de obicei, nu mai mult de o or\u0103.<\/p>\n","protected":false},"excerpt":{"rendered":"<ul>\n<li>Suport rapid \u0219i de \u00eencredere pentru erec\u021bie<\/li>\n<li>Func\u021bioneaz\u0103 atunci c\u00e2nd medicamentele orale pentru disfunc\u021bia erectil\u0103 e\u0219ueaz\u0103<\/li>\n<li>Injectat direct \u00een penis<\/li>\n<\/ul>\n","protected":false},"featured_media":818,"comment_status":"open","ping_status":"closed","template":"","meta":[],"product_brand":[],"product_cat":[96],"product_tag":[],"expert":[17],"class_list":{"0":"post-816","1":"product","2":"type-product","3":"status-publish","4":"has-post-thumbnail","6":"product_cat-tratamente-pentru-disfunctia-erectila","7":"expert-dr-c-munoz-parada","9":"first","10":"instock","11":"shipping-taxable","12":"product-type-variable"},"yoast_head":"<!-- This site is optimized with the Yoast SEO plugin v27.0 - https:\/\/yoast.com\/product\/yoast-seo-wordpress\/ -->\n<title>Invicorp | \u00cembun\u0103t\u0103\u021be\u0219te Fluxul Sanguin pentru U\u0219urarea ED - Transtoyou<\/title>\n<meta name=\"description\" content=\"Descoper\u0103 Invicorp pe Transtoyou, \u00eembun\u0103t\u0103\u021bind performan\u021ba \u0219i \u00eencrederea. Cump\u0103r\u0103 acum o solu\u021bie eficient\u0103 pentru a-\u021bi sus\u021bine obiectivele de s\u0103n\u0103tate.\" \/>\n<meta name=\"robots\" content=\"noindex, follow, max-snippet:-1, max-image-preview:large, max-video-preview:-1\" \/>\n<meta property=\"og:locale\" content=\"ro_RO\" \/>\n<meta property=\"og:type\" content=\"article\" \/>\n<meta property=\"og:title\" content=\"Invicorp | \u00cembun\u0103t\u0103\u021be\u0219te Fluxul Sanguin pentru U\u0219urarea ED - Transtoyou\" \/>\n<meta property=\"og:description\" content=\"Descoper\u0103 Invicorp pe Transtoyou, \u00eembun\u0103t\u0103\u021bind performan\u021ba \u0219i \u00eencrederea. Cump\u0103r\u0103 acum o solu\u021bie eficient\u0103 pentru a-\u021bi sus\u021bine obiectivele de s\u0103n\u0103tate.\" \/>\n<meta property=\"og:url\" content=\"https:\/\/www.transtoyou.com\/ro\/product\/invicorp\/\" \/>\n<meta property=\"og:site_name\" content=\"Transtoyou - RO\" \/>\n<meta property=\"article:modified_time\" content=\"2026-01-24T20:27:29+00:00\" \/>\n<meta name=\"twitter:card\" content=\"summary_large_image\" \/>\n<meta name=\"twitter:label1\" content=\"Timp estimat pentru citire\" \/>\n\t<meta name=\"twitter:data1\" content=\"1 minut\" \/>\n<script type=\"application\/ld+json\" class=\"yoast-schema-graph\">{\"@context\":\"https:\/\/schema.org\",\"@graph\":[{\"@type\":\"WebPage\",\"@id\":\"https:\/\/www.transtoyou.com\/ro\/product\/invicorp\/\",\"url\":\"https:\/\/www.transtoyou.com\/ro\/product\/invicorp\/\",\"name\":\"Invicorp | \u00cembun\u0103t\u0103\u021be\u0219te Fluxul Sanguin pentru U\u0219urarea ED - Transtoyou\",\"isPartOf\":{\"@id\":\"https:\/\/www.transtoyou.com\/ro\/#website\"},\"primaryImageOfPage\":{\"@id\":\"https:\/\/www.transtoyou.com\/ro\/product\/invicorp\/#primaryimage\"},\"image\":{\"@id\":\"https:\/\/www.transtoyou.com\/ro\/product\/invicorp\/#primaryimage\"},\"thumbnailUrl\":\"https:\/\/www.transtoyou.com\/ro\/wp-content\/uploads\/sites\/13\/2026\/01\/tty-no-product-image-113.webp\",\"datePublished\":\"2026-01-24T20:26:33+00:00\",\"dateModified\":\"2026-01-24T20:27:29+00:00\",\"description\":\"Descoper\u0103 Invicorp pe Transtoyou, \u00eembun\u0103t\u0103\u021bind performan\u021ba \u0219i \u00eencrederea. Cump\u0103r\u0103 acum o solu\u021bie eficient\u0103 pentru a-\u021bi sus\u021bine obiectivele de s\u0103n\u0103tate.\",\"breadcrumb\":{\"@id\":\"https:\/\/www.transtoyou.com\/ro\/product\/invicorp\/#breadcrumb\"},\"inLanguage\":\"ro-RO\",\"potentialAction\":[{\"@type\":\"ReadAction\",\"target\":[\"https:\/\/www.transtoyou.com\/ro\/product\/invicorp\/\"]}]},{\"@type\":\"ImageObject\",\"inLanguage\":\"ro-RO\",\"@id\":\"https:\/\/www.transtoyou.com\/ro\/product\/invicorp\/#primaryimage\",\"url\":\"https:\/\/www.transtoyou.com\/ro\/wp-content\/uploads\/sites\/13\/2026\/01\/tty-no-product-image-113.webp\",\"contentUrl\":\"https:\/\/www.transtoyou.com\/ro\/wp-content\/uploads\/sites\/13\/2026\/01\/tty-no-product-image-113.webp\",\"width\":1000,\"height\":1000,\"caption\":\"Imagine de produs implicit\"},{\"@type\":\"WebSite\",\"@id\":\"https:\/\/www.transtoyou.com\/ro\/#website\",\"url\":\"https:\/\/www.transtoyou.com\/ro\/\",\"name\":\"Transtoyou - RO\",\"description\":\"\",\"publisher\":{\"@id\":\"https:\/\/www.transtoyou.com\/ro\/#organization\"},\"potentialAction\":[{\"@type\":\"SearchAction\",\"target\":{\"@type\":\"EntryPoint\",\"urlTemplate\":\"https:\/\/www.transtoyou.com\/ro\/?s={search_term_string}\"},\"query-input\":{\"@type\":\"PropertyValueSpecification\",\"valueRequired\":true,\"valueName\":\"search_term_string\"}}],\"inLanguage\":\"ro-RO\"},{\"@type\":\"Organization\",\"@id\":\"https:\/\/www.transtoyou.com\/ro\/#organization\",\"name\":\"Transtoyou - RO\",\"url\":\"https:\/\/www.transtoyou.com\/ro\/\",\"logo\":{\"@type\":\"ImageObject\",\"inLanguage\":\"ro-RO\",\"@id\":\"https:\/\/www.transtoyou.com\/ro\/#\/schema\/logo\/image\/\",\"url\":\"https:\/\/www.transtoyou.com\/ro\/wp-content\/uploads\/sites\/13\/2026\/01\/logo-tty-menu-bar-300x87-1.webp\",\"contentUrl\":\"https:\/\/www.transtoyou.com\/ro\/wp-content\/uploads\/sites\/13\/2026\/01\/logo-tty-menu-bar-300x87-1.webp\",\"width\":300,\"height\":87,\"caption\":\"Transtoyou - RO\"},\"image\":{\"@id\":\"https:\/\/www.transtoyou.com\/ro\/#\/schema\/logo\/image\/\"}}]}<\/script>\n<!-- \/ Yoast SEO plugin. -->","yoast_head_json":{"title":"Invicorp | \u00cembun\u0103t\u0103\u021be\u0219te Fluxul Sanguin pentru U\u0219urarea ED - Transtoyou","description":"Descoper\u0103 Invicorp pe Transtoyou, \u00eembun\u0103t\u0103\u021bind performan\u021ba \u0219i \u00eencrederea. Cump\u0103r\u0103 acum o solu\u021bie eficient\u0103 pentru a-\u021bi sus\u021bine obiectivele de s\u0103n\u0103tate.","robots":{"index":"noindex","follow":"follow","max-snippet":"max-snippet:-1","max-image-preview":"max-image-preview:large","max-video-preview":"max-video-preview:-1"},"og_locale":"ro_RO","og_type":"article","og_title":"Invicorp | \u00cembun\u0103t\u0103\u021be\u0219te Fluxul Sanguin pentru U\u0219urarea ED - Transtoyou","og_description":"Descoper\u0103 Invicorp pe Transtoyou, \u00eembun\u0103t\u0103\u021bind performan\u021ba \u0219i \u00eencrederea. Cump\u0103r\u0103 acum o solu\u021bie eficient\u0103 pentru a-\u021bi sus\u021bine obiectivele de s\u0103n\u0103tate.","og_url":"https:\/\/www.transtoyou.com\/ro\/product\/invicorp\/","og_site_name":"Transtoyou - RO","article_modified_time":"2026-01-24T20:27:29+00:00","twitter_card":"summary_large_image","twitter_misc":{"Timp estimat pentru citire":"1 minut"},"schema":{"@context":"https:\/\/schema.org","@graph":[{"@type":"WebPage","@id":"https:\/\/www.transtoyou.com\/ro\/product\/invicorp\/","url":"https:\/\/www.transtoyou.com\/ro\/product\/invicorp\/","name":"Invicorp | \u00cembun\u0103t\u0103\u021be\u0219te Fluxul Sanguin pentru U\u0219urarea ED - Transtoyou","isPartOf":{"@id":"https:\/\/www.transtoyou.com\/ro\/#website"},"primaryImageOfPage":{"@id":"https:\/\/www.transtoyou.com\/ro\/product\/invicorp\/#primaryimage"},"image":{"@id":"https:\/\/www.transtoyou.com\/ro\/product\/invicorp\/#primaryimage"},"thumbnailUrl":"https:\/\/www.transtoyou.com\/ro\/wp-content\/uploads\/sites\/13\/2026\/01\/tty-no-product-image-113.webp","datePublished":"2026-01-24T20:26:33+00:00","dateModified":"2026-01-24T20:27:29+00:00","description":"Descoper\u0103 Invicorp pe Transtoyou, \u00eembun\u0103t\u0103\u021bind performan\u021ba \u0219i \u00eencrederea. Cump\u0103r\u0103 acum o solu\u021bie eficient\u0103 pentru a-\u021bi sus\u021bine obiectivele de s\u0103n\u0103tate.","breadcrumb":{"@id":"https:\/\/www.transtoyou.com\/ro\/product\/invicorp\/#breadcrumb"},"inLanguage":"ro-RO","potentialAction":[{"@type":"ReadAction","target":["https:\/\/www.transtoyou.com\/ro\/product\/invicorp\/"]}]},{"@type":"ImageObject","inLanguage":"ro-RO","@id":"https:\/\/www.transtoyou.com\/ro\/product\/invicorp\/#primaryimage","url":"https:\/\/www.transtoyou.com\/ro\/wp-content\/uploads\/sites\/13\/2026\/01\/tty-no-product-image-113.webp","contentUrl":"https:\/\/www.transtoyou.com\/ro\/wp-content\/uploads\/sites\/13\/2026\/01\/tty-no-product-image-113.webp","width":1000,"height":1000,"caption":"Imagine de produs implicit"},{"@type":"WebSite","@id":"https:\/\/www.transtoyou.com\/ro\/#website","url":"https:\/\/www.transtoyou.com\/ro\/","name":"Transtoyou - RO","description":"","publisher":{"@id":"https:\/\/www.transtoyou.com\/ro\/#organization"},"potentialAction":[{"@type":"SearchAction","target":{"@type":"EntryPoint","urlTemplate":"https:\/\/www.transtoyou.com\/ro\/?s={search_term_string}"},"query-input":{"@type":"PropertyValueSpecification","valueRequired":true,"valueName":"search_term_string"}}],"inLanguage":"ro-RO"},{"@type":"Organization","@id":"https:\/\/www.transtoyou.com\/ro\/#organization","name":"Transtoyou - RO","url":"https:\/\/www.transtoyou.com\/ro\/","logo":{"@type":"ImageObject","inLanguage":"ro-RO","@id":"https:\/\/www.transtoyou.com\/ro\/#\/schema\/logo\/image\/","url":"https:\/\/www.transtoyou.com\/ro\/wp-content\/uploads\/sites\/13\/2026\/01\/logo-tty-menu-bar-300x87-1.webp","contentUrl":"https:\/\/www.transtoyou.com\/ro\/wp-content\/uploads\/sites\/13\/2026\/01\/logo-tty-menu-bar-300x87-1.webp","width":300,"height":87,"caption":"Transtoyou - RO"},"image":{"@id":"https:\/\/www.transtoyou.com\/ro\/#\/schema\/logo\/image\/"}}]}},"_links":{"self":[{"href":"https:\/\/www.transtoyou.com\/ro\/wp-json\/wp\/v2\/product\/816","targetHints":{"allow":["GET"]}}],"collection":[{"href":"https:\/\/www.transtoyou.com\/ro\/wp-json\/wp\/v2\/product"}],"about":[{"href":"https:\/\/www.transtoyou.com\/ro\/wp-json\/wp\/v2\/types\/product"}],"replies":[{"embeddable":true,"href":"https:\/\/www.transtoyou.com\/ro\/wp-json\/wp\/v2\/comments?post=816"}],"wp:featuredmedia":[{"embeddable":true,"href":"https:\/\/www.transtoyou.com\/ro\/wp-json\/wp\/v2\/media\/818"}],"wp:attachment":[{"href":"https:\/\/www.transtoyou.com\/ro\/wp-json\/wp\/v2\/media?parent=816"}],"wp:term":[{"taxonomy":"product_brand","embeddable":true,"href":"https:\/\/www.transtoyou.com\/ro\/wp-json\/wp\/v2\/product_brand?post=816"},{"taxonomy":"product_cat","embeddable":true,"href":"https:\/\/www.transtoyou.com\/ro\/wp-json\/wp\/v2\/product_cat?post=816"},{"taxonomy":"product_tag","embeddable":true,"href":"https:\/\/www.transtoyou.com\/ro\/wp-json\/wp\/v2\/product_tag?post=816"},{"taxonomy":"expert","embeddable":true,"href":"https:\/\/www.transtoyou.com\/ro\/wp-json\/wp\/v2\/expert?post=816"}],"curies":[{"name":"wp","href":"https:\/\/api.w.org\/{rel}","templated":true}]}}