{"id":828,"date":"2026-01-24T21:33:03","date_gmt":"2026-01-24T21:33:03","guid":{"rendered":"https:\/\/www.transtoyou.com\/ro\/product\/diamicron\/"},"modified":"2026-01-24T21:34:17","modified_gmt":"2026-01-24T21:34:17","slug":"diamicron","status":"publish","type":"product","link":"https:\/\/www.transtoyou.com\/ro\/product\/diamicron\/","title":{"rendered":"Diamicron"},"content":{"rendered":"<p>Diamicron este un medicament oral care apar\u021bine clasei de medicamente sulfonilureice. Ajut\u0103 la gestionarea nivelului de zah\u0103r din s\u00e2nge la persoanele cu diabet de tip 2. Diamicron ac\u021bioneaz\u0103 stimul\u00e2nd pancreasul s\u0103 elibereze mai mult\u0103 insulin\u0103, un hormon care ajut\u0103 la sc\u0103derea nivelului de glucoz\u0103 din s\u00e2nge. Acest lucru \u00eel face deosebit de util pentru persoanele ale c\u0103ror corpuri \u00eenc\u0103 produc insulin\u0103, dar nu r\u0103spund eficient la aceasta.<\/p>\n<p>\u00cen diabetul de tip 2, corpul devine rezistent la insulin\u0103 sau nu produce suficient\u0103 insulin\u0103 pentru a men\u021bine zah\u0103rul din s\u00e2nge sub control. Diamicron abordeaz\u0103 aceast\u0103 problem\u0103 \u00eencuraj\u00e2nd o eliberare mai natural\u0103 a insulinei ca r\u0103spuns la mese, ajut\u00e2nd la reducerea v\u00e2rfurilor de zah\u0103r din s\u00e2nge dup\u0103 mas\u0103. Ca urmare, joac\u0103 un rol \u00een men\u021binerea unor niveluri stabile de glucoz\u0103 \u00een s\u00e2nge pe parcursul zilei.<\/p>\n<p>Diamicron se ia de obicei o dat\u0103 pe zi, adesea cu micul dejun. De\u0219i este eficient, Diamicron poate provoca uneori hipoglicemie (nivel sc\u0103zut de zah\u0103r \u00een s\u00e2nge), mai ales dac\u0103 mesele sunt omise sau activitatea fizic\u0103 cre\u0219te nea\u0219teptat. Din acest motiv, este important s\u0103 monitorizezi regulat nivelul glucozei \u0219i s\u0103 fii con\u0219tient de simptome precum tremur\u0103turi, transpira\u021bie, ame\u021beli sau confuzie. Alte efecte secundare posibile includ disconfort gastrointestinal u\u0219or sau cre\u0219tere \u00een greutate.<\/p>\n","protected":false},"excerpt":{"rendered":"<ul>\n<li>Gliclazid\u0103 cu eliberare modificat\u0103, administrat\u0103 o dat\u0103 pe zi, pentru controlul constant al zah\u0103rului<\/li>\n<li>Scade HbA1c \u0219i protejeaz\u0103 nervii, ochii \u0219i rinichii<\/li>\n<li>Profil de siguran\u021b\u0103 dovedit, cu peste 30 de ani de utilizare<\/li>\n<\/ul>\n","protected":false},"featured_media":830,"comment_status":"open","ping_status":"closed","template":"","meta":[],"product_brand":[],"product_cat":[84],"product_tag":[],"expert":[21],"class_list":{"0":"post-828","1":"product","2":"type-product","3":"status-publish","4":"has-post-thumbnail","6":"product_cat-diabet","7":"expert-dr-m-sharoyko","9":"first","10":"instock","11":"shipping-taxable","12":"product-type-variable"},"yoast_head":"<!-- This site is optimized with the Yoast SEO plugin v27.0 - https:\/\/yoast.com\/product\/yoast-seo-wordpress\/ -->\n<title>Diamicron | Gestioneaz\u0103 Eficient Glicemia - Transtoyou<\/title>\n<meta name=\"description\" content=\"Gestioneaz\u0103 diabetul de tip 2 cu Diamicron, disponibil la Transtoyou. Sus\u021bine eliberarea insulinei pentru un nivel stabil al glicemiei. Cump\u0103r\u0103 acum pentru un control eficient.\" \/>\n<meta name=\"robots\" content=\"noindex, follow, max-snippet:-1, max-image-preview:large, max-video-preview:-1\" \/>\n<meta property=\"og:locale\" content=\"ro_RO\" \/>\n<meta property=\"og:type\" content=\"article\" \/>\n<meta property=\"og:title\" content=\"Diamicron | Gestioneaz\u0103 Eficient Glicemia - Transtoyou\" \/>\n<meta property=\"og:description\" content=\"Gestioneaz\u0103 diabetul de tip 2 cu Diamicron, disponibil la Transtoyou. Sus\u021bine eliberarea insulinei pentru un nivel stabil al glicemiei. Cump\u0103r\u0103 acum pentru un control eficient.\" \/>\n<meta property=\"og:url\" content=\"https:\/\/www.transtoyou.com\/ro\/product\/diamicron\/\" \/>\n<meta property=\"og:site_name\" content=\"Transtoyou - RO\" \/>\n<meta property=\"article:modified_time\" content=\"2026-01-24T21:34:17+00:00\" \/>\n<meta name=\"twitter:card\" content=\"summary_large_image\" \/>\n<meta name=\"twitter:label1\" content=\"Timp estimat pentru citire\" \/>\n\t<meta name=\"twitter:data1\" content=\"1 minut\" \/>\n<script type=\"application\/ld+json\" class=\"yoast-schema-graph\">{\"@context\":\"https:\/\/schema.org\",\"@graph\":[{\"@type\":\"WebPage\",\"@id\":\"https:\/\/www.transtoyou.com\/ro\/product\/diamicron\/\",\"url\":\"https:\/\/www.transtoyou.com\/ro\/product\/diamicron\/\",\"name\":\"Diamicron | Gestioneaz\u0103 Eficient Glicemia - Transtoyou\",\"isPartOf\":{\"@id\":\"https:\/\/www.transtoyou.com\/ro\/#website\"},\"primaryImageOfPage\":{\"@id\":\"https:\/\/www.transtoyou.com\/ro\/product\/diamicron\/#primaryimage\"},\"image\":{\"@id\":\"https:\/\/www.transtoyou.com\/ro\/product\/diamicron\/#primaryimage\"},\"thumbnailUrl\":\"https:\/\/www.transtoyou.com\/ro\/wp-content\/uploads\/sites\/13\/2026\/01\/tty-no-product-image-117.webp\",\"datePublished\":\"2026-01-24T21:33:03+00:00\",\"dateModified\":\"2026-01-24T21:34:17+00:00\",\"description\":\"Gestioneaz\u0103 diabetul de tip 2 cu Diamicron, disponibil la Transtoyou. Sus\u021bine eliberarea insulinei pentru un nivel stabil al glicemiei. Cump\u0103r\u0103 acum pentru un control eficient.\",\"breadcrumb\":{\"@id\":\"https:\/\/www.transtoyou.com\/ro\/product\/diamicron\/#breadcrumb\"},\"inLanguage\":\"ro-RO\",\"potentialAction\":[{\"@type\":\"ReadAction\",\"target\":[\"https:\/\/www.transtoyou.com\/ro\/product\/diamicron\/\"]}]},{\"@type\":\"ImageObject\",\"inLanguage\":\"ro-RO\",\"@id\":\"https:\/\/www.transtoyou.com\/ro\/product\/diamicron\/#primaryimage\",\"url\":\"https:\/\/www.transtoyou.com\/ro\/wp-content\/uploads\/sites\/13\/2026\/01\/tty-no-product-image-117.webp\",\"contentUrl\":\"https:\/\/www.transtoyou.com\/ro\/wp-content\/uploads\/sites\/13\/2026\/01\/tty-no-product-image-117.webp\",\"width\":1000,\"height\":1000,\"caption\":\"Imaginea implicit\u0103 a produsului\"},{\"@type\":\"WebSite\",\"@id\":\"https:\/\/www.transtoyou.com\/ro\/#website\",\"url\":\"https:\/\/www.transtoyou.com\/ro\/\",\"name\":\"Transtoyou - RO\",\"description\":\"\",\"publisher\":{\"@id\":\"https:\/\/www.transtoyou.com\/ro\/#organization\"},\"potentialAction\":[{\"@type\":\"SearchAction\",\"target\":{\"@type\":\"EntryPoint\",\"urlTemplate\":\"https:\/\/www.transtoyou.com\/ro\/?s={search_term_string}\"},\"query-input\":{\"@type\":\"PropertyValueSpecification\",\"valueRequired\":true,\"valueName\":\"search_term_string\"}}],\"inLanguage\":\"ro-RO\"},{\"@type\":\"Organization\",\"@id\":\"https:\/\/www.transtoyou.com\/ro\/#organization\",\"name\":\"Transtoyou - RO\",\"url\":\"https:\/\/www.transtoyou.com\/ro\/\",\"logo\":{\"@type\":\"ImageObject\",\"inLanguage\":\"ro-RO\",\"@id\":\"https:\/\/www.transtoyou.com\/ro\/#\/schema\/logo\/image\/\",\"url\":\"https:\/\/www.transtoyou.com\/ro\/wp-content\/uploads\/sites\/13\/2026\/01\/logo-tty-menu-bar-300x87-1.webp\",\"contentUrl\":\"https:\/\/www.transtoyou.com\/ro\/wp-content\/uploads\/sites\/13\/2026\/01\/logo-tty-menu-bar-300x87-1.webp\",\"width\":300,\"height\":87,\"caption\":\"Transtoyou - RO\"},\"image\":{\"@id\":\"https:\/\/www.transtoyou.com\/ro\/#\/schema\/logo\/image\/\"}}]}<\/script>\n<!-- \/ Yoast SEO plugin. -->","yoast_head_json":{"title":"Diamicron | Gestioneaz\u0103 Eficient Glicemia - Transtoyou","description":"Gestioneaz\u0103 diabetul de tip 2 cu Diamicron, disponibil la Transtoyou. Sus\u021bine eliberarea insulinei pentru un nivel stabil al glicemiei. Cump\u0103r\u0103 acum pentru un control eficient.","robots":{"index":"noindex","follow":"follow","max-snippet":"max-snippet:-1","max-image-preview":"max-image-preview:large","max-video-preview":"max-video-preview:-1"},"og_locale":"ro_RO","og_type":"article","og_title":"Diamicron | Gestioneaz\u0103 Eficient Glicemia - Transtoyou","og_description":"Gestioneaz\u0103 diabetul de tip 2 cu Diamicron, disponibil la Transtoyou. Sus\u021bine eliberarea insulinei pentru un nivel stabil al glicemiei. Cump\u0103r\u0103 acum pentru un control eficient.","og_url":"https:\/\/www.transtoyou.com\/ro\/product\/diamicron\/","og_site_name":"Transtoyou - RO","article_modified_time":"2026-01-24T21:34:17+00:00","twitter_card":"summary_large_image","twitter_misc":{"Timp estimat pentru citire":"1 minut"},"schema":{"@context":"https:\/\/schema.org","@graph":[{"@type":"WebPage","@id":"https:\/\/www.transtoyou.com\/ro\/product\/diamicron\/","url":"https:\/\/www.transtoyou.com\/ro\/product\/diamicron\/","name":"Diamicron | Gestioneaz\u0103 Eficient Glicemia - Transtoyou","isPartOf":{"@id":"https:\/\/www.transtoyou.com\/ro\/#website"},"primaryImageOfPage":{"@id":"https:\/\/www.transtoyou.com\/ro\/product\/diamicron\/#primaryimage"},"image":{"@id":"https:\/\/www.transtoyou.com\/ro\/product\/diamicron\/#primaryimage"},"thumbnailUrl":"https:\/\/www.transtoyou.com\/ro\/wp-content\/uploads\/sites\/13\/2026\/01\/tty-no-product-image-117.webp","datePublished":"2026-01-24T21:33:03+00:00","dateModified":"2026-01-24T21:34:17+00:00","description":"Gestioneaz\u0103 diabetul de tip 2 cu Diamicron, disponibil la Transtoyou. Sus\u021bine eliberarea insulinei pentru un nivel stabil al glicemiei. Cump\u0103r\u0103 acum pentru un control eficient.","breadcrumb":{"@id":"https:\/\/www.transtoyou.com\/ro\/product\/diamicron\/#breadcrumb"},"inLanguage":"ro-RO","potentialAction":[{"@type":"ReadAction","target":["https:\/\/www.transtoyou.com\/ro\/product\/diamicron\/"]}]},{"@type":"ImageObject","inLanguage":"ro-RO","@id":"https:\/\/www.transtoyou.com\/ro\/product\/diamicron\/#primaryimage","url":"https:\/\/www.transtoyou.com\/ro\/wp-content\/uploads\/sites\/13\/2026\/01\/tty-no-product-image-117.webp","contentUrl":"https:\/\/www.transtoyou.com\/ro\/wp-content\/uploads\/sites\/13\/2026\/01\/tty-no-product-image-117.webp","width":1000,"height":1000,"caption":"Imaginea implicit\u0103 a produsului"},{"@type":"WebSite","@id":"https:\/\/www.transtoyou.com\/ro\/#website","url":"https:\/\/www.transtoyou.com\/ro\/","name":"Transtoyou - RO","description":"","publisher":{"@id":"https:\/\/www.transtoyou.com\/ro\/#organization"},"potentialAction":[{"@type":"SearchAction","target":{"@type":"EntryPoint","urlTemplate":"https:\/\/www.transtoyou.com\/ro\/?s={search_term_string}"},"query-input":{"@type":"PropertyValueSpecification","valueRequired":true,"valueName":"search_term_string"}}],"inLanguage":"ro-RO"},{"@type":"Organization","@id":"https:\/\/www.transtoyou.com\/ro\/#organization","name":"Transtoyou - RO","url":"https:\/\/www.transtoyou.com\/ro\/","logo":{"@type":"ImageObject","inLanguage":"ro-RO","@id":"https:\/\/www.transtoyou.com\/ro\/#\/schema\/logo\/image\/","url":"https:\/\/www.transtoyou.com\/ro\/wp-content\/uploads\/sites\/13\/2026\/01\/logo-tty-menu-bar-300x87-1.webp","contentUrl":"https:\/\/www.transtoyou.com\/ro\/wp-content\/uploads\/sites\/13\/2026\/01\/logo-tty-menu-bar-300x87-1.webp","width":300,"height":87,"caption":"Transtoyou - RO"},"image":{"@id":"https:\/\/www.transtoyou.com\/ro\/#\/schema\/logo\/image\/"}}]}},"_links":{"self":[{"href":"https:\/\/www.transtoyou.com\/ro\/wp-json\/wp\/v2\/product\/828","targetHints":{"allow":["GET"]}}],"collection":[{"href":"https:\/\/www.transtoyou.com\/ro\/wp-json\/wp\/v2\/product"}],"about":[{"href":"https:\/\/www.transtoyou.com\/ro\/wp-json\/wp\/v2\/types\/product"}],"replies":[{"embeddable":true,"href":"https:\/\/www.transtoyou.com\/ro\/wp-json\/wp\/v2\/comments?post=828"}],"wp:featuredmedia":[{"embeddable":true,"href":"https:\/\/www.transtoyou.com\/ro\/wp-json\/wp\/v2\/media\/830"}],"wp:attachment":[{"href":"https:\/\/www.transtoyou.com\/ro\/wp-json\/wp\/v2\/media?parent=828"}],"wp:term":[{"taxonomy":"product_brand","embeddable":true,"href":"https:\/\/www.transtoyou.com\/ro\/wp-json\/wp\/v2\/product_brand?post=828"},{"taxonomy":"product_cat","embeddable":true,"href":"https:\/\/www.transtoyou.com\/ro\/wp-json\/wp\/v2\/product_cat?post=828"},{"taxonomy":"product_tag","embeddable":true,"href":"https:\/\/www.transtoyou.com\/ro\/wp-json\/wp\/v2\/product_tag?post=828"},{"taxonomy":"expert","embeddable":true,"href":"https:\/\/www.transtoyou.com\/ro\/wp-json\/wp\/v2\/expert?post=828"}],"curies":[{"name":"wp","href":"https:\/\/api.w.org\/{rel}","templated":true}]}}