{"id":834,"date":"2026-01-24T22:09:29","date_gmt":"2026-01-24T22:09:29","guid":{"rendered":"https:\/\/www.transtoyou.com\/ro\/product\/ozempic\/"},"modified":"2026-03-01T10:14:40","modified_gmt":"2026-03-01T10:14:40","slug":"ozempic","status":"publish","type":"product","link":"https:\/\/www.transtoyou.com\/ro\/product\/ozempic\/","title":{"rendered":"Ozempic"},"content":{"rendered":"<p>Ozempic este un medicament injectabil administrat o dat\u0103 pe s\u0103pt\u0103m\u00e2n\u0103, folosit pentru a gestiona diabetul de tip 2 \u0219i a sus\u021bine controlul pe termen lung al nivelului de zah\u0103r din s\u00e2nge. Con\u021bine semaglutid, un compus care imit\u0103 un hormon natural numit GLP-1 (peptid glucagon-like-1). Acest hormon ajut\u0103 la reglarea nivelului de glucoz\u0103 din s\u00e2nge prin cre\u0219terea secre\u021biei de insulin\u0103, suprimarea produc\u021biei hepatice de glucoz\u0103 \u0219i \u00eent\u00e2rzierea golirii gastrice.<\/p>\n<p>Pentru persoanele cu diabet de tip 2, Ozempic ofer\u0103 o solu\u021bie pentru a \u00eembun\u0103t\u0103\u021bi reglarea glucozei din s\u00e2nge, contribuind \u00een acela\u0219i timp la reducerea \u00een greutate. Spre deosebire de insulin\u0103, care scade direct nivelul de zah\u0103r din s\u00e2nge, Ozempic ac\u021bioneaz\u0103 \u00een armonie cu sistemele proprii ale corpului pentru a ajuta la r\u0103spunsul mai eficient la aportul alimentar \u0219i la gestionarea nivelurilor de glucoz\u0103 mai constant pe parcursul zilei.<\/p>\n<p>Ozempic se administreaz\u0103 printr-o mic\u0103 injec\u021bie sub piele, de obicei o dat\u0103 pe s\u0103pt\u0103m\u00e2n\u0103. Cele mai multe persoane \u00eencep tratamentul cu o doz\u0103 mic\u0103, care este crescut\u0103 treptat pentru a minimiza orice efecte secundare digestive, cum ar fi grea\u021ba, balonarea sau constipa\u021bia.<\/p>\n<p>Ozempic nu doar c\u0103 reduce nivelurile de HbA1c, dar ajut\u0103 \u0219i la reducerea apetitului \u0219i a greut\u0103\u021bii corporale la mul\u021bi pacien\u021bi. Aceste beneficii suplimentare \u00eel fac o alegere valoroas\u0103 pentru persoanele care gestioneaz\u0103 at\u00e2t diabetul de tip 2, c\u00e2t \u0219i obezitatea.<\/p>\n","protected":false},"excerpt":{"rendered":"<ul>\n<li>Injectabil o dat\u0103 pe s\u0103pt\u0103m\u00e2n\u0103 pentru diabetul de tip 2<\/li>\n<li>Stimuleaz\u0103 secre\u021bia de insulin\u0103 \u0219i controleaz\u0103 eliberarea glucozei din ficat<\/li>\n<li>Poate sus\u021bine gestionarea greut\u0103\u021bii la anumite paciente<\/li>\n<\/ul>\n","protected":false},"featured_media":836,"comment_status":"open","ping_status":"closed","template":"","meta":[],"product_brand":[],"product_cat":[84],"product_tag":[],"expert":[21],"class_list":{"0":"post-834","1":"product","2":"type-product","3":"status-publish","4":"has-post-thumbnail","6":"product_cat-diabet","7":"expert-dr-m-sharoyko","9":"first","10":"instock","11":"shipping-taxable","12":"product-type-variable"},"yoast_head":"<!-- This site is optimized with the Yoast SEO plugin v27.0 - https:\/\/yoast.com\/product\/yoast-seo-wordpress\/ -->\n<title>Ozempic | Gestioneaz\u0103 diabetul \u0219i \u00eembun\u0103t\u0103\u021be\u0219te s\u0103n\u0103tatea - Transtoyou<\/title>\n<meta name=\"description\" content=\"Descoper\u0103 Ozempic la Transtoyou, un injectabil s\u0103pt\u0103m\u00e2nal pentru diabetul de tip 2, care ajut\u0103 la controlul glicemiei \u0219i pierderea \u00een greutate. Cump\u0103r\u0103 acum.\" \/>\n<meta name=\"robots\" content=\"noindex, follow, max-snippet:-1, max-image-preview:large, max-video-preview:-1\" \/>\n<meta property=\"og:locale\" content=\"ro_RO\" \/>\n<meta property=\"og:type\" content=\"article\" \/>\n<meta property=\"og:title\" content=\"Ozempic | Gestioneaz\u0103 diabetul \u0219i \u00eembun\u0103t\u0103\u021be\u0219te s\u0103n\u0103tatea - Transtoyou\" \/>\n<meta property=\"og:description\" content=\"Descoper\u0103 Ozempic la Transtoyou, un injectabil s\u0103pt\u0103m\u00e2nal pentru diabetul de tip 2, care ajut\u0103 la controlul glicemiei \u0219i pierderea \u00een greutate. Cump\u0103r\u0103 acum.\" \/>\n<meta property=\"og:url\" content=\"https:\/\/www.transtoyou.com\/ro\/product\/ozempic\/\" \/>\n<meta property=\"og:site_name\" content=\"Transtoyou - RO\" \/>\n<meta property=\"article:modified_time\" content=\"2026-03-01T10:14:40+00:00\" \/>\n<meta name=\"twitter:card\" content=\"summary_large_image\" \/>\n<meta name=\"twitter:label1\" content=\"Timp estimat pentru citire\" \/>\n\t<meta name=\"twitter:data1\" content=\"1 minut\" \/>\n<script type=\"application\/ld+json\" class=\"yoast-schema-graph\">{\"@context\":\"https:\/\/schema.org\",\"@graph\":[{\"@type\":\"WebPage\",\"@id\":\"https:\/\/www.transtoyou.com\/ro\/product\/ozempic\/\",\"url\":\"https:\/\/www.transtoyou.com\/ro\/product\/ozempic\/\",\"name\":\"Ozempic | Gestioneaz\u0103 diabetul \u0219i \u00eembun\u0103t\u0103\u021be\u0219te s\u0103n\u0103tatea - Transtoyou\",\"isPartOf\":{\"@id\":\"https:\/\/www.transtoyou.com\/ro\/#website\"},\"primaryImageOfPage\":{\"@id\":\"https:\/\/www.transtoyou.com\/ro\/product\/ozempic\/#primaryimage\"},\"image\":{\"@id\":\"https:\/\/www.transtoyou.com\/ro\/product\/ozempic\/#primaryimage\"},\"thumbnailUrl\":\"https:\/\/www.transtoyou.com\/ro\/wp-content\/uploads\/sites\/13\/2026\/01\/tty-no-product-image-119.webp\",\"datePublished\":\"2026-01-24T22:09:29+00:00\",\"dateModified\":\"2026-03-01T10:14:40+00:00\",\"description\":\"Descoper\u0103 Ozempic la Transtoyou, un injectabil s\u0103pt\u0103m\u00e2nal pentru diabetul de tip 2, care ajut\u0103 la controlul glicemiei \u0219i pierderea \u00een greutate. Cump\u0103r\u0103 acum.\",\"breadcrumb\":{\"@id\":\"https:\/\/www.transtoyou.com\/ro\/product\/ozempic\/#breadcrumb\"},\"inLanguage\":\"ro-RO\",\"potentialAction\":[{\"@type\":\"ReadAction\",\"target\":[\"https:\/\/www.transtoyou.com\/ro\/product\/ozempic\/\"]}]},{\"@type\":\"ImageObject\",\"inLanguage\":\"ro-RO\",\"@id\":\"https:\/\/www.transtoyou.com\/ro\/product\/ozempic\/#primaryimage\",\"url\":\"https:\/\/www.transtoyou.com\/ro\/wp-content\/uploads\/sites\/13\/2026\/01\/tty-no-product-image-119.webp\",\"contentUrl\":\"https:\/\/www.transtoyou.com\/ro\/wp-content\/uploads\/sites\/13\/2026\/01\/tty-no-product-image-119.webp\",\"width\":1000,\"height\":1000,\"caption\":\"Imaginea implicit\u0103 a produsului\"},{\"@type\":\"WebSite\",\"@id\":\"https:\/\/www.transtoyou.com\/ro\/#website\",\"url\":\"https:\/\/www.transtoyou.com\/ro\/\",\"name\":\"Transtoyou - RO\",\"description\":\"\",\"publisher\":{\"@id\":\"https:\/\/www.transtoyou.com\/ro\/#organization\"},\"potentialAction\":[{\"@type\":\"SearchAction\",\"target\":{\"@type\":\"EntryPoint\",\"urlTemplate\":\"https:\/\/www.transtoyou.com\/ro\/?s={search_term_string}\"},\"query-input\":{\"@type\":\"PropertyValueSpecification\",\"valueRequired\":true,\"valueName\":\"search_term_string\"}}],\"inLanguage\":\"ro-RO\"},{\"@type\":\"Organization\",\"@id\":\"https:\/\/www.transtoyou.com\/ro\/#organization\",\"name\":\"Transtoyou - RO\",\"url\":\"https:\/\/www.transtoyou.com\/ro\/\",\"logo\":{\"@type\":\"ImageObject\",\"inLanguage\":\"ro-RO\",\"@id\":\"https:\/\/www.transtoyou.com\/ro\/#\/schema\/logo\/image\/\",\"url\":\"https:\/\/www.transtoyou.com\/ro\/wp-content\/uploads\/sites\/13\/2026\/01\/logo-tty-menu-bar-300x87-1.webp\",\"contentUrl\":\"https:\/\/www.transtoyou.com\/ro\/wp-content\/uploads\/sites\/13\/2026\/01\/logo-tty-menu-bar-300x87-1.webp\",\"width\":300,\"height\":87,\"caption\":\"Transtoyou - RO\"},\"image\":{\"@id\":\"https:\/\/www.transtoyou.com\/ro\/#\/schema\/logo\/image\/\"}}]}<\/script>\n<!-- \/ Yoast SEO plugin. -->","yoast_head_json":{"title":"Ozempic | Gestioneaz\u0103 diabetul \u0219i \u00eembun\u0103t\u0103\u021be\u0219te s\u0103n\u0103tatea - Transtoyou","description":"Descoper\u0103 Ozempic la Transtoyou, un injectabil s\u0103pt\u0103m\u00e2nal pentru diabetul de tip 2, care ajut\u0103 la controlul glicemiei \u0219i pierderea \u00een greutate. Cump\u0103r\u0103 acum.","robots":{"index":"noindex","follow":"follow","max-snippet":"max-snippet:-1","max-image-preview":"max-image-preview:large","max-video-preview":"max-video-preview:-1"},"og_locale":"ro_RO","og_type":"article","og_title":"Ozempic | Gestioneaz\u0103 diabetul \u0219i \u00eembun\u0103t\u0103\u021be\u0219te s\u0103n\u0103tatea - Transtoyou","og_description":"Descoper\u0103 Ozempic la Transtoyou, un injectabil s\u0103pt\u0103m\u00e2nal pentru diabetul de tip 2, care ajut\u0103 la controlul glicemiei \u0219i pierderea \u00een greutate. Cump\u0103r\u0103 acum.","og_url":"https:\/\/www.transtoyou.com\/ro\/product\/ozempic\/","og_site_name":"Transtoyou - RO","article_modified_time":"2026-03-01T10:14:40+00:00","twitter_card":"summary_large_image","twitter_misc":{"Timp estimat pentru citire":"1 minut"},"schema":{"@context":"https:\/\/schema.org","@graph":[{"@type":"WebPage","@id":"https:\/\/www.transtoyou.com\/ro\/product\/ozempic\/","url":"https:\/\/www.transtoyou.com\/ro\/product\/ozempic\/","name":"Ozempic | Gestioneaz\u0103 diabetul \u0219i \u00eembun\u0103t\u0103\u021be\u0219te s\u0103n\u0103tatea - Transtoyou","isPartOf":{"@id":"https:\/\/www.transtoyou.com\/ro\/#website"},"primaryImageOfPage":{"@id":"https:\/\/www.transtoyou.com\/ro\/product\/ozempic\/#primaryimage"},"image":{"@id":"https:\/\/www.transtoyou.com\/ro\/product\/ozempic\/#primaryimage"},"thumbnailUrl":"https:\/\/www.transtoyou.com\/ro\/wp-content\/uploads\/sites\/13\/2026\/01\/tty-no-product-image-119.webp","datePublished":"2026-01-24T22:09:29+00:00","dateModified":"2026-03-01T10:14:40+00:00","description":"Descoper\u0103 Ozempic la Transtoyou, un injectabil s\u0103pt\u0103m\u00e2nal pentru diabetul de tip 2, care ajut\u0103 la controlul glicemiei \u0219i pierderea \u00een greutate. Cump\u0103r\u0103 acum.","breadcrumb":{"@id":"https:\/\/www.transtoyou.com\/ro\/product\/ozempic\/#breadcrumb"},"inLanguage":"ro-RO","potentialAction":[{"@type":"ReadAction","target":["https:\/\/www.transtoyou.com\/ro\/product\/ozempic\/"]}]},{"@type":"ImageObject","inLanguage":"ro-RO","@id":"https:\/\/www.transtoyou.com\/ro\/product\/ozempic\/#primaryimage","url":"https:\/\/www.transtoyou.com\/ro\/wp-content\/uploads\/sites\/13\/2026\/01\/tty-no-product-image-119.webp","contentUrl":"https:\/\/www.transtoyou.com\/ro\/wp-content\/uploads\/sites\/13\/2026\/01\/tty-no-product-image-119.webp","width":1000,"height":1000,"caption":"Imaginea implicit\u0103 a produsului"},{"@type":"WebSite","@id":"https:\/\/www.transtoyou.com\/ro\/#website","url":"https:\/\/www.transtoyou.com\/ro\/","name":"Transtoyou - RO","description":"","publisher":{"@id":"https:\/\/www.transtoyou.com\/ro\/#organization"},"potentialAction":[{"@type":"SearchAction","target":{"@type":"EntryPoint","urlTemplate":"https:\/\/www.transtoyou.com\/ro\/?s={search_term_string}"},"query-input":{"@type":"PropertyValueSpecification","valueRequired":true,"valueName":"search_term_string"}}],"inLanguage":"ro-RO"},{"@type":"Organization","@id":"https:\/\/www.transtoyou.com\/ro\/#organization","name":"Transtoyou - RO","url":"https:\/\/www.transtoyou.com\/ro\/","logo":{"@type":"ImageObject","inLanguage":"ro-RO","@id":"https:\/\/www.transtoyou.com\/ro\/#\/schema\/logo\/image\/","url":"https:\/\/www.transtoyou.com\/ro\/wp-content\/uploads\/sites\/13\/2026\/01\/logo-tty-menu-bar-300x87-1.webp","contentUrl":"https:\/\/www.transtoyou.com\/ro\/wp-content\/uploads\/sites\/13\/2026\/01\/logo-tty-menu-bar-300x87-1.webp","width":300,"height":87,"caption":"Transtoyou - RO"},"image":{"@id":"https:\/\/www.transtoyou.com\/ro\/#\/schema\/logo\/image\/"}}]}},"_links":{"self":[{"href":"https:\/\/www.transtoyou.com\/ro\/wp-json\/wp\/v2\/product\/834","targetHints":{"allow":["GET"]}}],"collection":[{"href":"https:\/\/www.transtoyou.com\/ro\/wp-json\/wp\/v2\/product"}],"about":[{"href":"https:\/\/www.transtoyou.com\/ro\/wp-json\/wp\/v2\/types\/product"}],"replies":[{"embeddable":true,"href":"https:\/\/www.transtoyou.com\/ro\/wp-json\/wp\/v2\/comments?post=834"}],"wp:featuredmedia":[{"embeddable":true,"href":"https:\/\/www.transtoyou.com\/ro\/wp-json\/wp\/v2\/media\/836"}],"wp:attachment":[{"href":"https:\/\/www.transtoyou.com\/ro\/wp-json\/wp\/v2\/media?parent=834"}],"wp:term":[{"taxonomy":"product_brand","embeddable":true,"href":"https:\/\/www.transtoyou.com\/ro\/wp-json\/wp\/v2\/product_brand?post=834"},{"taxonomy":"product_cat","embeddable":true,"href":"https:\/\/www.transtoyou.com\/ro\/wp-json\/wp\/v2\/product_cat?post=834"},{"taxonomy":"product_tag","embeddable":true,"href":"https:\/\/www.transtoyou.com\/ro\/wp-json\/wp\/v2\/product_tag?post=834"},{"taxonomy":"expert","embeddable":true,"href":"https:\/\/www.transtoyou.com\/ro\/wp-json\/wp\/v2\/expert?post=834"}],"curies":[{"name":"wp","href":"https:\/\/api.w.org\/{rel}","templated":true}]}}