{"id":866,"date":"2026-01-25T01:35:54","date_gmt":"2026-01-25T01:35:54","guid":{"rendered":"https:\/\/www.transtoyou.com\/ro\/product\/nuvaring\/"},"modified":"2026-02-28T11:46:15","modified_gmt":"2026-02-28T11:46:15","slug":"nuvaring","status":"publish","type":"product","link":"https:\/\/www.transtoyou.com\/ro\/product\/nuvaring\/","title":{"rendered":"NuvaRing"},"content":{"rendered":"<p>NuvaRing este un inel contraceptiv flexibil \u0219i transparent, conceput pentru a oferi o contracep\u021bie fiabil\u0103 printr-un sistem hormonal cu dozaj sc\u0103zut. NuvaRing este un inel care se introduce \u00een vagin o dat\u0103 pe lun\u0103, oferind o livrare constant\u0103 de hormoni.<\/p>\n<p>Inelul con\u021bine doi hormoni, etonogestrel \u0219i etinilestradiol, care sunt elibera\u021bi treptat \u00een fluxul sanguin prin peretele vaginal. Ace\u0219ti hormoni ac\u021bioneaz\u0103 \u00eempreun\u0103 pentru a preveni ovula\u021bia, a \u00eengro\u0219a mucusul cervical pentru a bloca spermatozoizii \u0219i a modifica mucoasa uterin\u0103 pentru a reduce \u0219ansele de implantare. Aceast\u0103 protec\u021bie \u00een trei ac\u021biuni face ca NuvaRing s\u0103 fie o metod\u0103 eficient\u0103 de contracep\u021bie atunci c\u00e2nd este utilizat\u0103 corect.<\/p>\n<p>Fiecare inel se poart\u0103 continuu timp de 21 de zile, urmat de o pauz\u0103 de 7 zile f\u0103r\u0103 inel, perioad\u0103 \u00een care de obicei apare o s\u00e2ngerare de retragere. Un nou inel este introdus dup\u0103 aceast\u0103 pauz\u0103, chiar dac\u0103 s\u00e2ngerarea nu s-a oprit complet. Procesul este conceput pentru a imita un ciclu menstrual natural, men\u021bin\u00e2nd \u00een acela\u0219i timp eficacitatea contraceptiv\u0103 pe parcursul lunii.<\/p>\n<p>NuvaRing este popular printre cei care prefer\u0103 s\u0103 nu ia o pilul\u0103 zilnic\u0103 sau care doresc o op\u021biune de control al na\u0219terii non-permanent\u0103, dar foarte eficient\u0103. Nu necesit\u0103 aten\u021bie zilnic\u0103, deoarece este auto-introdus \u0219i \u00eendep\u0103rtat.<\/p>\n<p>Cei mai mul\u021bi utilizatori tolereaz\u0103 bine NuvaRing. Efectele secundare comune pot include dureri de cap, schimb\u0103ri de dispozi\u021bie, sensibilitate a s\u00e2nilor sau irita\u021bie vaginal\u0103 u\u0219oar\u0103. Ca \u0219i alte contraceptive hormonale combinate, NuvaRing nu este potrivit pentru fum\u0103torii de peste 35 de ani sau pentru persoanele cu un istoric de anumite afec\u021biuni cardiovasculare.<\/p>\n","protected":false},"excerpt":{"rendered":"<ul>\n<li>Op\u021biune contraceptiv\u0103 convenabil\u0103 pe lun\u0103<\/li>\n<li>Prevenire a sarcinii foarte eficient\u0103<\/li>\n<li>Regleaz\u0103 \u0219i u\u0219ureaz\u0103 ciclurile menstruale<\/li>\n<\/ul>\n","protected":false},"featured_media":868,"comment_status":"open","ping_status":"closed","template":"","meta":[],"product_brand":[],"product_cat":[78],"product_tag":[],"expert":[18],"class_list":{"0":"post-866","1":"product","2":"type-product","3":"status-publish","4":"has-post-thumbnail","6":"product_cat-inel-contraceptiv","7":"expert-dr-g-varbanov","9":"first","10":"instock","11":"shipping-taxable","12":"product-type-variable"},"yoast_head":"<!-- This site is optimized with the Yoast SEO plugin v27.0 - https:\/\/yoast.com\/product\/yoast-seo-wordpress\/ -->\n<title>NuvaRing | Control hormonal de na\u0219tere de \u00eencredere - Transtoyou<\/title>\n<meta name=\"description\" content=\"NuvaRing, disponibil la Transtoyou, ofer\u0103 contracep\u021bie fiabil\u0103 cu trei ac\u021biuni. Cump\u0103r\u0103 acum pentru o protec\u021bie hormonal\u0103 eficient\u0103.\" \/>\n<meta name=\"robots\" content=\"noindex, follow, max-snippet:-1, max-image-preview:large, max-video-preview:-1\" \/>\n<meta property=\"og:locale\" content=\"ro_RO\" \/>\n<meta property=\"og:type\" content=\"article\" \/>\n<meta property=\"og:title\" content=\"NuvaRing | Control hormonal de na\u0219tere de \u00eencredere - Transtoyou\" \/>\n<meta property=\"og:description\" content=\"NuvaRing, disponibil la Transtoyou, ofer\u0103 contracep\u021bie fiabil\u0103 cu trei ac\u021biuni. Cump\u0103r\u0103 acum pentru o protec\u021bie hormonal\u0103 eficient\u0103.\" \/>\n<meta property=\"og:url\" content=\"https:\/\/www.transtoyou.com\/ro\/product\/nuvaring\/\" \/>\n<meta property=\"og:site_name\" content=\"Transtoyou - RO\" \/>\n<meta property=\"article:modified_time\" content=\"2026-02-28T11:46:15+00:00\" \/>\n<meta name=\"twitter:card\" content=\"summary_large_image\" \/>\n<meta name=\"twitter:label1\" content=\"Timp estimat pentru citire\" \/>\n\t<meta name=\"twitter:data1\" content=\"1 minut\" \/>\n<script type=\"application\/ld+json\" class=\"yoast-schema-graph\">{\"@context\":\"https:\/\/schema.org\",\"@graph\":[{\"@type\":\"WebPage\",\"@id\":\"https:\/\/www.transtoyou.com\/ro\/product\/nuvaring\/\",\"url\":\"https:\/\/www.transtoyou.com\/ro\/product\/nuvaring\/\",\"name\":\"NuvaRing | Control hormonal de na\u0219tere de \u00eencredere - Transtoyou\",\"isPartOf\":{\"@id\":\"https:\/\/www.transtoyou.com\/ro\/#website\"},\"primaryImageOfPage\":{\"@id\":\"https:\/\/www.transtoyou.com\/ro\/product\/nuvaring\/#primaryimage\"},\"image\":{\"@id\":\"https:\/\/www.transtoyou.com\/ro\/product\/nuvaring\/#primaryimage\"},\"thumbnailUrl\":\"https:\/\/www.transtoyou.com\/ro\/wp-content\/uploads\/sites\/13\/2026\/01\/tty-no-product-image-131.webp\",\"datePublished\":\"2026-01-25T01:35:54+00:00\",\"dateModified\":\"2026-02-28T11:46:15+00:00\",\"description\":\"NuvaRing, disponibil la Transtoyou, ofer\u0103 contracep\u021bie fiabil\u0103 cu trei ac\u021biuni. Cump\u0103r\u0103 acum pentru o protec\u021bie hormonal\u0103 eficient\u0103.\",\"breadcrumb\":{\"@id\":\"https:\/\/www.transtoyou.com\/ro\/product\/nuvaring\/#breadcrumb\"},\"inLanguage\":\"ro-RO\",\"potentialAction\":[{\"@type\":\"ReadAction\",\"target\":[\"https:\/\/www.transtoyou.com\/ro\/product\/nuvaring\/\"]}]},{\"@type\":\"ImageObject\",\"inLanguage\":\"ro-RO\",\"@id\":\"https:\/\/www.transtoyou.com\/ro\/product\/nuvaring\/#primaryimage\",\"url\":\"https:\/\/www.transtoyou.com\/ro\/wp-content\/uploads\/sites\/13\/2026\/01\/tty-no-product-image-131.webp\",\"contentUrl\":\"https:\/\/www.transtoyou.com\/ro\/wp-content\/uploads\/sites\/13\/2026\/01\/tty-no-product-image-131.webp\",\"width\":1000,\"height\":1000,\"caption\":\"Imaginea implicit\u0103 a produsului\"},{\"@type\":\"WebSite\",\"@id\":\"https:\/\/www.transtoyou.com\/ro\/#website\",\"url\":\"https:\/\/www.transtoyou.com\/ro\/\",\"name\":\"Transtoyou - RO\",\"description\":\"\",\"publisher\":{\"@id\":\"https:\/\/www.transtoyou.com\/ro\/#organization\"},\"potentialAction\":[{\"@type\":\"SearchAction\",\"target\":{\"@type\":\"EntryPoint\",\"urlTemplate\":\"https:\/\/www.transtoyou.com\/ro\/?s={search_term_string}\"},\"query-input\":{\"@type\":\"PropertyValueSpecification\",\"valueRequired\":true,\"valueName\":\"search_term_string\"}}],\"inLanguage\":\"ro-RO\"},{\"@type\":\"Organization\",\"@id\":\"https:\/\/www.transtoyou.com\/ro\/#organization\",\"name\":\"Transtoyou - RO\",\"url\":\"https:\/\/www.transtoyou.com\/ro\/\",\"logo\":{\"@type\":\"ImageObject\",\"inLanguage\":\"ro-RO\",\"@id\":\"https:\/\/www.transtoyou.com\/ro\/#\/schema\/logo\/image\/\",\"url\":\"https:\/\/www.transtoyou.com\/ro\/wp-content\/uploads\/sites\/13\/2026\/01\/logo-tty-menu-bar-300x87-1.webp\",\"contentUrl\":\"https:\/\/www.transtoyou.com\/ro\/wp-content\/uploads\/sites\/13\/2026\/01\/logo-tty-menu-bar-300x87-1.webp\",\"width\":300,\"height\":87,\"caption\":\"Transtoyou - RO\"},\"image\":{\"@id\":\"https:\/\/www.transtoyou.com\/ro\/#\/schema\/logo\/image\/\"}}]}<\/script>\n<!-- \/ Yoast SEO plugin. -->","yoast_head_json":{"title":"NuvaRing | Control hormonal de na\u0219tere de \u00eencredere - Transtoyou","description":"NuvaRing, disponibil la Transtoyou, ofer\u0103 contracep\u021bie fiabil\u0103 cu trei ac\u021biuni. Cump\u0103r\u0103 acum pentru o protec\u021bie hormonal\u0103 eficient\u0103.","robots":{"index":"noindex","follow":"follow","max-snippet":"max-snippet:-1","max-image-preview":"max-image-preview:large","max-video-preview":"max-video-preview:-1"},"og_locale":"ro_RO","og_type":"article","og_title":"NuvaRing | Control hormonal de na\u0219tere de \u00eencredere - Transtoyou","og_description":"NuvaRing, disponibil la Transtoyou, ofer\u0103 contracep\u021bie fiabil\u0103 cu trei ac\u021biuni. Cump\u0103r\u0103 acum pentru o protec\u021bie hormonal\u0103 eficient\u0103.","og_url":"https:\/\/www.transtoyou.com\/ro\/product\/nuvaring\/","og_site_name":"Transtoyou - RO","article_modified_time":"2026-02-28T11:46:15+00:00","twitter_card":"summary_large_image","twitter_misc":{"Timp estimat pentru citire":"1 minut"},"schema":{"@context":"https:\/\/schema.org","@graph":[{"@type":"WebPage","@id":"https:\/\/www.transtoyou.com\/ro\/product\/nuvaring\/","url":"https:\/\/www.transtoyou.com\/ro\/product\/nuvaring\/","name":"NuvaRing | Control hormonal de na\u0219tere de \u00eencredere - Transtoyou","isPartOf":{"@id":"https:\/\/www.transtoyou.com\/ro\/#website"},"primaryImageOfPage":{"@id":"https:\/\/www.transtoyou.com\/ro\/product\/nuvaring\/#primaryimage"},"image":{"@id":"https:\/\/www.transtoyou.com\/ro\/product\/nuvaring\/#primaryimage"},"thumbnailUrl":"https:\/\/www.transtoyou.com\/ro\/wp-content\/uploads\/sites\/13\/2026\/01\/tty-no-product-image-131.webp","datePublished":"2026-01-25T01:35:54+00:00","dateModified":"2026-02-28T11:46:15+00:00","description":"NuvaRing, disponibil la Transtoyou, ofer\u0103 contracep\u021bie fiabil\u0103 cu trei ac\u021biuni. Cump\u0103r\u0103 acum pentru o protec\u021bie hormonal\u0103 eficient\u0103.","breadcrumb":{"@id":"https:\/\/www.transtoyou.com\/ro\/product\/nuvaring\/#breadcrumb"},"inLanguage":"ro-RO","potentialAction":[{"@type":"ReadAction","target":["https:\/\/www.transtoyou.com\/ro\/product\/nuvaring\/"]}]},{"@type":"ImageObject","inLanguage":"ro-RO","@id":"https:\/\/www.transtoyou.com\/ro\/product\/nuvaring\/#primaryimage","url":"https:\/\/www.transtoyou.com\/ro\/wp-content\/uploads\/sites\/13\/2026\/01\/tty-no-product-image-131.webp","contentUrl":"https:\/\/www.transtoyou.com\/ro\/wp-content\/uploads\/sites\/13\/2026\/01\/tty-no-product-image-131.webp","width":1000,"height":1000,"caption":"Imaginea implicit\u0103 a produsului"},{"@type":"WebSite","@id":"https:\/\/www.transtoyou.com\/ro\/#website","url":"https:\/\/www.transtoyou.com\/ro\/","name":"Transtoyou - RO","description":"","publisher":{"@id":"https:\/\/www.transtoyou.com\/ro\/#organization"},"potentialAction":[{"@type":"SearchAction","target":{"@type":"EntryPoint","urlTemplate":"https:\/\/www.transtoyou.com\/ro\/?s={search_term_string}"},"query-input":{"@type":"PropertyValueSpecification","valueRequired":true,"valueName":"search_term_string"}}],"inLanguage":"ro-RO"},{"@type":"Organization","@id":"https:\/\/www.transtoyou.com\/ro\/#organization","name":"Transtoyou - RO","url":"https:\/\/www.transtoyou.com\/ro\/","logo":{"@type":"ImageObject","inLanguage":"ro-RO","@id":"https:\/\/www.transtoyou.com\/ro\/#\/schema\/logo\/image\/","url":"https:\/\/www.transtoyou.com\/ro\/wp-content\/uploads\/sites\/13\/2026\/01\/logo-tty-menu-bar-300x87-1.webp","contentUrl":"https:\/\/www.transtoyou.com\/ro\/wp-content\/uploads\/sites\/13\/2026\/01\/logo-tty-menu-bar-300x87-1.webp","width":300,"height":87,"caption":"Transtoyou - RO"},"image":{"@id":"https:\/\/www.transtoyou.com\/ro\/#\/schema\/logo\/image\/"}}]}},"_links":{"self":[{"href":"https:\/\/www.transtoyou.com\/ro\/wp-json\/wp\/v2\/product\/866","targetHints":{"allow":["GET"]}}],"collection":[{"href":"https:\/\/www.transtoyou.com\/ro\/wp-json\/wp\/v2\/product"}],"about":[{"href":"https:\/\/www.transtoyou.com\/ro\/wp-json\/wp\/v2\/types\/product"}],"replies":[{"embeddable":true,"href":"https:\/\/www.transtoyou.com\/ro\/wp-json\/wp\/v2\/comments?post=866"}],"wp:featuredmedia":[{"embeddable":true,"href":"https:\/\/www.transtoyou.com\/ro\/wp-json\/wp\/v2\/media\/868"}],"wp:attachment":[{"href":"https:\/\/www.transtoyou.com\/ro\/wp-json\/wp\/v2\/media?parent=866"}],"wp:term":[{"taxonomy":"product_brand","embeddable":true,"href":"https:\/\/www.transtoyou.com\/ro\/wp-json\/wp\/v2\/product_brand?post=866"},{"taxonomy":"product_cat","embeddable":true,"href":"https:\/\/www.transtoyou.com\/ro\/wp-json\/wp\/v2\/product_cat?post=866"},{"taxonomy":"product_tag","embeddable":true,"href":"https:\/\/www.transtoyou.com\/ro\/wp-json\/wp\/v2\/product_tag?post=866"},{"taxonomy":"expert","embeddable":true,"href":"https:\/\/www.transtoyou.com\/ro\/wp-json\/wp\/v2\/expert?post=866"}],"curies":[{"name":"wp","href":"https:\/\/api.w.org\/{rel}","templated":true}]}}