{"id":869,"date":"2026-01-25T01:51:39","date_gmt":"2026-01-25T01:51:39","guid":{"rendered":"https:\/\/www.transtoyou.com\/ro\/product\/ginoring\/"},"modified":"2026-01-25T01:52:38","modified_gmt":"2026-01-25T01:52:38","slug":"ginoring","status":"publish","type":"product","link":"https:\/\/www.transtoyou.com\/ro\/product\/ginoring\/","title":{"rendered":"Ginoring"},"content":{"rendered":"<p>Ginoring este un inel vaginal flexibil folosit ca contraceptiv hormonal pentru a preveni sarcina. Con\u021bine etonogestrel (un progestin) \u0219i etinilestradiol (un estrogen), dou\u0103 hormoni sintetici care ac\u021bioneaz\u0103 \u00eempreun\u0103 pentru a preveni ovula\u021bia, eliberarea unui ovul din ovar. De asemenea, \u00eengroa\u0219\u0103 mucusul cervical, f\u0103c\u00e2nd mai greu pentru spermatozoizi s\u0103 ajung\u0103 la ovul, \u0219i altereaz\u0103 mucoasa uterin\u0103 pentru a preveni implantarea.<\/p>\n<p>Ginoring se poart\u0103 \u00een interiorul vaginului timp de trei s\u0103pt\u0103m\u00e2ni consecutive, urmate de o pauz\u0103 de o s\u0103pt\u0103m\u00e2n\u0103 \u00een care apare, de obicei, o s\u00e2ngerare de retragere (similar\u0103 cu o menstrua\u021bie). Dup\u0103 a patra s\u0103pt\u0103m\u00e2n\u0103, se introduce un nou inel. Hormonii sunt absorbi\u021bi prin pere\u021bii vaginali \u00een circula\u021bia sanguin\u0103, asigur\u00e2nd niveluri constante de hormoni f\u0103r\u0103 a fi nevoie de pastile zilnice.<\/p>\n<p>Inelul este u\u0219or de introdus \u0219i de \u00eendep\u0103rtat \u0219i r\u0103m\u00e2ne \u00een pozi\u021bie odat\u0103 ce este corect pozi\u021bionat. Ofer\u0103 o contracep\u021bie eficient\u0103 \u0219i discret\u0103 atunci c\u00e2nd este utilizat corect. De asemenea, poate ajuta la reglarea ciclurilor menstruale, reducerea crampelor \u0219i u\u0219urarea s\u00e2nger\u0103rilor.<\/p>\n<p>Ca toate contraceptivele hormonale combinate, Ginoring poate s\u0103 nu fie potrivit pentru toate femeile, \u00een special pentru cele cu un istoric de cheaguri de s\u00e2nge, accident vascular cerebral sau cancere legate de hormoni. Efectele secundare posibile includ dureri de cap, irita\u021bii vaginale, schimb\u0103ri de dispozi\u021bie sau sensibilitate la nivelul s\u00e2nilor.<\/p>\n<p>Ginoring este o op\u021biune de control al na\u0219terii de \u00eencredere pentru femeile care prefer\u0103 o metod\u0103 hormonal\u0103 non-zilnic\u0103.<\/p>\n","protected":false},"excerpt":{"rendered":"<ul>\n<li>Inel contraceptiv hormonal lunar<\/li>\n<li>Previne ovula\u021bia \u0219i sarcina<\/li>\n<li>Op\u021biune convenabil\u0103 \u0219i discret\u0103<\/li>\n<\/ul>\n","protected":false},"featured_media":871,"comment_status":"open","ping_status":"closed","template":"","meta":[],"product_brand":[],"product_cat":[78],"product_tag":[],"expert":[19],"class_list":{"0":"post-869","1":"product","2":"type-product","3":"status-publish","4":"has-post-thumbnail","6":"product_cat-inel-contraceptiv","7":"expert-dr-j-vazquez","9":"first","10":"instock","11":"shipping-taxable","12":"product-type-variable"},"yoast_head":"<!-- This site is optimized with the Yoast SEO plugin v27.0 - https:\/\/yoast.com\/product\/yoast-seo-wordpress\/ -->\n<title>Ginoring | Solu\u021bie Contraceptiv\u0103 Fiabil\u0103 - Transtoyou<\/title>\n<meta name=\"description\" content=\"Ginoring: Inel contraceptiv hormonal eficient, u\u0219or de utilizat, regleaz\u0103 ciclurile, reduce crampele. Ob\u021bine-l ast\u0103zi la Transtoyou.\" \/>\n<meta name=\"robots\" content=\"noindex, follow, max-snippet:-1, max-image-preview:large, max-video-preview:-1\" \/>\n<meta property=\"og:locale\" content=\"ro_RO\" \/>\n<meta property=\"og:type\" content=\"article\" \/>\n<meta property=\"og:title\" content=\"Ginoring | Solu\u021bie Contraceptiv\u0103 Fiabil\u0103 - Transtoyou\" \/>\n<meta property=\"og:description\" content=\"Ginoring: Inel contraceptiv hormonal eficient, u\u0219or de utilizat, regleaz\u0103 ciclurile, reduce crampele. Ob\u021bine-l ast\u0103zi la Transtoyou.\" \/>\n<meta property=\"og:url\" content=\"https:\/\/www.transtoyou.com\/ro\/product\/ginoring\/\" \/>\n<meta property=\"og:site_name\" content=\"Transtoyou - RO\" \/>\n<meta property=\"article:modified_time\" content=\"2026-01-25T01:52:38+00:00\" \/>\n<meta name=\"twitter:card\" content=\"summary_large_image\" \/>\n<meta name=\"twitter:label1\" content=\"Timp estimat pentru citire\" \/>\n\t<meta name=\"twitter:data1\" content=\"1 minut\" \/>\n<script type=\"application\/ld+json\" class=\"yoast-schema-graph\">{\"@context\":\"https:\/\/schema.org\",\"@graph\":[{\"@type\":\"WebPage\",\"@id\":\"https:\/\/www.transtoyou.com\/ro\/product\/ginoring\/\",\"url\":\"https:\/\/www.transtoyou.com\/ro\/product\/ginoring\/\",\"name\":\"Ginoring | Solu\u021bie Contraceptiv\u0103 Fiabil\u0103 - Transtoyou\",\"isPartOf\":{\"@id\":\"https:\/\/www.transtoyou.com\/ro\/#website\"},\"primaryImageOfPage\":{\"@id\":\"https:\/\/www.transtoyou.com\/ro\/product\/ginoring\/#primaryimage\"},\"image\":{\"@id\":\"https:\/\/www.transtoyou.com\/ro\/product\/ginoring\/#primaryimage\"},\"thumbnailUrl\":\"https:\/\/www.transtoyou.com\/ro\/wp-content\/uploads\/sites\/13\/2026\/01\/tty-no-product-image-132.webp\",\"datePublished\":\"2026-01-25T01:51:39+00:00\",\"dateModified\":\"2026-01-25T01:52:38+00:00\",\"description\":\"Ginoring: Inel contraceptiv hormonal eficient, u\u0219or de utilizat, regleaz\u0103 ciclurile, reduce crampele. Ob\u021bine-l ast\u0103zi la Transtoyou.\",\"breadcrumb\":{\"@id\":\"https:\/\/www.transtoyou.com\/ro\/product\/ginoring\/#breadcrumb\"},\"inLanguage\":\"ro-RO\",\"potentialAction\":[{\"@type\":\"ReadAction\",\"target\":[\"https:\/\/www.transtoyou.com\/ro\/product\/ginoring\/\"]}]},{\"@type\":\"ImageObject\",\"inLanguage\":\"ro-RO\",\"@id\":\"https:\/\/www.transtoyou.com\/ro\/product\/ginoring\/#primaryimage\",\"url\":\"https:\/\/www.transtoyou.com\/ro\/wp-content\/uploads\/sites\/13\/2026\/01\/tty-no-product-image-132.webp\",\"contentUrl\":\"https:\/\/www.transtoyou.com\/ro\/wp-content\/uploads\/sites\/13\/2026\/01\/tty-no-product-image-132.webp\",\"width\":1000,\"height\":1000,\"caption\":\"Imagine produs implicit\"},{\"@type\":\"WebSite\",\"@id\":\"https:\/\/www.transtoyou.com\/ro\/#website\",\"url\":\"https:\/\/www.transtoyou.com\/ro\/\",\"name\":\"Transtoyou - RO\",\"description\":\"\",\"publisher\":{\"@id\":\"https:\/\/www.transtoyou.com\/ro\/#organization\"},\"potentialAction\":[{\"@type\":\"SearchAction\",\"target\":{\"@type\":\"EntryPoint\",\"urlTemplate\":\"https:\/\/www.transtoyou.com\/ro\/?s={search_term_string}\"},\"query-input\":{\"@type\":\"PropertyValueSpecification\",\"valueRequired\":true,\"valueName\":\"search_term_string\"}}],\"inLanguage\":\"ro-RO\"},{\"@type\":\"Organization\",\"@id\":\"https:\/\/www.transtoyou.com\/ro\/#organization\",\"name\":\"Transtoyou - RO\",\"url\":\"https:\/\/www.transtoyou.com\/ro\/\",\"logo\":{\"@type\":\"ImageObject\",\"inLanguage\":\"ro-RO\",\"@id\":\"https:\/\/www.transtoyou.com\/ro\/#\/schema\/logo\/image\/\",\"url\":\"https:\/\/www.transtoyou.com\/ro\/wp-content\/uploads\/sites\/13\/2026\/01\/logo-tty-menu-bar-300x87-1.webp\",\"contentUrl\":\"https:\/\/www.transtoyou.com\/ro\/wp-content\/uploads\/sites\/13\/2026\/01\/logo-tty-menu-bar-300x87-1.webp\",\"width\":300,\"height\":87,\"caption\":\"Transtoyou - RO\"},\"image\":{\"@id\":\"https:\/\/www.transtoyou.com\/ro\/#\/schema\/logo\/image\/\"}}]}<\/script>\n<!-- \/ Yoast SEO plugin. -->","yoast_head_json":{"title":"Ginoring | Solu\u021bie Contraceptiv\u0103 Fiabil\u0103 - Transtoyou","description":"Ginoring: Inel contraceptiv hormonal eficient, u\u0219or de utilizat, regleaz\u0103 ciclurile, reduce crampele. Ob\u021bine-l ast\u0103zi la Transtoyou.","robots":{"index":"noindex","follow":"follow","max-snippet":"max-snippet:-1","max-image-preview":"max-image-preview:large","max-video-preview":"max-video-preview:-1"},"og_locale":"ro_RO","og_type":"article","og_title":"Ginoring | Solu\u021bie Contraceptiv\u0103 Fiabil\u0103 - Transtoyou","og_description":"Ginoring: Inel contraceptiv hormonal eficient, u\u0219or de utilizat, regleaz\u0103 ciclurile, reduce crampele. Ob\u021bine-l ast\u0103zi la Transtoyou.","og_url":"https:\/\/www.transtoyou.com\/ro\/product\/ginoring\/","og_site_name":"Transtoyou - RO","article_modified_time":"2026-01-25T01:52:38+00:00","twitter_card":"summary_large_image","twitter_misc":{"Timp estimat pentru citire":"1 minut"},"schema":{"@context":"https:\/\/schema.org","@graph":[{"@type":"WebPage","@id":"https:\/\/www.transtoyou.com\/ro\/product\/ginoring\/","url":"https:\/\/www.transtoyou.com\/ro\/product\/ginoring\/","name":"Ginoring | Solu\u021bie Contraceptiv\u0103 Fiabil\u0103 - Transtoyou","isPartOf":{"@id":"https:\/\/www.transtoyou.com\/ro\/#website"},"primaryImageOfPage":{"@id":"https:\/\/www.transtoyou.com\/ro\/product\/ginoring\/#primaryimage"},"image":{"@id":"https:\/\/www.transtoyou.com\/ro\/product\/ginoring\/#primaryimage"},"thumbnailUrl":"https:\/\/www.transtoyou.com\/ro\/wp-content\/uploads\/sites\/13\/2026\/01\/tty-no-product-image-132.webp","datePublished":"2026-01-25T01:51:39+00:00","dateModified":"2026-01-25T01:52:38+00:00","description":"Ginoring: Inel contraceptiv hormonal eficient, u\u0219or de utilizat, regleaz\u0103 ciclurile, reduce crampele. Ob\u021bine-l ast\u0103zi la Transtoyou.","breadcrumb":{"@id":"https:\/\/www.transtoyou.com\/ro\/product\/ginoring\/#breadcrumb"},"inLanguage":"ro-RO","potentialAction":[{"@type":"ReadAction","target":["https:\/\/www.transtoyou.com\/ro\/product\/ginoring\/"]}]},{"@type":"ImageObject","inLanguage":"ro-RO","@id":"https:\/\/www.transtoyou.com\/ro\/product\/ginoring\/#primaryimage","url":"https:\/\/www.transtoyou.com\/ro\/wp-content\/uploads\/sites\/13\/2026\/01\/tty-no-product-image-132.webp","contentUrl":"https:\/\/www.transtoyou.com\/ro\/wp-content\/uploads\/sites\/13\/2026\/01\/tty-no-product-image-132.webp","width":1000,"height":1000,"caption":"Imagine produs implicit"},{"@type":"WebSite","@id":"https:\/\/www.transtoyou.com\/ro\/#website","url":"https:\/\/www.transtoyou.com\/ro\/","name":"Transtoyou - RO","description":"","publisher":{"@id":"https:\/\/www.transtoyou.com\/ro\/#organization"},"potentialAction":[{"@type":"SearchAction","target":{"@type":"EntryPoint","urlTemplate":"https:\/\/www.transtoyou.com\/ro\/?s={search_term_string}"},"query-input":{"@type":"PropertyValueSpecification","valueRequired":true,"valueName":"search_term_string"}}],"inLanguage":"ro-RO"},{"@type":"Organization","@id":"https:\/\/www.transtoyou.com\/ro\/#organization","name":"Transtoyou - RO","url":"https:\/\/www.transtoyou.com\/ro\/","logo":{"@type":"ImageObject","inLanguage":"ro-RO","@id":"https:\/\/www.transtoyou.com\/ro\/#\/schema\/logo\/image\/","url":"https:\/\/www.transtoyou.com\/ro\/wp-content\/uploads\/sites\/13\/2026\/01\/logo-tty-menu-bar-300x87-1.webp","contentUrl":"https:\/\/www.transtoyou.com\/ro\/wp-content\/uploads\/sites\/13\/2026\/01\/logo-tty-menu-bar-300x87-1.webp","width":300,"height":87,"caption":"Transtoyou - RO"},"image":{"@id":"https:\/\/www.transtoyou.com\/ro\/#\/schema\/logo\/image\/"}}]}},"_links":{"self":[{"href":"https:\/\/www.transtoyou.com\/ro\/wp-json\/wp\/v2\/product\/869","targetHints":{"allow":["GET"]}}],"collection":[{"href":"https:\/\/www.transtoyou.com\/ro\/wp-json\/wp\/v2\/product"}],"about":[{"href":"https:\/\/www.transtoyou.com\/ro\/wp-json\/wp\/v2\/types\/product"}],"replies":[{"embeddable":true,"href":"https:\/\/www.transtoyou.com\/ro\/wp-json\/wp\/v2\/comments?post=869"}],"wp:featuredmedia":[{"embeddable":true,"href":"https:\/\/www.transtoyou.com\/ro\/wp-json\/wp\/v2\/media\/871"}],"wp:attachment":[{"href":"https:\/\/www.transtoyou.com\/ro\/wp-json\/wp\/v2\/media?parent=869"}],"wp:term":[{"taxonomy":"product_brand","embeddable":true,"href":"https:\/\/www.transtoyou.com\/ro\/wp-json\/wp\/v2\/product_brand?post=869"},{"taxonomy":"product_cat","embeddable":true,"href":"https:\/\/www.transtoyou.com\/ro\/wp-json\/wp\/v2\/product_cat?post=869"},{"taxonomy":"product_tag","embeddable":true,"href":"https:\/\/www.transtoyou.com\/ro\/wp-json\/wp\/v2\/product_tag?post=869"},{"taxonomy":"expert","embeddable":true,"href":"https:\/\/www.transtoyou.com\/ro\/wp-json\/wp\/v2\/expert?post=869"}],"curies":[{"name":"wp","href":"https:\/\/api.w.org\/{rel}","templated":true}]}}