{"id":893,"date":"2026-01-25T04:05:29","date_gmt":"2026-01-25T04:05:29","guid":{"rendered":"https:\/\/www.transtoyou.com\/ro\/product\/nitrofurantoin\/"},"modified":"2026-02-28T11:12:39","modified_gmt":"2026-02-28T11:12:39","slug":"nitrofurantoina","status":"publish","type":"product","link":"https:\/\/www.transtoyou.com\/ro\/product\/nitrofurantoina\/","title":{"rendered":"Nitrofurantoina"},"content":{"rendered":"<p>Nitrofurantoina este un antibiotic prescris frecvent pentru a trata \u0219i preveni infec\u021biile tractului urinar (ITU), \u00een special cele care afecteaz\u0103 vezica urinar\u0103. Este deosebit de eficient \u00eempotriva bacteriilor care cauzeaz\u0103 cel mai adesea infec\u021bii urinare inferioare, cum ar fi Escherichia coli (E. coli), \u0219i este utilizat pe scar\u0103 larg\u0103 pentru cistita necomplicat\u0103 la femei.<\/p>\n<p>Nitrofurantoina ac\u021bioneaz\u0103 prin p\u0103trunderea \u00een urin\u0103 \u0219i \u021bintirea bacteriilor din tractul urinar direct. Aceasta perturb\u0103 metabolismul bacterian \u0219i degradeaz\u0103 ADN-ul bacterian, oprind r\u0103sp\u00e2ndirea infec\u021biei \u0219i permi\u021b\u00e2nd corpului s\u0103 o elimine mai eficient. Deoarece medicamentul se concentreaz\u0103 \u00een urin\u0103, este deosebit de potrivit pentru infec\u021biile limitate la tractul urinar inferior.<\/p>\n<p>De obicei, este administrat sub form\u0103 de comprimate pe o perioad\u0103 scurt\u0103, de obicei \u00eentre trei \u0219i \u0219apte zile. \u00cen unele cazuri, nitrofurantoina poate fi utilizat\u0103 \u0219i \u00een doze mici ca m\u0103sur\u0103 preventiv\u0103 pe termen lung pentru persoanele care experimenteaz\u0103 ITU recurente.<\/p>\n<p>Simptomele, cum ar fi arderea \u00een timpul urin\u0103rii, nevoia frecvent\u0103 de a urina \u0219i disconfortul abdominal inferior, \u00eencep adesea s\u0103 se \u00eembun\u0103t\u0103\u021beasc\u0103 \u00een decurs de c\u00e2teva zile de la \u00eenceperea tratamentului. Pentru a asigura o recuperare complet\u0103 \u0219i a preveni rezisten\u021ba, este important s\u0103 finaliza\u021bi cursul prescris, chiar dac\u0103 simptomele se rezolv\u0103 devreme.<\/p>\n<p>Nitrofurantoina este \u00een general bine tolerat\u0103, cu efecte secundare u\u0219oare, cum ar fi grea\u021ba, durerile de cap sau schimb\u0103rile de culoare a urinei fiind cele mai frecvente. Efectele secundare grave sunt rare, dar pot ap\u0103rea la persoanele cu probleme renale sau la cele care iau medicamentul pe perioade lungi.<\/p>\n<p>Nu este potrivit pentru toat\u0103 lumea, \u00een special pentru cei cu func\u021bie renal\u0103 redus\u0103 sau \u00een etapele tardive ale sarcinii.<\/p>\n","protected":false},"excerpt":{"rendered":"<ul>\n<li>Tratamente eficiente pentru infec\u021biile urinare<\/li>\n<li>Riscuri reduse de rezisten\u021b\u0103<\/li>\n<li>Ac\u021biune \u021bintit\u0103 cu efecte secundare minime<\/li>\n<\/ul>\n","protected":false},"featured_media":895,"comment_status":"open","ping_status":"closed","template":"","meta":[],"product_brand":[],"product_cat":[67],"product_tag":[],"expert":[18],"class_list":{"0":"post-893","1":"product","2":"type-product","3":"status-publish","4":"has-post-thumbnail","6":"product_cat-infectii-ale-vezicii-urinare-si-urinare","7":"expert-dr-g-varbanov","9":"first","10":"instock","11":"shipping-taxable","12":"product-type-variable"},"yoast_head":"<!-- This site is optimized with the Yoast SEO plugin v27.0 - https:\/\/yoast.com\/product\/yoast-seo-wordpress\/ -->\n<title>Nitrofurantoina | Solu\u021bie Antibiotic\u0103 Eficient\u0103 pentru Infec\u021biile Urinare - Transtoyou<\/title>\n<meta name=\"description\" content=\"Descoper\u0103 Nitrofurantoina pentru tratamentul eficient al infec\u021biilor urinare. Ac\u021bioneaz\u0103 direct asupra bacteriilor. Disponibil la Transtoyou ast\u0103zi.\" \/>\n<meta name=\"robots\" content=\"noindex, follow, max-snippet:-1, max-image-preview:large, max-video-preview:-1\" \/>\n<meta property=\"og:locale\" content=\"ro_RO\" \/>\n<meta property=\"og:type\" content=\"article\" \/>\n<meta property=\"og:title\" content=\"Nitrofurantoina | Solu\u021bie Antibiotic\u0103 Eficient\u0103 pentru Infec\u021biile Urinare - Transtoyou\" \/>\n<meta property=\"og:description\" content=\"Descoper\u0103 Nitrofurantoina pentru tratamentul eficient al infec\u021biilor urinare. Ac\u021bioneaz\u0103 direct asupra bacteriilor. Disponibil la Transtoyou ast\u0103zi.\" \/>\n<meta property=\"og:url\" content=\"https:\/\/www.transtoyou.com\/ro\/product\/nitrofurantoin\/\" \/>\n<meta property=\"og:site_name\" content=\"Transtoyou - RO\" \/>\n<meta property=\"article:modified_time\" content=\"2026-02-28T11:12:39+00:00\" \/>\n<meta name=\"twitter:card\" content=\"summary_large_image\" \/>\n<meta name=\"twitter:label1\" content=\"Timp estimat pentru citire\" \/>\n\t<meta name=\"twitter:data1\" content=\"1 minut\" \/>\n<script type=\"application\/ld+json\" class=\"yoast-schema-graph\">{\"@context\":\"https:\/\/schema.org\",\"@graph\":[{\"@type\":\"WebPage\",\"@id\":\"https:\/\/www.transtoyou.com\/ro\/product\/nitrofurantoin\/\",\"url\":\"https:\/\/www.transtoyou.com\/ro\/product\/nitrofurantoin\/\",\"name\":\"Nitrofurantoina | Solu\u021bie Antibiotic\u0103 Eficient\u0103 pentru Infec\u021biile Urinare - Transtoyou\",\"isPartOf\":{\"@id\":\"https:\/\/www.transtoyou.com\/ro\/#website\"},\"primaryImageOfPage\":{\"@id\":\"https:\/\/www.transtoyou.com\/ro\/product\/nitrofurantoin\/#primaryimage\"},\"image\":{\"@id\":\"https:\/\/www.transtoyou.com\/ro\/product\/nitrofurantoin\/#primaryimage\"},\"thumbnailUrl\":\"https:\/\/www.transtoyou.com\/ro\/wp-content\/uploads\/sites\/13\/2026\/01\/tty-no-product-image-140.webp\",\"datePublished\":\"2026-01-25T04:05:29+00:00\",\"dateModified\":\"2026-02-28T11:12:39+00:00\",\"description\":\"Descoper\u0103 Nitrofurantoina pentru tratamentul eficient al infec\u021biilor urinare. Ac\u021bioneaz\u0103 direct asupra bacteriilor. Disponibil la Transtoyou ast\u0103zi.\",\"breadcrumb\":{\"@id\":\"https:\/\/www.transtoyou.com\/ro\/product\/nitrofurantoin\/#breadcrumb\"},\"inLanguage\":\"ro-RO\",\"potentialAction\":[{\"@type\":\"ReadAction\",\"target\":[\"https:\/\/www.transtoyou.com\/ro\/product\/nitrofurantoin\/\"]}]},{\"@type\":\"ImageObject\",\"inLanguage\":\"ro-RO\",\"@id\":\"https:\/\/www.transtoyou.com\/ro\/product\/nitrofurantoin\/#primaryimage\",\"url\":\"https:\/\/www.transtoyou.com\/ro\/wp-content\/uploads\/sites\/13\/2026\/01\/tty-no-product-image-140.webp\",\"contentUrl\":\"https:\/\/www.transtoyou.com\/ro\/wp-content\/uploads\/sites\/13\/2026\/01\/tty-no-product-image-140.webp\",\"width\":1000,\"height\":1000,\"caption\":\"Imagine produs implicit\"},{\"@type\":\"WebSite\",\"@id\":\"https:\/\/www.transtoyou.com\/ro\/#website\",\"url\":\"https:\/\/www.transtoyou.com\/ro\/\",\"name\":\"Transtoyou - RO\",\"description\":\"\",\"publisher\":{\"@id\":\"https:\/\/www.transtoyou.com\/ro\/#organization\"},\"potentialAction\":[{\"@type\":\"SearchAction\",\"target\":{\"@type\":\"EntryPoint\",\"urlTemplate\":\"https:\/\/www.transtoyou.com\/ro\/?s={search_term_string}\"},\"query-input\":{\"@type\":\"PropertyValueSpecification\",\"valueRequired\":true,\"valueName\":\"search_term_string\"}}],\"inLanguage\":\"ro-RO\"},{\"@type\":\"Organization\",\"@id\":\"https:\/\/www.transtoyou.com\/ro\/#organization\",\"name\":\"Transtoyou - RO\",\"url\":\"https:\/\/www.transtoyou.com\/ro\/\",\"logo\":{\"@type\":\"ImageObject\",\"inLanguage\":\"ro-RO\",\"@id\":\"https:\/\/www.transtoyou.com\/ro\/#\/schema\/logo\/image\/\",\"url\":\"https:\/\/www.transtoyou.com\/ro\/wp-content\/uploads\/sites\/13\/2026\/01\/logo-tty-menu-bar-300x87-1.webp\",\"contentUrl\":\"https:\/\/www.transtoyou.com\/ro\/wp-content\/uploads\/sites\/13\/2026\/01\/logo-tty-menu-bar-300x87-1.webp\",\"width\":300,\"height\":87,\"caption\":\"Transtoyou - RO\"},\"image\":{\"@id\":\"https:\/\/www.transtoyou.com\/ro\/#\/schema\/logo\/image\/\"}}]}<\/script>\n<!-- \/ Yoast SEO plugin. -->","yoast_head_json":{"title":"Nitrofurantoina | Solu\u021bie Antibiotic\u0103 Eficient\u0103 pentru Infec\u021biile Urinare - Transtoyou","description":"Descoper\u0103 Nitrofurantoina pentru tratamentul eficient al infec\u021biilor urinare. Ac\u021bioneaz\u0103 direct asupra bacteriilor. Disponibil la Transtoyou ast\u0103zi.","robots":{"index":"noindex","follow":"follow","max-snippet":"max-snippet:-1","max-image-preview":"max-image-preview:large","max-video-preview":"max-video-preview:-1"},"og_locale":"ro_RO","og_type":"article","og_title":"Nitrofurantoina | Solu\u021bie Antibiotic\u0103 Eficient\u0103 pentru Infec\u021biile Urinare - Transtoyou","og_description":"Descoper\u0103 Nitrofurantoina pentru tratamentul eficient al infec\u021biilor urinare. Ac\u021bioneaz\u0103 direct asupra bacteriilor. Disponibil la Transtoyou ast\u0103zi.","og_url":"https:\/\/www.transtoyou.com\/ro\/product\/nitrofurantoin\/","og_site_name":"Transtoyou - RO","article_modified_time":"2026-02-28T11:12:39+00:00","twitter_card":"summary_large_image","twitter_misc":{"Timp estimat pentru citire":"1 minut"},"schema":{"@context":"https:\/\/schema.org","@graph":[{"@type":"WebPage","@id":"https:\/\/www.transtoyou.com\/ro\/product\/nitrofurantoin\/","url":"https:\/\/www.transtoyou.com\/ro\/product\/nitrofurantoin\/","name":"Nitrofurantoina | Solu\u021bie Antibiotic\u0103 Eficient\u0103 pentru Infec\u021biile Urinare - Transtoyou","isPartOf":{"@id":"https:\/\/www.transtoyou.com\/ro\/#website"},"primaryImageOfPage":{"@id":"https:\/\/www.transtoyou.com\/ro\/product\/nitrofurantoin\/#primaryimage"},"image":{"@id":"https:\/\/www.transtoyou.com\/ro\/product\/nitrofurantoin\/#primaryimage"},"thumbnailUrl":"https:\/\/www.transtoyou.com\/ro\/wp-content\/uploads\/sites\/13\/2026\/01\/tty-no-product-image-140.webp","datePublished":"2026-01-25T04:05:29+00:00","dateModified":"2026-02-28T11:12:39+00:00","description":"Descoper\u0103 Nitrofurantoina pentru tratamentul eficient al infec\u021biilor urinare. Ac\u021bioneaz\u0103 direct asupra bacteriilor. Disponibil la Transtoyou ast\u0103zi.","breadcrumb":{"@id":"https:\/\/www.transtoyou.com\/ro\/product\/nitrofurantoin\/#breadcrumb"},"inLanguage":"ro-RO","potentialAction":[{"@type":"ReadAction","target":["https:\/\/www.transtoyou.com\/ro\/product\/nitrofurantoin\/"]}]},{"@type":"ImageObject","inLanguage":"ro-RO","@id":"https:\/\/www.transtoyou.com\/ro\/product\/nitrofurantoin\/#primaryimage","url":"https:\/\/www.transtoyou.com\/ro\/wp-content\/uploads\/sites\/13\/2026\/01\/tty-no-product-image-140.webp","contentUrl":"https:\/\/www.transtoyou.com\/ro\/wp-content\/uploads\/sites\/13\/2026\/01\/tty-no-product-image-140.webp","width":1000,"height":1000,"caption":"Imagine produs implicit"},{"@type":"WebSite","@id":"https:\/\/www.transtoyou.com\/ro\/#website","url":"https:\/\/www.transtoyou.com\/ro\/","name":"Transtoyou - RO","description":"","publisher":{"@id":"https:\/\/www.transtoyou.com\/ro\/#organization"},"potentialAction":[{"@type":"SearchAction","target":{"@type":"EntryPoint","urlTemplate":"https:\/\/www.transtoyou.com\/ro\/?s={search_term_string}"},"query-input":{"@type":"PropertyValueSpecification","valueRequired":true,"valueName":"search_term_string"}}],"inLanguage":"ro-RO"},{"@type":"Organization","@id":"https:\/\/www.transtoyou.com\/ro\/#organization","name":"Transtoyou - RO","url":"https:\/\/www.transtoyou.com\/ro\/","logo":{"@type":"ImageObject","inLanguage":"ro-RO","@id":"https:\/\/www.transtoyou.com\/ro\/#\/schema\/logo\/image\/","url":"https:\/\/www.transtoyou.com\/ro\/wp-content\/uploads\/sites\/13\/2026\/01\/logo-tty-menu-bar-300x87-1.webp","contentUrl":"https:\/\/www.transtoyou.com\/ro\/wp-content\/uploads\/sites\/13\/2026\/01\/logo-tty-menu-bar-300x87-1.webp","width":300,"height":87,"caption":"Transtoyou - RO"},"image":{"@id":"https:\/\/www.transtoyou.com\/ro\/#\/schema\/logo\/image\/"}}]}},"_links":{"self":[{"href":"https:\/\/www.transtoyou.com\/ro\/wp-json\/wp\/v2\/product\/893","targetHints":{"allow":["GET"]}}],"collection":[{"href":"https:\/\/www.transtoyou.com\/ro\/wp-json\/wp\/v2\/product"}],"about":[{"href":"https:\/\/www.transtoyou.com\/ro\/wp-json\/wp\/v2\/types\/product"}],"replies":[{"embeddable":true,"href":"https:\/\/www.transtoyou.com\/ro\/wp-json\/wp\/v2\/comments?post=893"}],"wp:featuredmedia":[{"embeddable":true,"href":"https:\/\/www.transtoyou.com\/ro\/wp-json\/wp\/v2\/media\/895"}],"wp:attachment":[{"href":"https:\/\/www.transtoyou.com\/ro\/wp-json\/wp\/v2\/media?parent=893"}],"wp:term":[{"taxonomy":"product_brand","embeddable":true,"href":"https:\/\/www.transtoyou.com\/ro\/wp-json\/wp\/v2\/product_brand?post=893"},{"taxonomy":"product_cat","embeddable":true,"href":"https:\/\/www.transtoyou.com\/ro\/wp-json\/wp\/v2\/product_cat?post=893"},{"taxonomy":"product_tag","embeddable":true,"href":"https:\/\/www.transtoyou.com\/ro\/wp-json\/wp\/v2\/product_tag?post=893"},{"taxonomy":"expert","embeddable":true,"href":"https:\/\/www.transtoyou.com\/ro\/wp-json\/wp\/v2\/expert?post=893"}],"curies":[{"name":"wp","href":"https:\/\/api.w.org\/{rel}","templated":true}]}}