{"id":944,"date":"2026-01-25T17:44:28","date_gmt":"2026-01-25T17:44:28","guid":{"rendered":"https:\/\/www.transtoyou.com\/ro\/product\/co-amoxiclav\/"},"modified":"2026-01-25T17:45:50","modified_gmt":"2026-01-25T17:45:50","slug":"co-amoxiclav","status":"publish","type":"product","link":"https:\/\/www.transtoyou.com\/ro\/product\/co-amoxiclav\/","title":{"rendered":"Co-Amoxiclav"},"content":{"rendered":"<p>Co-amoxiclav este un antibiotic combinat folosit pentru a trata multe infec\u021bii bacteriene diferite. Con\u021bine dou\u0103 ingrediente active: amoxicilin\u0103 \u0219i acid clavulanic. Acestea lucreaz\u0103 \u00eempreun\u0103 pentru a opri cre\u0219terea \u0219i r\u0103sp\u00e2ndirea bacteriilor \u00een corp.<\/p>\n<p>Amoxicilina este un tip de penicilin\u0103 care omoar\u0103 bacteriile prin deteriorarea peretelui celular exterior. Acest perete protejeaz\u0103 bacteriile, a\u0219a c\u0103, atunci c\u00e2nd este sl\u0103bit, bacteriile se descompun \u0219i mor. Totu\u0219i, unele bacterii pot contraataca prin producerea unei enzime (numit\u0103 beta-lactamaz\u0103) care distruge amoxicilina. Aici intervine acidul clavulanic, care blocheaz\u0103 aceast\u0103 enzim\u0103 \u0219i opre\u0219te bacteriile s\u0103 se protejeze. Acest lucru permite amoxicilinei s\u0103 \u00ee\u0219i fac\u0103 treaba corect, chiar \u0219i \u00eempotriva bacteriilor care sunt \u00een mod normal rezistente.<\/p>\n<p>Co-amoxiclav este folosit pentru a trata o gam\u0103 larg\u0103 de infec\u021bii. Acestea includ infec\u021bii respiratorii precum bron\u0219ita, pneumonia \u0219i infec\u021biile sinusale; infec\u021bii ale tractului urinar precum cistita sau infec\u021biile renale; infec\u021bii ale pielii \u0219i \u021besuturilor moi, cum ar fi abcesurile, celulita sau r\u0103nile infectate; \u0219i infec\u021bii dentare. De asemenea, este uneori folosit pentru infec\u021bii ale oaselor sau articula\u021biilor \u0219i infec\u021bii \u00een zona abdominal\u0103.<\/p>\n<p>Aceast\u0103 medicament nu reduce durerea sau umflarea direct. \u00cen schimb, trateaz\u0103 cauza problemei, bacteriile. Pe m\u0103sur\u0103 ce infec\u021bia se elimin\u0103, simptomele precum durerea, febra sau umflarea de obicei se \u00eembun\u0103t\u0103\u021besc de la sine.<\/p>\n","protected":false},"excerpt":{"rendered":"<ul>\n<li>Antibiotic cu spectru larg pentru multe infec\u021bii<\/li>\n<li>Acidul clavulanic \u00eent\u0103re\u0219te ap\u0103rarea bacterian\u0103<\/li>\n<li>Ameliorare rapid\u0103 a simptomelor \u0219i inflama\u021biei<\/li>\n<\/ul>\n","protected":false},"featured_media":946,"comment_status":"open","ping_status":"closed","template":"","meta":[],"product_brand":[],"product_cat":[60,67],"product_tag":[],"expert":[18],"class_list":{"0":"post-944","1":"product","2":"type-product","3":"status-publish","4":"has-post-thumbnail","6":"product_cat-antibiotice-si-infectii","7":"product_cat-infectii-ale-vezicii-urinare-si-urinare","8":"expert-dr-g-varbanov","10":"first","11":"instock","12":"shipping-taxable","13":"product-type-variable"},"yoast_head":"<!-- This site is optimized with the Yoast SEO plugin v27.0 - https:\/\/yoast.com\/product\/yoast-seo-wordpress\/ -->\n<title>Co-Amoxiclav | Tratament Eficient pentru Infec\u021bii - Transtoyou<\/title>\n<meta name=\"description\" content=\"Descoper\u0103 Co-Amoxiclav pe Transtoyou, un antibiotic eficient pentru diverse infec\u021bii, combin\u00e2nd amoxicilin\u0103 \u0219i acid clavulanic pentru a combate bacteriile rezistente.\" \/>\n<meta name=\"robots\" content=\"noindex, follow, max-snippet:-1, max-image-preview:large, max-video-preview:-1\" \/>\n<meta property=\"og:locale\" content=\"ro_RO\" \/>\n<meta property=\"og:type\" content=\"article\" \/>\n<meta property=\"og:title\" content=\"Co-Amoxiclav | Tratament Eficient pentru Infec\u021bii - Transtoyou\" \/>\n<meta property=\"og:description\" content=\"Descoper\u0103 Co-Amoxiclav pe Transtoyou, un antibiotic eficient pentru diverse infec\u021bii, combin\u00e2nd amoxicilin\u0103 \u0219i acid clavulanic pentru a combate bacteriile rezistente.\" \/>\n<meta property=\"og:url\" content=\"https:\/\/www.transtoyou.com\/ro\/product\/co-amoxiclav\/\" \/>\n<meta property=\"og:site_name\" content=\"Transtoyou - RO\" \/>\n<meta property=\"article:modified_time\" content=\"2026-01-25T17:45:50+00:00\" \/>\n<meta name=\"twitter:card\" content=\"summary_large_image\" \/>\n<meta name=\"twitter:label1\" content=\"Timp estimat pentru citire\" \/>\n\t<meta name=\"twitter:data1\" content=\"1 minut\" \/>\n<script type=\"application\/ld+json\" class=\"yoast-schema-graph\">{\"@context\":\"https:\/\/schema.org\",\"@graph\":[{\"@type\":\"WebPage\",\"@id\":\"https:\/\/www.transtoyou.com\/ro\/product\/co-amoxiclav\/\",\"url\":\"https:\/\/www.transtoyou.com\/ro\/product\/co-amoxiclav\/\",\"name\":\"Co-Amoxiclav | Tratament Eficient pentru Infec\u021bii - Transtoyou\",\"isPartOf\":{\"@id\":\"https:\/\/www.transtoyou.com\/ro\/#website\"},\"primaryImageOfPage\":{\"@id\":\"https:\/\/www.transtoyou.com\/ro\/product\/co-amoxiclav\/#primaryimage\"},\"image\":{\"@id\":\"https:\/\/www.transtoyou.com\/ro\/product\/co-amoxiclav\/#primaryimage\"},\"thumbnailUrl\":\"https:\/\/www.transtoyou.com\/ro\/wp-content\/uploads\/sites\/13\/2026\/01\/tty-no-product-image-151.webp\",\"datePublished\":\"2026-01-25T17:44:28+00:00\",\"dateModified\":\"2026-01-25T17:45:50+00:00\",\"description\":\"Descoper\u0103 Co-Amoxiclav pe Transtoyou, un antibiotic eficient pentru diverse infec\u021bii, combin\u00e2nd amoxicilin\u0103 \u0219i acid clavulanic pentru a combate bacteriile rezistente.\",\"breadcrumb\":{\"@id\":\"https:\/\/www.transtoyou.com\/ro\/product\/co-amoxiclav\/#breadcrumb\"},\"inLanguage\":\"ro-RO\",\"potentialAction\":[{\"@type\":\"ReadAction\",\"target\":[\"https:\/\/www.transtoyou.com\/ro\/product\/co-amoxiclav\/\"]}]},{\"@type\":\"ImageObject\",\"inLanguage\":\"ro-RO\",\"@id\":\"https:\/\/www.transtoyou.com\/ro\/product\/co-amoxiclav\/#primaryimage\",\"url\":\"https:\/\/www.transtoyou.com\/ro\/wp-content\/uploads\/sites\/13\/2026\/01\/tty-no-product-image-151.webp\",\"contentUrl\":\"https:\/\/www.transtoyou.com\/ro\/wp-content\/uploads\/sites\/13\/2026\/01\/tty-no-product-image-151.webp\",\"width\":1000,\"height\":1000,\"caption\":\"Imagine produs implicit\"},{\"@type\":\"WebSite\",\"@id\":\"https:\/\/www.transtoyou.com\/ro\/#website\",\"url\":\"https:\/\/www.transtoyou.com\/ro\/\",\"name\":\"Transtoyou - RO\",\"description\":\"\",\"publisher\":{\"@id\":\"https:\/\/www.transtoyou.com\/ro\/#organization\"},\"potentialAction\":[{\"@type\":\"SearchAction\",\"target\":{\"@type\":\"EntryPoint\",\"urlTemplate\":\"https:\/\/www.transtoyou.com\/ro\/?s={search_term_string}\"},\"query-input\":{\"@type\":\"PropertyValueSpecification\",\"valueRequired\":true,\"valueName\":\"search_term_string\"}}],\"inLanguage\":\"ro-RO\"},{\"@type\":\"Organization\",\"@id\":\"https:\/\/www.transtoyou.com\/ro\/#organization\",\"name\":\"Transtoyou - RO\",\"url\":\"https:\/\/www.transtoyou.com\/ro\/\",\"logo\":{\"@type\":\"ImageObject\",\"inLanguage\":\"ro-RO\",\"@id\":\"https:\/\/www.transtoyou.com\/ro\/#\/schema\/logo\/image\/\",\"url\":\"https:\/\/www.transtoyou.com\/ro\/wp-content\/uploads\/sites\/13\/2026\/01\/logo-tty-menu-bar-300x87-1.webp\",\"contentUrl\":\"https:\/\/www.transtoyou.com\/ro\/wp-content\/uploads\/sites\/13\/2026\/01\/logo-tty-menu-bar-300x87-1.webp\",\"width\":300,\"height\":87,\"caption\":\"Transtoyou - RO\"},\"image\":{\"@id\":\"https:\/\/www.transtoyou.com\/ro\/#\/schema\/logo\/image\/\"}}]}<\/script>\n<!-- \/ Yoast SEO plugin. -->","yoast_head_json":{"title":"Co-Amoxiclav | Tratament Eficient pentru Infec\u021bii - Transtoyou","description":"Descoper\u0103 Co-Amoxiclav pe Transtoyou, un antibiotic eficient pentru diverse infec\u021bii, combin\u00e2nd amoxicilin\u0103 \u0219i acid clavulanic pentru a combate bacteriile rezistente.","robots":{"index":"noindex","follow":"follow","max-snippet":"max-snippet:-1","max-image-preview":"max-image-preview:large","max-video-preview":"max-video-preview:-1"},"og_locale":"ro_RO","og_type":"article","og_title":"Co-Amoxiclav | Tratament Eficient pentru Infec\u021bii - Transtoyou","og_description":"Descoper\u0103 Co-Amoxiclav pe Transtoyou, un antibiotic eficient pentru diverse infec\u021bii, combin\u00e2nd amoxicilin\u0103 \u0219i acid clavulanic pentru a combate bacteriile rezistente.","og_url":"https:\/\/www.transtoyou.com\/ro\/product\/co-amoxiclav\/","og_site_name":"Transtoyou - RO","article_modified_time":"2026-01-25T17:45:50+00:00","twitter_card":"summary_large_image","twitter_misc":{"Timp estimat pentru citire":"1 minut"},"schema":{"@context":"https:\/\/schema.org","@graph":[{"@type":"WebPage","@id":"https:\/\/www.transtoyou.com\/ro\/product\/co-amoxiclav\/","url":"https:\/\/www.transtoyou.com\/ro\/product\/co-amoxiclav\/","name":"Co-Amoxiclav | Tratament Eficient pentru Infec\u021bii - Transtoyou","isPartOf":{"@id":"https:\/\/www.transtoyou.com\/ro\/#website"},"primaryImageOfPage":{"@id":"https:\/\/www.transtoyou.com\/ro\/product\/co-amoxiclav\/#primaryimage"},"image":{"@id":"https:\/\/www.transtoyou.com\/ro\/product\/co-amoxiclav\/#primaryimage"},"thumbnailUrl":"https:\/\/www.transtoyou.com\/ro\/wp-content\/uploads\/sites\/13\/2026\/01\/tty-no-product-image-151.webp","datePublished":"2026-01-25T17:44:28+00:00","dateModified":"2026-01-25T17:45:50+00:00","description":"Descoper\u0103 Co-Amoxiclav pe Transtoyou, un antibiotic eficient pentru diverse infec\u021bii, combin\u00e2nd amoxicilin\u0103 \u0219i acid clavulanic pentru a combate bacteriile rezistente.","breadcrumb":{"@id":"https:\/\/www.transtoyou.com\/ro\/product\/co-amoxiclav\/#breadcrumb"},"inLanguage":"ro-RO","potentialAction":[{"@type":"ReadAction","target":["https:\/\/www.transtoyou.com\/ro\/product\/co-amoxiclav\/"]}]},{"@type":"ImageObject","inLanguage":"ro-RO","@id":"https:\/\/www.transtoyou.com\/ro\/product\/co-amoxiclav\/#primaryimage","url":"https:\/\/www.transtoyou.com\/ro\/wp-content\/uploads\/sites\/13\/2026\/01\/tty-no-product-image-151.webp","contentUrl":"https:\/\/www.transtoyou.com\/ro\/wp-content\/uploads\/sites\/13\/2026\/01\/tty-no-product-image-151.webp","width":1000,"height":1000,"caption":"Imagine produs implicit"},{"@type":"WebSite","@id":"https:\/\/www.transtoyou.com\/ro\/#website","url":"https:\/\/www.transtoyou.com\/ro\/","name":"Transtoyou - RO","description":"","publisher":{"@id":"https:\/\/www.transtoyou.com\/ro\/#organization"},"potentialAction":[{"@type":"SearchAction","target":{"@type":"EntryPoint","urlTemplate":"https:\/\/www.transtoyou.com\/ro\/?s={search_term_string}"},"query-input":{"@type":"PropertyValueSpecification","valueRequired":true,"valueName":"search_term_string"}}],"inLanguage":"ro-RO"},{"@type":"Organization","@id":"https:\/\/www.transtoyou.com\/ro\/#organization","name":"Transtoyou - RO","url":"https:\/\/www.transtoyou.com\/ro\/","logo":{"@type":"ImageObject","inLanguage":"ro-RO","@id":"https:\/\/www.transtoyou.com\/ro\/#\/schema\/logo\/image\/","url":"https:\/\/www.transtoyou.com\/ro\/wp-content\/uploads\/sites\/13\/2026\/01\/logo-tty-menu-bar-300x87-1.webp","contentUrl":"https:\/\/www.transtoyou.com\/ro\/wp-content\/uploads\/sites\/13\/2026\/01\/logo-tty-menu-bar-300x87-1.webp","width":300,"height":87,"caption":"Transtoyou - RO"},"image":{"@id":"https:\/\/www.transtoyou.com\/ro\/#\/schema\/logo\/image\/"}}]}},"_links":{"self":[{"href":"https:\/\/www.transtoyou.com\/ro\/wp-json\/wp\/v2\/product\/944","targetHints":{"allow":["GET"]}}],"collection":[{"href":"https:\/\/www.transtoyou.com\/ro\/wp-json\/wp\/v2\/product"}],"about":[{"href":"https:\/\/www.transtoyou.com\/ro\/wp-json\/wp\/v2\/types\/product"}],"replies":[{"embeddable":true,"href":"https:\/\/www.transtoyou.com\/ro\/wp-json\/wp\/v2\/comments?post=944"}],"wp:featuredmedia":[{"embeddable":true,"href":"https:\/\/www.transtoyou.com\/ro\/wp-json\/wp\/v2\/media\/946"}],"wp:attachment":[{"href":"https:\/\/www.transtoyou.com\/ro\/wp-json\/wp\/v2\/media?parent=944"}],"wp:term":[{"taxonomy":"product_brand","embeddable":true,"href":"https:\/\/www.transtoyou.com\/ro\/wp-json\/wp\/v2\/product_brand?post=944"},{"taxonomy":"product_cat","embeddable":true,"href":"https:\/\/www.transtoyou.com\/ro\/wp-json\/wp\/v2\/product_cat?post=944"},{"taxonomy":"product_tag","embeddable":true,"href":"https:\/\/www.transtoyou.com\/ro\/wp-json\/wp\/v2\/product_tag?post=944"},{"taxonomy":"expert","embeddable":true,"href":"https:\/\/www.transtoyou.com\/ro\/wp-json\/wp\/v2\/expert?post=944"}],"curies":[{"name":"wp","href":"https:\/\/api.w.org\/{rel}","templated":true}]}}