{"id":950,"date":"2026-01-25T18:26:36","date_gmt":"2026-01-25T18:26:36","guid":{"rendered":"https:\/\/www.transtoyou.com\/ro\/product\/antabuse\/"},"modified":"2026-01-25T18:27:43","modified_gmt":"2026-01-25T18:27:43","slug":"antabuz","status":"publish","type":"product","link":"https:\/\/www.transtoyou.com\/ro\/product\/antabuz\/","title":{"rendered":"Antabuse"},"content":{"rendered":"<p>Antabuse (disulfiram) este un medicament pe baz\u0103 de re\u021bet\u0103 destinat s\u0103 sprijine persoanele \u00een recuperarea lor de dependen\u021ba de alcool. Acesta func\u021bioneaz\u0103 prin crearea unei sensibilit\u0103\u021bi acute la alcool. C\u00e2nd alcoolul este consumat \u00een timpul administr\u0103rii Antabuse, provoac\u0103 efecte nepl\u0103cute precum grea\u021b\u0103, ro\u0219ea\u021b\u0103 \u0219i b\u0103t\u0103i rapide ale inimii, descuraj\u00e2nd consumul suplimentar de alcool.<\/p>\n<p>Antabuse este utilizat de obicei ca parte a unui plan de tratament cuprinz\u0103tor care include consiliere \u0219i programe de suport. Nu este un leac pentru alcoolism, ci serve\u0219te ca un descurajator pentru b\u0103ut, ajut\u00e2nd persoanele s\u0103 men\u021bin\u0103 sobrietatea.<\/p>\n<p>Antabuse este de obicei prescris pentru utilizare pe termen lung sub strict\u0103 supraveghere medical\u0103 pentru a asigura conformitatea \u0219i eficacitatea. Este disponibil sub form\u0103 de tablet\u0103 \u0219i se ia pe cale oral\u0103 o dat\u0103 pe zi, de preferat diminea\u021ba.<\/p>\n<p>Efectele secundare comune includ somnolen\u021b\u0103, dureri de cap \u0219i un gust metalic \u00een gur\u0103. Efectele secundare rare, dar grave, pot include toxicitate hepatic\u0103, care necesit\u0103 monitorizarea regulat\u0103 a func\u021biei hepatice \u00een timpul tratamentului. Antabuse nu trebuie niciodat\u0103 luat cu alcool sau produse care con\u021bin alcool, cum ar fi anumite siropuri pentru tuse sau sosuri.<\/p>\n","protected":false},"excerpt":{"rendered":"<ul>\n<li>Sus\u021bine recuperarea din dependen\u021ba de alcool<\/li>\n<li>Ac\u021bioneaz\u0103 ca un descurajator pentru consumul de alcool<\/li>\n<li>Face parte dintr-un plan de tratament cuprinz\u0103tor<\/li>\n<\/ul>\n","protected":false},"featured_media":952,"comment_status":"open","ping_status":"closed","template":"","meta":[],"product_brand":[],"product_cat":[55],"product_tag":[],"expert":[19],"class_list":{"0":"post-950","1":"product","2":"type-product","3":"status-publish","4":"has-post-thumbnail","6":"product_cat-ajutoare-pentru-recuperarea-din-alcoolism","7":"expert-dr-j-vazquez","9":"first","10":"instock","11":"shipping-taxable","12":"product-type-variable"},"yoast_head":"<!-- This site is optimized with the Yoast SEO plugin v27.0 - https:\/\/yoast.com\/product\/yoast-seo-wordpress\/ -->\n<title>Antabuse | Sprijin\u0103 eficient sobrietatea - Transtoyou<\/title>\n<meta name=\"description\" content=\"Descoper\u0103 Antabuse, un ajutor pe baz\u0103 de re\u021bet\u0103 pentru dependen\u021ba de alcool, disponibil la Transtoyou. Sus\u021bine sobrietatea cu supraveghere medical\u0103. Afl\u0103 mai multe ast\u0103zi.\" \/>\n<meta name=\"robots\" content=\"noindex, follow, max-snippet:-1, max-image-preview:large, max-video-preview:-1\" \/>\n<meta property=\"og:locale\" content=\"ro_RO\" \/>\n<meta property=\"og:type\" content=\"article\" \/>\n<meta property=\"og:title\" content=\"Antabuse | Sprijin\u0103 eficient sobrietatea - Transtoyou\" \/>\n<meta property=\"og:description\" content=\"Descoper\u0103 Antabuse, un ajutor pe baz\u0103 de re\u021bet\u0103 pentru dependen\u021ba de alcool, disponibil la Transtoyou. Sus\u021bine sobrietatea cu supraveghere medical\u0103. Afl\u0103 mai multe ast\u0103zi.\" \/>\n<meta property=\"og:url\" content=\"https:\/\/www.transtoyou.com\/ro\/product\/antabuse\/\" \/>\n<meta property=\"og:site_name\" content=\"Transtoyou - RO\" \/>\n<meta property=\"article:modified_time\" content=\"2026-01-25T18:27:43+00:00\" \/>\n<meta name=\"twitter:card\" content=\"summary_large_image\" \/>\n<meta name=\"twitter:label1\" content=\"Timp estimat pentru citire\" \/>\n\t<meta name=\"twitter:data1\" content=\"1 minut\" \/>\n<script type=\"application\/ld+json\" class=\"yoast-schema-graph\">{\"@context\":\"https:\/\/schema.org\",\"@graph\":[{\"@type\":\"WebPage\",\"@id\":\"https:\/\/www.transtoyou.com\/ro\/product\/antabuse\/\",\"url\":\"https:\/\/www.transtoyou.com\/ro\/product\/antabuse\/\",\"name\":\"Antabuse | Sprijin\u0103 eficient sobrietatea - Transtoyou\",\"isPartOf\":{\"@id\":\"https:\/\/www.transtoyou.com\/ro\/#website\"},\"primaryImageOfPage\":{\"@id\":\"https:\/\/www.transtoyou.com\/ro\/product\/antabuse\/#primaryimage\"},\"image\":{\"@id\":\"https:\/\/www.transtoyou.com\/ro\/product\/antabuse\/#primaryimage\"},\"thumbnailUrl\":\"https:\/\/www.transtoyou.com\/ro\/wp-content\/uploads\/sites\/13\/2026\/01\/tty-no-product-image-153.webp\",\"datePublished\":\"2026-01-25T18:26:36+00:00\",\"dateModified\":\"2026-01-25T18:27:43+00:00\",\"description\":\"Descoper\u0103 Antabuse, un ajutor pe baz\u0103 de re\u021bet\u0103 pentru dependen\u021ba de alcool, disponibil la Transtoyou. Sus\u021bine sobrietatea cu supraveghere medical\u0103. Afl\u0103 mai multe ast\u0103zi.\",\"breadcrumb\":{\"@id\":\"https:\/\/www.transtoyou.com\/ro\/product\/antabuse\/#breadcrumb\"},\"inLanguage\":\"ro-RO\",\"potentialAction\":[{\"@type\":\"ReadAction\",\"target\":[\"https:\/\/www.transtoyou.com\/ro\/product\/antabuse\/\"]}]},{\"@type\":\"ImageObject\",\"inLanguage\":\"ro-RO\",\"@id\":\"https:\/\/www.transtoyou.com\/ro\/product\/antabuse\/#primaryimage\",\"url\":\"https:\/\/www.transtoyou.com\/ro\/wp-content\/uploads\/sites\/13\/2026\/01\/tty-no-product-image-153.webp\",\"contentUrl\":\"https:\/\/www.transtoyou.com\/ro\/wp-content\/uploads\/sites\/13\/2026\/01\/tty-no-product-image-153.webp\",\"width\":1000,\"height\":1000,\"caption\":\"Imaginea implicit\u0103 a produsului\"},{\"@type\":\"WebSite\",\"@id\":\"https:\/\/www.transtoyou.com\/ro\/#website\",\"url\":\"https:\/\/www.transtoyou.com\/ro\/\",\"name\":\"Transtoyou - RO\",\"description\":\"\",\"publisher\":{\"@id\":\"https:\/\/www.transtoyou.com\/ro\/#organization\"},\"potentialAction\":[{\"@type\":\"SearchAction\",\"target\":{\"@type\":\"EntryPoint\",\"urlTemplate\":\"https:\/\/www.transtoyou.com\/ro\/?s={search_term_string}\"},\"query-input\":{\"@type\":\"PropertyValueSpecification\",\"valueRequired\":true,\"valueName\":\"search_term_string\"}}],\"inLanguage\":\"ro-RO\"},{\"@type\":\"Organization\",\"@id\":\"https:\/\/www.transtoyou.com\/ro\/#organization\",\"name\":\"Transtoyou - RO\",\"url\":\"https:\/\/www.transtoyou.com\/ro\/\",\"logo\":{\"@type\":\"ImageObject\",\"inLanguage\":\"ro-RO\",\"@id\":\"https:\/\/www.transtoyou.com\/ro\/#\/schema\/logo\/image\/\",\"url\":\"https:\/\/www.transtoyou.com\/ro\/wp-content\/uploads\/sites\/13\/2026\/01\/logo-tty-menu-bar-300x87-1.webp\",\"contentUrl\":\"https:\/\/www.transtoyou.com\/ro\/wp-content\/uploads\/sites\/13\/2026\/01\/logo-tty-menu-bar-300x87-1.webp\",\"width\":300,\"height\":87,\"caption\":\"Transtoyou - RO\"},\"image\":{\"@id\":\"https:\/\/www.transtoyou.com\/ro\/#\/schema\/logo\/image\/\"}}]}<\/script>\n<!-- \/ Yoast SEO plugin. -->","yoast_head_json":{"title":"Antabuse | Sprijin\u0103 eficient sobrietatea - Transtoyou","description":"Descoper\u0103 Antabuse, un ajutor pe baz\u0103 de re\u021bet\u0103 pentru dependen\u021ba de alcool, disponibil la Transtoyou. Sus\u021bine sobrietatea cu supraveghere medical\u0103. Afl\u0103 mai multe ast\u0103zi.","robots":{"index":"noindex","follow":"follow","max-snippet":"max-snippet:-1","max-image-preview":"max-image-preview:large","max-video-preview":"max-video-preview:-1"},"og_locale":"ro_RO","og_type":"article","og_title":"Antabuse | Sprijin\u0103 eficient sobrietatea - Transtoyou","og_description":"Descoper\u0103 Antabuse, un ajutor pe baz\u0103 de re\u021bet\u0103 pentru dependen\u021ba de alcool, disponibil la Transtoyou. Sus\u021bine sobrietatea cu supraveghere medical\u0103. Afl\u0103 mai multe ast\u0103zi.","og_url":"https:\/\/www.transtoyou.com\/ro\/product\/antabuse\/","og_site_name":"Transtoyou - RO","article_modified_time":"2026-01-25T18:27:43+00:00","twitter_card":"summary_large_image","twitter_misc":{"Timp estimat pentru citire":"1 minut"},"schema":{"@context":"https:\/\/schema.org","@graph":[{"@type":"WebPage","@id":"https:\/\/www.transtoyou.com\/ro\/product\/antabuse\/","url":"https:\/\/www.transtoyou.com\/ro\/product\/antabuse\/","name":"Antabuse | Sprijin\u0103 eficient sobrietatea - Transtoyou","isPartOf":{"@id":"https:\/\/www.transtoyou.com\/ro\/#website"},"primaryImageOfPage":{"@id":"https:\/\/www.transtoyou.com\/ro\/product\/antabuse\/#primaryimage"},"image":{"@id":"https:\/\/www.transtoyou.com\/ro\/product\/antabuse\/#primaryimage"},"thumbnailUrl":"https:\/\/www.transtoyou.com\/ro\/wp-content\/uploads\/sites\/13\/2026\/01\/tty-no-product-image-153.webp","datePublished":"2026-01-25T18:26:36+00:00","dateModified":"2026-01-25T18:27:43+00:00","description":"Descoper\u0103 Antabuse, un ajutor pe baz\u0103 de re\u021bet\u0103 pentru dependen\u021ba de alcool, disponibil la Transtoyou. Sus\u021bine sobrietatea cu supraveghere medical\u0103. Afl\u0103 mai multe ast\u0103zi.","breadcrumb":{"@id":"https:\/\/www.transtoyou.com\/ro\/product\/antabuse\/#breadcrumb"},"inLanguage":"ro-RO","potentialAction":[{"@type":"ReadAction","target":["https:\/\/www.transtoyou.com\/ro\/product\/antabuse\/"]}]},{"@type":"ImageObject","inLanguage":"ro-RO","@id":"https:\/\/www.transtoyou.com\/ro\/product\/antabuse\/#primaryimage","url":"https:\/\/www.transtoyou.com\/ro\/wp-content\/uploads\/sites\/13\/2026\/01\/tty-no-product-image-153.webp","contentUrl":"https:\/\/www.transtoyou.com\/ro\/wp-content\/uploads\/sites\/13\/2026\/01\/tty-no-product-image-153.webp","width":1000,"height":1000,"caption":"Imaginea implicit\u0103 a produsului"},{"@type":"WebSite","@id":"https:\/\/www.transtoyou.com\/ro\/#website","url":"https:\/\/www.transtoyou.com\/ro\/","name":"Transtoyou - RO","description":"","publisher":{"@id":"https:\/\/www.transtoyou.com\/ro\/#organization"},"potentialAction":[{"@type":"SearchAction","target":{"@type":"EntryPoint","urlTemplate":"https:\/\/www.transtoyou.com\/ro\/?s={search_term_string}"},"query-input":{"@type":"PropertyValueSpecification","valueRequired":true,"valueName":"search_term_string"}}],"inLanguage":"ro-RO"},{"@type":"Organization","@id":"https:\/\/www.transtoyou.com\/ro\/#organization","name":"Transtoyou - RO","url":"https:\/\/www.transtoyou.com\/ro\/","logo":{"@type":"ImageObject","inLanguage":"ro-RO","@id":"https:\/\/www.transtoyou.com\/ro\/#\/schema\/logo\/image\/","url":"https:\/\/www.transtoyou.com\/ro\/wp-content\/uploads\/sites\/13\/2026\/01\/logo-tty-menu-bar-300x87-1.webp","contentUrl":"https:\/\/www.transtoyou.com\/ro\/wp-content\/uploads\/sites\/13\/2026\/01\/logo-tty-menu-bar-300x87-1.webp","width":300,"height":87,"caption":"Transtoyou - RO"},"image":{"@id":"https:\/\/www.transtoyou.com\/ro\/#\/schema\/logo\/image\/"}}]}},"_links":{"self":[{"href":"https:\/\/www.transtoyou.com\/ro\/wp-json\/wp\/v2\/product\/950","targetHints":{"allow":["GET"]}}],"collection":[{"href":"https:\/\/www.transtoyou.com\/ro\/wp-json\/wp\/v2\/product"}],"about":[{"href":"https:\/\/www.transtoyou.com\/ro\/wp-json\/wp\/v2\/types\/product"}],"replies":[{"embeddable":true,"href":"https:\/\/www.transtoyou.com\/ro\/wp-json\/wp\/v2\/comments?post=950"}],"wp:featuredmedia":[{"embeddable":true,"href":"https:\/\/www.transtoyou.com\/ro\/wp-json\/wp\/v2\/media\/952"}],"wp:attachment":[{"href":"https:\/\/www.transtoyou.com\/ro\/wp-json\/wp\/v2\/media?parent=950"}],"wp:term":[{"taxonomy":"product_brand","embeddable":true,"href":"https:\/\/www.transtoyou.com\/ro\/wp-json\/wp\/v2\/product_brand?post=950"},{"taxonomy":"product_cat","embeddable":true,"href":"https:\/\/www.transtoyou.com\/ro\/wp-json\/wp\/v2\/product_cat?post=950"},{"taxonomy":"product_tag","embeddable":true,"href":"https:\/\/www.transtoyou.com\/ro\/wp-json\/wp\/v2\/product_tag?post=950"},{"taxonomy":"expert","embeddable":true,"href":"https:\/\/www.transtoyou.com\/ro\/wp-json\/wp\/v2\/expert?post=950"}],"curies":[{"name":"wp","href":"https:\/\/api.w.org\/{rel}","templated":true}]}}