{"id":953,"date":"2026-01-25T18:43:58","date_gmt":"2026-01-25T18:43:58","guid":{"rendered":"https:\/\/www.transtoyou.com\/ro\/product\/grazax\/"},"modified":"2026-01-25T18:45:06","modified_gmt":"2026-01-25T18:45:06","slug":"grazax","status":"publish","type":"product","link":"https:\/\/www.transtoyou.com\/ro\/product\/grazax\/","title":{"rendered":"Grazax"},"content":{"rendered":"<p>Grazax este un comprimat de imunoterapie sublingual\u0103 (SLIT) destinat trat\u0103rii alergiilor la polenul ierbii prin desensibilizarea treptat\u0103 a sistemului imunitar la alergenii din polenul ierbii. Con\u021bine un extract standard de alergen din polenul ierbii Timothy, ajut\u00e2nd la reducerea severit\u0103\u021bii reac\u021biilor alergice \u00een timp.<\/p>\n<p>Grazax este de obicei prescris pentru persoanele cu alergii severe la polenul ierbii care afecteaz\u0103 semnificativ calitatea vie\u021bii. Se administreaz\u0103 o dat\u0103 pe zi, \u00eencep\u00e2nd cu c\u00e2teva luni \u00eenainte \u0219i continu\u00e2nd pe parcursul sezonului de polen al ierbii pentru o eficacitate optim\u0103.<\/p>\n<p>Tratamentul func\u021bioneaz\u0103 prin expunerea sistemului imunitar la doze mici \u0219i controlate de alergeni din polenul ierbii, reduc\u00e2nd sensibilitatea organismului \u0219i oferind o u\u0219urare pe termen lung. Grazax este cel mai eficient atunci c\u00e2nd este utilizat ca parte a unui plan cuprinz\u0103tor de gestionare a alergiilor care include evitarea alergenilor \u0219i utilizarea altor medicamente, dup\u0103 cum este necesar.<\/p>\n<p>Efectele secundare comune includ m\u00e2nc\u0103rimi u\u0219oare sau umfl\u0103turi \u00een gur\u0103, irita\u021bii ale g\u00e2tului sau disconfort gastrointestinal, care de obicei se rezolv\u0103 pe m\u0103sur\u0103 ce organismul se adapteaz\u0103 la tratament.<\/p>\n","protected":false},"excerpt":{"rendered":"<ul>\n<li>Reduce simptomele alergiei la polenul ierbii<\/li>\n<li>Desensibilizeaz\u0103 sistemul imunitar<\/li>\n<li>Tablet\u0103 sublingual\u0103 convenabil\u0103, administrat\u0103 o dat\u0103 pe zi<\/li>\n<\/ul>\n","protected":false},"featured_media":955,"comment_status":"open","ping_status":"closed","template":"","meta":[],"product_brand":[],"product_cat":[57],"product_tag":[],"expert":[19],"class_list":{"0":"post-953","1":"product","2":"type-product","3":"status-publish","4":"has-post-thumbnail","6":"product_cat-alte-alergii-si-fumat-de-fan","7":"expert-dr-j-vazquez","9":"first","10":"instock","11":"shipping-taxable","12":"product-type-variable"},"yoast_head":"<!-- This site is optimized with the Yoast SEO plugin v27.0 - https:\/\/yoast.com\/product\/yoast-seo-wordpress\/ -->\n<title>Grazax | U\u0219urare pentru alergii \u0219i suport imunitar - Transtoyou<\/title>\n<meta name=\"description\" content=\"Descoper\u0103 Grazax, un comprimat SLIT pentru ameliorarea alergiei la polenul de iarb\u0103. \u00cembun\u0103t\u0103\u021be\u0219te-\u021bi via\u021ba cu desensibilizare pe termen lung. Cump\u0103r\u0103 acum de la Transtoyou.\" \/>\n<meta name=\"robots\" content=\"noindex, follow, max-snippet:-1, max-image-preview:large, max-video-preview:-1\" \/>\n<meta property=\"og:locale\" content=\"ro_RO\" \/>\n<meta property=\"og:type\" content=\"article\" \/>\n<meta property=\"og:title\" content=\"Grazax | U\u0219urare pentru alergii \u0219i suport imunitar - Transtoyou\" \/>\n<meta property=\"og:description\" content=\"Descoper\u0103 Grazax, un comprimat SLIT pentru ameliorarea alergiei la polenul de iarb\u0103. \u00cembun\u0103t\u0103\u021be\u0219te-\u021bi via\u021ba cu desensibilizare pe termen lung. Cump\u0103r\u0103 acum de la Transtoyou.\" \/>\n<meta property=\"og:url\" content=\"https:\/\/www.transtoyou.com\/ro\/product\/grazax\/\" \/>\n<meta property=\"og:site_name\" content=\"Transtoyou - RO\" \/>\n<meta property=\"article:modified_time\" content=\"2026-01-25T18:45:06+00:00\" \/>\n<meta name=\"twitter:card\" content=\"summary_large_image\" \/>\n<meta name=\"twitter:label1\" content=\"Timp estimat pentru citire\" \/>\n\t<meta name=\"twitter:data1\" content=\"1 minut\" \/>\n<script type=\"application\/ld+json\" class=\"yoast-schema-graph\">{\"@context\":\"https:\/\/schema.org\",\"@graph\":[{\"@type\":\"WebPage\",\"@id\":\"https:\/\/www.transtoyou.com\/ro\/product\/grazax\/\",\"url\":\"https:\/\/www.transtoyou.com\/ro\/product\/grazax\/\",\"name\":\"Grazax | U\u0219urare pentru alergii \u0219i suport imunitar - Transtoyou\",\"isPartOf\":{\"@id\":\"https:\/\/www.transtoyou.com\/ro\/#website\"},\"primaryImageOfPage\":{\"@id\":\"https:\/\/www.transtoyou.com\/ro\/product\/grazax\/#primaryimage\"},\"image\":{\"@id\":\"https:\/\/www.transtoyou.com\/ro\/product\/grazax\/#primaryimage\"},\"thumbnailUrl\":\"https:\/\/www.transtoyou.com\/ro\/wp-content\/uploads\/sites\/13\/2026\/01\/tty-no-product-image-154.webp\",\"datePublished\":\"2026-01-25T18:43:58+00:00\",\"dateModified\":\"2026-01-25T18:45:06+00:00\",\"description\":\"Descoper\u0103 Grazax, un comprimat SLIT pentru ameliorarea alergiei la polenul de iarb\u0103. \u00cembun\u0103t\u0103\u021be\u0219te-\u021bi via\u021ba cu desensibilizare pe termen lung. Cump\u0103r\u0103 acum de la Transtoyou.\",\"breadcrumb\":{\"@id\":\"https:\/\/www.transtoyou.com\/ro\/product\/grazax\/#breadcrumb\"},\"inLanguage\":\"ro-RO\",\"potentialAction\":[{\"@type\":\"ReadAction\",\"target\":[\"https:\/\/www.transtoyou.com\/ro\/product\/grazax\/\"]}]},{\"@type\":\"ImageObject\",\"inLanguage\":\"ro-RO\",\"@id\":\"https:\/\/www.transtoyou.com\/ro\/product\/grazax\/#primaryimage\",\"url\":\"https:\/\/www.transtoyou.com\/ro\/wp-content\/uploads\/sites\/13\/2026\/01\/tty-no-product-image-154.webp\",\"contentUrl\":\"https:\/\/www.transtoyou.com\/ro\/wp-content\/uploads\/sites\/13\/2026\/01\/tty-no-product-image-154.webp\",\"width\":1000,\"height\":1000,\"caption\":\"Imagine produs implicit\"},{\"@type\":\"WebSite\",\"@id\":\"https:\/\/www.transtoyou.com\/ro\/#website\",\"url\":\"https:\/\/www.transtoyou.com\/ro\/\",\"name\":\"Transtoyou - RO\",\"description\":\"\",\"publisher\":{\"@id\":\"https:\/\/www.transtoyou.com\/ro\/#organization\"},\"potentialAction\":[{\"@type\":\"SearchAction\",\"target\":{\"@type\":\"EntryPoint\",\"urlTemplate\":\"https:\/\/www.transtoyou.com\/ro\/?s={search_term_string}\"},\"query-input\":{\"@type\":\"PropertyValueSpecification\",\"valueRequired\":true,\"valueName\":\"search_term_string\"}}],\"inLanguage\":\"ro-RO\"},{\"@type\":\"Organization\",\"@id\":\"https:\/\/www.transtoyou.com\/ro\/#organization\",\"name\":\"Transtoyou - RO\",\"url\":\"https:\/\/www.transtoyou.com\/ro\/\",\"logo\":{\"@type\":\"ImageObject\",\"inLanguage\":\"ro-RO\",\"@id\":\"https:\/\/www.transtoyou.com\/ro\/#\/schema\/logo\/image\/\",\"url\":\"https:\/\/www.transtoyou.com\/ro\/wp-content\/uploads\/sites\/13\/2026\/01\/logo-tty-menu-bar-300x87-1.webp\",\"contentUrl\":\"https:\/\/www.transtoyou.com\/ro\/wp-content\/uploads\/sites\/13\/2026\/01\/logo-tty-menu-bar-300x87-1.webp\",\"width\":300,\"height\":87,\"caption\":\"Transtoyou - RO\"},\"image\":{\"@id\":\"https:\/\/www.transtoyou.com\/ro\/#\/schema\/logo\/image\/\"}}]}<\/script>\n<!-- \/ Yoast SEO plugin. -->","yoast_head_json":{"title":"Grazax | U\u0219urare pentru alergii \u0219i suport imunitar - Transtoyou","description":"Descoper\u0103 Grazax, un comprimat SLIT pentru ameliorarea alergiei la polenul de iarb\u0103. \u00cembun\u0103t\u0103\u021be\u0219te-\u021bi via\u021ba cu desensibilizare pe termen lung. Cump\u0103r\u0103 acum de la Transtoyou.","robots":{"index":"noindex","follow":"follow","max-snippet":"max-snippet:-1","max-image-preview":"max-image-preview:large","max-video-preview":"max-video-preview:-1"},"og_locale":"ro_RO","og_type":"article","og_title":"Grazax | U\u0219urare pentru alergii \u0219i suport imunitar - Transtoyou","og_description":"Descoper\u0103 Grazax, un comprimat SLIT pentru ameliorarea alergiei la polenul de iarb\u0103. \u00cembun\u0103t\u0103\u021be\u0219te-\u021bi via\u021ba cu desensibilizare pe termen lung. Cump\u0103r\u0103 acum de la Transtoyou.","og_url":"https:\/\/www.transtoyou.com\/ro\/product\/grazax\/","og_site_name":"Transtoyou - RO","article_modified_time":"2026-01-25T18:45:06+00:00","twitter_card":"summary_large_image","twitter_misc":{"Timp estimat pentru citire":"1 minut"},"schema":{"@context":"https:\/\/schema.org","@graph":[{"@type":"WebPage","@id":"https:\/\/www.transtoyou.com\/ro\/product\/grazax\/","url":"https:\/\/www.transtoyou.com\/ro\/product\/grazax\/","name":"Grazax | U\u0219urare pentru alergii \u0219i suport imunitar - Transtoyou","isPartOf":{"@id":"https:\/\/www.transtoyou.com\/ro\/#website"},"primaryImageOfPage":{"@id":"https:\/\/www.transtoyou.com\/ro\/product\/grazax\/#primaryimage"},"image":{"@id":"https:\/\/www.transtoyou.com\/ro\/product\/grazax\/#primaryimage"},"thumbnailUrl":"https:\/\/www.transtoyou.com\/ro\/wp-content\/uploads\/sites\/13\/2026\/01\/tty-no-product-image-154.webp","datePublished":"2026-01-25T18:43:58+00:00","dateModified":"2026-01-25T18:45:06+00:00","description":"Descoper\u0103 Grazax, un comprimat SLIT pentru ameliorarea alergiei la polenul de iarb\u0103. \u00cembun\u0103t\u0103\u021be\u0219te-\u021bi via\u021ba cu desensibilizare pe termen lung. Cump\u0103r\u0103 acum de la Transtoyou.","breadcrumb":{"@id":"https:\/\/www.transtoyou.com\/ro\/product\/grazax\/#breadcrumb"},"inLanguage":"ro-RO","potentialAction":[{"@type":"ReadAction","target":["https:\/\/www.transtoyou.com\/ro\/product\/grazax\/"]}]},{"@type":"ImageObject","inLanguage":"ro-RO","@id":"https:\/\/www.transtoyou.com\/ro\/product\/grazax\/#primaryimage","url":"https:\/\/www.transtoyou.com\/ro\/wp-content\/uploads\/sites\/13\/2026\/01\/tty-no-product-image-154.webp","contentUrl":"https:\/\/www.transtoyou.com\/ro\/wp-content\/uploads\/sites\/13\/2026\/01\/tty-no-product-image-154.webp","width":1000,"height":1000,"caption":"Imagine produs implicit"},{"@type":"WebSite","@id":"https:\/\/www.transtoyou.com\/ro\/#website","url":"https:\/\/www.transtoyou.com\/ro\/","name":"Transtoyou - RO","description":"","publisher":{"@id":"https:\/\/www.transtoyou.com\/ro\/#organization"},"potentialAction":[{"@type":"SearchAction","target":{"@type":"EntryPoint","urlTemplate":"https:\/\/www.transtoyou.com\/ro\/?s={search_term_string}"},"query-input":{"@type":"PropertyValueSpecification","valueRequired":true,"valueName":"search_term_string"}}],"inLanguage":"ro-RO"},{"@type":"Organization","@id":"https:\/\/www.transtoyou.com\/ro\/#organization","name":"Transtoyou - RO","url":"https:\/\/www.transtoyou.com\/ro\/","logo":{"@type":"ImageObject","inLanguage":"ro-RO","@id":"https:\/\/www.transtoyou.com\/ro\/#\/schema\/logo\/image\/","url":"https:\/\/www.transtoyou.com\/ro\/wp-content\/uploads\/sites\/13\/2026\/01\/logo-tty-menu-bar-300x87-1.webp","contentUrl":"https:\/\/www.transtoyou.com\/ro\/wp-content\/uploads\/sites\/13\/2026\/01\/logo-tty-menu-bar-300x87-1.webp","width":300,"height":87,"caption":"Transtoyou - RO"},"image":{"@id":"https:\/\/www.transtoyou.com\/ro\/#\/schema\/logo\/image\/"}}]}},"_links":{"self":[{"href":"https:\/\/www.transtoyou.com\/ro\/wp-json\/wp\/v2\/product\/953","targetHints":{"allow":["GET"]}}],"collection":[{"href":"https:\/\/www.transtoyou.com\/ro\/wp-json\/wp\/v2\/product"}],"about":[{"href":"https:\/\/www.transtoyou.com\/ro\/wp-json\/wp\/v2\/types\/product"}],"replies":[{"embeddable":true,"href":"https:\/\/www.transtoyou.com\/ro\/wp-json\/wp\/v2\/comments?post=953"}],"wp:featuredmedia":[{"embeddable":true,"href":"https:\/\/www.transtoyou.com\/ro\/wp-json\/wp\/v2\/media\/955"}],"wp:attachment":[{"href":"https:\/\/www.transtoyou.com\/ro\/wp-json\/wp\/v2\/media?parent=953"}],"wp:term":[{"taxonomy":"product_brand","embeddable":true,"href":"https:\/\/www.transtoyou.com\/ro\/wp-json\/wp\/v2\/product_brand?post=953"},{"taxonomy":"product_cat","embeddable":true,"href":"https:\/\/www.transtoyou.com\/ro\/wp-json\/wp\/v2\/product_cat?post=953"},{"taxonomy":"product_tag","embeddable":true,"href":"https:\/\/www.transtoyou.com\/ro\/wp-json\/wp\/v2\/product_tag?post=953"},{"taxonomy":"expert","embeddable":true,"href":"https:\/\/www.transtoyou.com\/ro\/wp-json\/wp\/v2\/expert?post=953"}],"curies":[{"name":"wp","href":"https:\/\/api.w.org\/{rel}","templated":true}]}}