{"id":956,"date":"2026-01-25T19:01:51","date_gmt":"2026-01-25T19:01:51","guid":{"rendered":"https:\/\/www.transtoyou.com\/ro\/product\/promethazine\/"},"modified":"2026-03-01T14:22:26","modified_gmt":"2026-03-01T14:22:26","slug":"prometazina","status":"publish","type":"product","link":"https:\/\/www.transtoyou.com\/ro\/product\/prometazina\/","title":{"rendered":"Prometazina"},"content":{"rendered":"<p>Prometazina este un antihistaminic de prima genera\u021bie folosit pentru a ajuta la gestionarea simptomelor alergiilor \u0219i a febrei f\u00e2nului, inclusiv str\u0103nut, nas care curge, ochi m\u00e2nc\u0103rimi sau lacrimi \u0219i reac\u021bii cutanate precum urticarie sau m\u00e2nc\u0103rime. Acesta ac\u021bioneaz\u0103 prin blocarea efectelor histaminei, o substan\u021b\u0103 chimic\u0103 eliberat\u0103 \u00een timpul reac\u021biilor alergice, care cauzeaz\u0103 inflama\u021bie \u0219i irita\u021bie \u00een organism.<\/p>\n<p>Aceast\u0103 medicatie este deosebit de util\u0103 pentru persoanele care experimenteaz\u0103 reac\u021bii alergice moderate p\u00e2n\u0103 la severe care le afecteaz\u0103 calitatea vie\u021bii sau somnul. Spre deosebire de antihistaminicele mai noi, prometazina are un efect sedativ, ceea ce o face o op\u021biune util\u0103 pentru cei ale c\u0103ror simptome alergice interfereaz\u0103 cu somnul. De asemenea, este adesea prescris\u0103 atunci c\u00e2nd alergiile sunt \u00eenso\u021bite de probleme ale pielii, cum ar fi erup\u021bii cutanate sau m\u00e2nc\u0103rime sever\u0103.<\/p>\n<p>Prometazina este de obicei administrat\u0103 sub form\u0103 de tablet\u0103 o dat\u0103 sau de dou\u0103 ori pe zi, \u00een func\u021bie de severitatea simptomelor. Datorit\u0103 efectului s\u0103u calmant, este adesea luat\u0103 seara sau \u00eenainte de culcare. Efectul sedativ nu doar c\u0103 amelioreaz\u0103 simptomele alergice, ci ajut\u0103 \u0219i organismul s\u0103 se odihneasc\u0103, f\u0103c\u00e2nd-o deosebit de potrivit\u0103 pentru utilizarea nocturn\u0103.<\/p>\n<p>Efectele \u00eencep de obicei \u00een termen de 20 p\u00e2n\u0103 la 60 de minute dup\u0103 administrarea unei doze \u0219i pot dura c\u00e2teva ore. Unele persoane pot experimenta somnolen\u021b\u0103, ame\u021beal\u0103 sau gur\u0103 uscat\u0103, \u00een special \u00een primele zile de utilizare. Aceste efecte secundare scad adesea pe m\u0103sur\u0103 ce organismul se adapteaz\u0103. Este important s\u0103 nu conduci sau s\u0103 operezi utilaje dup\u0103 ce ai luat prometazin\u0103 p\u00e2n\u0103 c\u00e2nd nu \u0219tii cum te afecteaz\u0103.<\/p>\n","protected":false},"excerpt":{"rendered":"<ul>\n<li>Ofer\u0103 u\u0219urare de alergii \u0219i grea\u021b\u0103<\/li>\n<li>Ajut\u0103 la gestionarea r\u0103ului de mi\u0219care<\/li>\n<li>Poate ajuta cu problemele de somn pe termen scurt<\/li>\n<\/ul>\n","protected":false},"featured_media":958,"comment_status":"open","ping_status":"closed","template":"","meta":[],"product_brand":[],"product_cat":[57],"product_tag":[],"expert":[19],"class_list":{"0":"post-956","1":"product","2":"type-product","3":"status-publish","4":"has-post-thumbnail","6":"product_cat-alte-alergii-si-fumat-de-fan","7":"expert-dr-j-vazquez","9":"first","10":"instock","11":"shipping-taxable","12":"product-type-variable"},"yoast_head":"<!-- This site is optimized with the Yoast SEO plugin v27.0 - https:\/\/yoast.com\/product\/yoast-seo-wordpress\/ -->\n<title>Prometazina | Amelioreaz\u0103 Rapid Simptomele Alergiilor - Transtoyou<\/title>\n<meta name=\"description\" content=\"Prometazina, un antihistaminic de prim\u0103 genera\u021bie pentru alergii \u0219i un somn mai bun. Alin\u0103 simptomele, cump\u0103r\u0103 acum pe Transtoyou. Sigur \u0219i eficient.\" \/>\n<meta name=\"robots\" content=\"noindex, follow, max-snippet:-1, max-image-preview:large, max-video-preview:-1\" \/>\n<meta property=\"og:locale\" content=\"ro_RO\" \/>\n<meta property=\"og:type\" content=\"article\" \/>\n<meta property=\"og:title\" content=\"Prometazina | Amelioreaz\u0103 Rapid Simptomele Alergiilor - Transtoyou\" \/>\n<meta property=\"og:description\" content=\"Prometazina, un antihistaminic de prim\u0103 genera\u021bie pentru alergii \u0219i un somn mai bun. Alin\u0103 simptomele, cump\u0103r\u0103 acum pe Transtoyou. Sigur \u0219i eficient.\" \/>\n<meta property=\"og:url\" content=\"https:\/\/www.transtoyou.com\/ro\/product\/promethazine\/\" \/>\n<meta property=\"og:site_name\" content=\"Transtoyou - RO\" \/>\n<meta property=\"article:modified_time\" content=\"2026-03-01T14:22:26+00:00\" \/>\n<meta name=\"twitter:card\" content=\"summary_large_image\" \/>\n<meta name=\"twitter:label1\" content=\"Timp estimat pentru citire\" \/>\n\t<meta name=\"twitter:data1\" content=\"1 minut\" \/>\n<script type=\"application\/ld+json\" class=\"yoast-schema-graph\">{\"@context\":\"https:\/\/schema.org\",\"@graph\":[{\"@type\":\"WebPage\",\"@id\":\"https:\/\/www.transtoyou.com\/ro\/product\/promethazine\/\",\"url\":\"https:\/\/www.transtoyou.com\/ro\/product\/promethazine\/\",\"name\":\"Prometazina | Amelioreaz\u0103 Rapid Simptomele Alergiilor - Transtoyou\",\"isPartOf\":{\"@id\":\"https:\/\/www.transtoyou.com\/ro\/#website\"},\"primaryImageOfPage\":{\"@id\":\"https:\/\/www.transtoyou.com\/ro\/product\/promethazine\/#primaryimage\"},\"image\":{\"@id\":\"https:\/\/www.transtoyou.com\/ro\/product\/promethazine\/#primaryimage\"},\"thumbnailUrl\":\"https:\/\/www.transtoyou.com\/ro\/wp-content\/uploads\/sites\/13\/2026\/01\/tty-no-product-image-155.webp\",\"datePublished\":\"2026-01-25T19:01:51+00:00\",\"dateModified\":\"2026-03-01T14:22:26+00:00\",\"description\":\"Prometazina, un antihistaminic de prim\u0103 genera\u021bie pentru alergii \u0219i un somn mai bun. Alin\u0103 simptomele, cump\u0103r\u0103 acum pe Transtoyou. Sigur \u0219i eficient.\",\"breadcrumb\":{\"@id\":\"https:\/\/www.transtoyou.com\/ro\/product\/promethazine\/#breadcrumb\"},\"inLanguage\":\"ro-RO\",\"potentialAction\":[{\"@type\":\"ReadAction\",\"target\":[\"https:\/\/www.transtoyou.com\/ro\/product\/promethazine\/\"]}]},{\"@type\":\"ImageObject\",\"inLanguage\":\"ro-RO\",\"@id\":\"https:\/\/www.transtoyou.com\/ro\/product\/promethazine\/#primaryimage\",\"url\":\"https:\/\/www.transtoyou.com\/ro\/wp-content\/uploads\/sites\/13\/2026\/01\/tty-no-product-image-155.webp\",\"contentUrl\":\"https:\/\/www.transtoyou.com\/ro\/wp-content\/uploads\/sites\/13\/2026\/01\/tty-no-product-image-155.webp\",\"width\":1000,\"height\":1000,\"caption\":\"Imaginea implicit\u0103 a produsului\"},{\"@type\":\"WebSite\",\"@id\":\"https:\/\/www.transtoyou.com\/ro\/#website\",\"url\":\"https:\/\/www.transtoyou.com\/ro\/\",\"name\":\"Transtoyou - RO\",\"description\":\"\",\"publisher\":{\"@id\":\"https:\/\/www.transtoyou.com\/ro\/#organization\"},\"potentialAction\":[{\"@type\":\"SearchAction\",\"target\":{\"@type\":\"EntryPoint\",\"urlTemplate\":\"https:\/\/www.transtoyou.com\/ro\/?s={search_term_string}\"},\"query-input\":{\"@type\":\"PropertyValueSpecification\",\"valueRequired\":true,\"valueName\":\"search_term_string\"}}],\"inLanguage\":\"ro-RO\"},{\"@type\":\"Organization\",\"@id\":\"https:\/\/www.transtoyou.com\/ro\/#organization\",\"name\":\"Transtoyou - RO\",\"url\":\"https:\/\/www.transtoyou.com\/ro\/\",\"logo\":{\"@type\":\"ImageObject\",\"inLanguage\":\"ro-RO\",\"@id\":\"https:\/\/www.transtoyou.com\/ro\/#\/schema\/logo\/image\/\",\"url\":\"https:\/\/www.transtoyou.com\/ro\/wp-content\/uploads\/sites\/13\/2026\/01\/logo-tty-menu-bar-300x87-1.webp\",\"contentUrl\":\"https:\/\/www.transtoyou.com\/ro\/wp-content\/uploads\/sites\/13\/2026\/01\/logo-tty-menu-bar-300x87-1.webp\",\"width\":300,\"height\":87,\"caption\":\"Transtoyou - RO\"},\"image\":{\"@id\":\"https:\/\/www.transtoyou.com\/ro\/#\/schema\/logo\/image\/\"}}]}<\/script>\n<!-- \/ Yoast SEO plugin. -->","yoast_head_json":{"title":"Prometazina | Amelioreaz\u0103 Rapid Simptomele Alergiilor - Transtoyou","description":"Prometazina, un antihistaminic de prim\u0103 genera\u021bie pentru alergii \u0219i un somn mai bun. Alin\u0103 simptomele, cump\u0103r\u0103 acum pe Transtoyou. Sigur \u0219i eficient.","robots":{"index":"noindex","follow":"follow","max-snippet":"max-snippet:-1","max-image-preview":"max-image-preview:large","max-video-preview":"max-video-preview:-1"},"og_locale":"ro_RO","og_type":"article","og_title":"Prometazina | Amelioreaz\u0103 Rapid Simptomele Alergiilor - Transtoyou","og_description":"Prometazina, un antihistaminic de prim\u0103 genera\u021bie pentru alergii \u0219i un somn mai bun. Alin\u0103 simptomele, cump\u0103r\u0103 acum pe Transtoyou. Sigur \u0219i eficient.","og_url":"https:\/\/www.transtoyou.com\/ro\/product\/promethazine\/","og_site_name":"Transtoyou - RO","article_modified_time":"2026-03-01T14:22:26+00:00","twitter_card":"summary_large_image","twitter_misc":{"Timp estimat pentru citire":"1 minut"},"schema":{"@context":"https:\/\/schema.org","@graph":[{"@type":"WebPage","@id":"https:\/\/www.transtoyou.com\/ro\/product\/promethazine\/","url":"https:\/\/www.transtoyou.com\/ro\/product\/promethazine\/","name":"Prometazina | Amelioreaz\u0103 Rapid Simptomele Alergiilor - Transtoyou","isPartOf":{"@id":"https:\/\/www.transtoyou.com\/ro\/#website"},"primaryImageOfPage":{"@id":"https:\/\/www.transtoyou.com\/ro\/product\/promethazine\/#primaryimage"},"image":{"@id":"https:\/\/www.transtoyou.com\/ro\/product\/promethazine\/#primaryimage"},"thumbnailUrl":"https:\/\/www.transtoyou.com\/ro\/wp-content\/uploads\/sites\/13\/2026\/01\/tty-no-product-image-155.webp","datePublished":"2026-01-25T19:01:51+00:00","dateModified":"2026-03-01T14:22:26+00:00","description":"Prometazina, un antihistaminic de prim\u0103 genera\u021bie pentru alergii \u0219i un somn mai bun. Alin\u0103 simptomele, cump\u0103r\u0103 acum pe Transtoyou. Sigur \u0219i eficient.","breadcrumb":{"@id":"https:\/\/www.transtoyou.com\/ro\/product\/promethazine\/#breadcrumb"},"inLanguage":"ro-RO","potentialAction":[{"@type":"ReadAction","target":["https:\/\/www.transtoyou.com\/ro\/product\/promethazine\/"]}]},{"@type":"ImageObject","inLanguage":"ro-RO","@id":"https:\/\/www.transtoyou.com\/ro\/product\/promethazine\/#primaryimage","url":"https:\/\/www.transtoyou.com\/ro\/wp-content\/uploads\/sites\/13\/2026\/01\/tty-no-product-image-155.webp","contentUrl":"https:\/\/www.transtoyou.com\/ro\/wp-content\/uploads\/sites\/13\/2026\/01\/tty-no-product-image-155.webp","width":1000,"height":1000,"caption":"Imaginea implicit\u0103 a produsului"},{"@type":"WebSite","@id":"https:\/\/www.transtoyou.com\/ro\/#website","url":"https:\/\/www.transtoyou.com\/ro\/","name":"Transtoyou - RO","description":"","publisher":{"@id":"https:\/\/www.transtoyou.com\/ro\/#organization"},"potentialAction":[{"@type":"SearchAction","target":{"@type":"EntryPoint","urlTemplate":"https:\/\/www.transtoyou.com\/ro\/?s={search_term_string}"},"query-input":{"@type":"PropertyValueSpecification","valueRequired":true,"valueName":"search_term_string"}}],"inLanguage":"ro-RO"},{"@type":"Organization","@id":"https:\/\/www.transtoyou.com\/ro\/#organization","name":"Transtoyou - RO","url":"https:\/\/www.transtoyou.com\/ro\/","logo":{"@type":"ImageObject","inLanguage":"ro-RO","@id":"https:\/\/www.transtoyou.com\/ro\/#\/schema\/logo\/image\/","url":"https:\/\/www.transtoyou.com\/ro\/wp-content\/uploads\/sites\/13\/2026\/01\/logo-tty-menu-bar-300x87-1.webp","contentUrl":"https:\/\/www.transtoyou.com\/ro\/wp-content\/uploads\/sites\/13\/2026\/01\/logo-tty-menu-bar-300x87-1.webp","width":300,"height":87,"caption":"Transtoyou - RO"},"image":{"@id":"https:\/\/www.transtoyou.com\/ro\/#\/schema\/logo\/image\/"}}]}},"_links":{"self":[{"href":"https:\/\/www.transtoyou.com\/ro\/wp-json\/wp\/v2\/product\/956","targetHints":{"allow":["GET"]}}],"collection":[{"href":"https:\/\/www.transtoyou.com\/ro\/wp-json\/wp\/v2\/product"}],"about":[{"href":"https:\/\/www.transtoyou.com\/ro\/wp-json\/wp\/v2\/types\/product"}],"replies":[{"embeddable":true,"href":"https:\/\/www.transtoyou.com\/ro\/wp-json\/wp\/v2\/comments?post=956"}],"wp:featuredmedia":[{"embeddable":true,"href":"https:\/\/www.transtoyou.com\/ro\/wp-json\/wp\/v2\/media\/958"}],"wp:attachment":[{"href":"https:\/\/www.transtoyou.com\/ro\/wp-json\/wp\/v2\/media?parent=956"}],"wp:term":[{"taxonomy":"product_brand","embeddable":true,"href":"https:\/\/www.transtoyou.com\/ro\/wp-json\/wp\/v2\/product_brand?post=956"},{"taxonomy":"product_cat","embeddable":true,"href":"https:\/\/www.transtoyou.com\/ro\/wp-json\/wp\/v2\/product_cat?post=956"},{"taxonomy":"product_tag","embeddable":true,"href":"https:\/\/www.transtoyou.com\/ro\/wp-json\/wp\/v2\/product_tag?post=956"},{"taxonomy":"expert","embeddable":true,"href":"https:\/\/www.transtoyou.com\/ro\/wp-json\/wp\/v2\/expert?post=956"}],"curies":[{"name":"wp","href":"https:\/\/api.w.org\/{rel}","templated":true}]}}