{"id":989,"date":"2026-01-25T22:16:52","date_gmt":"2026-01-25T22:16:52","guid":{"rendered":"https:\/\/www.transtoyou.com\/ro\/product\/propecia\/"},"modified":"2026-03-01T14:32:02","modified_gmt":"2026-03-01T14:32:02","slug":"propecia","status":"publish","type":"product","link":"https:\/\/www.transtoyou.com\/ro\/product\/propecia\/","title":{"rendered":"Propecia"},"content":{"rendered":"<p>Propecia este un medicament utilizat pentru a trata c\u0103derea p\u0103rului de tip masculin, cunoscut\u0103 \u0219i sub denumirea de alopecie androgenetic\u0103, la b\u0103rba\u021bii adul\u021bi. Con\u021bine ingredientul activ finasterid, care face parte dintr-un grup de medicamente numite inhibitori ai 5\u03b1-reductazei.<\/p>\n<p>Propecia ac\u021bioneaz\u0103 prin \u021bintirea unei enzime specifice din organism numit\u0103 5\u03b1-reductaz\u0103 de tip II. Aceast\u0103 enzim\u0103 este responsabil\u0103 pentru transformarea testosteronului \u00een dihidrotestosteron (DHT), un hormon legat de c\u0103derea p\u0103rului la b\u0103rba\u021bii care sunt genetic predispu\u0219i. Prin blocarea acestei enzime, Propecia reduce nivelurile de DHT din scalp \u0219i s\u00e2nge, ceea ce ajut\u0103 la \u00eencetinirea c\u0103derii p\u0103rului \u0219i poate chiar \u00eencuraja cre\u0219terea de p\u0103r nou la unii b\u0103rba\u021bi.<\/p>\n<p>Propecia este utilizat\u0103 \u00een special pentru a trata c\u0103derea p\u0103rului de tip masculin, \u00een special pe cre\u0219tet (v\u00e2rf) \u0219i \u00een partea din fa\u021b\u0103 a scalpului. Nu este destinat\u0103 utiliz\u0103rii la femei sau copii \u0219i nu este eficient\u0103 pentru alte tipuri de c\u0103dere a p\u0103rului.<\/p>\n<p>Prin reducerea nivelurilor de DHT, Propecia ajut\u0103 la prevenirea mic\u0219or\u0103rii (miniaturiz\u0103rii) foliculilor de p\u0103r, care este principala cauz\u0103 a sub\u021bierii p\u0103rului \u0219i a calvi\u021biei \u00een c\u0103derea p\u0103rului de tip masculin. Aceast\u0103 ac\u021biune permite foliculilor de p\u0103r s\u0103 r\u0103m\u00e2n\u0103 s\u0103n\u0103to\u0219i pentru mai mult timp, men\u021bin\u00e2nd densitatea p\u0103rului \u0219i uneori promov\u00e2nd regenerarea p\u0103rului care a fost recent pierdut.<\/p>\n<p>Principalul beneficiu al Propecia este capacitatea sa de a \u00eencetini sau opri c\u0103derea p\u0103rului la b\u0103rba\u021bii cu calvi\u021bie de tip masculin. Mul\u021bi b\u0103rba\u021bi observ\u0103 c\u0103 c\u0103derea p\u0103rului lor \u00eencetine\u0219te dup\u0103 aproximativ trei luni de utilizare constant\u0103, unii experiment\u00e2nd p\u0103r mai gros sau regenerare, \u00een special pe cre\u0219tetul capului. Efectele dureaz\u0103 at\u00e2ta timp c\u00e2t medicamentul este administrat regulat. Propecia se ia sub form\u0103 de tablet\u0103 o dat\u0103 pe zi, ceea ce o face convenabil de utilizat. Este \u00een general bine tolerat\u0103, majoritatea b\u0103rba\u021bilor experiment\u00e2nd pu\u021bine efecte secundare. Cu toate acestea, dac\u0103 medicamentul este oprit, orice p\u0103r c\u00e2\u0219tigat sau men\u021binut este de obicei pierdut \u00een decurs de un an.<\/p>\n","protected":false},"excerpt":{"rendered":"<ul>\n<li>\u00cencetine\u0219te \u0219i previne c\u0103derea p\u0103rului<\/li>\n<li>Promoveaz\u0103 regenerarea p\u0103rului la b\u0103rba\u021bi<\/li>\n<li>Tablet\u0103 convenabil\u0103, administrat\u0103 o dat\u0103 pe zi<\/li>\n<\/ul>\n","protected":false},"featured_media":991,"comment_status":"open","ping_status":"closed","template":"","meta":[],"product_brand":[],"product_cat":[109],"product_tag":[],"expert":[18],"class_list":{"0":"post-989","1":"product","2":"type-product","3":"status-publish","4":"has-post-thumbnail","6":"product_cat-solutii-pentru-pierderea-parului","7":"expert-dr-g-varbanov","9":"first","10":"instock","11":"shipping-taxable","12":"product-type-variable"},"yoast_head":"<!-- This site is optimized with the Yoast SEO plugin v27.0 - https:\/\/yoast.com\/product\/yoast-seo-wordpress\/ -->\n<title>Propecia | Solu\u021bie Eficient\u0103 pentru Pierderea P\u0103rului - Transtoyou<\/title>\n<meta name=\"description\" content=\"Descoper\u0103 Propecia pentru c\u0103derea p\u0103rului la b\u0103rba\u021bi pe Transtoyou. Comand\u0103 online ast\u0103zi solu\u021bii aprobate clinic, verificate de exper\u021bi.\" \/>\n<meta name=\"robots\" content=\"noindex, follow, max-snippet:-1, max-image-preview:large, max-video-preview:-1\" \/>\n<meta property=\"og:locale\" content=\"ro_RO\" \/>\n<meta property=\"og:type\" content=\"article\" \/>\n<meta property=\"og:title\" content=\"Propecia | Solu\u021bie Eficient\u0103 pentru Pierderea P\u0103rului - Transtoyou\" \/>\n<meta property=\"og:description\" content=\"Descoper\u0103 Propecia pentru c\u0103derea p\u0103rului la b\u0103rba\u021bi pe Transtoyou. Comand\u0103 online ast\u0103zi solu\u021bii aprobate clinic, verificate de exper\u021bi.\" \/>\n<meta property=\"og:url\" content=\"https:\/\/www.transtoyou.com\/ro\/product\/propecia\/\" \/>\n<meta property=\"og:site_name\" content=\"Transtoyou - RO\" \/>\n<meta property=\"article:modified_time\" content=\"2026-03-01T14:32:02+00:00\" \/>\n<meta name=\"twitter:card\" content=\"summary_large_image\" \/>\n<meta name=\"twitter:label1\" content=\"Timp estimat pentru citire\" \/>\n\t<meta name=\"twitter:data1\" content=\"2 minute\" \/>\n<script type=\"application\/ld+json\" class=\"yoast-schema-graph\">{\"@context\":\"https:\/\/schema.org\",\"@graph\":[{\"@type\":\"WebPage\",\"@id\":\"https:\/\/www.transtoyou.com\/ro\/product\/propecia\/\",\"url\":\"https:\/\/www.transtoyou.com\/ro\/product\/propecia\/\",\"name\":\"Propecia | Solu\u021bie Eficient\u0103 pentru Pierderea P\u0103rului - Transtoyou\",\"isPartOf\":{\"@id\":\"https:\/\/www.transtoyou.com\/ro\/#website\"},\"primaryImageOfPage\":{\"@id\":\"https:\/\/www.transtoyou.com\/ro\/product\/propecia\/#primaryimage\"},\"image\":{\"@id\":\"https:\/\/www.transtoyou.com\/ro\/product\/propecia\/#primaryimage\"},\"thumbnailUrl\":\"https:\/\/www.transtoyou.com\/ro\/wp-content\/uploads\/sites\/13\/2026\/01\/tty-no-product-image-166.webp\",\"datePublished\":\"2026-01-25T22:16:52+00:00\",\"dateModified\":\"2026-03-01T14:32:02+00:00\",\"description\":\"Descoper\u0103 Propecia pentru c\u0103derea p\u0103rului la b\u0103rba\u021bi pe Transtoyou. Comand\u0103 online ast\u0103zi solu\u021bii aprobate clinic, verificate de exper\u021bi.\",\"breadcrumb\":{\"@id\":\"https:\/\/www.transtoyou.com\/ro\/product\/propecia\/#breadcrumb\"},\"inLanguage\":\"ro-RO\",\"potentialAction\":[{\"@type\":\"ReadAction\",\"target\":[\"https:\/\/www.transtoyou.com\/ro\/product\/propecia\/\"]}]},{\"@type\":\"ImageObject\",\"inLanguage\":\"ro-RO\",\"@id\":\"https:\/\/www.transtoyou.com\/ro\/product\/propecia\/#primaryimage\",\"url\":\"https:\/\/www.transtoyou.com\/ro\/wp-content\/uploads\/sites\/13\/2026\/01\/tty-no-product-image-166.webp\",\"contentUrl\":\"https:\/\/www.transtoyou.com\/ro\/wp-content\/uploads\/sites\/13\/2026\/01\/tty-no-product-image-166.webp\",\"width\":1000,\"height\":1000,\"caption\":\"Imaginea implicit\u0103 a produsului\"},{\"@type\":\"WebSite\",\"@id\":\"https:\/\/www.transtoyou.com\/ro\/#website\",\"url\":\"https:\/\/www.transtoyou.com\/ro\/\",\"name\":\"Transtoyou - RO\",\"description\":\"\",\"publisher\":{\"@id\":\"https:\/\/www.transtoyou.com\/ro\/#organization\"},\"potentialAction\":[{\"@type\":\"SearchAction\",\"target\":{\"@type\":\"EntryPoint\",\"urlTemplate\":\"https:\/\/www.transtoyou.com\/ro\/?s={search_term_string}\"},\"query-input\":{\"@type\":\"PropertyValueSpecification\",\"valueRequired\":true,\"valueName\":\"search_term_string\"}}],\"inLanguage\":\"ro-RO\"},{\"@type\":\"Organization\",\"@id\":\"https:\/\/www.transtoyou.com\/ro\/#organization\",\"name\":\"Transtoyou - RO\",\"url\":\"https:\/\/www.transtoyou.com\/ro\/\",\"logo\":{\"@type\":\"ImageObject\",\"inLanguage\":\"ro-RO\",\"@id\":\"https:\/\/www.transtoyou.com\/ro\/#\/schema\/logo\/image\/\",\"url\":\"https:\/\/www.transtoyou.com\/ro\/wp-content\/uploads\/sites\/13\/2026\/01\/logo-tty-menu-bar-300x87-1.webp\",\"contentUrl\":\"https:\/\/www.transtoyou.com\/ro\/wp-content\/uploads\/sites\/13\/2026\/01\/logo-tty-menu-bar-300x87-1.webp\",\"width\":300,\"height\":87,\"caption\":\"Transtoyou - RO\"},\"image\":{\"@id\":\"https:\/\/www.transtoyou.com\/ro\/#\/schema\/logo\/image\/\"}}]}<\/script>\n<!-- \/ Yoast SEO plugin. -->","yoast_head_json":{"title":"Propecia | Solu\u021bie Eficient\u0103 pentru Pierderea P\u0103rului - Transtoyou","description":"Descoper\u0103 Propecia pentru c\u0103derea p\u0103rului la b\u0103rba\u021bi pe Transtoyou. Comand\u0103 online ast\u0103zi solu\u021bii aprobate clinic, verificate de exper\u021bi.","robots":{"index":"noindex","follow":"follow","max-snippet":"max-snippet:-1","max-image-preview":"max-image-preview:large","max-video-preview":"max-video-preview:-1"},"og_locale":"ro_RO","og_type":"article","og_title":"Propecia | Solu\u021bie Eficient\u0103 pentru Pierderea P\u0103rului - Transtoyou","og_description":"Descoper\u0103 Propecia pentru c\u0103derea p\u0103rului la b\u0103rba\u021bi pe Transtoyou. Comand\u0103 online ast\u0103zi solu\u021bii aprobate clinic, verificate de exper\u021bi.","og_url":"https:\/\/www.transtoyou.com\/ro\/product\/propecia\/","og_site_name":"Transtoyou - RO","article_modified_time":"2026-03-01T14:32:02+00:00","twitter_card":"summary_large_image","twitter_misc":{"Timp estimat pentru citire":"2 minute"},"schema":{"@context":"https:\/\/schema.org","@graph":[{"@type":"WebPage","@id":"https:\/\/www.transtoyou.com\/ro\/product\/propecia\/","url":"https:\/\/www.transtoyou.com\/ro\/product\/propecia\/","name":"Propecia | Solu\u021bie Eficient\u0103 pentru Pierderea P\u0103rului - Transtoyou","isPartOf":{"@id":"https:\/\/www.transtoyou.com\/ro\/#website"},"primaryImageOfPage":{"@id":"https:\/\/www.transtoyou.com\/ro\/product\/propecia\/#primaryimage"},"image":{"@id":"https:\/\/www.transtoyou.com\/ro\/product\/propecia\/#primaryimage"},"thumbnailUrl":"https:\/\/www.transtoyou.com\/ro\/wp-content\/uploads\/sites\/13\/2026\/01\/tty-no-product-image-166.webp","datePublished":"2026-01-25T22:16:52+00:00","dateModified":"2026-03-01T14:32:02+00:00","description":"Descoper\u0103 Propecia pentru c\u0103derea p\u0103rului la b\u0103rba\u021bi pe Transtoyou. Comand\u0103 online ast\u0103zi solu\u021bii aprobate clinic, verificate de exper\u021bi.","breadcrumb":{"@id":"https:\/\/www.transtoyou.com\/ro\/product\/propecia\/#breadcrumb"},"inLanguage":"ro-RO","potentialAction":[{"@type":"ReadAction","target":["https:\/\/www.transtoyou.com\/ro\/product\/propecia\/"]}]},{"@type":"ImageObject","inLanguage":"ro-RO","@id":"https:\/\/www.transtoyou.com\/ro\/product\/propecia\/#primaryimage","url":"https:\/\/www.transtoyou.com\/ro\/wp-content\/uploads\/sites\/13\/2026\/01\/tty-no-product-image-166.webp","contentUrl":"https:\/\/www.transtoyou.com\/ro\/wp-content\/uploads\/sites\/13\/2026\/01\/tty-no-product-image-166.webp","width":1000,"height":1000,"caption":"Imaginea implicit\u0103 a produsului"},{"@type":"WebSite","@id":"https:\/\/www.transtoyou.com\/ro\/#website","url":"https:\/\/www.transtoyou.com\/ro\/","name":"Transtoyou - RO","description":"","publisher":{"@id":"https:\/\/www.transtoyou.com\/ro\/#organization"},"potentialAction":[{"@type":"SearchAction","target":{"@type":"EntryPoint","urlTemplate":"https:\/\/www.transtoyou.com\/ro\/?s={search_term_string}"},"query-input":{"@type":"PropertyValueSpecification","valueRequired":true,"valueName":"search_term_string"}}],"inLanguage":"ro-RO"},{"@type":"Organization","@id":"https:\/\/www.transtoyou.com\/ro\/#organization","name":"Transtoyou - RO","url":"https:\/\/www.transtoyou.com\/ro\/","logo":{"@type":"ImageObject","inLanguage":"ro-RO","@id":"https:\/\/www.transtoyou.com\/ro\/#\/schema\/logo\/image\/","url":"https:\/\/www.transtoyou.com\/ro\/wp-content\/uploads\/sites\/13\/2026\/01\/logo-tty-menu-bar-300x87-1.webp","contentUrl":"https:\/\/www.transtoyou.com\/ro\/wp-content\/uploads\/sites\/13\/2026\/01\/logo-tty-menu-bar-300x87-1.webp","width":300,"height":87,"caption":"Transtoyou - RO"},"image":{"@id":"https:\/\/www.transtoyou.com\/ro\/#\/schema\/logo\/image\/"}}]}},"_links":{"self":[{"href":"https:\/\/www.transtoyou.com\/ro\/wp-json\/wp\/v2\/product\/989","targetHints":{"allow":["GET"]}}],"collection":[{"href":"https:\/\/www.transtoyou.com\/ro\/wp-json\/wp\/v2\/product"}],"about":[{"href":"https:\/\/www.transtoyou.com\/ro\/wp-json\/wp\/v2\/types\/product"}],"replies":[{"embeddable":true,"href":"https:\/\/www.transtoyou.com\/ro\/wp-json\/wp\/v2\/comments?post=989"}],"wp:featuredmedia":[{"embeddable":true,"href":"https:\/\/www.transtoyou.com\/ro\/wp-json\/wp\/v2\/media\/991"}],"wp:attachment":[{"href":"https:\/\/www.transtoyou.com\/ro\/wp-json\/wp\/v2\/media?parent=989"}],"wp:term":[{"taxonomy":"product_brand","embeddable":true,"href":"https:\/\/www.transtoyou.com\/ro\/wp-json\/wp\/v2\/product_brand?post=989"},{"taxonomy":"product_cat","embeddable":true,"href":"https:\/\/www.transtoyou.com\/ro\/wp-json\/wp\/v2\/product_cat?post=989"},{"taxonomy":"product_tag","embeddable":true,"href":"https:\/\/www.transtoyou.com\/ro\/wp-json\/wp\/v2\/product_tag?post=989"},{"taxonomy":"expert","embeddable":true,"href":"https:\/\/www.transtoyou.com\/ro\/wp-json\/wp\/v2\/expert?post=989"}],"curies":[{"name":"wp","href":"https:\/\/api.w.org\/{rel}","templated":true}]}}