{"id":992,"date":"2026-01-25T22:31:43","date_gmt":"2026-01-25T22:31:43","guid":{"rendered":"https:\/\/www.transtoyou.com\/ro\/product\/condyline-condylox\/"},"modified":"2026-01-25T22:32:34","modified_gmt":"2026-01-25T22:32:34","slug":"condilina-condilox","status":"publish","type":"product","link":"https:\/\/www.transtoyou.com\/ro\/product\/condilina-condilox\/","title":{"rendered":"Condyline (Condylox)"},"content":{"rendered":"<p>Condyline con\u021bine podofilotoxin\u0103, un compus de origine vegetal\u0103 care ac\u021bioneaz\u0103 ca agent citotoxic (omoar\u0103 celulele nedorite). Acesta func\u021bioneaz\u0103 prin inhibarea diviziunii celulare \u0219i a sintezei ADN-ului (opre\u0219te celulele negilor s\u0103 creasc\u0103 \u0219i s\u0103 se \u00eenmul\u021beasc\u0103). Podofilotoxina se leag\u0103 de o protein\u0103 numit\u0103 tubulin\u0103, prevenind formarea microtubulilor, ceea ce determin\u0103 moartea celulelor negilor.<\/p>\n<p>Aceast\u0103 medicatie este utilizat\u0103 pentru a trata negii genitali pe organele genitale externe. Ajut\u0103 corpul s\u0103 scape de negi \u00een timp, atac\u00e2nd doar pielea anormal\u0103, nu \u0219i pielea s\u0103n\u0103toas\u0103 din jur.<\/p>\n<p>Condyline se aplic\u0103 direct pe negi, de obicei de dou\u0103 ori pe zi timp de trei zile, urmat\u0103 de o pauz\u0103 de patru zile. Acest ciclu de o s\u0103pt\u0103m\u00e2n\u0103 poate fi repetat timp de p\u00e2n\u0103 la patru s\u0103pt\u0103m\u00e2ni, \u00een func\u021bie de c\u00e2t de bine r\u0103spund negii.<\/p>\n<p>Principalul beneficiu al Condyline este c\u0103 este un tratament non-invaziv (nu este necesar\u0103 nicio interven\u021bie chirurgical\u0103 sau \u00eenghe\u021bare). Este simplu de utilizat acas\u0103, dar trebuie aplicat cu foarte mare aten\u021bie, deoarece poate provoca irita\u021bii ale pielii sau ulcere dac\u0103 se folose\u0219te prea mult sau dac\u0103 este aplicat pe pielea s\u0103n\u0103toas\u0103.<\/p>\n<p>Prin oprirea cre\u0219terii celulelor negilor \u0219i ajut\u00e2ndu-le s\u0103 se descompun\u0103, Condyline sprijin\u0103 corpul t\u0103u \u00een eliminarea leziunilor cutanate legate de HPV.<\/p>\n","protected":false},"excerpt":{"rendered":"<ul>\n<li>Vizeaz\u0103 \u021besutul verucilor genitale<\/li>\n<li>Opune rezisten\u021b\u0103 cre\u0219terii celulelor verucilor<\/li>\n<li>Pentru tratament topic pe termen scurt<\/li>\n<\/ul>\n","protected":false},"featured_media":993,"comment_status":"open","ping_status":"closed","template":"","meta":[],"product_brand":[],"product_cat":[157,105],"product_tag":[],"expert":[17],"class_list":{"0":"post-992","1":"product","2":"type-product","3":"status-publish","4":"has-post-thumbnail","6":"product_cat-negi","7":"product_cat-negi-genitali","8":"expert-dr-c-munoz-parada","10":"first","11":"instock","12":"shipping-taxable","13":"product-type-simple"},"yoast_head":"<!-- This site is optimized with the Yoast SEO plugin v27.0 - https:\/\/yoast.com\/product\/yoast-seo-wordpress\/ -->\n<title>Condyline (Condylox) - Tratament Eficient pentru Negi | Transtoyou<\/title>\n<meta name=\"description\" content=\"Condyline (Condylox) pentru negi genitali. Comand\u0103 online la Transtoyou. Eficient, u\u0219or de utilizat acas\u0103. \u00cencepe tratamentul ast\u0103zi, disponibil acum.\" \/>\n<meta name=\"robots\" content=\"noindex, follow, max-snippet:-1, max-image-preview:large, max-video-preview:-1\" \/>\n<meta property=\"og:locale\" content=\"ro_RO\" \/>\n<meta property=\"og:type\" content=\"article\" \/>\n<meta property=\"og:title\" content=\"Condyline (Condylox) - Tratament Eficient pentru Negi | Transtoyou\" \/>\n<meta property=\"og:description\" content=\"Condyline (Condylox) pentru negi genitali. Comand\u0103 online la Transtoyou. Eficient, u\u0219or de utilizat acas\u0103. \u00cencepe tratamentul ast\u0103zi, disponibil acum.\" \/>\n<meta property=\"og:url\" content=\"https:\/\/www.transtoyou.com\/ro\/product\/condyline-condylox\/\" \/>\n<meta property=\"og:site_name\" content=\"Transtoyou - RO\" \/>\n<meta property=\"article:modified_time\" content=\"2026-01-25T22:32:34+00:00\" \/>\n<meta name=\"twitter:card\" content=\"summary_large_image\" \/>\n<meta name=\"twitter:label1\" content=\"Timp estimat pentru citire\" \/>\n\t<meta name=\"twitter:data1\" content=\"1 minut\" \/>\n<script type=\"application\/ld+json\" class=\"yoast-schema-graph\">{\"@context\":\"https:\/\/schema.org\",\"@graph\":[{\"@type\":\"WebPage\",\"@id\":\"https:\/\/www.transtoyou.com\/ro\/product\/condyline-condylox\/\",\"url\":\"https:\/\/www.transtoyou.com\/ro\/product\/condyline-condylox\/\",\"name\":\"Condyline (Condylox) - Tratament Eficient pentru Negi | Transtoyou\",\"isPartOf\":{\"@id\":\"https:\/\/www.transtoyou.com\/ro\/#website\"},\"primaryImageOfPage\":{\"@id\":\"https:\/\/www.transtoyou.com\/ro\/product\/condyline-condylox\/#primaryimage\"},\"image\":{\"@id\":\"https:\/\/www.transtoyou.com\/ro\/product\/condyline-condylox\/#primaryimage\"},\"thumbnailUrl\":\"https:\/\/www.transtoyou.com\/ro\/wp-content\/uploads\/sites\/13\/2026\/01\/tty-no-product-image-167.webp\",\"datePublished\":\"2026-01-25T22:31:43+00:00\",\"dateModified\":\"2026-01-25T22:32:34+00:00\",\"description\":\"Condyline (Condylox) pentru negi genitali. Comand\u0103 online la Transtoyou. Eficient, u\u0219or de utilizat acas\u0103. \u00cencepe tratamentul ast\u0103zi, disponibil acum.\",\"breadcrumb\":{\"@id\":\"https:\/\/www.transtoyou.com\/ro\/product\/condyline-condylox\/#breadcrumb\"},\"inLanguage\":\"ro-RO\",\"potentialAction\":[{\"@type\":\"ReadAction\",\"target\":[\"https:\/\/www.transtoyou.com\/ro\/product\/condyline-condylox\/\"]}]},{\"@type\":\"ImageObject\",\"inLanguage\":\"ro-RO\",\"@id\":\"https:\/\/www.transtoyou.com\/ro\/product\/condyline-condylox\/#primaryimage\",\"url\":\"https:\/\/www.transtoyou.com\/ro\/wp-content\/uploads\/sites\/13\/2026\/01\/tty-no-product-image-167.webp\",\"contentUrl\":\"https:\/\/www.transtoyou.com\/ro\/wp-content\/uploads\/sites\/13\/2026\/01\/tty-no-product-image-167.webp\",\"width\":1000,\"height\":1000,\"caption\":\"Imaginea implicit\u0103 a produsului\"},{\"@type\":\"WebSite\",\"@id\":\"https:\/\/www.transtoyou.com\/ro\/#website\",\"url\":\"https:\/\/www.transtoyou.com\/ro\/\",\"name\":\"Transtoyou - RO\",\"description\":\"\",\"publisher\":{\"@id\":\"https:\/\/www.transtoyou.com\/ro\/#organization\"},\"potentialAction\":[{\"@type\":\"SearchAction\",\"target\":{\"@type\":\"EntryPoint\",\"urlTemplate\":\"https:\/\/www.transtoyou.com\/ro\/?s={search_term_string}\"},\"query-input\":{\"@type\":\"PropertyValueSpecification\",\"valueRequired\":true,\"valueName\":\"search_term_string\"}}],\"inLanguage\":\"ro-RO\"},{\"@type\":\"Organization\",\"@id\":\"https:\/\/www.transtoyou.com\/ro\/#organization\",\"name\":\"Transtoyou - RO\",\"url\":\"https:\/\/www.transtoyou.com\/ro\/\",\"logo\":{\"@type\":\"ImageObject\",\"inLanguage\":\"ro-RO\",\"@id\":\"https:\/\/www.transtoyou.com\/ro\/#\/schema\/logo\/image\/\",\"url\":\"https:\/\/www.transtoyou.com\/ro\/wp-content\/uploads\/sites\/13\/2026\/01\/logo-tty-menu-bar-300x87-1.webp\",\"contentUrl\":\"https:\/\/www.transtoyou.com\/ro\/wp-content\/uploads\/sites\/13\/2026\/01\/logo-tty-menu-bar-300x87-1.webp\",\"width\":300,\"height\":87,\"caption\":\"Transtoyou - RO\"},\"image\":{\"@id\":\"https:\/\/www.transtoyou.com\/ro\/#\/schema\/logo\/image\/\"}}]}<\/script>\n<!-- \/ Yoast SEO plugin. -->","yoast_head_json":{"title":"Condyline (Condylox) - Tratament Eficient pentru Negi | Transtoyou","description":"Condyline (Condylox) pentru negi genitali. Comand\u0103 online la Transtoyou. Eficient, u\u0219or de utilizat acas\u0103. \u00cencepe tratamentul ast\u0103zi, disponibil acum.","robots":{"index":"noindex","follow":"follow","max-snippet":"max-snippet:-1","max-image-preview":"max-image-preview:large","max-video-preview":"max-video-preview:-1"},"og_locale":"ro_RO","og_type":"article","og_title":"Condyline (Condylox) - Tratament Eficient pentru Negi | Transtoyou","og_description":"Condyline (Condylox) pentru negi genitali. Comand\u0103 online la Transtoyou. Eficient, u\u0219or de utilizat acas\u0103. \u00cencepe tratamentul ast\u0103zi, disponibil acum.","og_url":"https:\/\/www.transtoyou.com\/ro\/product\/condyline-condylox\/","og_site_name":"Transtoyou - RO","article_modified_time":"2026-01-25T22:32:34+00:00","twitter_card":"summary_large_image","twitter_misc":{"Timp estimat pentru citire":"1 minut"},"schema":{"@context":"https:\/\/schema.org","@graph":[{"@type":"WebPage","@id":"https:\/\/www.transtoyou.com\/ro\/product\/condyline-condylox\/","url":"https:\/\/www.transtoyou.com\/ro\/product\/condyline-condylox\/","name":"Condyline (Condylox) - Tratament Eficient pentru Negi | Transtoyou","isPartOf":{"@id":"https:\/\/www.transtoyou.com\/ro\/#website"},"primaryImageOfPage":{"@id":"https:\/\/www.transtoyou.com\/ro\/product\/condyline-condylox\/#primaryimage"},"image":{"@id":"https:\/\/www.transtoyou.com\/ro\/product\/condyline-condylox\/#primaryimage"},"thumbnailUrl":"https:\/\/www.transtoyou.com\/ro\/wp-content\/uploads\/sites\/13\/2026\/01\/tty-no-product-image-167.webp","datePublished":"2026-01-25T22:31:43+00:00","dateModified":"2026-01-25T22:32:34+00:00","description":"Condyline (Condylox) pentru negi genitali. Comand\u0103 online la Transtoyou. Eficient, u\u0219or de utilizat acas\u0103. \u00cencepe tratamentul ast\u0103zi, disponibil acum.","breadcrumb":{"@id":"https:\/\/www.transtoyou.com\/ro\/product\/condyline-condylox\/#breadcrumb"},"inLanguage":"ro-RO","potentialAction":[{"@type":"ReadAction","target":["https:\/\/www.transtoyou.com\/ro\/product\/condyline-condylox\/"]}]},{"@type":"ImageObject","inLanguage":"ro-RO","@id":"https:\/\/www.transtoyou.com\/ro\/product\/condyline-condylox\/#primaryimage","url":"https:\/\/www.transtoyou.com\/ro\/wp-content\/uploads\/sites\/13\/2026\/01\/tty-no-product-image-167.webp","contentUrl":"https:\/\/www.transtoyou.com\/ro\/wp-content\/uploads\/sites\/13\/2026\/01\/tty-no-product-image-167.webp","width":1000,"height":1000,"caption":"Imaginea implicit\u0103 a produsului"},{"@type":"WebSite","@id":"https:\/\/www.transtoyou.com\/ro\/#website","url":"https:\/\/www.transtoyou.com\/ro\/","name":"Transtoyou - RO","description":"","publisher":{"@id":"https:\/\/www.transtoyou.com\/ro\/#organization"},"potentialAction":[{"@type":"SearchAction","target":{"@type":"EntryPoint","urlTemplate":"https:\/\/www.transtoyou.com\/ro\/?s={search_term_string}"},"query-input":{"@type":"PropertyValueSpecification","valueRequired":true,"valueName":"search_term_string"}}],"inLanguage":"ro-RO"},{"@type":"Organization","@id":"https:\/\/www.transtoyou.com\/ro\/#organization","name":"Transtoyou - RO","url":"https:\/\/www.transtoyou.com\/ro\/","logo":{"@type":"ImageObject","inLanguage":"ro-RO","@id":"https:\/\/www.transtoyou.com\/ro\/#\/schema\/logo\/image\/","url":"https:\/\/www.transtoyou.com\/ro\/wp-content\/uploads\/sites\/13\/2026\/01\/logo-tty-menu-bar-300x87-1.webp","contentUrl":"https:\/\/www.transtoyou.com\/ro\/wp-content\/uploads\/sites\/13\/2026\/01\/logo-tty-menu-bar-300x87-1.webp","width":300,"height":87,"caption":"Transtoyou - RO"},"image":{"@id":"https:\/\/www.transtoyou.com\/ro\/#\/schema\/logo\/image\/"}}]}},"_links":{"self":[{"href":"https:\/\/www.transtoyou.com\/ro\/wp-json\/wp\/v2\/product\/992","targetHints":{"allow":["GET"]}}],"collection":[{"href":"https:\/\/www.transtoyou.com\/ro\/wp-json\/wp\/v2\/product"}],"about":[{"href":"https:\/\/www.transtoyou.com\/ro\/wp-json\/wp\/v2\/types\/product"}],"replies":[{"embeddable":true,"href":"https:\/\/www.transtoyou.com\/ro\/wp-json\/wp\/v2\/comments?post=992"}],"wp:featuredmedia":[{"embeddable":true,"href":"https:\/\/www.transtoyou.com\/ro\/wp-json\/wp\/v2\/media\/993"}],"wp:attachment":[{"href":"https:\/\/www.transtoyou.com\/ro\/wp-json\/wp\/v2\/media?parent=992"}],"wp:term":[{"taxonomy":"product_brand","embeddable":true,"href":"https:\/\/www.transtoyou.com\/ro\/wp-json\/wp\/v2\/product_brand?post=992"},{"taxonomy":"product_cat","embeddable":true,"href":"https:\/\/www.transtoyou.com\/ro\/wp-json\/wp\/v2\/product_cat?post=992"},{"taxonomy":"product_tag","embeddable":true,"href":"https:\/\/www.transtoyou.com\/ro\/wp-json\/wp\/v2\/product_tag?post=992"},{"taxonomy":"expert","embeddable":true,"href":"https:\/\/www.transtoyou.com\/ro\/wp-json\/wp\/v2\/expert?post=992"}],"curies":[{"name":"wp","href":"https:\/\/api.w.org\/{rel}","templated":true}]}}