{"id":1027,"date":"2026-01-26T07:13:12","date_gmt":"2026-01-26T07:13:12","guid":{"rendered":"https:\/\/www.transtoyou.com\/sv\/?page_id=1027"},"modified":"2026-01-26T07:13:12","modified_gmt":"2026-01-26T07:13:12","slug":"tty-paminnelser","status":"publish","type":"page","link":"https:\/\/www.transtoyou.com\/sv\/tty-paminnelser\/","title":{"rendered":"St\u00e4ll in p\u00e5minnelser och nedr\u00e4kningar"},"content":{"rendered":"","protected":false},"excerpt":{"rendered":"","protected":false},"author":13,"featured_media":0,"parent":0,"menu_order":0,"comment_status":"closed","ping_status":"closed","template":"","meta":{"footnotes":""},"class_list":["post-1027","page","type-page","status-publish","hentry"],"yoast_head":"<!-- This site is optimized with the Yoast SEO plugin v27.0 - https:\/\/yoast.com\/product\/yoast-seo-wordpress\/ -->\n<title>St\u00e4ll in p\u00e5minnelser och nedr\u00e4kningar f\u00f6r din h\u00e4lsa - Transtoyou<\/title>\n<meta name=\"description\" content=\"Transtoyou kopplar patienter med l\u00e4kare och apotek f\u00f6r onlinekonsultationer, receptbelagd medicin och s\u00e4ker kommunikation.\" \/>\n<meta name=\"robots\" content=\"noindex, follow, max-snippet:-1, max-image-preview:large, max-video-preview:-1\" \/>\n<meta property=\"og:locale\" content=\"sv_SE\" \/>\n<meta property=\"og:type\" content=\"article\" \/>\n<meta property=\"og:title\" content=\"St\u00e4ll in p\u00e5minnelser och nedr\u00e4kningar f\u00f6r din h\u00e4lsa - Transtoyou\" \/>\n<meta property=\"og:description\" content=\"Transtoyou kopplar patienter med l\u00e4kare och apotek f\u00f6r onlinekonsultationer, receptbelagd medicin och s\u00e4ker kommunikation.\" \/>\n<meta property=\"og:url\" content=\"https:\/\/www.transtoyou.com\/sv\/tty-paminnelser\/\" \/>\n<meta property=\"og:site_name\" content=\"Transtoyou - SV\" \/>\n<meta name=\"twitter:card\" content=\"summary_large_image\" \/>\n<script type=\"application\/ld+json\" class=\"yoast-schema-graph\">{\"@context\":\"https:\/\/schema.org\",\"@graph\":[{\"@type\":\"WebPage\",\"@id\":\"https:\/\/www.transtoyou.com\/sv\/tty-paminnelser\/\",\"url\":\"https:\/\/www.transtoyou.com\/sv\/tty-paminnelser\/\",\"name\":\"St\u00e4ll in p\u00e5minnelser och nedr\u00e4kningar f\u00f6r din h\u00e4lsa - Transtoyou\",\"isPartOf\":{\"@id\":\"https:\/\/www.transtoyou.com\/sv\/#website\"},\"datePublished\":\"2026-01-26T07:13:12+00:00\",\"description\":\"Transtoyou kopplar patienter med l\u00e4kare och apotek f\u00f6r onlinekonsultationer, receptbelagd medicin och s\u00e4ker kommunikation.\",\"breadcrumb\":{\"@id\":\"https:\/\/www.transtoyou.com\/sv\/tty-paminnelser\/#breadcrumb\"},\"inLanguage\":\"sv-SE\",\"potentialAction\":[{\"@type\":\"ReadAction\",\"target\":[\"https:\/\/www.transtoyou.com\/sv\/tty-paminnelser\/\"]}]},{\"@type\":\"WebSite\",\"@id\":\"https:\/\/www.transtoyou.com\/sv\/#website\",\"url\":\"https:\/\/www.transtoyou.com\/sv\/\",\"name\":\"Transtoyou - SV\",\"description\":\"\",\"publisher\":{\"@id\":\"https:\/\/www.transtoyou.com\/sv\/#organization\"},\"potentialAction\":[{\"@type\":\"SearchAction\",\"target\":{\"@type\":\"EntryPoint\",\"urlTemplate\":\"https:\/\/www.transtoyou.com\/sv\/?s={search_term_string}\"},\"query-input\":{\"@type\":\"PropertyValueSpecification\",\"valueRequired\":true,\"valueName\":\"search_term_string\"}}],\"inLanguage\":\"sv-SE\"},{\"@type\":\"Organization\",\"@id\":\"https:\/\/www.transtoyou.com\/sv\/#organization\",\"name\":\"Transtoyou - SV\",\"url\":\"https:\/\/www.transtoyou.com\/sv\/\",\"logo\":{\"@type\":\"ImageObject\",\"inLanguage\":\"sv-SE\",\"@id\":\"https:\/\/www.transtoyou.com\/sv\/#\/schema\/logo\/image\/\",\"url\":\"https:\/\/www.transtoyou.com\/sv\/wp-content\/uploads\/sites\/15\/2026\/01\/logo-tty-menu-bar-300x87-1.webp\",\"contentUrl\":\"https:\/\/www.transtoyou.com\/sv\/wp-content\/uploads\/sites\/15\/2026\/01\/logo-tty-menu-bar-300x87-1.webp\",\"width\":300,\"height\":87,\"caption\":\"Transtoyou - SV\"},\"image\":{\"@id\":\"https:\/\/www.transtoyou.com\/sv\/#\/schema\/logo\/image\/\"}}]}<\/script>\n<!-- \/ Yoast SEO plugin. -->","yoast_head_json":{"title":"St\u00e4ll in p\u00e5minnelser och nedr\u00e4kningar f\u00f6r din h\u00e4lsa - Transtoyou","description":"Transtoyou kopplar patienter med l\u00e4kare och apotek f\u00f6r onlinekonsultationer, receptbelagd medicin och s\u00e4ker kommunikation.","robots":{"index":"noindex","follow":"follow","max-snippet":"max-snippet:-1","max-image-preview":"max-image-preview:large","max-video-preview":"max-video-preview:-1"},"og_locale":"sv_SE","og_type":"article","og_title":"St\u00e4ll in p\u00e5minnelser och nedr\u00e4kningar f\u00f6r din h\u00e4lsa - Transtoyou","og_description":"Transtoyou kopplar patienter med l\u00e4kare och apotek f\u00f6r onlinekonsultationer, receptbelagd medicin och s\u00e4ker kommunikation.","og_url":"https:\/\/www.transtoyou.com\/sv\/tty-paminnelser\/","og_site_name":"Transtoyou - SV","twitter_card":"summary_large_image","schema":{"@context":"https:\/\/schema.org","@graph":[{"@type":"WebPage","@id":"https:\/\/www.transtoyou.com\/sv\/tty-paminnelser\/","url":"https:\/\/www.transtoyou.com\/sv\/tty-paminnelser\/","name":"St\u00e4ll in p\u00e5minnelser och nedr\u00e4kningar f\u00f6r din h\u00e4lsa - Transtoyou","isPartOf":{"@id":"https:\/\/www.transtoyou.com\/sv\/#website"},"datePublished":"2026-01-26T07:13:12+00:00","description":"Transtoyou kopplar patienter med l\u00e4kare och apotek f\u00f6r onlinekonsultationer, receptbelagd medicin och s\u00e4ker kommunikation.","breadcrumb":{"@id":"https:\/\/www.transtoyou.com\/sv\/tty-paminnelser\/#breadcrumb"},"inLanguage":"sv-SE","potentialAction":[{"@type":"ReadAction","target":["https:\/\/www.transtoyou.com\/sv\/tty-paminnelser\/"]}]},{"@type":"WebSite","@id":"https:\/\/www.transtoyou.com\/sv\/#website","url":"https:\/\/www.transtoyou.com\/sv\/","name":"Transtoyou - SV","description":"","publisher":{"@id":"https:\/\/www.transtoyou.com\/sv\/#organization"},"potentialAction":[{"@type":"SearchAction","target":{"@type":"EntryPoint","urlTemplate":"https:\/\/www.transtoyou.com\/sv\/?s={search_term_string}"},"query-input":{"@type":"PropertyValueSpecification","valueRequired":true,"valueName":"search_term_string"}}],"inLanguage":"sv-SE"},{"@type":"Organization","@id":"https:\/\/www.transtoyou.com\/sv\/#organization","name":"Transtoyou - SV","url":"https:\/\/www.transtoyou.com\/sv\/","logo":{"@type":"ImageObject","inLanguage":"sv-SE","@id":"https:\/\/www.transtoyou.com\/sv\/#\/schema\/logo\/image\/","url":"https:\/\/www.transtoyou.com\/sv\/wp-content\/uploads\/sites\/15\/2026\/01\/logo-tty-menu-bar-300x87-1.webp","contentUrl":"https:\/\/www.transtoyou.com\/sv\/wp-content\/uploads\/sites\/15\/2026\/01\/logo-tty-menu-bar-300x87-1.webp","width":300,"height":87,"caption":"Transtoyou - SV"},"image":{"@id":"https:\/\/www.transtoyou.com\/sv\/#\/schema\/logo\/image\/"}}]}},"_links":{"self":[{"href":"https:\/\/www.transtoyou.com\/sv\/wp-json\/wp\/v2\/pages\/1027","targetHints":{"allow":["GET"]}}],"collection":[{"href":"https:\/\/www.transtoyou.com\/sv\/wp-json\/wp\/v2\/pages"}],"about":[{"href":"https:\/\/www.transtoyou.com\/sv\/wp-json\/wp\/v2\/types\/page"}],"author":[{"embeddable":true,"href":"https:\/\/www.transtoyou.com\/sv\/wp-json\/wp\/v2\/users\/13"}],"replies":[{"embeddable":true,"href":"https:\/\/www.transtoyou.com\/sv\/wp-json\/wp\/v2\/comments?post=1027"}],"version-history":[{"count":1,"href":"https:\/\/www.transtoyou.com\/sv\/wp-json\/wp\/v2\/pages\/1027\/revisions"}],"predecessor-version":[{"id":1028,"href":"https:\/\/www.transtoyou.com\/sv\/wp-json\/wp\/v2\/pages\/1027\/revisions\/1028"}],"wp:attachment":[{"href":"https:\/\/www.transtoyou.com\/sv\/wp-json\/wp\/v2\/media?parent=1027"}],"curies":[{"name":"wp","href":"https:\/\/api.w.org\/{rel}","templated":true}]}}