{"id":1029,"date":"2026-01-26T07:21:14","date_gmt":"2026-01-26T07:21:14","guid":{"rendered":"https:\/\/www.transtoyou.com\/sv\/?page_id=1029"},"modified":"2026-01-26T07:21:14","modified_gmt":"2026-01-26T07:21:14","slug":"tty-e-halsa","status":"publish","type":"page","link":"https:\/\/www.transtoyou.com\/sv\/tty-e-halsa\/","title":{"rendered":"Skapa en eH\u00e4lsoprofil"},"content":{"rendered":"","protected":false},"excerpt":{"rendered":"","protected":false},"author":13,"featured_media":0,"parent":0,"menu_order":0,"comment_status":"closed","ping_status":"closed","template":"","meta":{"footnotes":""},"class_list":["post-1029","page","type-page","status-publish","hentry"],"yoast_head":"<!-- This site is optimized with the Yoast SEO plugin v27.0 - https:\/\/yoast.com\/product\/yoast-seo-wordpress\/ -->\n<title>Skapa en eH\u00e4lsoprofil f\u00f6r s\u00e4ker v\u00e5rd online - Transtoyou<\/title>\n<meta name=\"description\" content=\"Skapa en eHealth-profil f\u00f6r att organisera h\u00e4lsodata, konsultera l\u00e4kare online, hantera receptgranskningar och f\u00e5 tillg\u00e5ng till icke-receptbelagda wellnessprodukter.\" \/>\n<meta name=\"robots\" content=\"noindex, follow, max-snippet:-1, max-image-preview:large, max-video-preview:-1\" \/>\n<meta property=\"og:locale\" content=\"sv_SE\" \/>\n<meta property=\"og:type\" content=\"article\" \/>\n<meta property=\"og:title\" content=\"Skapa en eH\u00e4lsoprofil f\u00f6r s\u00e4ker v\u00e5rd online - Transtoyou\" \/>\n<meta property=\"og:description\" content=\"Skapa en eHealth-profil f\u00f6r att organisera h\u00e4lsodata, konsultera l\u00e4kare online, hantera receptgranskningar och f\u00e5 tillg\u00e5ng till icke-receptbelagda wellnessprodukter.\" \/>\n<meta property=\"og:url\" content=\"https:\/\/www.transtoyou.com\/sv\/tty-e-halsa\/\" \/>\n<meta property=\"og:site_name\" content=\"Transtoyou - SV\" \/>\n<meta name=\"twitter:card\" content=\"summary_large_image\" \/>\n<script type=\"application\/ld+json\" class=\"yoast-schema-graph\">{\"@context\":\"https:\/\/schema.org\",\"@graph\":[{\"@type\":\"WebPage\",\"@id\":\"https:\/\/www.transtoyou.com\/sv\/tty-e-halsa\/\",\"url\":\"https:\/\/www.transtoyou.com\/sv\/tty-e-halsa\/\",\"name\":\"Skapa en eH\u00e4lsoprofil f\u00f6r s\u00e4ker v\u00e5rd online - Transtoyou\",\"isPartOf\":{\"@id\":\"https:\/\/www.transtoyou.com\/sv\/#website\"},\"datePublished\":\"2026-01-26T07:21:14+00:00\",\"description\":\"Skapa en eHealth-profil f\u00f6r att organisera h\u00e4lsodata, konsultera l\u00e4kare online, hantera receptgranskningar och f\u00e5 tillg\u00e5ng till icke-receptbelagda wellnessprodukter.\",\"breadcrumb\":{\"@id\":\"https:\/\/www.transtoyou.com\/sv\/tty-e-halsa\/#breadcrumb\"},\"inLanguage\":\"sv-SE\",\"potentialAction\":[{\"@type\":\"ReadAction\",\"target\":[\"https:\/\/www.transtoyou.com\/sv\/tty-e-halsa\/\"]}]},{\"@type\":\"WebSite\",\"@id\":\"https:\/\/www.transtoyou.com\/sv\/#website\",\"url\":\"https:\/\/www.transtoyou.com\/sv\/\",\"name\":\"Transtoyou - SV\",\"description\":\"\",\"publisher\":{\"@id\":\"https:\/\/www.transtoyou.com\/sv\/#organization\"},\"potentialAction\":[{\"@type\":\"SearchAction\",\"target\":{\"@type\":\"EntryPoint\",\"urlTemplate\":\"https:\/\/www.transtoyou.com\/sv\/?s={search_term_string}\"},\"query-input\":{\"@type\":\"PropertyValueSpecification\",\"valueRequired\":true,\"valueName\":\"search_term_string\"}}],\"inLanguage\":\"sv-SE\"},{\"@type\":\"Organization\",\"@id\":\"https:\/\/www.transtoyou.com\/sv\/#organization\",\"name\":\"Transtoyou - SV\",\"url\":\"https:\/\/www.transtoyou.com\/sv\/\",\"logo\":{\"@type\":\"ImageObject\",\"inLanguage\":\"sv-SE\",\"@id\":\"https:\/\/www.transtoyou.com\/sv\/#\/schema\/logo\/image\/\",\"url\":\"https:\/\/www.transtoyou.com\/sv\/wp-content\/uploads\/sites\/15\/2026\/01\/logo-tty-menu-bar-300x87-1.webp\",\"contentUrl\":\"https:\/\/www.transtoyou.com\/sv\/wp-content\/uploads\/sites\/15\/2026\/01\/logo-tty-menu-bar-300x87-1.webp\",\"width\":300,\"height\":87,\"caption\":\"Transtoyou - SV\"},\"image\":{\"@id\":\"https:\/\/www.transtoyou.com\/sv\/#\/schema\/logo\/image\/\"}}]}<\/script>\n<!-- \/ Yoast SEO plugin. -->","yoast_head_json":{"title":"Skapa en eH\u00e4lsoprofil f\u00f6r s\u00e4ker v\u00e5rd online - Transtoyou","description":"Skapa en eHealth-profil f\u00f6r att organisera h\u00e4lsodata, konsultera l\u00e4kare online, hantera receptgranskningar och f\u00e5 tillg\u00e5ng till icke-receptbelagda wellnessprodukter.","robots":{"index":"noindex","follow":"follow","max-snippet":"max-snippet:-1","max-image-preview":"max-image-preview:large","max-video-preview":"max-video-preview:-1"},"og_locale":"sv_SE","og_type":"article","og_title":"Skapa en eH\u00e4lsoprofil f\u00f6r s\u00e4ker v\u00e5rd online - Transtoyou","og_description":"Skapa en eHealth-profil f\u00f6r att organisera h\u00e4lsodata, konsultera l\u00e4kare online, hantera receptgranskningar och f\u00e5 tillg\u00e5ng till icke-receptbelagda wellnessprodukter.","og_url":"https:\/\/www.transtoyou.com\/sv\/tty-e-halsa\/","og_site_name":"Transtoyou - SV","twitter_card":"summary_large_image","schema":{"@context":"https:\/\/schema.org","@graph":[{"@type":"WebPage","@id":"https:\/\/www.transtoyou.com\/sv\/tty-e-halsa\/","url":"https:\/\/www.transtoyou.com\/sv\/tty-e-halsa\/","name":"Skapa en eH\u00e4lsoprofil f\u00f6r s\u00e4ker v\u00e5rd online - Transtoyou","isPartOf":{"@id":"https:\/\/www.transtoyou.com\/sv\/#website"},"datePublished":"2026-01-26T07:21:14+00:00","description":"Skapa en eHealth-profil f\u00f6r att organisera h\u00e4lsodata, konsultera l\u00e4kare online, hantera receptgranskningar och f\u00e5 tillg\u00e5ng till icke-receptbelagda wellnessprodukter.","breadcrumb":{"@id":"https:\/\/www.transtoyou.com\/sv\/tty-e-halsa\/#breadcrumb"},"inLanguage":"sv-SE","potentialAction":[{"@type":"ReadAction","target":["https:\/\/www.transtoyou.com\/sv\/tty-e-halsa\/"]}]},{"@type":"WebSite","@id":"https:\/\/www.transtoyou.com\/sv\/#website","url":"https:\/\/www.transtoyou.com\/sv\/","name":"Transtoyou - SV","description":"","publisher":{"@id":"https:\/\/www.transtoyou.com\/sv\/#organization"},"potentialAction":[{"@type":"SearchAction","target":{"@type":"EntryPoint","urlTemplate":"https:\/\/www.transtoyou.com\/sv\/?s={search_term_string}"},"query-input":{"@type":"PropertyValueSpecification","valueRequired":true,"valueName":"search_term_string"}}],"inLanguage":"sv-SE"},{"@type":"Organization","@id":"https:\/\/www.transtoyou.com\/sv\/#organization","name":"Transtoyou - SV","url":"https:\/\/www.transtoyou.com\/sv\/","logo":{"@type":"ImageObject","inLanguage":"sv-SE","@id":"https:\/\/www.transtoyou.com\/sv\/#\/schema\/logo\/image\/","url":"https:\/\/www.transtoyou.com\/sv\/wp-content\/uploads\/sites\/15\/2026\/01\/logo-tty-menu-bar-300x87-1.webp","contentUrl":"https:\/\/www.transtoyou.com\/sv\/wp-content\/uploads\/sites\/15\/2026\/01\/logo-tty-menu-bar-300x87-1.webp","width":300,"height":87,"caption":"Transtoyou - SV"},"image":{"@id":"https:\/\/www.transtoyou.com\/sv\/#\/schema\/logo\/image\/"}}]}},"_links":{"self":[{"href":"https:\/\/www.transtoyou.com\/sv\/wp-json\/wp\/v2\/pages\/1029","targetHints":{"allow":["GET"]}}],"collection":[{"href":"https:\/\/www.transtoyou.com\/sv\/wp-json\/wp\/v2\/pages"}],"about":[{"href":"https:\/\/www.transtoyou.com\/sv\/wp-json\/wp\/v2\/types\/page"}],"author":[{"embeddable":true,"href":"https:\/\/www.transtoyou.com\/sv\/wp-json\/wp\/v2\/users\/13"}],"replies":[{"embeddable":true,"href":"https:\/\/www.transtoyou.com\/sv\/wp-json\/wp\/v2\/comments?post=1029"}],"version-history":[{"count":1,"href":"https:\/\/www.transtoyou.com\/sv\/wp-json\/wp\/v2\/pages\/1029\/revisions"}],"predecessor-version":[{"id":1030,"href":"https:\/\/www.transtoyou.com\/sv\/wp-json\/wp\/v2\/pages\/1029\/revisions\/1030"}],"wp:attachment":[{"href":"https:\/\/www.transtoyou.com\/sv\/wp-json\/wp\/v2\/media?parent=1029"}],"curies":[{"name":"wp","href":"https:\/\/api.w.org\/{rel}","templated":true}]}}