{"id":1031,"date":"2026-01-26T07:31:59","date_gmt":"2026-01-26T07:31:59","guid":{"rendered":"https:\/\/www.transtoyou.com\/sv\/?page_id=1031"},"modified":"2026-01-26T07:31:59","modified_gmt":"2026-01-26T07:31:59","slug":"tty-dokument","status":"publish","type":"page","link":"https:\/\/www.transtoyou.com\/sv\/tty-dokument\/","title":{"rendered":"Hantera Dina Dokument"},"content":{"rendered":"","protected":false},"excerpt":{"rendered":"","protected":false},"author":13,"featured_media":0,"parent":0,"menu_order":0,"comment_status":"closed","ping_status":"closed","template":"","meta":{"footnotes":""},"class_list":["post-1031","page","type-page","status-publish","hentry"],"yoast_head":"<!-- This site is optimized with the Yoast SEO plugin v27.0 - https:\/\/yoast.com\/product\/yoast-seo-wordpress\/ -->\n<title>Hantera dina dokument f\u00f6r enkel \u00e5tkomst och kontroll - Transtoyou<\/title>\n<meta name=\"description\" content=\"Hantera dina dokument, se s\u00e4kert, ladda upp och ladda ner dina Transtoyou medicinska journaler, recept och h\u00e4lsouppgifter p\u00e5 ett st\u00e4lle.\" \/>\n<meta name=\"robots\" content=\"noindex, follow, max-snippet:-1, max-image-preview:large, max-video-preview:-1\" \/>\n<meta property=\"og:locale\" content=\"sv_SE\" \/>\n<meta property=\"og:type\" content=\"article\" \/>\n<meta property=\"og:title\" content=\"Hantera dina dokument f\u00f6r enkel \u00e5tkomst och kontroll - Transtoyou\" \/>\n<meta property=\"og:description\" content=\"Hantera dina dokument, se s\u00e4kert, ladda upp och ladda ner dina Transtoyou medicinska journaler, recept och h\u00e4lsouppgifter p\u00e5 ett st\u00e4lle.\" \/>\n<meta property=\"og:url\" content=\"https:\/\/www.transtoyou.com\/sv\/tty-dokument\/\" \/>\n<meta property=\"og:site_name\" content=\"Transtoyou - SV\" \/>\n<meta name=\"twitter:card\" content=\"summary_large_image\" \/>\n<script type=\"application\/ld+json\" class=\"yoast-schema-graph\">{\"@context\":\"https:\/\/schema.org\",\"@graph\":[{\"@type\":\"WebPage\",\"@id\":\"https:\/\/www.transtoyou.com\/sv\/tty-dokument\/\",\"url\":\"https:\/\/www.transtoyou.com\/sv\/tty-dokument\/\",\"name\":\"Hantera dina dokument f\u00f6r enkel \u00e5tkomst och kontroll - Transtoyou\",\"isPartOf\":{\"@id\":\"https:\/\/www.transtoyou.com\/sv\/#website\"},\"datePublished\":\"2026-01-26T07:31:59+00:00\",\"description\":\"Hantera dina dokument, se s\u00e4kert, ladda upp och ladda ner dina Transtoyou medicinska journaler, recept och h\u00e4lsouppgifter p\u00e5 ett st\u00e4lle.\",\"breadcrumb\":{\"@id\":\"https:\/\/www.transtoyou.com\/sv\/tty-dokument\/#breadcrumb\"},\"inLanguage\":\"sv-SE\",\"potentialAction\":[{\"@type\":\"ReadAction\",\"target\":[\"https:\/\/www.transtoyou.com\/sv\/tty-dokument\/\"]}]},{\"@type\":\"WebSite\",\"@id\":\"https:\/\/www.transtoyou.com\/sv\/#website\",\"url\":\"https:\/\/www.transtoyou.com\/sv\/\",\"name\":\"Transtoyou - SV\",\"description\":\"\",\"publisher\":{\"@id\":\"https:\/\/www.transtoyou.com\/sv\/#organization\"},\"potentialAction\":[{\"@type\":\"SearchAction\",\"target\":{\"@type\":\"EntryPoint\",\"urlTemplate\":\"https:\/\/www.transtoyou.com\/sv\/?s={search_term_string}\"},\"query-input\":{\"@type\":\"PropertyValueSpecification\",\"valueRequired\":true,\"valueName\":\"search_term_string\"}}],\"inLanguage\":\"sv-SE\"},{\"@type\":\"Organization\",\"@id\":\"https:\/\/www.transtoyou.com\/sv\/#organization\",\"name\":\"Transtoyou - SV\",\"url\":\"https:\/\/www.transtoyou.com\/sv\/\",\"logo\":{\"@type\":\"ImageObject\",\"inLanguage\":\"sv-SE\",\"@id\":\"https:\/\/www.transtoyou.com\/sv\/#\/schema\/logo\/image\/\",\"url\":\"https:\/\/www.transtoyou.com\/sv\/wp-content\/uploads\/sites\/15\/2026\/01\/logo-tty-menu-bar-300x87-1.webp\",\"contentUrl\":\"https:\/\/www.transtoyou.com\/sv\/wp-content\/uploads\/sites\/15\/2026\/01\/logo-tty-menu-bar-300x87-1.webp\",\"width\":300,\"height\":87,\"caption\":\"Transtoyou - SV\"},\"image\":{\"@id\":\"https:\/\/www.transtoyou.com\/sv\/#\/schema\/logo\/image\/\"}}]}<\/script>\n<!-- \/ Yoast SEO plugin. -->","yoast_head_json":{"title":"Hantera dina dokument f\u00f6r enkel \u00e5tkomst och kontroll - Transtoyou","description":"Hantera dina dokument, se s\u00e4kert, ladda upp och ladda ner dina Transtoyou medicinska journaler, recept och h\u00e4lsouppgifter p\u00e5 ett st\u00e4lle.","robots":{"index":"noindex","follow":"follow","max-snippet":"max-snippet:-1","max-image-preview":"max-image-preview:large","max-video-preview":"max-video-preview:-1"},"og_locale":"sv_SE","og_type":"article","og_title":"Hantera dina dokument f\u00f6r enkel \u00e5tkomst och kontroll - Transtoyou","og_description":"Hantera dina dokument, se s\u00e4kert, ladda upp och ladda ner dina Transtoyou medicinska journaler, recept och h\u00e4lsouppgifter p\u00e5 ett st\u00e4lle.","og_url":"https:\/\/www.transtoyou.com\/sv\/tty-dokument\/","og_site_name":"Transtoyou - SV","twitter_card":"summary_large_image","schema":{"@context":"https:\/\/schema.org","@graph":[{"@type":"WebPage","@id":"https:\/\/www.transtoyou.com\/sv\/tty-dokument\/","url":"https:\/\/www.transtoyou.com\/sv\/tty-dokument\/","name":"Hantera dina dokument f\u00f6r enkel \u00e5tkomst och kontroll - Transtoyou","isPartOf":{"@id":"https:\/\/www.transtoyou.com\/sv\/#website"},"datePublished":"2026-01-26T07:31:59+00:00","description":"Hantera dina dokument, se s\u00e4kert, ladda upp och ladda ner dina Transtoyou medicinska journaler, recept och h\u00e4lsouppgifter p\u00e5 ett st\u00e4lle.","breadcrumb":{"@id":"https:\/\/www.transtoyou.com\/sv\/tty-dokument\/#breadcrumb"},"inLanguage":"sv-SE","potentialAction":[{"@type":"ReadAction","target":["https:\/\/www.transtoyou.com\/sv\/tty-dokument\/"]}]},{"@type":"WebSite","@id":"https:\/\/www.transtoyou.com\/sv\/#website","url":"https:\/\/www.transtoyou.com\/sv\/","name":"Transtoyou - SV","description":"","publisher":{"@id":"https:\/\/www.transtoyou.com\/sv\/#organization"},"potentialAction":[{"@type":"SearchAction","target":{"@type":"EntryPoint","urlTemplate":"https:\/\/www.transtoyou.com\/sv\/?s={search_term_string}"},"query-input":{"@type":"PropertyValueSpecification","valueRequired":true,"valueName":"search_term_string"}}],"inLanguage":"sv-SE"},{"@type":"Organization","@id":"https:\/\/www.transtoyou.com\/sv\/#organization","name":"Transtoyou - SV","url":"https:\/\/www.transtoyou.com\/sv\/","logo":{"@type":"ImageObject","inLanguage":"sv-SE","@id":"https:\/\/www.transtoyou.com\/sv\/#\/schema\/logo\/image\/","url":"https:\/\/www.transtoyou.com\/sv\/wp-content\/uploads\/sites\/15\/2026\/01\/logo-tty-menu-bar-300x87-1.webp","contentUrl":"https:\/\/www.transtoyou.com\/sv\/wp-content\/uploads\/sites\/15\/2026\/01\/logo-tty-menu-bar-300x87-1.webp","width":300,"height":87,"caption":"Transtoyou - SV"},"image":{"@id":"https:\/\/www.transtoyou.com\/sv\/#\/schema\/logo\/image\/"}}]}},"_links":{"self":[{"href":"https:\/\/www.transtoyou.com\/sv\/wp-json\/wp\/v2\/pages\/1031","targetHints":{"allow":["GET"]}}],"collection":[{"href":"https:\/\/www.transtoyou.com\/sv\/wp-json\/wp\/v2\/pages"}],"about":[{"href":"https:\/\/www.transtoyou.com\/sv\/wp-json\/wp\/v2\/types\/page"}],"author":[{"embeddable":true,"href":"https:\/\/www.transtoyou.com\/sv\/wp-json\/wp\/v2\/users\/13"}],"replies":[{"embeddable":true,"href":"https:\/\/www.transtoyou.com\/sv\/wp-json\/wp\/v2\/comments?post=1031"}],"version-history":[{"count":1,"href":"https:\/\/www.transtoyou.com\/sv\/wp-json\/wp\/v2\/pages\/1031\/revisions"}],"predecessor-version":[{"id":1032,"href":"https:\/\/www.transtoyou.com\/sv\/wp-json\/wp\/v2\/pages\/1031\/revisions\/1032"}],"wp:attachment":[{"href":"https:\/\/www.transtoyou.com\/sv\/wp-json\/wp\/v2\/media?parent=1031"}],"curies":[{"name":"wp","href":"https:\/\/api.w.org\/{rel}","templated":true}]}}