{"id":1361,"date":"2026-02-09T09:26:28","date_gmt":"2026-02-09T09:26:28","guid":{"rendered":"https:\/\/www.transtoyou.com\/sv\/?page_id=1361"},"modified":"2026-02-09T10:17:09","modified_gmt":"2026-02-09T10:17:09","slug":"kundvagn","status":"publish","type":"page","link":"https:\/\/www.transtoyou.com\/sv\/kundvagn\/","title":{"rendered":"Kundvagn"},"content":{"rendered":"\n","protected":false},"excerpt":{"rendered":"","protected":false},"author":13,"featured_media":1362,"parent":0,"menu_order":0,"comment_status":"closed","ping_status":"closed","template":"","meta":{"footnotes":""},"class_list":["post-1361","page","type-page","status-publish","has-post-thumbnail","hentry"],"yoast_head":"<!-- This site is optimized with the Yoast SEO plugin v27.6 - https:\/\/yoast.com\/product\/yoast-seo-wordpress\/ -->\n<title>\u00d6versikt av kundvagn och h\u00e4lsoprodukter - Transtoyou<\/title>\n<meta name=\"description\" content=\"Utforska din kundvagn p\u00e5 Transtoyou f\u00f6r receptbelagda l\u00e4kemedel, h\u00e4lsoprodukter och v\u00e5rdinformation, granskad av registrerade l\u00e4kare. S\u00e4kert och korrekt.\" \/>\n<meta name=\"robots\" content=\"noindex, follow, max-snippet:-1, max-image-preview:large, max-video-preview:-1\" \/>\n<meta property=\"og:locale\" content=\"sv_SE\" \/>\n<meta property=\"og:type\" content=\"article\" \/>\n<meta property=\"og:title\" content=\"Cart Overview &amp; Health Products - Transtoyou\" \/>\n<meta property=\"og:description\" content=\"Utforska din kundvagn p\u00e5 Transtoyou f\u00f6r receptbelagda l\u00e4kemedel, h\u00e4lsoprodukter och v\u00e5rdinformation, granskad av registrerade l\u00e4kare. S\u00e4kert och korrekt.\" \/>\n<meta property=\"og:url\" content=\"https:\/\/www.transtoyou.com\/sv\/kundvagn\/\" \/>\n<meta property=\"og:site_name\" content=\"Transtoyou - SV\" \/>\n<meta property=\"article:modified_time\" content=\"2026-02-09T10:17:09+00:00\" \/>\n<meta property=\"og:image\" content=\"https:\/\/www.transtoyou.com\/sv\/wp-content\/uploads\/sites\/15\/2026\/02\/Logo-500x500-bg.png\" \/>\n\t<meta property=\"og:image:width\" content=\"500\" \/>\n\t<meta property=\"og:image:height\" content=\"500\" \/>\n\t<meta property=\"og:image:type\" content=\"image\/png\" \/>\n<meta name=\"twitter:card\" content=\"summary_large_image\" \/>\n<meta name=\"twitter:title\" content=\"Cart Overview &amp; Health Products - Transtoyou\" \/>\n<meta name=\"twitter:label1\" content=\"Ber\u00e4knad l\u00e4stid\" \/>\n\t<meta name=\"twitter:data1\" content=\"1 minut\" \/>\n<script type=\"application\/ld+json\" class=\"yoast-schema-graph\">{\"@context\":\"https:\\\/\\\/schema.org\",\"@graph\":[{\"@type\":\"WebPage\",\"@id\":\"https:\\\/\\\/www.transtoyou.com\\\/sv\\\/kundvagn\\\/\",\"url\":\"https:\\\/\\\/www.transtoyou.com\\\/sv\\\/kundvagn\\\/\",\"name\":\"\u00d6versikt av kundvagn och h\u00e4lsoprodukter - Transtoyou\",\"isPartOf\":{\"@id\":\"https:\\\/\\\/www.transtoyou.com\\\/sv\\\/#website\"},\"primaryImageOfPage\":{\"@id\":\"https:\\\/\\\/www.transtoyou.com\\\/sv\\\/kundvagn\\\/#primaryimage\"},\"image\":{\"@id\":\"https:\\\/\\\/www.transtoyou.com\\\/sv\\\/kundvagn\\\/#primaryimage\"},\"thumbnailUrl\":\"https:\\\/\\\/www.transtoyou.com\\\/sv\\\/wp-content\\\/uploads\\\/sites\\\/15\\\/2026\\\/02\\\/Logo-500x500-bg.png\",\"datePublished\":\"2026-02-09T09:26:28+00:00\",\"dateModified\":\"2026-02-09T10:17:09+00:00\",\"description\":\"Utforska din kundvagn p\u00e5 Transtoyou f\u00f6r receptbelagda l\u00e4kemedel, h\u00e4lsoprodukter och v\u00e5rdinformation, granskad av registrerade l\u00e4kare. S\u00e4kert och korrekt.\",\"breadcrumb\":{\"@id\":\"https:\\\/\\\/www.transtoyou.com\\\/sv\\\/kundvagn\\\/#breadcrumb\"},\"inLanguage\":\"sv-SE\",\"potentialAction\":[{\"@type\":\"ReadAction\",\"target\":[\"https:\\\/\\\/www.transtoyou.com\\\/sv\\\/kundvagn\\\/\"]}]},{\"@type\":\"ImageObject\",\"inLanguage\":\"sv-SE\",\"@id\":\"https:\\\/\\\/www.transtoyou.com\\\/sv\\\/kundvagn\\\/#primaryimage\",\"url\":\"https:\\\/\\\/www.transtoyou.com\\\/sv\\\/wp-content\\\/uploads\\\/sites\\\/15\\\/2026\\\/02\\\/Logo-500x500-bg.png\",\"contentUrl\":\"https:\\\/\\\/www.transtoyou.com\\\/sv\\\/wp-content\\\/uploads\\\/sites\\\/15\\\/2026\\\/02\\\/Logo-500x500-bg.png\",\"width\":500,\"height\":500,\"caption\":\"Transtoyou Logotyp\"},{\"@type\":\"WebSite\",\"@id\":\"https:\\\/\\\/www.transtoyou.com\\\/sv\\\/#website\",\"url\":\"https:\\\/\\\/www.transtoyou.com\\\/sv\\\/\",\"name\":\"Transtoyou - SV\",\"description\":\"\",\"publisher\":{\"@id\":\"https:\\\/\\\/www.transtoyou.com\\\/sv\\\/#organization\"},\"potentialAction\":[{\"@type\":\"SearchAction\",\"target\":{\"@type\":\"EntryPoint\",\"urlTemplate\":\"https:\\\/\\\/www.transtoyou.com\\\/sv\\\/?s={search_term_string}\"},\"query-input\":{\"@type\":\"PropertyValueSpecification\",\"valueRequired\":true,\"valueName\":\"search_term_string\"}}],\"inLanguage\":\"sv-SE\"},{\"@type\":\"Organization\",\"@id\":\"https:\\\/\\\/www.transtoyou.com\\\/sv\\\/#organization\",\"name\":\"Transtoyou - SV\",\"url\":\"https:\\\/\\\/www.transtoyou.com\\\/sv\\\/\",\"logo\":{\"@type\":\"ImageObject\",\"inLanguage\":\"sv-SE\",\"@id\":\"https:\\\/\\\/www.transtoyou.com\\\/sv\\\/#\\\/schema\\\/logo\\\/image\\\/\",\"url\":\"https:\\\/\\\/www.transtoyou.com\\\/sv\\\/wp-content\\\/uploads\\\/sites\\\/15\\\/2026\\\/01\\\/logo-tty-menu-bar-300x87-1.webp\",\"contentUrl\":\"https:\\\/\\\/www.transtoyou.com\\\/sv\\\/wp-content\\\/uploads\\\/sites\\\/15\\\/2026\\\/01\\\/logo-tty-menu-bar-300x87-1.webp\",\"width\":300,\"height\":87,\"caption\":\"Transtoyou - SV\"},\"image\":{\"@id\":\"https:\\\/\\\/www.transtoyou.com\\\/sv\\\/#\\\/schema\\\/logo\\\/image\\\/\"}}]}<\/script>\n<!-- \/ Yoast SEO plugin. -->","yoast_head_json":{"title":"\u00d6versikt av kundvagn och h\u00e4lsoprodukter - Transtoyou","description":"Utforska din kundvagn p\u00e5 Transtoyou f\u00f6r receptbelagda l\u00e4kemedel, h\u00e4lsoprodukter och v\u00e5rdinformation, granskad av registrerade l\u00e4kare. S\u00e4kert och korrekt.","robots":{"index":"noindex","follow":"follow","max-snippet":"max-snippet:-1","max-image-preview":"max-image-preview:large","max-video-preview":"max-video-preview:-1"},"og_locale":"sv_SE","og_type":"article","og_title":"Cart Overview & Health Products - Transtoyou","og_description":"Utforska din kundvagn p\u00e5 Transtoyou f\u00f6r receptbelagda l\u00e4kemedel, h\u00e4lsoprodukter och v\u00e5rdinformation, granskad av registrerade l\u00e4kare. S\u00e4kert och korrekt.","og_url":"https:\/\/www.transtoyou.com\/sv\/kundvagn\/","og_site_name":"Transtoyou - SV","article_modified_time":"2026-02-09T10:17:09+00:00","og_image":[{"width":500,"height":500,"url":"https:\/\/www.transtoyou.com\/sv\/wp-content\/uploads\/sites\/15\/2026\/02\/Logo-500x500-bg.png","type":"image\/png"}],"twitter_card":"summary_large_image","twitter_title":"Cart Overview & Health Products - Transtoyou","twitter_misc":{"Ber\u00e4knad l\u00e4stid":"1 minut"},"schema":{"@context":"https:\/\/schema.org","@graph":[{"@type":"WebPage","@id":"https:\/\/www.transtoyou.com\/sv\/kundvagn\/","url":"https:\/\/www.transtoyou.com\/sv\/kundvagn\/","name":"\u00d6versikt av kundvagn och h\u00e4lsoprodukter - Transtoyou","isPartOf":{"@id":"https:\/\/www.transtoyou.com\/sv\/#website"},"primaryImageOfPage":{"@id":"https:\/\/www.transtoyou.com\/sv\/kundvagn\/#primaryimage"},"image":{"@id":"https:\/\/www.transtoyou.com\/sv\/kundvagn\/#primaryimage"},"thumbnailUrl":"https:\/\/www.transtoyou.com\/sv\/wp-content\/uploads\/sites\/15\/2026\/02\/Logo-500x500-bg.png","datePublished":"2026-02-09T09:26:28+00:00","dateModified":"2026-02-09T10:17:09+00:00","description":"Utforska din kundvagn p\u00e5 Transtoyou f\u00f6r receptbelagda l\u00e4kemedel, h\u00e4lsoprodukter och v\u00e5rdinformation, granskad av registrerade l\u00e4kare. S\u00e4kert och korrekt.","breadcrumb":{"@id":"https:\/\/www.transtoyou.com\/sv\/kundvagn\/#breadcrumb"},"inLanguage":"sv-SE","potentialAction":[{"@type":"ReadAction","target":["https:\/\/www.transtoyou.com\/sv\/kundvagn\/"]}]},{"@type":"ImageObject","inLanguage":"sv-SE","@id":"https:\/\/www.transtoyou.com\/sv\/kundvagn\/#primaryimage","url":"https:\/\/www.transtoyou.com\/sv\/wp-content\/uploads\/sites\/15\/2026\/02\/Logo-500x500-bg.png","contentUrl":"https:\/\/www.transtoyou.com\/sv\/wp-content\/uploads\/sites\/15\/2026\/02\/Logo-500x500-bg.png","width":500,"height":500,"caption":"Transtoyou Logotyp"},{"@type":"WebSite","@id":"https:\/\/www.transtoyou.com\/sv\/#website","url":"https:\/\/www.transtoyou.com\/sv\/","name":"Transtoyou - SV","description":"","publisher":{"@id":"https:\/\/www.transtoyou.com\/sv\/#organization"},"potentialAction":[{"@type":"SearchAction","target":{"@type":"EntryPoint","urlTemplate":"https:\/\/www.transtoyou.com\/sv\/?s={search_term_string}"},"query-input":{"@type":"PropertyValueSpecification","valueRequired":true,"valueName":"search_term_string"}}],"inLanguage":"sv-SE"},{"@type":"Organization","@id":"https:\/\/www.transtoyou.com\/sv\/#organization","name":"Transtoyou - SV","url":"https:\/\/www.transtoyou.com\/sv\/","logo":{"@type":"ImageObject","inLanguage":"sv-SE","@id":"https:\/\/www.transtoyou.com\/sv\/#\/schema\/logo\/image\/","url":"https:\/\/www.transtoyou.com\/sv\/wp-content\/uploads\/sites\/15\/2026\/01\/logo-tty-menu-bar-300x87-1.webp","contentUrl":"https:\/\/www.transtoyou.com\/sv\/wp-content\/uploads\/sites\/15\/2026\/01\/logo-tty-menu-bar-300x87-1.webp","width":300,"height":87,"caption":"Transtoyou - SV"},"image":{"@id":"https:\/\/www.transtoyou.com\/sv\/#\/schema\/logo\/image\/"}}]}},"_links":{"self":[{"href":"https:\/\/www.transtoyou.com\/sv\/wp-json\/wp\/v2\/pages\/1361","targetHints":{"allow":["GET"]}}],"collection":[{"href":"https:\/\/www.transtoyou.com\/sv\/wp-json\/wp\/v2\/pages"}],"about":[{"href":"https:\/\/www.transtoyou.com\/sv\/wp-json\/wp\/v2\/types\/page"}],"author":[{"embeddable":true,"href":"https:\/\/www.transtoyou.com\/sv\/wp-json\/wp\/v2\/users\/13"}],"replies":[{"embeddable":true,"href":"https:\/\/www.transtoyou.com\/sv\/wp-json\/wp\/v2\/comments?post=1361"}],"version-history":[{"count":1,"href":"https:\/\/www.transtoyou.com\/sv\/wp-json\/wp\/v2\/pages\/1361\/revisions"}],"predecessor-version":[{"id":1363,"href":"https:\/\/www.transtoyou.com\/sv\/wp-json\/wp\/v2\/pages\/1361\/revisions\/1363"}],"wp:featuredmedia":[{"embeddable":true,"href":"https:\/\/www.transtoyou.com\/sv\/wp-json\/wp\/v2\/media\/1362"}],"wp:attachment":[{"href":"https:\/\/www.transtoyou.com\/sv\/wp-json\/wp\/v2\/media?parent=1361"}],"curies":[{"name":"wp","href":"https:\/\/api.w.org\/{rel}","templated":true}]}}