{"id":162,"date":"2026-01-19T13:29:10","date_gmt":"2026-01-19T13:29:10","guid":{"rendered":"https:\/\/www.transtoyou.com\/sv\/?page_id=162"},"modified":"2026-01-26T08:18:48","modified_gmt":"2026-01-26T08:18:48","slug":"fraktinformation","status":"publish","type":"page","link":"https:\/\/www.transtoyou.com\/sv\/fraktinformation\/","title":{"rendered":"Fraktinformation"},"content":{"rendered":"","protected":false},"excerpt":{"rendered":"","protected":false},"author":13,"featured_media":0,"parent":0,"menu_order":0,"comment_status":"closed","ping_status":"closed","template":"","meta":{"footnotes":""},"class_list":["post-162","page","type-page","status-publish","hentry"],"yoast_head":"<!-- This site is optimized with the Yoast SEO plugin v27.0 - https:\/\/yoast.com\/product\/yoast-seo-wordpress\/ -->\n<title>Best\u00e4llnings- och fraktprocessdetaljer - Transtoyou<\/title>\n<meta name=\"description\" content=\"Uppt\u00e4ck Transtoyous best\u00e4llnings- och fraktprocess, som s\u00e4kerst\u00e4ller s\u00e4ker leverans av recept och h\u00e4lsoprodukter i hela Storbritannien och EU, allt reglerat och i enlighet.\" \/>\n<meta name=\"robots\" content=\"noindex, follow, max-snippet:-1, max-image-preview:large, max-video-preview:-1\" \/>\n<meta property=\"og:locale\" content=\"sv_SE\" \/>\n<meta property=\"og:type\" content=\"article\" \/>\n<meta property=\"og:title\" content=\"Best\u00e4llnings- och fraktprocessdetaljer - Transtoyou\" \/>\n<meta property=\"og:description\" content=\"Uppt\u00e4ck Transtoyous best\u00e4llnings- och fraktprocess, som s\u00e4kerst\u00e4ller s\u00e4ker leverans av recept och h\u00e4lsoprodukter i hela Storbritannien och EU, allt reglerat och i enlighet.\" \/>\n<meta property=\"og:url\" content=\"https:\/\/www.transtoyou.com\/sv\/fraktinformation\/\" \/>\n<meta property=\"og:site_name\" content=\"Transtoyou - SV\" \/>\n<meta property=\"article:modified_time\" content=\"2026-01-26T08:18:48+00:00\" \/>\n<meta name=\"twitter:card\" content=\"summary_large_image\" \/>\n<script type=\"application\/ld+json\" class=\"yoast-schema-graph\">{\"@context\":\"https:\/\/schema.org\",\"@graph\":[{\"@type\":\"WebPage\",\"@id\":\"https:\/\/www.transtoyou.com\/sv\/fraktinformation\/\",\"url\":\"https:\/\/www.transtoyou.com\/sv\/fraktinformation\/\",\"name\":\"Best\u00e4llnings- och fraktprocessdetaljer - Transtoyou\",\"isPartOf\":{\"@id\":\"https:\/\/www.transtoyou.com\/sv\/#website\"},\"datePublished\":\"2026-01-19T13:29:10+00:00\",\"dateModified\":\"2026-01-26T08:18:48+00:00\",\"description\":\"Uppt\u00e4ck Transtoyous best\u00e4llnings- och fraktprocess, som s\u00e4kerst\u00e4ller s\u00e4ker leverans av recept och h\u00e4lsoprodukter i hela Storbritannien och EU, allt reglerat och i enlighet.\",\"breadcrumb\":{\"@id\":\"https:\/\/www.transtoyou.com\/sv\/fraktinformation\/#breadcrumb\"},\"inLanguage\":\"sv-SE\",\"potentialAction\":[{\"@type\":\"ReadAction\",\"target\":[\"https:\/\/www.transtoyou.com\/sv\/fraktinformation\/\"]}]},{\"@type\":\"WebSite\",\"@id\":\"https:\/\/www.transtoyou.com\/sv\/#website\",\"url\":\"https:\/\/www.transtoyou.com\/sv\/\",\"name\":\"Transtoyou - SV\",\"description\":\"\",\"publisher\":{\"@id\":\"https:\/\/www.transtoyou.com\/sv\/#organization\"},\"potentialAction\":[{\"@type\":\"SearchAction\",\"target\":{\"@type\":\"EntryPoint\",\"urlTemplate\":\"https:\/\/www.transtoyou.com\/sv\/?s={search_term_string}\"},\"query-input\":{\"@type\":\"PropertyValueSpecification\",\"valueRequired\":true,\"valueName\":\"search_term_string\"}}],\"inLanguage\":\"sv-SE\"},{\"@type\":\"Organization\",\"@id\":\"https:\/\/www.transtoyou.com\/sv\/#organization\",\"name\":\"Transtoyou - SV\",\"url\":\"https:\/\/www.transtoyou.com\/sv\/\",\"logo\":{\"@type\":\"ImageObject\",\"inLanguage\":\"sv-SE\",\"@id\":\"https:\/\/www.transtoyou.com\/sv\/#\/schema\/logo\/image\/\",\"url\":\"https:\/\/www.transtoyou.com\/sv\/wp-content\/uploads\/sites\/15\/2026\/01\/logo-tty-menu-bar-300x87-1.webp\",\"contentUrl\":\"https:\/\/www.transtoyou.com\/sv\/wp-content\/uploads\/sites\/15\/2026\/01\/logo-tty-menu-bar-300x87-1.webp\",\"width\":300,\"height\":87,\"caption\":\"Transtoyou - SV\"},\"image\":{\"@id\":\"https:\/\/www.transtoyou.com\/sv\/#\/schema\/logo\/image\/\"}}]}<\/script>\n<!-- \/ Yoast SEO plugin. -->","yoast_head_json":{"title":"Best\u00e4llnings- och fraktprocessdetaljer - Transtoyou","description":"Uppt\u00e4ck Transtoyous best\u00e4llnings- och fraktprocess, som s\u00e4kerst\u00e4ller s\u00e4ker leverans av recept och h\u00e4lsoprodukter i hela Storbritannien och EU, allt reglerat och i enlighet.","robots":{"index":"noindex","follow":"follow","max-snippet":"max-snippet:-1","max-image-preview":"max-image-preview:large","max-video-preview":"max-video-preview:-1"},"og_locale":"sv_SE","og_type":"article","og_title":"Best\u00e4llnings- och fraktprocessdetaljer - Transtoyou","og_description":"Uppt\u00e4ck Transtoyous best\u00e4llnings- och fraktprocess, som s\u00e4kerst\u00e4ller s\u00e4ker leverans av recept och h\u00e4lsoprodukter i hela Storbritannien och EU, allt reglerat och i enlighet.","og_url":"https:\/\/www.transtoyou.com\/sv\/fraktinformation\/","og_site_name":"Transtoyou - SV","article_modified_time":"2026-01-26T08:18:48+00:00","twitter_card":"summary_large_image","schema":{"@context":"https:\/\/schema.org","@graph":[{"@type":"WebPage","@id":"https:\/\/www.transtoyou.com\/sv\/fraktinformation\/","url":"https:\/\/www.transtoyou.com\/sv\/fraktinformation\/","name":"Best\u00e4llnings- och fraktprocessdetaljer - Transtoyou","isPartOf":{"@id":"https:\/\/www.transtoyou.com\/sv\/#website"},"datePublished":"2026-01-19T13:29:10+00:00","dateModified":"2026-01-26T08:18:48+00:00","description":"Uppt\u00e4ck Transtoyous best\u00e4llnings- och fraktprocess, som s\u00e4kerst\u00e4ller s\u00e4ker leverans av recept och h\u00e4lsoprodukter i hela Storbritannien och EU, allt reglerat och i enlighet.","breadcrumb":{"@id":"https:\/\/www.transtoyou.com\/sv\/fraktinformation\/#breadcrumb"},"inLanguage":"sv-SE","potentialAction":[{"@type":"ReadAction","target":["https:\/\/www.transtoyou.com\/sv\/fraktinformation\/"]}]},{"@type":"WebSite","@id":"https:\/\/www.transtoyou.com\/sv\/#website","url":"https:\/\/www.transtoyou.com\/sv\/","name":"Transtoyou - SV","description":"","publisher":{"@id":"https:\/\/www.transtoyou.com\/sv\/#organization"},"potentialAction":[{"@type":"SearchAction","target":{"@type":"EntryPoint","urlTemplate":"https:\/\/www.transtoyou.com\/sv\/?s={search_term_string}"},"query-input":{"@type":"PropertyValueSpecification","valueRequired":true,"valueName":"search_term_string"}}],"inLanguage":"sv-SE"},{"@type":"Organization","@id":"https:\/\/www.transtoyou.com\/sv\/#organization","name":"Transtoyou - SV","url":"https:\/\/www.transtoyou.com\/sv\/","logo":{"@type":"ImageObject","inLanguage":"sv-SE","@id":"https:\/\/www.transtoyou.com\/sv\/#\/schema\/logo\/image\/","url":"https:\/\/www.transtoyou.com\/sv\/wp-content\/uploads\/sites\/15\/2026\/01\/logo-tty-menu-bar-300x87-1.webp","contentUrl":"https:\/\/www.transtoyou.com\/sv\/wp-content\/uploads\/sites\/15\/2026\/01\/logo-tty-menu-bar-300x87-1.webp","width":300,"height":87,"caption":"Transtoyou - SV"},"image":{"@id":"https:\/\/www.transtoyou.com\/sv\/#\/schema\/logo\/image\/"}}]}},"_links":{"self":[{"href":"https:\/\/www.transtoyou.com\/sv\/wp-json\/wp\/v2\/pages\/162","targetHints":{"allow":["GET"]}}],"collection":[{"href":"https:\/\/www.transtoyou.com\/sv\/wp-json\/wp\/v2\/pages"}],"about":[{"href":"https:\/\/www.transtoyou.com\/sv\/wp-json\/wp\/v2\/types\/page"}],"author":[{"embeddable":true,"href":"https:\/\/www.transtoyou.com\/sv\/wp-json\/wp\/v2\/users\/13"}],"replies":[{"embeddable":true,"href":"https:\/\/www.transtoyou.com\/sv\/wp-json\/wp\/v2\/comments?post=162"}],"version-history":[{"count":1,"href":"https:\/\/www.transtoyou.com\/sv\/wp-json\/wp\/v2\/pages\/162\/revisions"}],"predecessor-version":[{"id":163,"href":"https:\/\/www.transtoyou.com\/sv\/wp-json\/wp\/v2\/pages\/162\/revisions\/163"}],"wp:attachment":[{"href":"https:\/\/www.transtoyou.com\/sv\/wp-json\/wp\/v2\/media?parent=162"}],"curies":[{"name":"wp","href":"https:\/\/api.w.org\/{rel}","templated":true}]}}