{"id":180,"date":"2026-01-19T13:55:44","date_gmt":"2026-01-19T13:55:44","guid":{"rendered":"https:\/\/www.transtoyou.com\/sv\/?page_id=180"},"modified":"2026-01-26T07:59:10","modified_gmt":"2026-01-26T07:59:10","slug":"konsultationsprocess","status":"publish","type":"page","link":"https:\/\/www.transtoyou.com\/sv\/konsultationsprocess\/","title":{"rendered":"Konsultationsprocess"},"content":{"rendered":"","protected":false},"excerpt":{"rendered":"","protected":false},"author":13,"featured_media":181,"parent":0,"menu_order":0,"comment_status":"closed","ping_status":"closed","template":"","meta":{"footnotes":""},"class_list":["post-180","page","type-page","status-publish","has-post-thumbnail","hentry"],"yoast_head":"<!-- This site is optimized with the Yoast SEO plugin v27.0 - https:\/\/yoast.com\/product\/yoast-seo-wordpress\/ -->\n<title>\u00d6versikt \u00f6ver konsultationsprocessen - Transtoyou<\/title>\n<meta name=\"description\" content=\"Uppt\u00e4ck Transtoyous konsultationsprocess: koppla ihop med legitimerade l\u00e4kare, f\u00e5 personliga medicinska utv\u00e4rderingar och utforska b\u00e5de recept och v\u00e4lbefinnande...\" \/>\n<meta name=\"robots\" content=\"noindex, follow, max-snippet:-1, max-image-preview:large, max-video-preview:-1\" \/>\n<meta property=\"og:locale\" content=\"sv_SE\" \/>\n<meta property=\"og:type\" content=\"article\" \/>\n<meta property=\"og:title\" content=\"\u00d6versikt \u00f6ver konsultationsprocessen - Transtoyou\" \/>\n<meta property=\"og:description\" content=\"Uppt\u00e4ck Transtoyous konsultationsprocess: koppla ihop med legitimerade l\u00e4kare, f\u00e5 personliga medicinska utv\u00e4rderingar och utforska b\u00e5de recept och v\u00e4lbefinnande...\" \/>\n<meta property=\"og:url\" content=\"https:\/\/www.transtoyou.com\/sv\/konsultationsprocess\/\" \/>\n<meta property=\"og:site_name\" content=\"Transtoyou - SV\" \/>\n<meta property=\"article:modified_time\" content=\"2026-01-26T07:59:10+00:00\" \/>\n<meta property=\"og:image\" content=\"https:\/\/www.transtoyou.com\/sv\/wp-content\/uploads\/sites\/15\/2026\/01\/Logo-500x500-bg-15.png\" \/>\n\t<meta property=\"og:image:width\" content=\"500\" \/>\n\t<meta property=\"og:image:height\" content=\"500\" \/>\n\t<meta property=\"og:image:type\" content=\"image\/png\" \/>\n<meta name=\"twitter:card\" content=\"summary_large_image\" \/>\n<meta name=\"twitter:label1\" content=\"Ber\u00e4knad l\u00e4stid\" \/>\n\t<meta name=\"twitter:data1\" content=\"1 minut\" \/>\n<script type=\"application\/ld+json\" class=\"yoast-schema-graph\">{\"@context\":\"https:\/\/schema.org\",\"@graph\":[{\"@type\":\"WebPage\",\"@id\":\"https:\/\/www.transtoyou.com\/sv\/konsultationsprocess\/\",\"url\":\"https:\/\/www.transtoyou.com\/sv\/konsultationsprocess\/\",\"name\":\"\u00d6versikt \u00f6ver konsultationsprocessen - Transtoyou\",\"isPartOf\":{\"@id\":\"https:\/\/www.transtoyou.com\/sv\/#website\"},\"primaryImageOfPage\":{\"@id\":\"https:\/\/www.transtoyou.com\/sv\/konsultationsprocess\/#primaryimage\"},\"image\":{\"@id\":\"https:\/\/www.transtoyou.com\/sv\/konsultationsprocess\/#primaryimage\"},\"thumbnailUrl\":\"https:\/\/www.transtoyou.com\/sv\/wp-content\/uploads\/sites\/15\/2026\/01\/Logo-500x500-bg-15.png\",\"datePublished\":\"2026-01-19T13:55:44+00:00\",\"dateModified\":\"2026-01-26T07:59:10+00:00\",\"description\":\"Uppt\u00e4ck Transtoyous konsultationsprocess: koppla ihop med legitimerade l\u00e4kare, f\u00e5 personliga medicinska utv\u00e4rderingar och utforska b\u00e5de recept och v\u00e4lbefinnande...\",\"breadcrumb\":{\"@id\":\"https:\/\/www.transtoyou.com\/sv\/konsultationsprocess\/#breadcrumb\"},\"inLanguage\":\"sv-SE\",\"potentialAction\":[{\"@type\":\"ReadAction\",\"target\":[\"https:\/\/www.transtoyou.com\/sv\/konsultationsprocess\/\"]}]},{\"@type\":\"ImageObject\",\"inLanguage\":\"sv-SE\",\"@id\":\"https:\/\/www.transtoyou.com\/sv\/konsultationsprocess\/#primaryimage\",\"url\":\"https:\/\/www.transtoyou.com\/sv\/wp-content\/uploads\/sites\/15\/2026\/01\/Logo-500x500-bg-15.png\",\"contentUrl\":\"https:\/\/www.transtoyou.com\/sv\/wp-content\/uploads\/sites\/15\/2026\/01\/Logo-500x500-bg-15.png\",\"width\":500,\"height\":500,\"caption\":\"Transtoyou Logotyp\"},{\"@type\":\"WebSite\",\"@id\":\"https:\/\/www.transtoyou.com\/sv\/#website\",\"url\":\"https:\/\/www.transtoyou.com\/sv\/\",\"name\":\"Transtoyou - SV\",\"description\":\"\",\"publisher\":{\"@id\":\"https:\/\/www.transtoyou.com\/sv\/#organization\"},\"potentialAction\":[{\"@type\":\"SearchAction\",\"target\":{\"@type\":\"EntryPoint\",\"urlTemplate\":\"https:\/\/www.transtoyou.com\/sv\/?s={search_term_string}\"},\"query-input\":{\"@type\":\"PropertyValueSpecification\",\"valueRequired\":true,\"valueName\":\"search_term_string\"}}],\"inLanguage\":\"sv-SE\"},{\"@type\":\"Organization\",\"@id\":\"https:\/\/www.transtoyou.com\/sv\/#organization\",\"name\":\"Transtoyou - SV\",\"url\":\"https:\/\/www.transtoyou.com\/sv\/\",\"logo\":{\"@type\":\"ImageObject\",\"inLanguage\":\"sv-SE\",\"@id\":\"https:\/\/www.transtoyou.com\/sv\/#\/schema\/logo\/image\/\",\"url\":\"https:\/\/www.transtoyou.com\/sv\/wp-content\/uploads\/sites\/15\/2026\/01\/logo-tty-menu-bar-300x87-1.webp\",\"contentUrl\":\"https:\/\/www.transtoyou.com\/sv\/wp-content\/uploads\/sites\/15\/2026\/01\/logo-tty-menu-bar-300x87-1.webp\",\"width\":300,\"height\":87,\"caption\":\"Transtoyou - SV\"},\"image\":{\"@id\":\"https:\/\/www.transtoyou.com\/sv\/#\/schema\/logo\/image\/\"}}]}<\/script>\n<!-- \/ Yoast SEO plugin. -->","yoast_head_json":{"title":"\u00d6versikt \u00f6ver konsultationsprocessen - Transtoyou","description":"Uppt\u00e4ck Transtoyous konsultationsprocess: koppla ihop med legitimerade l\u00e4kare, f\u00e5 personliga medicinska utv\u00e4rderingar och utforska b\u00e5de recept och v\u00e4lbefinnande...","robots":{"index":"noindex","follow":"follow","max-snippet":"max-snippet:-1","max-image-preview":"max-image-preview:large","max-video-preview":"max-video-preview:-1"},"og_locale":"sv_SE","og_type":"article","og_title":"\u00d6versikt \u00f6ver konsultationsprocessen - Transtoyou","og_description":"Uppt\u00e4ck Transtoyous konsultationsprocess: koppla ihop med legitimerade l\u00e4kare, f\u00e5 personliga medicinska utv\u00e4rderingar och utforska b\u00e5de recept och v\u00e4lbefinnande...","og_url":"https:\/\/www.transtoyou.com\/sv\/konsultationsprocess\/","og_site_name":"Transtoyou - SV","article_modified_time":"2026-01-26T07:59:10+00:00","og_image":[{"width":500,"height":500,"url":"https:\/\/www.transtoyou.com\/sv\/wp-content\/uploads\/sites\/15\/2026\/01\/Logo-500x500-bg-15.png","type":"image\/png"}],"twitter_card":"summary_large_image","twitter_misc":{"Ber\u00e4knad l\u00e4stid":"1 minut"},"schema":{"@context":"https:\/\/schema.org","@graph":[{"@type":"WebPage","@id":"https:\/\/www.transtoyou.com\/sv\/konsultationsprocess\/","url":"https:\/\/www.transtoyou.com\/sv\/konsultationsprocess\/","name":"\u00d6versikt \u00f6ver konsultationsprocessen - Transtoyou","isPartOf":{"@id":"https:\/\/www.transtoyou.com\/sv\/#website"},"primaryImageOfPage":{"@id":"https:\/\/www.transtoyou.com\/sv\/konsultationsprocess\/#primaryimage"},"image":{"@id":"https:\/\/www.transtoyou.com\/sv\/konsultationsprocess\/#primaryimage"},"thumbnailUrl":"https:\/\/www.transtoyou.com\/sv\/wp-content\/uploads\/sites\/15\/2026\/01\/Logo-500x500-bg-15.png","datePublished":"2026-01-19T13:55:44+00:00","dateModified":"2026-01-26T07:59:10+00:00","description":"Uppt\u00e4ck Transtoyous konsultationsprocess: koppla ihop med legitimerade l\u00e4kare, f\u00e5 personliga medicinska utv\u00e4rderingar och utforska b\u00e5de recept och v\u00e4lbefinnande...","breadcrumb":{"@id":"https:\/\/www.transtoyou.com\/sv\/konsultationsprocess\/#breadcrumb"},"inLanguage":"sv-SE","potentialAction":[{"@type":"ReadAction","target":["https:\/\/www.transtoyou.com\/sv\/konsultationsprocess\/"]}]},{"@type":"ImageObject","inLanguage":"sv-SE","@id":"https:\/\/www.transtoyou.com\/sv\/konsultationsprocess\/#primaryimage","url":"https:\/\/www.transtoyou.com\/sv\/wp-content\/uploads\/sites\/15\/2026\/01\/Logo-500x500-bg-15.png","contentUrl":"https:\/\/www.transtoyou.com\/sv\/wp-content\/uploads\/sites\/15\/2026\/01\/Logo-500x500-bg-15.png","width":500,"height":500,"caption":"Transtoyou Logotyp"},{"@type":"WebSite","@id":"https:\/\/www.transtoyou.com\/sv\/#website","url":"https:\/\/www.transtoyou.com\/sv\/","name":"Transtoyou - SV","description":"","publisher":{"@id":"https:\/\/www.transtoyou.com\/sv\/#organization"},"potentialAction":[{"@type":"SearchAction","target":{"@type":"EntryPoint","urlTemplate":"https:\/\/www.transtoyou.com\/sv\/?s={search_term_string}"},"query-input":{"@type":"PropertyValueSpecification","valueRequired":true,"valueName":"search_term_string"}}],"inLanguage":"sv-SE"},{"@type":"Organization","@id":"https:\/\/www.transtoyou.com\/sv\/#organization","name":"Transtoyou - SV","url":"https:\/\/www.transtoyou.com\/sv\/","logo":{"@type":"ImageObject","inLanguage":"sv-SE","@id":"https:\/\/www.transtoyou.com\/sv\/#\/schema\/logo\/image\/","url":"https:\/\/www.transtoyou.com\/sv\/wp-content\/uploads\/sites\/15\/2026\/01\/logo-tty-menu-bar-300x87-1.webp","contentUrl":"https:\/\/www.transtoyou.com\/sv\/wp-content\/uploads\/sites\/15\/2026\/01\/logo-tty-menu-bar-300x87-1.webp","width":300,"height":87,"caption":"Transtoyou - SV"},"image":{"@id":"https:\/\/www.transtoyou.com\/sv\/#\/schema\/logo\/image\/"}}]}},"_links":{"self":[{"href":"https:\/\/www.transtoyou.com\/sv\/wp-json\/wp\/v2\/pages\/180","targetHints":{"allow":["GET"]}}],"collection":[{"href":"https:\/\/www.transtoyou.com\/sv\/wp-json\/wp\/v2\/pages"}],"about":[{"href":"https:\/\/www.transtoyou.com\/sv\/wp-json\/wp\/v2\/types\/page"}],"author":[{"embeddable":true,"href":"https:\/\/www.transtoyou.com\/sv\/wp-json\/wp\/v2\/users\/13"}],"replies":[{"embeddable":true,"href":"https:\/\/www.transtoyou.com\/sv\/wp-json\/wp\/v2\/comments?post=180"}],"version-history":[{"count":1,"href":"https:\/\/www.transtoyou.com\/sv\/wp-json\/wp\/v2\/pages\/180\/revisions"}],"predecessor-version":[{"id":182,"href":"https:\/\/www.transtoyou.com\/sv\/wp-json\/wp\/v2\/pages\/180\/revisions\/182"}],"wp:featuredmedia":[{"embeddable":true,"href":"https:\/\/www.transtoyou.com\/sv\/wp-json\/wp\/v2\/media\/181"}],"wp:attachment":[{"href":"https:\/\/www.transtoyou.com\/sv\/wp-json\/wp\/v2\/media?parent=180"}],"curies":[{"name":"wp","href":"https:\/\/api.w.org\/{rel}","templated":true}]}}