{"id":192,"date":"2026-01-19T13:56:11","date_gmt":"2026-01-19T13:56:11","guid":{"rendered":"https:\/\/www.transtoyou.com\/sv\/?page_id=192"},"modified":"2026-01-26T07:49:24","modified_gmt":"2026-01-26T07:49:24","slug":"redaktionell-policy","status":"publish","type":"page","link":"https:\/\/www.transtoyou.com\/sv\/redaktionell-policy\/","title":{"rendered":"Redaktionell Policy"},"content":{"rendered":"","protected":false},"excerpt":{"rendered":"","protected":false},"author":13,"featured_media":0,"parent":0,"menu_order":0,"comment_status":"closed","ping_status":"closed","template":"","meta":{"footnotes":""},"class_list":["post-192","page","type-page","status-publish","hentry"],"yoast_head":"<!-- This site is optimized with the Yoast SEO plugin v27.0 - https:\/\/yoast.com\/product\/yoast-seo-wordpress\/ -->\n<title>\u00d6versikt \u00f6ver redaktionell policy - Transtoyou<\/title>\n<meta name=\"description\" content=\"Utforska Transtoyous redaktionella policy f\u00f6r h\u00e4lsoinneh\u00e5ll och efterlevnad, och s\u00e4kerst\u00e4ll p\u00e5litlig, medicinskt granskad information f\u00f6r informerade v\u00e5rdbeslut.\" \/>\n<meta name=\"robots\" content=\"noindex, follow, max-snippet:-1, max-image-preview:large, max-video-preview:-1\" \/>\n<meta property=\"og:locale\" content=\"sv_SE\" \/>\n<meta property=\"og:type\" content=\"article\" \/>\n<meta property=\"og:title\" content=\"\u00d6versikt \u00f6ver redaktionell policy - Transtoyou\" \/>\n<meta property=\"og:description\" content=\"Utforska Transtoyous redaktionella policy f\u00f6r h\u00e4lsoinneh\u00e5ll och efterlevnad, och s\u00e4kerst\u00e4ll p\u00e5litlig, medicinskt granskad information f\u00f6r informerade v\u00e5rdbeslut.\" \/>\n<meta property=\"og:url\" content=\"https:\/\/www.transtoyou.com\/sv\/redaktionell-policy\/\" \/>\n<meta property=\"og:site_name\" content=\"Transtoyou - SV\" \/>\n<meta property=\"article:modified_time\" content=\"2026-01-26T07:49:24+00:00\" \/>\n<meta name=\"twitter:card\" content=\"summary_large_image\" \/>\n<script type=\"application\/ld+json\" class=\"yoast-schema-graph\">{\"@context\":\"https:\/\/schema.org\",\"@graph\":[{\"@type\":\"WebPage\",\"@id\":\"https:\/\/www.transtoyou.com\/sv\/redaktionell-policy\/\",\"url\":\"https:\/\/www.transtoyou.com\/sv\/redaktionell-policy\/\",\"name\":\"\u00d6versikt \u00f6ver redaktionell policy - Transtoyou\",\"isPartOf\":{\"@id\":\"https:\/\/www.transtoyou.com\/sv\/#website\"},\"datePublished\":\"2026-01-19T13:56:11+00:00\",\"dateModified\":\"2026-01-26T07:49:24+00:00\",\"description\":\"Utforska Transtoyous redaktionella policy f\u00f6r h\u00e4lsoinneh\u00e5ll och efterlevnad, och s\u00e4kerst\u00e4ll p\u00e5litlig, medicinskt granskad information f\u00f6r informerade v\u00e5rdbeslut.\",\"breadcrumb\":{\"@id\":\"https:\/\/www.transtoyou.com\/sv\/redaktionell-policy\/#breadcrumb\"},\"inLanguage\":\"sv-SE\",\"potentialAction\":[{\"@type\":\"ReadAction\",\"target\":[\"https:\/\/www.transtoyou.com\/sv\/redaktionell-policy\/\"]}]},{\"@type\":\"WebSite\",\"@id\":\"https:\/\/www.transtoyou.com\/sv\/#website\",\"url\":\"https:\/\/www.transtoyou.com\/sv\/\",\"name\":\"Transtoyou - SV\",\"description\":\"\",\"publisher\":{\"@id\":\"https:\/\/www.transtoyou.com\/sv\/#organization\"},\"potentialAction\":[{\"@type\":\"SearchAction\",\"target\":{\"@type\":\"EntryPoint\",\"urlTemplate\":\"https:\/\/www.transtoyou.com\/sv\/?s={search_term_string}\"},\"query-input\":{\"@type\":\"PropertyValueSpecification\",\"valueRequired\":true,\"valueName\":\"search_term_string\"}}],\"inLanguage\":\"sv-SE\"},{\"@type\":\"Organization\",\"@id\":\"https:\/\/www.transtoyou.com\/sv\/#organization\",\"name\":\"Transtoyou - SV\",\"url\":\"https:\/\/www.transtoyou.com\/sv\/\",\"logo\":{\"@type\":\"ImageObject\",\"inLanguage\":\"sv-SE\",\"@id\":\"https:\/\/www.transtoyou.com\/sv\/#\/schema\/logo\/image\/\",\"url\":\"https:\/\/www.transtoyou.com\/sv\/wp-content\/uploads\/sites\/15\/2026\/01\/logo-tty-menu-bar-300x87-1.webp\",\"contentUrl\":\"https:\/\/www.transtoyou.com\/sv\/wp-content\/uploads\/sites\/15\/2026\/01\/logo-tty-menu-bar-300x87-1.webp\",\"width\":300,\"height\":87,\"caption\":\"Transtoyou - SV\"},\"image\":{\"@id\":\"https:\/\/www.transtoyou.com\/sv\/#\/schema\/logo\/image\/\"}}]}<\/script>\n<!-- \/ Yoast SEO plugin. -->","yoast_head_json":{"title":"\u00d6versikt \u00f6ver redaktionell policy - Transtoyou","description":"Utforska Transtoyous redaktionella policy f\u00f6r h\u00e4lsoinneh\u00e5ll och efterlevnad, och s\u00e4kerst\u00e4ll p\u00e5litlig, medicinskt granskad information f\u00f6r informerade v\u00e5rdbeslut.","robots":{"index":"noindex","follow":"follow","max-snippet":"max-snippet:-1","max-image-preview":"max-image-preview:large","max-video-preview":"max-video-preview:-1"},"og_locale":"sv_SE","og_type":"article","og_title":"\u00d6versikt \u00f6ver redaktionell policy - Transtoyou","og_description":"Utforska Transtoyous redaktionella policy f\u00f6r h\u00e4lsoinneh\u00e5ll och efterlevnad, och s\u00e4kerst\u00e4ll p\u00e5litlig, medicinskt granskad information f\u00f6r informerade v\u00e5rdbeslut.","og_url":"https:\/\/www.transtoyou.com\/sv\/redaktionell-policy\/","og_site_name":"Transtoyou - SV","article_modified_time":"2026-01-26T07:49:24+00:00","twitter_card":"summary_large_image","schema":{"@context":"https:\/\/schema.org","@graph":[{"@type":"WebPage","@id":"https:\/\/www.transtoyou.com\/sv\/redaktionell-policy\/","url":"https:\/\/www.transtoyou.com\/sv\/redaktionell-policy\/","name":"\u00d6versikt \u00f6ver redaktionell policy - Transtoyou","isPartOf":{"@id":"https:\/\/www.transtoyou.com\/sv\/#website"},"datePublished":"2026-01-19T13:56:11+00:00","dateModified":"2026-01-26T07:49:24+00:00","description":"Utforska Transtoyous redaktionella policy f\u00f6r h\u00e4lsoinneh\u00e5ll och efterlevnad, och s\u00e4kerst\u00e4ll p\u00e5litlig, medicinskt granskad information f\u00f6r informerade v\u00e5rdbeslut.","breadcrumb":{"@id":"https:\/\/www.transtoyou.com\/sv\/redaktionell-policy\/#breadcrumb"},"inLanguage":"sv-SE","potentialAction":[{"@type":"ReadAction","target":["https:\/\/www.transtoyou.com\/sv\/redaktionell-policy\/"]}]},{"@type":"WebSite","@id":"https:\/\/www.transtoyou.com\/sv\/#website","url":"https:\/\/www.transtoyou.com\/sv\/","name":"Transtoyou - SV","description":"","publisher":{"@id":"https:\/\/www.transtoyou.com\/sv\/#organization"},"potentialAction":[{"@type":"SearchAction","target":{"@type":"EntryPoint","urlTemplate":"https:\/\/www.transtoyou.com\/sv\/?s={search_term_string}"},"query-input":{"@type":"PropertyValueSpecification","valueRequired":true,"valueName":"search_term_string"}}],"inLanguage":"sv-SE"},{"@type":"Organization","@id":"https:\/\/www.transtoyou.com\/sv\/#organization","name":"Transtoyou - SV","url":"https:\/\/www.transtoyou.com\/sv\/","logo":{"@type":"ImageObject","inLanguage":"sv-SE","@id":"https:\/\/www.transtoyou.com\/sv\/#\/schema\/logo\/image\/","url":"https:\/\/www.transtoyou.com\/sv\/wp-content\/uploads\/sites\/15\/2026\/01\/logo-tty-menu-bar-300x87-1.webp","contentUrl":"https:\/\/www.transtoyou.com\/sv\/wp-content\/uploads\/sites\/15\/2026\/01\/logo-tty-menu-bar-300x87-1.webp","width":300,"height":87,"caption":"Transtoyou - SV"},"image":{"@id":"https:\/\/www.transtoyou.com\/sv\/#\/schema\/logo\/image\/"}}]}},"_links":{"self":[{"href":"https:\/\/www.transtoyou.com\/sv\/wp-json\/wp\/v2\/pages\/192","targetHints":{"allow":["GET"]}}],"collection":[{"href":"https:\/\/www.transtoyou.com\/sv\/wp-json\/wp\/v2\/pages"}],"about":[{"href":"https:\/\/www.transtoyou.com\/sv\/wp-json\/wp\/v2\/types\/page"}],"author":[{"embeddable":true,"href":"https:\/\/www.transtoyou.com\/sv\/wp-json\/wp\/v2\/users\/13"}],"replies":[{"embeddable":true,"href":"https:\/\/www.transtoyou.com\/sv\/wp-json\/wp\/v2\/comments?post=192"}],"version-history":[{"count":1,"href":"https:\/\/www.transtoyou.com\/sv\/wp-json\/wp\/v2\/pages\/192\/revisions"}],"predecessor-version":[{"id":193,"href":"https:\/\/www.transtoyou.com\/sv\/wp-json\/wp\/v2\/pages\/192\/revisions\/193"}],"wp:attachment":[{"href":"https:\/\/www.transtoyou.com\/sv\/wp-json\/wp\/v2\/media?parent=192"}],"curies":[{"name":"wp","href":"https:\/\/api.w.org\/{rel}","templated":true}]}}