{"id":198,"date":"2026-01-19T13:56:23","date_gmt":"2026-01-19T13:56:23","guid":{"rendered":"https:\/\/www.transtoyou.com\/sv\/?page_id=198"},"modified":"2026-01-26T07:42:45","modified_gmt":"2026-01-26T07:42:45","slug":"gdpr-begaren","status":"publish","type":"page","link":"https:\/\/www.transtoyou.com\/sv\/gdpr-begaren\/","title":{"rendered":"GDPR-r\u00e4ttigheter och f\u00f6rfr\u00e5gningar"},"content":{"rendered":"","protected":false},"excerpt":{"rendered":"","protected":false},"author":13,"featured_media":0,"parent":0,"menu_order":0,"comment_status":"closed","ping_status":"closed","template":"","meta":{"footnotes":""},"class_list":["post-198","page","type-page","status-publish","hentry"],"yoast_head":"<!-- This site is optimized with the Yoast SEO plugin v27.0 - https:\/\/yoast.com\/product\/yoast-seo-wordpress\/ -->\n<title>F\u00f6rst\u00e5 Dina GDPR-r\u00e4ttigheter och F\u00f6rdelar - Transtoyou<\/title>\n<meta name=\"description\" content=\"Uppt\u00e4ck dina GDPR-r\u00e4ttigheter och hur du hanterar dataskyddsf\u00f6rfr\u00e5gningar p\u00e5 Transtoyou. L\u00e4r dig om dataskydd och integritets\u00f6verensst\u00e4mmelse i UK och EU.\" \/>\n<meta name=\"robots\" content=\"noindex, follow, max-snippet:-1, max-image-preview:large, max-video-preview:-1\" \/>\n<meta property=\"og:locale\" content=\"sv_SE\" \/>\n<meta property=\"og:type\" content=\"article\" \/>\n<meta property=\"og:title\" content=\"F\u00f6rst\u00e5 Dina GDPR-r\u00e4ttigheter och F\u00f6rdelar - Transtoyou\" \/>\n<meta property=\"og:description\" content=\"Uppt\u00e4ck dina GDPR-r\u00e4ttigheter och hur du hanterar dataskyddsf\u00f6rfr\u00e5gningar p\u00e5 Transtoyou. L\u00e4r dig om dataskydd och integritets\u00f6verensst\u00e4mmelse i UK och EU.\" \/>\n<meta property=\"og:url\" content=\"https:\/\/www.transtoyou.com\/sv\/gdpr-begaren\/\" \/>\n<meta property=\"og:site_name\" content=\"Transtoyou - SV\" \/>\n<meta property=\"article:modified_time\" content=\"2026-01-26T07:42:45+00:00\" \/>\n<meta name=\"twitter:card\" content=\"summary_large_image\" \/>\n<script type=\"application\/ld+json\" class=\"yoast-schema-graph\">{\"@context\":\"https:\/\/schema.org\",\"@graph\":[{\"@type\":\"WebPage\",\"@id\":\"https:\/\/www.transtoyou.com\/sv\/gdpr-begaren\/\",\"url\":\"https:\/\/www.transtoyou.com\/sv\/gdpr-begaren\/\",\"name\":\"F\u00f6rst\u00e5 Dina GDPR-r\u00e4ttigheter och F\u00f6rdelar - Transtoyou\",\"isPartOf\":{\"@id\":\"https:\/\/www.transtoyou.com\/sv\/#website\"},\"datePublished\":\"2026-01-19T13:56:23+00:00\",\"dateModified\":\"2026-01-26T07:42:45+00:00\",\"description\":\"Uppt\u00e4ck dina GDPR-r\u00e4ttigheter och hur du hanterar dataskyddsf\u00f6rfr\u00e5gningar p\u00e5 Transtoyou. L\u00e4r dig om dataskydd och integritets\u00f6verensst\u00e4mmelse i UK och EU.\",\"breadcrumb\":{\"@id\":\"https:\/\/www.transtoyou.com\/sv\/gdpr-begaren\/#breadcrumb\"},\"inLanguage\":\"sv-SE\",\"potentialAction\":[{\"@type\":\"ReadAction\",\"target\":[\"https:\/\/www.transtoyou.com\/sv\/gdpr-begaren\/\"]}]},{\"@type\":\"WebSite\",\"@id\":\"https:\/\/www.transtoyou.com\/sv\/#website\",\"url\":\"https:\/\/www.transtoyou.com\/sv\/\",\"name\":\"Transtoyou - SV\",\"description\":\"\",\"publisher\":{\"@id\":\"https:\/\/www.transtoyou.com\/sv\/#organization\"},\"potentialAction\":[{\"@type\":\"SearchAction\",\"target\":{\"@type\":\"EntryPoint\",\"urlTemplate\":\"https:\/\/www.transtoyou.com\/sv\/?s={search_term_string}\"},\"query-input\":{\"@type\":\"PropertyValueSpecification\",\"valueRequired\":true,\"valueName\":\"search_term_string\"}}],\"inLanguage\":\"sv-SE\"},{\"@type\":\"Organization\",\"@id\":\"https:\/\/www.transtoyou.com\/sv\/#organization\",\"name\":\"Transtoyou - SV\",\"url\":\"https:\/\/www.transtoyou.com\/sv\/\",\"logo\":{\"@type\":\"ImageObject\",\"inLanguage\":\"sv-SE\",\"@id\":\"https:\/\/www.transtoyou.com\/sv\/#\/schema\/logo\/image\/\",\"url\":\"https:\/\/www.transtoyou.com\/sv\/wp-content\/uploads\/sites\/15\/2026\/01\/logo-tty-menu-bar-300x87-1.webp\",\"contentUrl\":\"https:\/\/www.transtoyou.com\/sv\/wp-content\/uploads\/sites\/15\/2026\/01\/logo-tty-menu-bar-300x87-1.webp\",\"width\":300,\"height\":87,\"caption\":\"Transtoyou - SV\"},\"image\":{\"@id\":\"https:\/\/www.transtoyou.com\/sv\/#\/schema\/logo\/image\/\"}}]}<\/script>\n<!-- \/ Yoast SEO plugin. -->","yoast_head_json":{"title":"F\u00f6rst\u00e5 Dina GDPR-r\u00e4ttigheter och F\u00f6rdelar - Transtoyou","description":"Uppt\u00e4ck dina GDPR-r\u00e4ttigheter och hur du hanterar dataskyddsf\u00f6rfr\u00e5gningar p\u00e5 Transtoyou. L\u00e4r dig om dataskydd och integritets\u00f6verensst\u00e4mmelse i UK och EU.","robots":{"index":"noindex","follow":"follow","max-snippet":"max-snippet:-1","max-image-preview":"max-image-preview:large","max-video-preview":"max-video-preview:-1"},"og_locale":"sv_SE","og_type":"article","og_title":"F\u00f6rst\u00e5 Dina GDPR-r\u00e4ttigheter och F\u00f6rdelar - Transtoyou","og_description":"Uppt\u00e4ck dina GDPR-r\u00e4ttigheter och hur du hanterar dataskyddsf\u00f6rfr\u00e5gningar p\u00e5 Transtoyou. L\u00e4r dig om dataskydd och integritets\u00f6verensst\u00e4mmelse i UK och EU.","og_url":"https:\/\/www.transtoyou.com\/sv\/gdpr-begaren\/","og_site_name":"Transtoyou - SV","article_modified_time":"2026-01-26T07:42:45+00:00","twitter_card":"summary_large_image","schema":{"@context":"https:\/\/schema.org","@graph":[{"@type":"WebPage","@id":"https:\/\/www.transtoyou.com\/sv\/gdpr-begaren\/","url":"https:\/\/www.transtoyou.com\/sv\/gdpr-begaren\/","name":"F\u00f6rst\u00e5 Dina GDPR-r\u00e4ttigheter och F\u00f6rdelar - Transtoyou","isPartOf":{"@id":"https:\/\/www.transtoyou.com\/sv\/#website"},"datePublished":"2026-01-19T13:56:23+00:00","dateModified":"2026-01-26T07:42:45+00:00","description":"Uppt\u00e4ck dina GDPR-r\u00e4ttigheter och hur du hanterar dataskyddsf\u00f6rfr\u00e5gningar p\u00e5 Transtoyou. L\u00e4r dig om dataskydd och integritets\u00f6verensst\u00e4mmelse i UK och EU.","breadcrumb":{"@id":"https:\/\/www.transtoyou.com\/sv\/gdpr-begaren\/#breadcrumb"},"inLanguage":"sv-SE","potentialAction":[{"@type":"ReadAction","target":["https:\/\/www.transtoyou.com\/sv\/gdpr-begaren\/"]}]},{"@type":"WebSite","@id":"https:\/\/www.transtoyou.com\/sv\/#website","url":"https:\/\/www.transtoyou.com\/sv\/","name":"Transtoyou - SV","description":"","publisher":{"@id":"https:\/\/www.transtoyou.com\/sv\/#organization"},"potentialAction":[{"@type":"SearchAction","target":{"@type":"EntryPoint","urlTemplate":"https:\/\/www.transtoyou.com\/sv\/?s={search_term_string}"},"query-input":{"@type":"PropertyValueSpecification","valueRequired":true,"valueName":"search_term_string"}}],"inLanguage":"sv-SE"},{"@type":"Organization","@id":"https:\/\/www.transtoyou.com\/sv\/#organization","name":"Transtoyou - SV","url":"https:\/\/www.transtoyou.com\/sv\/","logo":{"@type":"ImageObject","inLanguage":"sv-SE","@id":"https:\/\/www.transtoyou.com\/sv\/#\/schema\/logo\/image\/","url":"https:\/\/www.transtoyou.com\/sv\/wp-content\/uploads\/sites\/15\/2026\/01\/logo-tty-menu-bar-300x87-1.webp","contentUrl":"https:\/\/www.transtoyou.com\/sv\/wp-content\/uploads\/sites\/15\/2026\/01\/logo-tty-menu-bar-300x87-1.webp","width":300,"height":87,"caption":"Transtoyou - SV"},"image":{"@id":"https:\/\/www.transtoyou.com\/sv\/#\/schema\/logo\/image\/"}}]}},"_links":{"self":[{"href":"https:\/\/www.transtoyou.com\/sv\/wp-json\/wp\/v2\/pages\/198","targetHints":{"allow":["GET"]}}],"collection":[{"href":"https:\/\/www.transtoyou.com\/sv\/wp-json\/wp\/v2\/pages"}],"about":[{"href":"https:\/\/www.transtoyou.com\/sv\/wp-json\/wp\/v2\/types\/page"}],"author":[{"embeddable":true,"href":"https:\/\/www.transtoyou.com\/sv\/wp-json\/wp\/v2\/users\/13"}],"replies":[{"embeddable":true,"href":"https:\/\/www.transtoyou.com\/sv\/wp-json\/wp\/v2\/comments?post=198"}],"version-history":[{"count":1,"href":"https:\/\/www.transtoyou.com\/sv\/wp-json\/wp\/v2\/pages\/198\/revisions"}],"predecessor-version":[{"id":199,"href":"https:\/\/www.transtoyou.com\/sv\/wp-json\/wp\/v2\/pages\/198\/revisions\/199"}],"wp:attachment":[{"href":"https:\/\/www.transtoyou.com\/sv\/wp-json\/wp\/v2\/media?parent=198"}],"curies":[{"name":"wp","href":"https:\/\/api.w.org\/{rel}","templated":true}]}}