{"id":1580,"date":"2026-02-24T10:15:17","date_gmt":"2026-02-24T10:15:17","guid":{"rendered":"https:\/\/www.transtoyou.com\/sv\/product\/estramon-conti\/"},"modified":"2026-02-24T10:47:43","modified_gmt":"2026-02-24T10:47:43","slug":"estramon-kontin","status":"publish","type":"product","link":"https:\/\/www.transtoyou.com\/sv\/product\/estramon-kontin\/","title":{"rendered":"Estramon Conti"},"content":{"rendered":"<h2>Vad \u00e4r Estramon Conti?<\/h2>\n<p>Estramon Conti \u00e4r ett kontinuerligt kombinerat <a href=\"\/sv\/treatment\/hormone-replacement-therapy\/\">hormonbehandling (HRT)<\/a> pl\u00e5ster som anv\u00e4nds f\u00f6r att lindra symtom vid klimakteriet. Det \u00e4r ett hudpl\u00e5ster som inneh\u00e5ller tv\u00e5 hormoner: estradiol (en form av \u00f6strogen) och norethisteronacetat (en form av progesteron, \u00e4ven kallad progestogen).<\/p>\n<p>Under klimakteriet slutar dina \u00e4ggstockar gradvis att producera \u00f6strogen. Denna naturliga hormonella f\u00f6r\u00e4ndring kan leda till fysiska och k\u00e4nslom\u00e4ssiga symtom som p\u00e5verkar ditt dagliga liv. Estramon Conti hj\u00e4lper till att ers\u00e4tta de hormoner som din kropp inte l\u00e4ngre producerar i tillr\u00e4ckliga m\u00e4ngder.<\/p>\n<p>Eftersom Estramon Conti inneh\u00e5ller b\u00e5de \u00f6strogen och progesteron i ett pl\u00e5ster kallas det ett kombinerat HRT-pl\u00e5ster. Det beskrivs ocks\u00e5 som kontinuerlig HRT, vilket inneb\u00e4r att du anv\u00e4nder det kontinuerligt utan att ta en paus mellan cykler. Denna typ av hormonbehandling ordineras vanligtvis om du \u00e4r postmenopausal, vilket inneb\u00e4r att dina menstruationer har upph\u00f6rt i minst 12 m\u00e5nader.<\/p>\n<p>Estramon Conti levererar hormoner genom din hud direkt in i ditt blodomlopp. Detta kallas transdermal hormonbehandling och ger stabila hormonhalter utan att f\u00f6rst passera genom magen.<\/p>\n<h2>Vad anv\u00e4nds Estramon Conti f\u00f6r?<\/h2>\n<p>Estramon Conti anv\u00e4nds f\u00f6r att <a href=\"\/sv\/treatment\/menopause-pms-relief\/\">behandla klimakteriesymtom<\/a> orsakade av l\u00e5ga \u00f6strogenniv\u00e5er. Dessa symtom kan b\u00f6rja under perimenopaus (\u00f6verg\u00e5ngsfasen innan klimakteriet) och kan forts\u00e4tta i flera \u00e5r efter din sista menstruation.<\/p>\n<p>Estramon Conti kan hj\u00e4lpa till att lindra:<\/p>\n<ul>\n<li>V\u00e4rmevallningar (pl\u00f6tsliga k\u00e4nslor av v\u00e4rme i \u00f6verkroppen)<\/li>\n<li>Nattliga svettningar<\/li>\n<li>S\u00f6mnproblem<\/li>\n<li>Hum\u00f6rsv\u00e4ngningar och irritabilitet<\/li>\n<li>Vaginal torrhet och obehag<\/li>\n<li>Minskad libido kopplad till hormonella f\u00f6r\u00e4ndringar<\/li>\n<li>Tr\u00f6tthet relaterad till klimakteriet<\/li>\n<\/ul>\n<p>V\u00e4rmevallningar och nattliga svettningar kallas vasomotoriska symtom. Dessa uppst\u00e5r eftersom l\u00e4gre \u00f6strogenniv\u00e5er p\u00e5verkar temperaturregleringscentret i din hj\u00e4rna. Genom att ers\u00e4tta \u00f6strogen hj\u00e4lper Estramon Conti till att stabilisera din kroppstemperaturreglering.<\/p>\n<p>Estramon Conti kan ocks\u00e5 hj\u00e4lpa till att skydda mot postmenopausal benf\u00f6rlust. Efter klimakteriet \u00f6kar minskande \u00f6strogenniv\u00e5er risken f\u00f6r osteoporos, ett tillst\u00e5nd d\u00e4r benen blir tunnare, svagare och mer ben\u00e4gna att g\u00e5 s\u00f6nder. Hormonbehandling kan hj\u00e4lpa till att uppr\u00e4tth\u00e5lla bent\u00e4theten hos kvinnor som har \u00f6kad frakturrisk och som inte kan anv\u00e4nda andra osteoporosbehandlingar.<\/p>\n<h2>Hur fungerar Estramon Conti?<\/h2>\n<p>Estramon Conti fungerar genom att ers\u00e4tta de tv\u00e5 viktiga kvinnliga hormoner som minskar efter klimakteriet.<\/p>\n<p>Estradiol \u00e4r en bioidentisk form av \u00f6strogen, vilket inneb\u00e4r att det \u00e4r kemiskt liknande det \u00f6strogen som din kropp naturligt producerar. Det hj\u00e4lper till att lindra klimakteriesymtom som v\u00e4rmevallningar, nattliga svettningar, vaginal torrhet och s\u00f6mnproblem. Det st\u00f6djer ocks\u00e5 benstyrka.<\/p>\n<p>Men om du fortfarande har din livmoder (uterus) kan det orsaka att livmoderslemhinnan (som kallas endometrium) blir f\u00f6r tjock om du tar \u00f6strogen ensam. Med tiden kan detta \u00f6ka risken f\u00f6r livmodercancer.<\/p>\n<p>Det \u00e4r d\u00e4rf\u00f6r Estramon Conti ocks\u00e5 inneh\u00e5ller norethisteronacetat, en typ av progesteron. Progesteron skyddar livmoderslemhinnan genom att f\u00f6rhindra \u00f6verdriven f\u00f6rtjockning. Denna kombination g\u00f6r Estramon Conti l\u00e4mplig f\u00f6r kvinnor som inte har genomg\u00e5tt en hysterektomi.<\/p>\n<p>Eftersom pl\u00e5stret appliceras p\u00e5 din hud, absorberas hormonerna gradvis i ditt blodomlopp. Detta transdermala leveranssystem undviker stora hormonella toppar och dalar och kan tolereras b\u00e4ttre \u00e4n orala hormontabletterna f\u00f6r vissa kvinnor.<\/p>\n<h2>Vem b\u00f6r inte anv\u00e4nda Estramon Conti?<\/h2>\n<p>Estramon Conti \u00e4r inte l\u00e4mpligt f\u00f6r alla. Du b\u00f6r inte anv\u00e4nda detta hormonbehandlingspl\u00e5ster om:<\/p>\n<ul>\n<li>Du har eller har haft br\u00f6stcancer<\/li>\n<li>Du har cancer som \u00e4r k\u00e4nslig f\u00f6r \u00f6strogen, s\u00e5som cancer i livmoderslemhinnan<\/li>\n<li>Du har of\u00f6rklarlig vaginal bl\u00f6dning<\/li>\n<li>Du har obehandlad f\u00f6rtjockning av livmoderslemhinnan (endometriehyperplasi)<\/li>\n<li>Du har eller har haft en blodpropp i dina ben (djup ventrombos) eller lungor (lungemboli)<\/li>\n<li>Du har en k\u00e4nd blodkoagulationsst\u00f6rning<\/li>\n<li>Du har nyligen haft en hj\u00e4rtinfarkt eller stroke<\/li>\n<li>Du har sv\u00e5r leversjukdom<\/li>\n<li>Du \u00e4r allergisk mot estradiol, norethisteron eller n\u00e5got \u00e4mne i pl\u00e5stret<\/li>\n<\/ul>\n<p>Du b\u00f6r ocks\u00e5 informera din l\u00e4kare om du har tillst\u00e5nd som <a href=\"\/sv\/treatment\/high-blood-pressure\">h\u00f6gt blodtryck<\/a>, <a href=\"\/sv\/treatment\/diabetes\">diabetes<\/a>, <a href=\"\/sv\/treatment\/headache-and-migraines\/\">migr\u00e4n<\/a>, gallstenar, lupus, <a href=\"\/sv\/treatment\/asthma\">astma<\/a>, myom eller en familjehistoria av hormonk\u00e4nsliga cancerformer.<\/p>\n<p>Hormonbehandling kr\u00e4ver en individuell riskbed\u00f6mning. F\u00f6rdelarna och riskerna beror p\u00e5 din \u00e5lder, hur l\u00e4nge det har g\u00e5tt sedan klimakteriet och din allm\u00e4nna h\u00e4lsa.<\/p>\n<h3>Graviditet och amning<\/h3>\n<p>Estramon Conti \u00e4r avsett f\u00f6r postmenopausala kvinnor endast.<\/p>\n<p>Du f\u00e5r inte anv\u00e4nda Estramon Conti om du \u00e4r gravid eller tror att du kan vara gravid. \u00c4ven om graviditet \u00e4r osannolikt efter klimakteriet, b\u00f6r du kontakta din l\u00e4kare omedelbart om graviditet intr\u00e4ffar medan du anv\u00e4nder detta HRT-pl\u00e5ster.<\/p>\n<p>Estramon Conti b\u00f6r inte anv\u00e4ndas under amning.<\/p>\n<h2>Hur man anv\u00e4nder Estramon Conti och dosering<\/h2>\n<p>Anv\u00e4nd alltid Estramon Conti exakt som din l\u00e4kare har ordinerat.<\/p>\n<p>Pl\u00e5stret appliceras vanligtvis tv\u00e5 g\u00e5nger i veckan, beroende p\u00e5 din behandlingsplan. Din l\u00e4kare kommer att ordinera den l\u00e4gsta effektiva dosen under den kortaste tid som beh\u00f6vs f\u00f6r att kontrollera dina klimakteriesymtom.<\/p>\n<p>S\u00e5 h\u00e4r applicerar du Estramon Conti:<\/p>\n<ol>\n<li>Applicera pl\u00e5stret p\u00e5 ren, torr, oskadad hud.<\/li>\n<li>L\u00e4mpliga omr\u00e5den inkluderar nedre buken eller skinkorna.<\/li>\n<li>Applicera inte pl\u00e5stret p\u00e5 dina br\u00f6st eller irriterad hud.<\/li>\n<li>Tryck fast i minst 10 sekunder f\u00f6r att s\u00e4kerst\u00e4lla god kontakt.<\/li>\n<li>Byt pl\u00e5ster p\u00e5 samma dagar varje vecka.<\/li>\n<\/ol>\n<p>Rotera applikationsst\u00e4llet varje g\u00e5ng f\u00f6r att minska hudirritation. Om ett pl\u00e5ster lossnar, applicera ett nytt omedelbart och forts\u00e4tt med ditt normala schema.<\/p>\n<p>Det kan ta n\u00e5gra veckor innan du m\u00e4rker fullst\u00e4ndig symtomlindring. Under de f\u00f6rsta m\u00e5naderna av behandlingen kan du uppleva viss oregelbunden bl\u00f6dning eller fl\u00e4ckande. Detta brukar ofta stabiliseras n\u00e4r din kropp anpassar sig.<\/p>\n<h2>M\u00f6jliga biverkningar av Estramon Conti<\/h2>\n<p>Som alla l\u00e4kemedel kan Estramon Conti orsaka biverkningar, \u00e4ven om inte alla upplever dem.<\/p>\n<p>Vanliga biverkningar inkluderar:<\/p>\n<ul>\n<li>\u00d6mhet i br\u00f6sten<\/li>\n<li>Huvudv\u00e4rk<\/li>\n<li>Illam\u00e5ende<\/li>\n<li>Hum\u00f6rf\u00f6r\u00e4ndringar<\/li>\n<li>Hudirritation vid applikationsst\u00e4llet<\/li>\n<li>Oregelbunden bl\u00f6dning eller fl\u00e4ckande, s\u00e4rskilt under de f\u00f6rsta m\u00e5naderna<\/li>\n<\/ul>\n<p>Mindre vanliga men allvarligare risker kopplade till hormonbehandling inkluderar:<\/p>\n<ul>\n<li>Blodproppar i benen eller lungorna<\/li>\n<li>Stroke<\/li>\n<li>Hj\u00e4rtsjukdom<\/li>\n<li>Br\u00f6stcancer<\/li>\n<li>\u00c4ggstockscancer<\/li>\n<li>Livmodercancer (om \u00f6strogen anv\u00e4nds utan progesteron)<\/li>\n<\/ul>\n<p>Din individuella risk beror p\u00e5 faktorer som din \u00e5lder, familjehistoria, vikt, r\u00f6kstatus och medicinska historia. Att anv\u00e4nda kombinerad HRT som Estramon Conti \u00f6kar n\u00e5got vissa risker j\u00e4mf\u00f6rt med att inte anv\u00e4nda HRT, men den absoluta risken hos friska kvinnor under 60 \u00e5r \u00e4r generellt l\u00e5g.<\/p>\n<p>Din l\u00e4kare kommer regelbundet att granska din behandling f\u00f6r att s\u00e4kerst\u00e4lla att den f\u00f6rblir l\u00e4mplig f\u00f6r dig.<\/p>\n<h2>Viktig s\u00e4kerhetsinformation<\/h2>\n<p>Innan du b\u00f6rjar med Estramon Conti b\u00f6r du ha en fullst\u00e4ndig medicinsk konsultation. Detta inkluderar att diskutera din personliga och familjemedicinska historia.<\/p>\n<p>N\u00e4r du anv\u00e4nder Estramon Conti:<\/p>\n<ul>\n<li>Delta i regelbundna kontroller som rekommenderas.<\/li>\n<li>Forts\u00e4tt med rutinm\u00e4ssig br\u00f6stscreening (mamografier).<\/li>\n<li>Genomg\u00e5 livmoderhalscreening som rekommenderat.<\/li>\n<li>Kontrollera dina br\u00f6st regelbundet f\u00f6r f\u00f6r\u00e4ndringar som kn\u00f6lar, hudf\u00f6r\u00e4ndringar eller br\u00f6stv\u00e5rtsutfl\u00f6de.<\/li>\n<\/ul>\n<p>Informera din l\u00e4kare om du utvecklar:<\/p>\n<ul>\n<li>H\u00f6gt blodtryck<\/li>\n<li>Migr\u00e4nhuvudv\u00e4rk f\u00f6r f\u00f6rsta g\u00e5ngen<\/li>\n<li>Betydande f\u00f6r\u00e4ndringar i leverfunktionen<\/li>\n<li>Onormal vaginal bl\u00f6dning efter flera m\u00e5nader av stabil anv\u00e4ndning<\/li>\n<\/ul>\n<p>Hormonbehandling b\u00f6r granskas minst en g\u00e5ng om \u00e5ret. M\u00e5let \u00e4r alltid att anv\u00e4nda den l\u00e4gsta effektiva dosen f\u00f6r symtomkontroll.<\/p>\n<h2>N\u00e4r man ska s\u00f6ka medicinsk hj\u00e4lp<\/h2>\n<p>Sluta anv\u00e4nda Estramon Conti och s\u00f6k omedelbar medicinsk hj\u00e4lp om du upplever:<\/p>\n<ul>\n<li>Sm\u00e4rtsam svullnad eller rodnad i ditt ben<\/li>\n<li>Pl\u00f6tslig br\u00f6stsm\u00e4rta<\/li>\n<li>Sv\u00e5righeter att andas<\/li>\n<li>Pl\u00f6tslig sv\u00e5r huvudv\u00e4rk<\/li>\n<li>Synf\u00f6r\u00e4ndringar<\/li>\n<li>Talf\u00f6rsv\u00e5righeter<\/li>\n<li>Svaghet p\u00e5 ena sidan av kroppen<\/li>\n<li>Gulnad av huden eller \u00f6gonen (m\u00f6jligt leverproblem)<\/li>\n<li>Tecken p\u00e5 en allvarlig allergisk reaktion, s\u00e5som svullnad i ansiktet eller halsen<\/li>\n<\/ul>\n<p>Kontakta din l\u00e4kare s\u00e5 snart som m\u00f6jligt om du m\u00e4rker:<\/p>\n<ul>\n<li>Onormal eller kraftig vaginal bl\u00f6dning<\/li>\n<li>En ny kn\u00f6l i ditt br\u00f6st<\/li>\n<li>Best\u00e5ende buksm\u00e4rta<\/li>\n<li>N\u00e5gon pl\u00f6tslig eller betydande f\u00f6r\u00e4ndring i din h\u00e4lsa<\/li>\n<\/ul>\n<p>Om du \u00e4r os\u00e4ker p\u00e5 om ett symtom \u00e4r relaterat till hormonbehandling \u00e4r det alltid s\u00e4krare att s\u00f6ka medicinsk r\u00e5dgivning.<\/p>\n<p><strong>Estramon Conti<\/strong> \u00e4r ett effektivt kontinuerligt kombinerat HRT-pl\u00e5ster utformat f\u00f6r att lindra klimakteriesymtom och hj\u00e4lpa till att uppr\u00e4tth\u00e5lla benh\u00e4lsa hos postmenopausala kvinnor. N\u00e4r det ordineras p\u00e5 r\u00e4tt s\u00e4tt och \u00f6vervakas regelbundet kan det avsev\u00e4rt f\u00f6rb\u00e4ttra livskvaliteten under och efter klimakteriet. Anv\u00e4nd alltid Estramon Conti under medicinsk \u00f6vervakning och se till att regelbundet f\u00f6lja upp f\u00f6r att uppr\u00e4tth\u00e5lla s\u00e4kerhet och effektivitet.<\/p>\n","protected":false},"excerpt":{"rendered":"<ul>\n<li>Estramon Conti: Kontinuerligt kombinerad HRT-pl\u00e5ster f\u00f6r att lindra menopausala symtom och skydda din livmoder och ben.<\/li>\n<li>Aktiv ingrediens: Estradiol (\u00f6strogen) och Norethisteronacetat (gestagen)<\/li>\n<li>Anv\u00e4nds f\u00f6r: Hormoners\u00e4ttningsterapi (HRT) hos postmenopausala kvinnor f\u00f6r att lindra menopausala symtom och hj\u00e4lpa till att f\u00f6rebygga postmenopausal benf\u00f6rlust.<\/li>\n<\/ul>\n","protected":false},"featured_media":1582,"comment_status":"open","ping_status":"closed","template":"","meta":[],"product_brand":[],"product_cat":[119,125],"product_tag":[],"expert":[20],"class_list":{"0":"post-1580","1":"product","2":"type-product","3":"status-publish","4":"has-post-thumbnail","6":"product_cat-hormonersattningsterapi-hrt","7":"product_cat-menopaus-och-pms-lindring","8":"expert-dr-m-ahmed","10":"first","11":"instock","12":"shipping-taxable","13":"product-type-variable"},"yoast_head":"<!-- This site is optimized with the Yoast SEO plugin v27.0 - https:\/\/yoast.com\/product\/yoast-seo-wordpress\/ -->\n<title>Estramon Conti | Kontinuerligt HRT-pl\u00e5ster f\u00f6r Klimakteriet - Transtoyou<\/title>\n<meta name=\"description\" content=\"Estramon Conti HRT-pl\u00e5ster fr\u00e5n Transtoyou, tillg\u00e4ngliga h\u00e4r f\u00f6r att lindra menopausbesv\u00e4r med kontinuerlig hormonbehandling. Handla nu!\" \/>\n<meta name=\"robots\" content=\"noindex, follow, max-snippet:-1, max-image-preview:large, max-video-preview:-1\" \/>\n<meta property=\"og:locale\" content=\"sv_SE\" \/>\n<meta property=\"og:type\" content=\"article\" \/>\n<meta property=\"og:title\" content=\"Estramon Conti | Kontinuerligt HRT-pl\u00e5ster f\u00f6r Klimakteriet - Transtoyou\" \/>\n<meta property=\"og:description\" content=\"Estramon Conti HRT-pl\u00e5ster fr\u00e5n Transtoyou, tillg\u00e4ngliga h\u00e4r f\u00f6r att lindra menopausbesv\u00e4r med kontinuerlig hormonbehandling. Handla nu!\" \/>\n<meta property=\"og:url\" content=\"https:\/\/www.transtoyou.com\/sv\/product\/estramon-conti\/\" \/>\n<meta property=\"og:site_name\" content=\"Transtoyou - SV\" \/>\n<meta property=\"article:modified_time\" content=\"2026-02-24T10:47:43+00:00\" \/>\n<meta name=\"twitter:card\" content=\"summary_large_image\" \/>\n<meta name=\"twitter:label1\" content=\"Ber\u00e4knad l\u00e4stid\" \/>\n\t<meta name=\"twitter:data1\" content=\"7 minuter\" \/>\n<script type=\"application\/ld+json\" class=\"yoast-schema-graph\">{\"@context\":\"https:\/\/schema.org\",\"@graph\":[{\"@type\":\"WebPage\",\"@id\":\"https:\/\/www.transtoyou.com\/sv\/product\/estramon-conti\/\",\"url\":\"https:\/\/www.transtoyou.com\/sv\/product\/estramon-conti\/\",\"name\":\"Estramon Conti | Kontinuerligt HRT-pl\u00e5ster f\u00f6r Klimakteriet - Transtoyou\",\"isPartOf\":{\"@id\":\"https:\/\/www.transtoyou.com\/sv\/#website\"},\"primaryImageOfPage\":{\"@id\":\"https:\/\/www.transtoyou.com\/sv\/product\/estramon-conti\/#primaryimage\"},\"image\":{\"@id\":\"https:\/\/www.transtoyou.com\/sv\/product\/estramon-conti\/#primaryimage\"},\"thumbnailUrl\":\"https:\/\/www.transtoyou.com\/sv\/wp-content\/uploads\/sites\/15\/2025\/09\/tty-no-product-image-2.webp\",\"datePublished\":\"2026-02-24T10:15:17+00:00\",\"dateModified\":\"2026-02-24T10:47:43+00:00\",\"description\":\"Estramon Conti HRT-pl\u00e5ster fr\u00e5n Transtoyou, tillg\u00e4ngliga h\u00e4r f\u00f6r att lindra menopausbesv\u00e4r med kontinuerlig hormonbehandling. Handla nu!\",\"breadcrumb\":{\"@id\":\"https:\/\/www.transtoyou.com\/sv\/product\/estramon-conti\/#breadcrumb\"},\"inLanguage\":\"sv-SE\",\"potentialAction\":[{\"@type\":\"ReadAction\",\"target\":[\"https:\/\/www.transtoyou.com\/sv\/product\/estramon-conti\/\"]}]},{\"@type\":\"ImageObject\",\"inLanguage\":\"sv-SE\",\"@id\":\"https:\/\/www.transtoyou.com\/sv\/product\/estramon-conti\/#primaryimage\",\"url\":\"https:\/\/www.transtoyou.com\/sv\/wp-content\/uploads\/sites\/15\/2025\/09\/tty-no-product-image-2.webp\",\"contentUrl\":\"https:\/\/www.transtoyou.com\/sv\/wp-content\/uploads\/sites\/15\/2025\/09\/tty-no-product-image-2.webp\",\"width\":1000,\"height\":1000,\"caption\":\"Standard produktbild\"},{\"@type\":\"WebSite\",\"@id\":\"https:\/\/www.transtoyou.com\/sv\/#website\",\"url\":\"https:\/\/www.transtoyou.com\/sv\/\",\"name\":\"Transtoyou - SV\",\"description\":\"\",\"publisher\":{\"@id\":\"https:\/\/www.transtoyou.com\/sv\/#organization\"},\"potentialAction\":[{\"@type\":\"SearchAction\",\"target\":{\"@type\":\"EntryPoint\",\"urlTemplate\":\"https:\/\/www.transtoyou.com\/sv\/?s={search_term_string}\"},\"query-input\":{\"@type\":\"PropertyValueSpecification\",\"valueRequired\":true,\"valueName\":\"search_term_string\"}}],\"inLanguage\":\"sv-SE\"},{\"@type\":\"Organization\",\"@id\":\"https:\/\/www.transtoyou.com\/sv\/#organization\",\"name\":\"Transtoyou - SV\",\"url\":\"https:\/\/www.transtoyou.com\/sv\/\",\"logo\":{\"@type\":\"ImageObject\",\"inLanguage\":\"sv-SE\",\"@id\":\"https:\/\/www.transtoyou.com\/sv\/#\/schema\/logo\/image\/\",\"url\":\"https:\/\/www.transtoyou.com\/sv\/wp-content\/uploads\/sites\/15\/2026\/01\/logo-tty-menu-bar-300x87-1.webp\",\"contentUrl\":\"https:\/\/www.transtoyou.com\/sv\/wp-content\/uploads\/sites\/15\/2026\/01\/logo-tty-menu-bar-300x87-1.webp\",\"width\":300,\"height\":87,\"caption\":\"Transtoyou - SV\"},\"image\":{\"@id\":\"https:\/\/www.transtoyou.com\/sv\/#\/schema\/logo\/image\/\"}}]}<\/script>\n<!-- \/ Yoast SEO plugin. -->","yoast_head_json":{"title":"Estramon Conti | Kontinuerligt HRT-pl\u00e5ster f\u00f6r Klimakteriet - Transtoyou","description":"Estramon Conti HRT-pl\u00e5ster fr\u00e5n Transtoyou, tillg\u00e4ngliga h\u00e4r f\u00f6r att lindra menopausbesv\u00e4r med kontinuerlig hormonbehandling. Handla nu!","robots":{"index":"noindex","follow":"follow","max-snippet":"max-snippet:-1","max-image-preview":"max-image-preview:large","max-video-preview":"max-video-preview:-1"},"og_locale":"sv_SE","og_type":"article","og_title":"Estramon Conti | Kontinuerligt HRT-pl\u00e5ster f\u00f6r Klimakteriet - Transtoyou","og_description":"Estramon Conti HRT-pl\u00e5ster fr\u00e5n Transtoyou, tillg\u00e4ngliga h\u00e4r f\u00f6r att lindra menopausbesv\u00e4r med kontinuerlig hormonbehandling. Handla nu!","og_url":"https:\/\/www.transtoyou.com\/sv\/product\/estramon-conti\/","og_site_name":"Transtoyou - SV","article_modified_time":"2026-02-24T10:47:43+00:00","twitter_card":"summary_large_image","twitter_misc":{"Ber\u00e4knad l\u00e4stid":"7 minuter"},"schema":{"@context":"https:\/\/schema.org","@graph":[{"@type":"WebPage","@id":"https:\/\/www.transtoyou.com\/sv\/product\/estramon-conti\/","url":"https:\/\/www.transtoyou.com\/sv\/product\/estramon-conti\/","name":"Estramon Conti | Kontinuerligt HRT-pl\u00e5ster f\u00f6r Klimakteriet - Transtoyou","isPartOf":{"@id":"https:\/\/www.transtoyou.com\/sv\/#website"},"primaryImageOfPage":{"@id":"https:\/\/www.transtoyou.com\/sv\/product\/estramon-conti\/#primaryimage"},"image":{"@id":"https:\/\/www.transtoyou.com\/sv\/product\/estramon-conti\/#primaryimage"},"thumbnailUrl":"https:\/\/www.transtoyou.com\/sv\/wp-content\/uploads\/sites\/15\/2025\/09\/tty-no-product-image-2.webp","datePublished":"2026-02-24T10:15:17+00:00","dateModified":"2026-02-24T10:47:43+00:00","description":"Estramon Conti HRT-pl\u00e5ster fr\u00e5n Transtoyou, tillg\u00e4ngliga h\u00e4r f\u00f6r att lindra menopausbesv\u00e4r med kontinuerlig hormonbehandling. Handla nu!","breadcrumb":{"@id":"https:\/\/www.transtoyou.com\/sv\/product\/estramon-conti\/#breadcrumb"},"inLanguage":"sv-SE","potentialAction":[{"@type":"ReadAction","target":["https:\/\/www.transtoyou.com\/sv\/product\/estramon-conti\/"]}]},{"@type":"ImageObject","inLanguage":"sv-SE","@id":"https:\/\/www.transtoyou.com\/sv\/product\/estramon-conti\/#primaryimage","url":"https:\/\/www.transtoyou.com\/sv\/wp-content\/uploads\/sites\/15\/2025\/09\/tty-no-product-image-2.webp","contentUrl":"https:\/\/www.transtoyou.com\/sv\/wp-content\/uploads\/sites\/15\/2025\/09\/tty-no-product-image-2.webp","width":1000,"height":1000,"caption":"Standard produktbild"},{"@type":"WebSite","@id":"https:\/\/www.transtoyou.com\/sv\/#website","url":"https:\/\/www.transtoyou.com\/sv\/","name":"Transtoyou - SV","description":"","publisher":{"@id":"https:\/\/www.transtoyou.com\/sv\/#organization"},"potentialAction":[{"@type":"SearchAction","target":{"@type":"EntryPoint","urlTemplate":"https:\/\/www.transtoyou.com\/sv\/?s={search_term_string}"},"query-input":{"@type":"PropertyValueSpecification","valueRequired":true,"valueName":"search_term_string"}}],"inLanguage":"sv-SE"},{"@type":"Organization","@id":"https:\/\/www.transtoyou.com\/sv\/#organization","name":"Transtoyou - SV","url":"https:\/\/www.transtoyou.com\/sv\/","logo":{"@type":"ImageObject","inLanguage":"sv-SE","@id":"https:\/\/www.transtoyou.com\/sv\/#\/schema\/logo\/image\/","url":"https:\/\/www.transtoyou.com\/sv\/wp-content\/uploads\/sites\/15\/2026\/01\/logo-tty-menu-bar-300x87-1.webp","contentUrl":"https:\/\/www.transtoyou.com\/sv\/wp-content\/uploads\/sites\/15\/2026\/01\/logo-tty-menu-bar-300x87-1.webp","width":300,"height":87,"caption":"Transtoyou - SV"},"image":{"@id":"https:\/\/www.transtoyou.com\/sv\/#\/schema\/logo\/image\/"}}]}},"_links":{"self":[{"href":"https:\/\/www.transtoyou.com\/sv\/wp-json\/wp\/v2\/product\/1580","targetHints":{"allow":["GET"]}}],"collection":[{"href":"https:\/\/www.transtoyou.com\/sv\/wp-json\/wp\/v2\/product"}],"about":[{"href":"https:\/\/www.transtoyou.com\/sv\/wp-json\/wp\/v2\/types\/product"}],"replies":[{"embeddable":true,"href":"https:\/\/www.transtoyou.com\/sv\/wp-json\/wp\/v2\/comments?post=1580"}],"wp:featuredmedia":[{"embeddable":true,"href":"https:\/\/www.transtoyou.com\/sv\/wp-json\/wp\/v2\/media\/1582"}],"wp:attachment":[{"href":"https:\/\/www.transtoyou.com\/sv\/wp-json\/wp\/v2\/media?parent=1580"}],"wp:term":[{"taxonomy":"product_brand","embeddable":true,"href":"https:\/\/www.transtoyou.com\/sv\/wp-json\/wp\/v2\/product_brand?post=1580"},{"taxonomy":"product_cat","embeddable":true,"href":"https:\/\/www.transtoyou.com\/sv\/wp-json\/wp\/v2\/product_cat?post=1580"},{"taxonomy":"product_tag","embeddable":true,"href":"https:\/\/www.transtoyou.com\/sv\/wp-json\/wp\/v2\/product_tag?post=1580"},{"taxonomy":"expert","embeddable":true,"href":"https:\/\/www.transtoyou.com\/sv\/wp-json\/wp\/v2\/expert?post=1580"}],"curies":[{"name":"wp","href":"https:\/\/api.w.org\/{rel}","templated":true}]}}