{"id":1671,"date":"2026-02-28T09:45:11","date_gmt":"2026-02-28T09:45:11","guid":{"rendered":"https:\/\/www.transtoyou.com\/sv\/product\/maxalt\/"},"modified":"2026-03-06T11:46:44","modified_gmt":"2026-03-06T11:46:44","slug":"maxalt","status":"publish","type":"product","link":"https:\/\/www.transtoyou.com\/sv\/product\/maxalt\/","title":{"rendered":"Maxalt"},"content":{"rendered":"<h2>Vad \u00e4r Maxalt?<\/h2>\n<p>Maxalt \u00e4r ett receptbelagt l\u00e4kemedel som anv\u00e4nds f\u00f6r att behandla migr\u00e4nattacker. Det inneh\u00e5ller den aktiva ingrediensen rizatriptan, som tillh\u00f6r en grupp l\u00e4kemedel som kallas triptaner.<\/p>\n<p>Triptaner \u00e4r specifikt utformade f\u00f6r att <a href=\"\/sv\/treatment\/headache-and-migraines\/\">behandla migr\u00e4n<\/a>. De \u00e4r inte allm\u00e4nna sm\u00e4rtstillande medel. Maxalt fungerar p\u00e5 ett annat s\u00e4tt \u00e4n vanliga sm\u00e4rtstillande l\u00e4kemedel som <a href=\"\/sv\/product\/paracetamol\">paracetamol<\/a> eller <a href=\"\/sv\/product\/ibuprofen\">ibuprofen<\/a> eftersom det riktar sig mot den biologiska process som orsakar migr\u00e4n.<\/p>\n<p>Maxalt anv\u00e4nds f\u00f6r att behandla en migr\u00e4nattack n\u00e4r den har b\u00f6rjat. Det f\u00f6rhindrar inte migr\u00e4n fr\u00e5n att uppst\u00e5 och b\u00f6r inte anv\u00e4ndas dagligen f\u00f6r att stoppa huvudv\u00e4rk fr\u00e5n att utvecklas.<\/p>\n<p>Maxalt finns som tabletter och som oroligt uppl\u00f6sande tabletter (sm\u00e4lter), som l\u00f6ses upp p\u00e5 tungan utan vatten.<\/p>\n<h2>Vad anv\u00e4nds Maxalt f\u00f6r?<\/h2>\n<p>Maxalt anv\u00e4nds f\u00f6r den akuta behandlingen av migr\u00e4nattacker, oavsett om din migr\u00e4n inkluderar aura eller inte.<\/p>\n<p>En migr\u00e4n \u00e4r mer \u00e4n bara en sv\u00e5r huvudv\u00e4rk. Det \u00e4r ett neurologiskt tillst\u00e5nd som kan orsaka:<\/p>\n<ul>\n<li>Moderat till sv\u00e5r pulserande huvudv\u00e4rk<\/li>\n<li>Sm\u00e4rta vanligtvis p\u00e5 ena sidan av huvudet<\/li>\n<li>Kvalme eller kr\u00e4kningar<\/li>\n<li>\u00d6verk\u00e4nslighet f\u00f6r ljus (fotofobi)<\/li>\n<li>\u00d6verk\u00e4nslighet f\u00f6r ljud (fonofobi)<\/li>\n<li>Visuella st\u00f6rningar (aura), s\u00e5som blinkande ljus eller blinda fl\u00e4ckar<\/li>\n<\/ul>\n<p>Migr\u00e4nattacker kan p\u00e5g\u00e5 fr\u00e5n flera timmar till flera dagar om de inte behandlas.<\/p>\n<p>Maxalt \u00e4r mest effektivt n\u00e4r det tas s\u00e5 snart migr\u00e4nsm\u00e4rtan b\u00f6rjar.<\/p>\n<h2>Hur fungerar Maxalt?<\/h2>\n<p>Maxalt inneh\u00e5ller rizatriptan, som \u00e4r en serotoninreceptoragonist. Detta inneb\u00e4r att det verkar p\u00e5 specifika serotoninreceptorer i din hj\u00e4rna.<\/p>\n<p>Under en migr\u00e4nattack:<\/p>\n<ul>\n<li>Blodk\u00e4rlen i hj\u00e4rnan vidgas (dilateras)<\/li>\n<li>Inflammatoriska \u00e4mnen frig\u00f6rs<\/li>\n<li>Sm\u00e4rtsignaler aktiveras<\/li>\n<\/ul>\n<p>Rizatriptan verkar genom att:<\/p>\n<ul>\n<li>F\u00f6rminska svullna blodk\u00e4rl i hj\u00e4rnan<\/li>\n<li>Minska inflammation<\/li>\n<li>Blockera sm\u00e4rtv\u00e4gar kopplade till migr\u00e4n<\/li>\n<\/ul>\n<p>Genom att rikta in sig p\u00e5 dessa mekanismer kan Maxalt minska huvudv\u00e4rk och associerade symtom som kvalme och ljusk\u00e4nslighet.<\/p>\n<p>Maxalt fungerar inte f\u00f6r sp\u00e4nningshuvudv\u00e4rk eller klusterhuvudv\u00e4rk.<\/p>\n<h2>Vem b\u00f6r inte anv\u00e4nda Maxalt?<\/h2>\n<p>Du b\u00f6r inte anv\u00e4nda Maxalt om:<\/p>\n<ul>\n<li>Du \u00e4r allergisk mot rizatriptan<\/li>\n<li>Du har okontrollerat h\u00f6gt blodtryck<\/li>\n<li>Du har en historia av hj\u00e4rtsjukdom<\/li>\n<li>Du har haft en hj\u00e4rtinfarkt<\/li>\n<li>Du har haft en stroke eller mini-stroke (TIA)<\/li>\n<li>Du har allvarliga cirkulationsproblem<\/li>\n<li>Du har sv\u00e5r leverskada<\/li>\n<li>Du tar vissa andra migr\u00e4nl\u00e4kemedel (som andra triptaner) samtidigt<\/li>\n<li>Du tar monoaminoxidash\u00e4mmare (MAO-h\u00e4mmare)<\/li>\n<\/ul>\n<p>Maxalt kanske inte \u00e4r l\u00e4mpligt om du har riskfaktorer f\u00f6r hj\u00e4rtsjukdom som r\u00f6kning, diabetes, h\u00f6gt kolesterol eller en stark familjehistoria av kardiovaskul\u00e4r sjukdom. En medicinsk bed\u00f6mning \u00e4r viktig innan behandling p\u00e5b\u00f6rjas.<\/p>\n<h3>Graviditet och amning<\/h3>\n<p>Om du \u00e4r gravid eller planerar att bli gravid, prata med en l\u00e4kare innan du anv\u00e4nder Maxalt. Det finns begr\u00e4nsad data om anv\u00e4ndningen av rizatriptan under graviditet.<\/p>\n<p>Rizatriptan passerar in i br\u00f6stmj\u00f6lk i sm\u00e5 m\u00e4ngder. Du b\u00f6r diskutera amning med en l\u00e4kare innan du tar Maxalt. Tillf\u00e4llig avbrott av amning kan rekommenderas efter en dos.<\/p>\n<h2>Hur man anv\u00e4nder och dosering<\/h2>\n<p>Ta alltid Maxalt exakt som ordinerat.<\/p>\n<p>Standarddos f\u00f6r vuxna:<\/p>\n<ul>\n<li>En tablett (vanligtvis 10 mg) tas i b\u00f6rjan av en migr\u00e4nattack<\/li>\n<\/ul>\n<p>Om din migr\u00e4n f\u00f6rb\u00e4ttras men \u00e5terkommer:<\/p>\n<ul>\n<li>En andra dos kan tas efter minst 2 timmar<\/li>\n<\/ul>\n<p>Maximal dos:<\/p>\n<ul>\n<li>Ta inte mer \u00e4n 2 doser inom 24 timmar<\/li>\n<\/ul>\n<p>Maxalt sm\u00e4lter kan placeras p\u00e5 tungan och till\u00e5tas l\u00f6sa upp. Du beh\u00f6ver inte vatten.<\/p>\n<p>Maxalt b\u00f6r endast anv\u00e4ndas f\u00f6r att behandla en aktiv migr\u00e4nattack. Det b\u00f6r inte anv\u00e4ndas f\u00f6rebyggande.<\/p>\n<p>Om du anv\u00e4nder migr\u00e4nl\u00e4kemedel f\u00f6r ofta kan du utveckla medicin\u00f6veranv\u00e4ndningshuvudv\u00e4rk, vilket kan f\u00f6rv\u00e4rra huvudv\u00e4rkens frekvens.<\/p>\n<h2>M\u00f6jliga biverkningar<\/h2>\n<p>Precis som alla l\u00e4kemedel kan Maxalt orsaka biverkningar, \u00e4ven om inte alla upplever dem.<\/p>\n<p>Vanliga biverkningar inkluderar:<\/p>\n<ul>\n<li>Yrsel<\/li>\n<li>D\u00e5sighet<\/li>\n<li>Tr\u00f6tthet<\/li>\n<li>Torra slemhinnor<\/li>\n<li>Kvalme<\/li>\n<li>K\u00e4nsla av tryck eller sp\u00e4nning i br\u00f6stet eller halsen<\/li>\n<\/ul>\n<p>Mindre vanliga men allvarliga biverkningar kan inkludera:<\/p>\n<ul>\n<li>Br\u00f6stsm\u00e4rta<\/li>\n<li>Oregelbundet hj\u00e4rtslag<\/li>\n<li>Tecken p\u00e5 stroke<\/li>\n<li>Allvarliga allergiska reaktioner<\/li>\n<\/ul>\n<p>Eftersom triptaner kan p\u00e5verka blodk\u00e4rlen m\u00e5ste de anv\u00e4ndas f\u00f6rsiktigt hos personer med kardiovaskul\u00e4ra riskfaktorer.<\/p>\n<p>Om du upplever br\u00f6stsm\u00e4rta, sv\u00e5r svaghet, talproblem eller pl\u00f6tsliga synf\u00f6r\u00e4ndringar, s\u00f6k omedelbar medicinsk hj\u00e4lp.<\/p>\n<h2>Viktig s\u00e4kerhetsinformation<\/h2>\n<p>Maxalt b\u00f6r endast anv\u00e4ndas om en l\u00e4kare har bekr\u00e4ftat att dina huvudv\u00e4rk \u00e4r migr\u00e4n.<\/p>\n<p>Du b\u00f6r ber\u00e4tta f\u00f6r din l\u00e4kare om du:<\/p>\n<ul>\n<li>Har riskfaktorer f\u00f6r hj\u00e4rtsjukdom<\/li>\n<li>Har njur- eller leversjukdomar<\/li>\n<li>Tar antidepressiva (s\u00e4rskilt SSRI eller SNRI)<\/li>\n<li>Anv\u00e4nder andra migr\u00e4nl\u00e4kemedel<\/li>\n<li>Har en historia av medicin\u00f6veranv\u00e4ndningshuvudv\u00e4rk<\/li>\n<\/ul>\n<p>Att anv\u00e4nda Maxalt f\u00f6r ofta kan leda till att huvudv\u00e4rkens frekvens \u00f6kar. Om du beh\u00f6ver migr\u00e4nbehandling regelbundet kan din l\u00e4kare diskutera f\u00f6rebyggande behandlingsalternativ med dig.<\/p>\n<h2>N\u00e4r man ska s\u00f6ka medicinsk hj\u00e4lp<\/h2>\n<p>S\u00f6k omedelbar medicinsk hj\u00e4lp om du upplever:<\/p>\n<ul>\n<li>Pl\u00f6tslig br\u00f6stsm\u00e4rta eller tryck<\/li>\n<li>Andn\u00f6d<\/li>\n<li>Pl\u00f6tslig domning eller svaghet p\u00e5 ena sidan av kroppen<\/li>\n<li>Sv\u00e5righeter att tala<\/li>\n<li>Allvarlig allergisk reaktion (svullnad i ansikte, l\u00e4ppar eller hals)<\/li>\n<\/ul>\n<p>Kontakta en l\u00e4kare om:<\/p>\n<ul>\n<li>Ditt migr\u00e4nm\u00f6nster f\u00f6r\u00e4ndras avsev\u00e4rt<\/li>\n<li>Maxalt slutar fungera effektivt<\/li>\n<li>Du beh\u00f6ver behandling oftare<\/li>\n<li>Du upplever ovanliga eller sv\u00e5ra biverkningar<\/li>\n<\/ul>\n<p>Om du \u00e4r os\u00e4ker p\u00e5 om dina symtom \u00e4r relaterade till migr\u00e4n eller din medicin, kan du boka en s\u00e4ker videokonsultation med en licensierad l\u00e4kare via Transtoyou f\u00f6r personlig medicinsk r\u00e5dgivning. Om symtomen \u00e4r sv\u00e5ra eller pl\u00f6tsliga, s\u00f6k omedelbar medicinsk v\u00e5rd.<\/p>\n","protected":false},"excerpt":{"rendered":"<ul>\n<li>Maxalt: Snabbverkande behandling f\u00f6r migr\u00e4n som hj\u00e4lper till att lindra huvudv\u00e4rk och relaterade migr\u00e4nsymptom.<\/li>\n<li>Verksamt \u00e4mne: Rizatriptan<\/li>\n<li>Anv\u00e4nds f\u00f6r: Akut behandling av migr\u00e4nanfall med eller utan aura hos vuxna.<\/li>\n<\/ul>\n","protected":false},"featured_media":1673,"comment_status":"open","ping_status":"closed","template":"","meta":[],"product_brand":[],"product_cat":[109],"product_tag":[],"expert":[18],"class_list":{"0":"post-1671","1":"product","2":"type-product","3":"status-publish","4":"has-post-thumbnail","6":"product_cat-huvudvark-migran","7":"expert-dr-g-varbanov","9":"first","10":"instock","11":"shipping-taxable","12":"product-type-variable"},"yoast_head":"<!-- This site is optimized with the Yoast SEO plugin v27.0 - https:\/\/yoast.com\/product\/yoast-seo-wordpress\/ -->\n<title>Maxalt | Behandling av migr\u00e4nanfall med Rizatriptan - Transtoyou<\/title>\n<meta name=\"description\" content=\"Maxalt migr\u00e4nbehandling med rizatriptan, recept kr\u00e4vs efter l\u00e4karbed\u00f6mning; l\u00e4r dig mer om hur det fungerar med Transtoyou.\" \/>\n<meta name=\"robots\" content=\"noindex, follow, max-snippet:-1, max-image-preview:large, max-video-preview:-1\" \/>\n<meta property=\"og:locale\" content=\"sv_SE\" \/>\n<meta property=\"og:type\" content=\"article\" \/>\n<meta property=\"og:title\" content=\"Maxalt | Behandling av migr\u00e4nanfall med Rizatriptan - Transtoyou\" \/>\n<meta property=\"og:description\" content=\"Maxalt migr\u00e4nbehandling med rizatriptan, recept kr\u00e4vs efter l\u00e4karbed\u00f6mning; l\u00e4r dig mer om hur det fungerar med Transtoyou.\" \/>\n<meta property=\"og:url\" content=\"https:\/\/www.transtoyou.com\/sv\/product\/maxalt\/\" \/>\n<meta property=\"og:site_name\" content=\"Transtoyou - SV\" \/>\n<meta property=\"article:modified_time\" content=\"2026-03-06T11:46:44+00:00\" \/>\n<meta name=\"twitter:card\" content=\"summary_large_image\" \/>\n<meta name=\"twitter:label1\" content=\"Ber\u00e4knad l\u00e4stid\" \/>\n\t<meta name=\"twitter:data1\" content=\"5 minuter\" \/>\n<script type=\"application\/ld+json\" class=\"yoast-schema-graph\">{\"@context\":\"https:\/\/schema.org\",\"@graph\":[{\"@type\":\"WebPage\",\"@id\":\"https:\/\/www.transtoyou.com\/sv\/product\/maxalt\/\",\"url\":\"https:\/\/www.transtoyou.com\/sv\/product\/maxalt\/\",\"name\":\"Maxalt | Behandling av migr\u00e4nanfall med Rizatriptan - Transtoyou\",\"isPartOf\":{\"@id\":\"https:\/\/www.transtoyou.com\/sv\/#website\"},\"primaryImageOfPage\":{\"@id\":\"https:\/\/www.transtoyou.com\/sv\/product\/maxalt\/#primaryimage\"},\"image\":{\"@id\":\"https:\/\/www.transtoyou.com\/sv\/product\/maxalt\/#primaryimage\"},\"thumbnailUrl\":\"https:\/\/www.transtoyou.com\/sv\/wp-content\/uploads\/sites\/15\/2026\/02\/tty-no-product-image-13.webp\",\"datePublished\":\"2026-02-28T09:45:11+00:00\",\"dateModified\":\"2026-03-06T11:46:44+00:00\",\"description\":\"Maxalt migr\u00e4nbehandling med rizatriptan, recept kr\u00e4vs efter l\u00e4karbed\u00f6mning; l\u00e4r dig mer om hur det fungerar med Transtoyou.\",\"breadcrumb\":{\"@id\":\"https:\/\/www.transtoyou.com\/sv\/product\/maxalt\/#breadcrumb\"},\"inLanguage\":\"sv-SE\",\"potentialAction\":[{\"@type\":\"ReadAction\",\"target\":[\"https:\/\/www.transtoyou.com\/sv\/product\/maxalt\/\"]}]},{\"@type\":\"ImageObject\",\"inLanguage\":\"sv-SE\",\"@id\":\"https:\/\/www.transtoyou.com\/sv\/product\/maxalt\/#primaryimage\",\"url\":\"https:\/\/www.transtoyou.com\/sv\/wp-content\/uploads\/sites\/15\/2026\/02\/tty-no-product-image-13.webp\",\"contentUrl\":\"https:\/\/www.transtoyou.com\/sv\/wp-content\/uploads\/sites\/15\/2026\/02\/tty-no-product-image-13.webp\",\"width\":1000,\"height\":1000,\"caption\":\"Standard produktbild\"},{\"@type\":\"WebSite\",\"@id\":\"https:\/\/www.transtoyou.com\/sv\/#website\",\"url\":\"https:\/\/www.transtoyou.com\/sv\/\",\"name\":\"Transtoyou - SV\",\"description\":\"\",\"publisher\":{\"@id\":\"https:\/\/www.transtoyou.com\/sv\/#organization\"},\"potentialAction\":[{\"@type\":\"SearchAction\",\"target\":{\"@type\":\"EntryPoint\",\"urlTemplate\":\"https:\/\/www.transtoyou.com\/sv\/?s={search_term_string}\"},\"query-input\":{\"@type\":\"PropertyValueSpecification\",\"valueRequired\":true,\"valueName\":\"search_term_string\"}}],\"inLanguage\":\"sv-SE\"},{\"@type\":\"Organization\",\"@id\":\"https:\/\/www.transtoyou.com\/sv\/#organization\",\"name\":\"Transtoyou - SV\",\"url\":\"https:\/\/www.transtoyou.com\/sv\/\",\"logo\":{\"@type\":\"ImageObject\",\"inLanguage\":\"sv-SE\",\"@id\":\"https:\/\/www.transtoyou.com\/sv\/#\/schema\/logo\/image\/\",\"url\":\"https:\/\/www.transtoyou.com\/sv\/wp-content\/uploads\/sites\/15\/2026\/01\/logo-tty-menu-bar-300x87-1.webp\",\"contentUrl\":\"https:\/\/www.transtoyou.com\/sv\/wp-content\/uploads\/sites\/15\/2026\/01\/logo-tty-menu-bar-300x87-1.webp\",\"width\":300,\"height\":87,\"caption\":\"Transtoyou - SV\"},\"image\":{\"@id\":\"https:\/\/www.transtoyou.com\/sv\/#\/schema\/logo\/image\/\"}}]}<\/script>\n<!-- \/ Yoast SEO plugin. -->","yoast_head_json":{"title":"Maxalt | Behandling av migr\u00e4nanfall med Rizatriptan - Transtoyou","description":"Maxalt migr\u00e4nbehandling med rizatriptan, recept kr\u00e4vs efter l\u00e4karbed\u00f6mning; l\u00e4r dig mer om hur det fungerar med Transtoyou.","robots":{"index":"noindex","follow":"follow","max-snippet":"max-snippet:-1","max-image-preview":"max-image-preview:large","max-video-preview":"max-video-preview:-1"},"og_locale":"sv_SE","og_type":"article","og_title":"Maxalt | Behandling av migr\u00e4nanfall med Rizatriptan - Transtoyou","og_description":"Maxalt migr\u00e4nbehandling med rizatriptan, recept kr\u00e4vs efter l\u00e4karbed\u00f6mning; l\u00e4r dig mer om hur det fungerar med Transtoyou.","og_url":"https:\/\/www.transtoyou.com\/sv\/product\/maxalt\/","og_site_name":"Transtoyou - SV","article_modified_time":"2026-03-06T11:46:44+00:00","twitter_card":"summary_large_image","twitter_misc":{"Ber\u00e4knad l\u00e4stid":"5 minuter"},"schema":{"@context":"https:\/\/schema.org","@graph":[{"@type":"WebPage","@id":"https:\/\/www.transtoyou.com\/sv\/product\/maxalt\/","url":"https:\/\/www.transtoyou.com\/sv\/product\/maxalt\/","name":"Maxalt | Behandling av migr\u00e4nanfall med Rizatriptan - Transtoyou","isPartOf":{"@id":"https:\/\/www.transtoyou.com\/sv\/#website"},"primaryImageOfPage":{"@id":"https:\/\/www.transtoyou.com\/sv\/product\/maxalt\/#primaryimage"},"image":{"@id":"https:\/\/www.transtoyou.com\/sv\/product\/maxalt\/#primaryimage"},"thumbnailUrl":"https:\/\/www.transtoyou.com\/sv\/wp-content\/uploads\/sites\/15\/2026\/02\/tty-no-product-image-13.webp","datePublished":"2026-02-28T09:45:11+00:00","dateModified":"2026-03-06T11:46:44+00:00","description":"Maxalt migr\u00e4nbehandling med rizatriptan, recept kr\u00e4vs efter l\u00e4karbed\u00f6mning; l\u00e4r dig mer om hur det fungerar med Transtoyou.","breadcrumb":{"@id":"https:\/\/www.transtoyou.com\/sv\/product\/maxalt\/#breadcrumb"},"inLanguage":"sv-SE","potentialAction":[{"@type":"ReadAction","target":["https:\/\/www.transtoyou.com\/sv\/product\/maxalt\/"]}]},{"@type":"ImageObject","inLanguage":"sv-SE","@id":"https:\/\/www.transtoyou.com\/sv\/product\/maxalt\/#primaryimage","url":"https:\/\/www.transtoyou.com\/sv\/wp-content\/uploads\/sites\/15\/2026\/02\/tty-no-product-image-13.webp","contentUrl":"https:\/\/www.transtoyou.com\/sv\/wp-content\/uploads\/sites\/15\/2026\/02\/tty-no-product-image-13.webp","width":1000,"height":1000,"caption":"Standard produktbild"},{"@type":"WebSite","@id":"https:\/\/www.transtoyou.com\/sv\/#website","url":"https:\/\/www.transtoyou.com\/sv\/","name":"Transtoyou - SV","description":"","publisher":{"@id":"https:\/\/www.transtoyou.com\/sv\/#organization"},"potentialAction":[{"@type":"SearchAction","target":{"@type":"EntryPoint","urlTemplate":"https:\/\/www.transtoyou.com\/sv\/?s={search_term_string}"},"query-input":{"@type":"PropertyValueSpecification","valueRequired":true,"valueName":"search_term_string"}}],"inLanguage":"sv-SE"},{"@type":"Organization","@id":"https:\/\/www.transtoyou.com\/sv\/#organization","name":"Transtoyou - SV","url":"https:\/\/www.transtoyou.com\/sv\/","logo":{"@type":"ImageObject","inLanguage":"sv-SE","@id":"https:\/\/www.transtoyou.com\/sv\/#\/schema\/logo\/image\/","url":"https:\/\/www.transtoyou.com\/sv\/wp-content\/uploads\/sites\/15\/2026\/01\/logo-tty-menu-bar-300x87-1.webp","contentUrl":"https:\/\/www.transtoyou.com\/sv\/wp-content\/uploads\/sites\/15\/2026\/01\/logo-tty-menu-bar-300x87-1.webp","width":300,"height":87,"caption":"Transtoyou - SV"},"image":{"@id":"https:\/\/www.transtoyou.com\/sv\/#\/schema\/logo\/image\/"}}]}},"_links":{"self":[{"href":"https:\/\/www.transtoyou.com\/sv\/wp-json\/wp\/v2\/product\/1671","targetHints":{"allow":["GET"]}}],"collection":[{"href":"https:\/\/www.transtoyou.com\/sv\/wp-json\/wp\/v2\/product"}],"about":[{"href":"https:\/\/www.transtoyou.com\/sv\/wp-json\/wp\/v2\/types\/product"}],"replies":[{"embeddable":true,"href":"https:\/\/www.transtoyou.com\/sv\/wp-json\/wp\/v2\/comments?post=1671"}],"wp:featuredmedia":[{"embeddable":true,"href":"https:\/\/www.transtoyou.com\/sv\/wp-json\/wp\/v2\/media\/1673"}],"wp:attachment":[{"href":"https:\/\/www.transtoyou.com\/sv\/wp-json\/wp\/v2\/media?parent=1671"}],"wp:term":[{"taxonomy":"product_brand","embeddable":true,"href":"https:\/\/www.transtoyou.com\/sv\/wp-json\/wp\/v2\/product_brand?post=1671"},{"taxonomy":"product_cat","embeddable":true,"href":"https:\/\/www.transtoyou.com\/sv\/wp-json\/wp\/v2\/product_cat?post=1671"},{"taxonomy":"product_tag","embeddable":true,"href":"https:\/\/www.transtoyou.com\/sv\/wp-json\/wp\/v2\/product_tag?post=1671"},{"taxonomy":"expert","embeddable":true,"href":"https:\/\/www.transtoyou.com\/sv\/wp-json\/wp\/v2\/expert?post=1671"}],"curies":[{"name":"wp","href":"https:\/\/api.w.org\/{rel}","templated":true}]}}