{"id":1691,"date":"2026-02-28T11:59:47","date_gmt":"2026-02-28T11:59:47","guid":{"rendered":"https:\/\/www.transtoyou.com\/sv\/product\/oestrogel\/"},"modified":"2026-02-28T12:00:16","modified_gmt":"2026-02-28T12:00:16","slug":"oestrogel","status":"publish","type":"product","link":"https:\/\/www.transtoyou.com\/sv\/product\/oestrogel\/","title":{"rendered":"Oestrogel"},"content":{"rendered":"<p>Oestrogel \u00e4r en transdermal gel som levererar estradiol genom huden f\u00f6r att \u00e5terst\u00e4lla \u00f6strogenniv\u00e5erna i kroppen. Den anv\u00e4nds i hormonbehandling f\u00f6r personer som upplever symptom relaterade till klimakteriet och kan ocks\u00e5 anv\u00e4ndas i samband med feminiserande hormonbehandling f\u00f6r transkvinnor.<\/p>\n<p>Under klimakteriet kan minskningen av \u00f6strogen leda till symptom som v\u00e4rmevallningar, nattsvett, s\u00f6mnproblem och vaginal torrhet. Oestrogel hj\u00e4lper till att lindra dessa symptom genom att \u00e5terst\u00e4lla estradiolniv\u00e5erna genom huden, vilket undviker matsm\u00e4ltningssystemet och erbjuder ett icke-oralt alternativ f\u00f6r behandling. Gelen appliceras vanligtvis en g\u00e5ng dagligen p\u00e5 ren, torr hud p\u00e5 armarna eller l\u00e5ren.<\/p>\n<p>Inom k\u00f6nsbekr\u00e4ftande v\u00e5rd ger Oestrogel en gradvis och kontrollerad fris\u00e4ttning av estradiol, vilket st\u00f6djer fysiska f\u00f6r\u00e4ndringar som br\u00f6stutveckling, mjukare hud och fettf\u00f6rdelning hos transkvinnor. Dess anv\u00e4ndarv\u00e4nlighet och justerbara dosering g\u00f6r den till ett l\u00e4mpligt alternativ f\u00f6r dem som s\u00f6ker flexibilitet i sin feminiserande regim.<\/p>\n<p>Gelen torkar snabbt, l\u00e4mnar ingen rest och g\u00f6r det m\u00f6jligt att anpassa doseringen efter individuella behov. Oavsett om den anv\u00e4nds f\u00f6r att lindra klimakteriesymptom eller som en del av en k\u00f6ns\u00f6verg\u00e5ngsplan, erbjuder Oestrogel en bekv\u00e4m och konsekvent metod f\u00f6r hormonleverans som enkelt integreras i dagliga rutiner.<\/p>\n","protected":false},"excerpt":{"rendered":"<ul>\n<li>Transdermalt \u00f6strogen gel<\/li>\n<li>Anv\u00e4nds f\u00f6r klimakteriet och \u00f6verg\u00e5ngen<\/li>\n<li>Anpassningsbar daglig dosering<\/li>\n<\/ul>\n","protected":false},"featured_media":1695,"comment_status":"open","ping_status":"closed","template":"","meta":[],"product_brand":[],"product_cat":[119,96],"product_tag":[],"expert":[16],"class_list":{"0":"post-1691","1":"product","2":"type-product","3":"status-publish","4":"has-post-thumbnail","6":"product_cat-hormonersattningsterapi-hrt","7":"product_cat-ostrogen-feminiserande-terapi","8":"expert-dr-c-alexandru","10":"first","11":"instock","12":"shipping-taxable","13":"product-type-variable"},"yoast_head":"<!-- This site is optimized with the Yoast SEO plugin v27.0 - https:\/\/yoast.com\/product\/yoast-seo-wordpress\/ -->\n<title>Oestrogel | St\u00f6d f\u00f6r hormonbalans - Transtoyou<\/title>\n<meta name=\"description\" content=\"Uppt\u00e4ck Oestrogel p\u00e5 Transtoyou, som erbjuder exklusiv tillg\u00e5ng till dina hormonbehov. S\u00e4kra ditt k\u00f6p idag f\u00f6r effektiva resultat och bekv\u00e4mlighet.\" \/>\n<meta name=\"robots\" content=\"noindex, follow, max-snippet:-1, max-image-preview:large, max-video-preview:-1\" \/>\n<meta property=\"og:locale\" content=\"sv_SE\" \/>\n<meta property=\"og:type\" content=\"article\" \/>\n<meta property=\"og:title\" content=\"Oestrogel | St\u00f6d f\u00f6r hormonbalans - Transtoyou\" \/>\n<meta property=\"og:description\" content=\"Uppt\u00e4ck Oestrogel p\u00e5 Transtoyou, som erbjuder exklusiv tillg\u00e5ng till dina hormonbehov. S\u00e4kra ditt k\u00f6p idag f\u00f6r effektiva resultat och bekv\u00e4mlighet.\" \/>\n<meta property=\"og:url\" content=\"https:\/\/www.transtoyou.com\/sv\/product\/oestrogel\/\" \/>\n<meta property=\"og:site_name\" content=\"Transtoyou - SV\" \/>\n<meta property=\"article:modified_time\" content=\"2026-02-28T12:00:16+00:00\" \/>\n<meta name=\"twitter:card\" content=\"summary_large_image\" \/>\n<meta name=\"twitter:label1\" content=\"Ber\u00e4knad l\u00e4stid\" \/>\n\t<meta name=\"twitter:data1\" content=\"1 minut\" \/>\n<script type=\"application\/ld+json\" class=\"yoast-schema-graph\">{\"@context\":\"https:\/\/schema.org\",\"@graph\":[{\"@type\":\"WebPage\",\"@id\":\"https:\/\/www.transtoyou.com\/sv\/product\/oestrogel\/\",\"url\":\"https:\/\/www.transtoyou.com\/sv\/product\/oestrogel\/\",\"name\":\"Oestrogel | St\u00f6d f\u00f6r hormonbalans - Transtoyou\",\"isPartOf\":{\"@id\":\"https:\/\/www.transtoyou.com\/sv\/#website\"},\"primaryImageOfPage\":{\"@id\":\"https:\/\/www.transtoyou.com\/sv\/product\/oestrogel\/#primaryimage\"},\"image\":{\"@id\":\"https:\/\/www.transtoyou.com\/sv\/product\/oestrogel\/#primaryimage\"},\"thumbnailUrl\":\"https:\/\/www.transtoyou.com\/sv\/wp-content\/uploads\/sites\/15\/2026\/02\/tty-no-product-image-16.webp\",\"datePublished\":\"2026-02-28T11:59:47+00:00\",\"dateModified\":\"2026-02-28T12:00:16+00:00\",\"description\":\"Uppt\u00e4ck Oestrogel p\u00e5 Transtoyou, som erbjuder exklusiv tillg\u00e5ng till dina hormonbehov. S\u00e4kra ditt k\u00f6p idag f\u00f6r effektiva resultat och bekv\u00e4mlighet.\",\"breadcrumb\":{\"@id\":\"https:\/\/www.transtoyou.com\/sv\/product\/oestrogel\/#breadcrumb\"},\"inLanguage\":\"sv-SE\",\"potentialAction\":[{\"@type\":\"ReadAction\",\"target\":[\"https:\/\/www.transtoyou.com\/sv\/product\/oestrogel\/\"]}]},{\"@type\":\"ImageObject\",\"inLanguage\":\"sv-SE\",\"@id\":\"https:\/\/www.transtoyou.com\/sv\/product\/oestrogel\/#primaryimage\",\"url\":\"https:\/\/www.transtoyou.com\/sv\/wp-content\/uploads\/sites\/15\/2026\/02\/tty-no-product-image-16.webp\",\"contentUrl\":\"https:\/\/www.transtoyou.com\/sv\/wp-content\/uploads\/sites\/15\/2026\/02\/tty-no-product-image-16.webp\",\"width\":1000,\"height\":1000,\"caption\":\"Standard produktbild\"},{\"@type\":\"WebSite\",\"@id\":\"https:\/\/www.transtoyou.com\/sv\/#website\",\"url\":\"https:\/\/www.transtoyou.com\/sv\/\",\"name\":\"Transtoyou - SV\",\"description\":\"\",\"publisher\":{\"@id\":\"https:\/\/www.transtoyou.com\/sv\/#organization\"},\"potentialAction\":[{\"@type\":\"SearchAction\",\"target\":{\"@type\":\"EntryPoint\",\"urlTemplate\":\"https:\/\/www.transtoyou.com\/sv\/?s={search_term_string}\"},\"query-input\":{\"@type\":\"PropertyValueSpecification\",\"valueRequired\":true,\"valueName\":\"search_term_string\"}}],\"inLanguage\":\"sv-SE\"},{\"@type\":\"Organization\",\"@id\":\"https:\/\/www.transtoyou.com\/sv\/#organization\",\"name\":\"Transtoyou - SV\",\"url\":\"https:\/\/www.transtoyou.com\/sv\/\",\"logo\":{\"@type\":\"ImageObject\",\"inLanguage\":\"sv-SE\",\"@id\":\"https:\/\/www.transtoyou.com\/sv\/#\/schema\/logo\/image\/\",\"url\":\"https:\/\/www.transtoyou.com\/sv\/wp-content\/uploads\/sites\/15\/2026\/01\/logo-tty-menu-bar-300x87-1.webp\",\"contentUrl\":\"https:\/\/www.transtoyou.com\/sv\/wp-content\/uploads\/sites\/15\/2026\/01\/logo-tty-menu-bar-300x87-1.webp\",\"width\":300,\"height\":87,\"caption\":\"Transtoyou - SV\"},\"image\":{\"@id\":\"https:\/\/www.transtoyou.com\/sv\/#\/schema\/logo\/image\/\"}}]}<\/script>\n<!-- \/ Yoast SEO plugin. -->","yoast_head_json":{"title":"Oestrogel | St\u00f6d f\u00f6r hormonbalans - Transtoyou","description":"Uppt\u00e4ck Oestrogel p\u00e5 Transtoyou, som erbjuder exklusiv tillg\u00e5ng till dina hormonbehov. S\u00e4kra ditt k\u00f6p idag f\u00f6r effektiva resultat och bekv\u00e4mlighet.","robots":{"index":"noindex","follow":"follow","max-snippet":"max-snippet:-1","max-image-preview":"max-image-preview:large","max-video-preview":"max-video-preview:-1"},"og_locale":"sv_SE","og_type":"article","og_title":"Oestrogel | St\u00f6d f\u00f6r hormonbalans - Transtoyou","og_description":"Uppt\u00e4ck Oestrogel p\u00e5 Transtoyou, som erbjuder exklusiv tillg\u00e5ng till dina hormonbehov. S\u00e4kra ditt k\u00f6p idag f\u00f6r effektiva resultat och bekv\u00e4mlighet.","og_url":"https:\/\/www.transtoyou.com\/sv\/product\/oestrogel\/","og_site_name":"Transtoyou - SV","article_modified_time":"2026-02-28T12:00:16+00:00","twitter_card":"summary_large_image","twitter_misc":{"Ber\u00e4knad l\u00e4stid":"1 minut"},"schema":{"@context":"https:\/\/schema.org","@graph":[{"@type":"WebPage","@id":"https:\/\/www.transtoyou.com\/sv\/product\/oestrogel\/","url":"https:\/\/www.transtoyou.com\/sv\/product\/oestrogel\/","name":"Oestrogel | St\u00f6d f\u00f6r hormonbalans - Transtoyou","isPartOf":{"@id":"https:\/\/www.transtoyou.com\/sv\/#website"},"primaryImageOfPage":{"@id":"https:\/\/www.transtoyou.com\/sv\/product\/oestrogel\/#primaryimage"},"image":{"@id":"https:\/\/www.transtoyou.com\/sv\/product\/oestrogel\/#primaryimage"},"thumbnailUrl":"https:\/\/www.transtoyou.com\/sv\/wp-content\/uploads\/sites\/15\/2026\/02\/tty-no-product-image-16.webp","datePublished":"2026-02-28T11:59:47+00:00","dateModified":"2026-02-28T12:00:16+00:00","description":"Uppt\u00e4ck Oestrogel p\u00e5 Transtoyou, som erbjuder exklusiv tillg\u00e5ng till dina hormonbehov. S\u00e4kra ditt k\u00f6p idag f\u00f6r effektiva resultat och bekv\u00e4mlighet.","breadcrumb":{"@id":"https:\/\/www.transtoyou.com\/sv\/product\/oestrogel\/#breadcrumb"},"inLanguage":"sv-SE","potentialAction":[{"@type":"ReadAction","target":["https:\/\/www.transtoyou.com\/sv\/product\/oestrogel\/"]}]},{"@type":"ImageObject","inLanguage":"sv-SE","@id":"https:\/\/www.transtoyou.com\/sv\/product\/oestrogel\/#primaryimage","url":"https:\/\/www.transtoyou.com\/sv\/wp-content\/uploads\/sites\/15\/2026\/02\/tty-no-product-image-16.webp","contentUrl":"https:\/\/www.transtoyou.com\/sv\/wp-content\/uploads\/sites\/15\/2026\/02\/tty-no-product-image-16.webp","width":1000,"height":1000,"caption":"Standard produktbild"},{"@type":"WebSite","@id":"https:\/\/www.transtoyou.com\/sv\/#website","url":"https:\/\/www.transtoyou.com\/sv\/","name":"Transtoyou - SV","description":"","publisher":{"@id":"https:\/\/www.transtoyou.com\/sv\/#organization"},"potentialAction":[{"@type":"SearchAction","target":{"@type":"EntryPoint","urlTemplate":"https:\/\/www.transtoyou.com\/sv\/?s={search_term_string}"},"query-input":{"@type":"PropertyValueSpecification","valueRequired":true,"valueName":"search_term_string"}}],"inLanguage":"sv-SE"},{"@type":"Organization","@id":"https:\/\/www.transtoyou.com\/sv\/#organization","name":"Transtoyou - SV","url":"https:\/\/www.transtoyou.com\/sv\/","logo":{"@type":"ImageObject","inLanguage":"sv-SE","@id":"https:\/\/www.transtoyou.com\/sv\/#\/schema\/logo\/image\/","url":"https:\/\/www.transtoyou.com\/sv\/wp-content\/uploads\/sites\/15\/2026\/01\/logo-tty-menu-bar-300x87-1.webp","contentUrl":"https:\/\/www.transtoyou.com\/sv\/wp-content\/uploads\/sites\/15\/2026\/01\/logo-tty-menu-bar-300x87-1.webp","width":300,"height":87,"caption":"Transtoyou - SV"},"image":{"@id":"https:\/\/www.transtoyou.com\/sv\/#\/schema\/logo\/image\/"}}]}},"_links":{"self":[{"href":"https:\/\/www.transtoyou.com\/sv\/wp-json\/wp\/v2\/product\/1691","targetHints":{"allow":["GET"]}}],"collection":[{"href":"https:\/\/www.transtoyou.com\/sv\/wp-json\/wp\/v2\/product"}],"about":[{"href":"https:\/\/www.transtoyou.com\/sv\/wp-json\/wp\/v2\/types\/product"}],"replies":[{"embeddable":true,"href":"https:\/\/www.transtoyou.com\/sv\/wp-json\/wp\/v2\/comments?post=1691"}],"wp:featuredmedia":[{"embeddable":true,"href":"https:\/\/www.transtoyou.com\/sv\/wp-json\/wp\/v2\/media\/1695"}],"wp:attachment":[{"href":"https:\/\/www.transtoyou.com\/sv\/wp-json\/wp\/v2\/media?parent=1691"}],"wp:term":[{"taxonomy":"product_brand","embeddable":true,"href":"https:\/\/www.transtoyou.com\/sv\/wp-json\/wp\/v2\/product_brand?post=1691"},{"taxonomy":"product_cat","embeddable":true,"href":"https:\/\/www.transtoyou.com\/sv\/wp-json\/wp\/v2\/product_cat?post=1691"},{"taxonomy":"product_tag","embeddable":true,"href":"https:\/\/www.transtoyou.com\/sv\/wp-json\/wp\/v2\/product_tag?post=1691"},{"taxonomy":"expert","embeddable":true,"href":"https:\/\/www.transtoyou.com\/sv\/wp-json\/wp\/v2\/expert?post=1691"}],"curies":[{"name":"wp","href":"https:\/\/api.w.org\/{rel}","templated":true}]}}