{"id":1820,"date":"2026-03-05T10:10:15","date_gmt":"2026-03-05T10:10:15","guid":{"rendered":"https:\/\/www.transtoyou.com\/sv\/product\/sildenafil\/"},"modified":"2026-03-05T10:15:45","modified_gmt":"2026-03-05T10:15:45","slug":"sildenafil","status":"publish","type":"product","link":"https:\/\/www.transtoyou.com\/sv\/product\/sildenafil\/","title":{"rendered":"Sildenafil"},"content":{"rendered":"<p>Sildenafil \u00e4r en behandling f\u00f6r erektil dysfunktion, ett tillst\u00e5nd d\u00e4r en man har sv\u00e5rt att uppn\u00e5 eller beh\u00e5lla en erektion. Den aktiva substansen, \u00e4ven kallad sildenafil, verkar genom att f\u00f6rb\u00e4ttra blodfl\u00f6det till penis n\u00e4r en man \u00e4r sexuellt upphetsad. Den \u00f6kar inte libido, men den st\u00f6djer den fysiska responsen p\u00e5 sexuell stimulering.<\/p>\n<p>Ursprungligen utvecklad f\u00f6r hj\u00e4rtrelaterad br\u00f6stsm\u00e4rta, visade det sig senare att Sildenafil var effektivt f\u00f6r att behandla erektila sv\u00e5righeter. Det anv\u00e4nds ofta under varum\u00e4rket Viagra, \u00e4ven om generiska versioner \u00e4r lika effektiva. Sildenafil b\u00f6rjar vanligtvis verka inom 30 till 60 minuter och kan f\u00f6rbli effektivt i cirka fyra timmar, vilket ger en mer avslappnad upplevelse.<\/p>\n<p>Den standard rekommenderade dosen \u00e4r 50 mg, som tas vid behov f\u00f6re sexuell aktivitet. Vissa personer kan dock ha nytta av l\u00e4gre eller h\u00f6gre doser beroende p\u00e5 individuell tolerans och respons. Det b\u00f6r inte tas mer \u00e4n en g\u00e5ng per dag och ska sv\u00e4ljas med vatten. En tung m\u00e5ltid kan f\u00f6rdr\u00f6ja dess effekter.<\/p>\n<p>Vanliga biverkningar kan inkludera huvudv\u00e4rk, ansiktsrodnad, n\u00e4st\u00e4ppa och yrsel. Mer allvarliga effekter som synf\u00f6r\u00e4ndringar eller f\u00f6rl\u00e4ngda erektioner \u00e4r s\u00e4llsynta men kr\u00e4ver medicinsk uppm\u00e4rksamhet. Sildenafil b\u00f6r inte anv\u00e4ndas tillsammans med nitrathaltiga l\u00e4kemedel eller vissa blodtrycksmediciner p\u00e5 grund av risken f\u00f6r kraftiga blodtrycksfall.<\/p>\n","protected":false},"excerpt":{"rendered":"<ul>\n<li>Verkar inom 30 till 60 minuter<\/li>\n<li>Effekterna varar i upp till 4 timmar<\/li>\n<li>Hj\u00e4lper till att st\u00f6dja naturliga erektioner<\/li>\n<\/ul>\n","protected":false},"featured_media":1839,"comment_status":"open","ping_status":"closed","template":"","meta":[],"product_brand":[],"product_cat":[95],"product_tag":[],"expert":[16],"class_list":{"0":"post-1820","1":"product","2":"type-product","3":"status-publish","4":"has-post-thumbnail","6":"product_cat-erektil-dysfunktion-behandlingar","7":"expert-dr-c-alexandru","9":"first","10":"instock","11":"shipping-taxable","12":"product-type-variable"},"yoast_head":"<!-- This site is optimized with the Yoast SEO plugin v27.0 - https:\/\/yoast.com\/product\/yoast-seo-wordpress\/ -->\n<title>Sildenafil | F\u00f6rb\u00e4ttra Prestanda Diskret - Transtoyou<\/title>\n<meta name=\"description\" content=\"Utforska Sildenafil p\u00e5 Transtoyou, din p\u00e5litliga k\u00e4lla f\u00f6r kvalitetsprodukter inom h\u00e4lsa. Uppt\u00e4ck f\u00f6rdelar och handla enkelt idag!\" \/>\n<meta name=\"robots\" content=\"noindex, follow, max-snippet:-1, max-image-preview:large, max-video-preview:-1\" \/>\n<meta property=\"og:locale\" content=\"sv_SE\" \/>\n<meta property=\"og:type\" content=\"article\" \/>\n<meta property=\"og:title\" content=\"Sildenafil | F\u00f6rb\u00e4ttra Prestanda Diskret - Transtoyou\" \/>\n<meta property=\"og:description\" content=\"Utforska Sildenafil p\u00e5 Transtoyou, din p\u00e5litliga k\u00e4lla f\u00f6r kvalitetsprodukter inom h\u00e4lsa. Uppt\u00e4ck f\u00f6rdelar och handla enkelt idag!\" \/>\n<meta property=\"og:url\" content=\"https:\/\/www.transtoyou.com\/sv\/product\/sildenafil\/\" \/>\n<meta property=\"og:site_name\" content=\"Transtoyou - SV\" \/>\n<meta property=\"article:modified_time\" content=\"2026-03-05T10:15:45+00:00\" \/>\n<meta name=\"twitter:card\" content=\"summary_large_image\" \/>\n<meta name=\"twitter:label1\" content=\"Ber\u00e4knad l\u00e4stid\" \/>\n\t<meta name=\"twitter:data1\" content=\"1 minut\" \/>\n<script type=\"application\/ld+json\" class=\"yoast-schema-graph\">{\"@context\":\"https:\/\/schema.org\",\"@graph\":[{\"@type\":\"WebPage\",\"@id\":\"https:\/\/www.transtoyou.com\/sv\/product\/sildenafil\/\",\"url\":\"https:\/\/www.transtoyou.com\/sv\/product\/sildenafil\/\",\"name\":\"Sildenafil | F\u00f6rb\u00e4ttra Prestanda Diskret - Transtoyou\",\"isPartOf\":{\"@id\":\"https:\/\/www.transtoyou.com\/sv\/#website\"},\"primaryImageOfPage\":{\"@id\":\"https:\/\/www.transtoyou.com\/sv\/product\/sildenafil\/#primaryimage\"},\"image\":{\"@id\":\"https:\/\/www.transtoyou.com\/sv\/product\/sildenafil\/#primaryimage\"},\"thumbnailUrl\":\"https:\/\/www.transtoyou.com\/sv\/wp-content\/uploads\/sites\/15\/2026\/03\/tty-no-product-image-6.webp\",\"datePublished\":\"2026-03-05T10:10:15+00:00\",\"dateModified\":\"2026-03-05T10:15:45+00:00\",\"description\":\"Utforska Sildenafil p\u00e5 Transtoyou, din p\u00e5litliga k\u00e4lla f\u00f6r kvalitetsprodukter inom h\u00e4lsa. Uppt\u00e4ck f\u00f6rdelar och handla enkelt idag!\",\"breadcrumb\":{\"@id\":\"https:\/\/www.transtoyou.com\/sv\/product\/sildenafil\/#breadcrumb\"},\"inLanguage\":\"sv-SE\",\"potentialAction\":[{\"@type\":\"ReadAction\",\"target\":[\"https:\/\/www.transtoyou.com\/sv\/product\/sildenafil\/\"]}]},{\"@type\":\"ImageObject\",\"inLanguage\":\"sv-SE\",\"@id\":\"https:\/\/www.transtoyou.com\/sv\/product\/sildenafil\/#primaryimage\",\"url\":\"https:\/\/www.transtoyou.com\/sv\/wp-content\/uploads\/sites\/15\/2026\/03\/tty-no-product-image-6.webp\",\"contentUrl\":\"https:\/\/www.transtoyou.com\/sv\/wp-content\/uploads\/sites\/15\/2026\/03\/tty-no-product-image-6.webp\",\"width\":1000,\"height\":1000,\"caption\":\"Standard produktbild\"},{\"@type\":\"WebSite\",\"@id\":\"https:\/\/www.transtoyou.com\/sv\/#website\",\"url\":\"https:\/\/www.transtoyou.com\/sv\/\",\"name\":\"Transtoyou - SV\",\"description\":\"\",\"publisher\":{\"@id\":\"https:\/\/www.transtoyou.com\/sv\/#organization\"},\"potentialAction\":[{\"@type\":\"SearchAction\",\"target\":{\"@type\":\"EntryPoint\",\"urlTemplate\":\"https:\/\/www.transtoyou.com\/sv\/?s={search_term_string}\"},\"query-input\":{\"@type\":\"PropertyValueSpecification\",\"valueRequired\":true,\"valueName\":\"search_term_string\"}}],\"inLanguage\":\"sv-SE\"},{\"@type\":\"Organization\",\"@id\":\"https:\/\/www.transtoyou.com\/sv\/#organization\",\"name\":\"Transtoyou - SV\",\"url\":\"https:\/\/www.transtoyou.com\/sv\/\",\"logo\":{\"@type\":\"ImageObject\",\"inLanguage\":\"sv-SE\",\"@id\":\"https:\/\/www.transtoyou.com\/sv\/#\/schema\/logo\/image\/\",\"url\":\"https:\/\/www.transtoyou.com\/sv\/wp-content\/uploads\/sites\/15\/2026\/01\/logo-tty-menu-bar-300x87-1.webp\",\"contentUrl\":\"https:\/\/www.transtoyou.com\/sv\/wp-content\/uploads\/sites\/15\/2026\/01\/logo-tty-menu-bar-300x87-1.webp\",\"width\":300,\"height\":87,\"caption\":\"Transtoyou - SV\"},\"image\":{\"@id\":\"https:\/\/www.transtoyou.com\/sv\/#\/schema\/logo\/image\/\"}}]}<\/script>\n<!-- \/ Yoast SEO plugin. -->","yoast_head_json":{"title":"Sildenafil | F\u00f6rb\u00e4ttra Prestanda Diskret - Transtoyou","description":"Utforska Sildenafil p\u00e5 Transtoyou, din p\u00e5litliga k\u00e4lla f\u00f6r kvalitetsprodukter inom h\u00e4lsa. Uppt\u00e4ck f\u00f6rdelar och handla enkelt idag!","robots":{"index":"noindex","follow":"follow","max-snippet":"max-snippet:-1","max-image-preview":"max-image-preview:large","max-video-preview":"max-video-preview:-1"},"og_locale":"sv_SE","og_type":"article","og_title":"Sildenafil | F\u00f6rb\u00e4ttra Prestanda Diskret - Transtoyou","og_description":"Utforska Sildenafil p\u00e5 Transtoyou, din p\u00e5litliga k\u00e4lla f\u00f6r kvalitetsprodukter inom h\u00e4lsa. Uppt\u00e4ck f\u00f6rdelar och handla enkelt idag!","og_url":"https:\/\/www.transtoyou.com\/sv\/product\/sildenafil\/","og_site_name":"Transtoyou - SV","article_modified_time":"2026-03-05T10:15:45+00:00","twitter_card":"summary_large_image","twitter_misc":{"Ber\u00e4knad l\u00e4stid":"1 minut"},"schema":{"@context":"https:\/\/schema.org","@graph":[{"@type":"WebPage","@id":"https:\/\/www.transtoyou.com\/sv\/product\/sildenafil\/","url":"https:\/\/www.transtoyou.com\/sv\/product\/sildenafil\/","name":"Sildenafil | F\u00f6rb\u00e4ttra Prestanda Diskret - Transtoyou","isPartOf":{"@id":"https:\/\/www.transtoyou.com\/sv\/#website"},"primaryImageOfPage":{"@id":"https:\/\/www.transtoyou.com\/sv\/product\/sildenafil\/#primaryimage"},"image":{"@id":"https:\/\/www.transtoyou.com\/sv\/product\/sildenafil\/#primaryimage"},"thumbnailUrl":"https:\/\/www.transtoyou.com\/sv\/wp-content\/uploads\/sites\/15\/2026\/03\/tty-no-product-image-6.webp","datePublished":"2026-03-05T10:10:15+00:00","dateModified":"2026-03-05T10:15:45+00:00","description":"Utforska Sildenafil p\u00e5 Transtoyou, din p\u00e5litliga k\u00e4lla f\u00f6r kvalitetsprodukter inom h\u00e4lsa. Uppt\u00e4ck f\u00f6rdelar och handla enkelt idag!","breadcrumb":{"@id":"https:\/\/www.transtoyou.com\/sv\/product\/sildenafil\/#breadcrumb"},"inLanguage":"sv-SE","potentialAction":[{"@type":"ReadAction","target":["https:\/\/www.transtoyou.com\/sv\/product\/sildenafil\/"]}]},{"@type":"ImageObject","inLanguage":"sv-SE","@id":"https:\/\/www.transtoyou.com\/sv\/product\/sildenafil\/#primaryimage","url":"https:\/\/www.transtoyou.com\/sv\/wp-content\/uploads\/sites\/15\/2026\/03\/tty-no-product-image-6.webp","contentUrl":"https:\/\/www.transtoyou.com\/sv\/wp-content\/uploads\/sites\/15\/2026\/03\/tty-no-product-image-6.webp","width":1000,"height":1000,"caption":"Standard produktbild"},{"@type":"WebSite","@id":"https:\/\/www.transtoyou.com\/sv\/#website","url":"https:\/\/www.transtoyou.com\/sv\/","name":"Transtoyou - SV","description":"","publisher":{"@id":"https:\/\/www.transtoyou.com\/sv\/#organization"},"potentialAction":[{"@type":"SearchAction","target":{"@type":"EntryPoint","urlTemplate":"https:\/\/www.transtoyou.com\/sv\/?s={search_term_string}"},"query-input":{"@type":"PropertyValueSpecification","valueRequired":true,"valueName":"search_term_string"}}],"inLanguage":"sv-SE"},{"@type":"Organization","@id":"https:\/\/www.transtoyou.com\/sv\/#organization","name":"Transtoyou - SV","url":"https:\/\/www.transtoyou.com\/sv\/","logo":{"@type":"ImageObject","inLanguage":"sv-SE","@id":"https:\/\/www.transtoyou.com\/sv\/#\/schema\/logo\/image\/","url":"https:\/\/www.transtoyou.com\/sv\/wp-content\/uploads\/sites\/15\/2026\/01\/logo-tty-menu-bar-300x87-1.webp","contentUrl":"https:\/\/www.transtoyou.com\/sv\/wp-content\/uploads\/sites\/15\/2026\/01\/logo-tty-menu-bar-300x87-1.webp","width":300,"height":87,"caption":"Transtoyou - SV"},"image":{"@id":"https:\/\/www.transtoyou.com\/sv\/#\/schema\/logo\/image\/"}}]}},"_links":{"self":[{"href":"https:\/\/www.transtoyou.com\/sv\/wp-json\/wp\/v2\/product\/1820","targetHints":{"allow":["GET"]}}],"collection":[{"href":"https:\/\/www.transtoyou.com\/sv\/wp-json\/wp\/v2\/product"}],"about":[{"href":"https:\/\/www.transtoyou.com\/sv\/wp-json\/wp\/v2\/types\/product"}],"replies":[{"embeddable":true,"href":"https:\/\/www.transtoyou.com\/sv\/wp-json\/wp\/v2\/comments?post=1820"}],"wp:featuredmedia":[{"embeddable":true,"href":"https:\/\/www.transtoyou.com\/sv\/wp-json\/wp\/v2\/media\/1839"}],"wp:attachment":[{"href":"https:\/\/www.transtoyou.com\/sv\/wp-json\/wp\/v2\/media?parent=1820"}],"wp:term":[{"taxonomy":"product_brand","embeddable":true,"href":"https:\/\/www.transtoyou.com\/sv\/wp-json\/wp\/v2\/product_brand?post=1820"},{"taxonomy":"product_cat","embeddable":true,"href":"https:\/\/www.transtoyou.com\/sv\/wp-json\/wp\/v2\/product_cat?post=1820"},{"taxonomy":"product_tag","embeddable":true,"href":"https:\/\/www.transtoyou.com\/sv\/wp-json\/wp\/v2\/product_tag?post=1820"},{"taxonomy":"expert","embeddable":true,"href":"https:\/\/www.transtoyou.com\/sv\/wp-json\/wp\/v2\/expert?post=1820"}],"curies":[{"name":"wp","href":"https:\/\/api.w.org\/{rel}","templated":true}]}}