{"id":450,"date":"2026-01-22T13:44:24","date_gmt":"2026-01-22T13:44:24","guid":{"rendered":"https:\/\/www.transtoyou.com\/sv\/product\/vermox\/"},"modified":"2026-03-07T14:05:02","modified_gmt":"2026-03-07T14:05:02","slug":"vermox","status":"publish","type":"product","link":"https:\/\/www.transtoyou.com\/sv\/product\/vermox\/","title":{"rendered":"Vermox"},"content":{"rendered":"<p>Vermox \u00e4r en allm\u00e4nt anv\u00e4nd behandling f\u00f6r tarmmaskinfektioner, s\u00e4rskilt effektiv mot springmask, spolmask, hakmask och piskmask. Den inneh\u00e5ller den aktiva ingrediensen mebendazol, som st\u00f6r maskarnas f\u00f6rm\u00e5ga att absorbera glukos, deras huvudsakliga energik\u00e4lla. Som ett resultat f\u00f6rlorar parasiterna energi, d\u00f6r och uts\u00f6ndras naturligt fr\u00e5n kroppen genom matsm\u00e4ltningssystemet.<\/p>\n<p>Maskinfektioner kan orsaka symtom som anal kl\u00e5da, rastl\u00f6shet, magsm\u00e4rtor och n\u00e4ringsbrister. Vermox erbjuder ett enkelt och effektivt s\u00e4tt att lindra dessa symtom och eliminera infektionen. Det administreras vanligtvis som en eng\u00e5ngsdos, och i vissa fall rekommenderas en andra dos tv\u00e5 veckor senare f\u00f6r att f\u00f6rhindra \u00e5terinfektion.<\/p>\n<p>Denna medicin tolereras generellt v\u00e4l, med biverkningar som \u00e4r s\u00e4llsynta och vanligtvis milda. N\u00e4r de uppst\u00e5r kan de inkludera tillf\u00e4llig gastrointestinal obehag. Vermox stannar i matsm\u00e4ltningskanalen och absorberas minimalt i blodomloppet, vilket minskar risken f\u00f6r systemiska biverkningar.<\/p>\n<p>F\u00f6r att f\u00f6rhindra spridning av maskar rekommenderas hygien\u00e5tg\u00e4rder som regelbunden handtv\u00e4tt, korta naglar och frekvent tv\u00e4ttning av s\u00e4ngkl\u00e4der och kl\u00e4der. Att behandla alla medlemmar i hush\u00e5llet samtidigt kan hj\u00e4lpa till att stoppa infektionen fr\u00e5n att \u00e5terkomma.<\/p>\n","protected":false},"excerpt":{"rendered":"<ul>\n<li>Effektiv mot flera typer av maskar<\/li>\n<li>Enstaka eller tv\u00e5dosbehandling<\/li>\n<li>Familjev\u00e4nliga alternativ<\/li>\n<\/ul>\n","protected":false},"featured_media":452,"comment_status":"open","ping_status":"closed","template":"","meta":[],"product_brand":[],"product_cat":[160],"product_tag":[],"expert":[],"class_list":{"0":"post-450","1":"product","2":"type-product","3":"status-publish","4":"has-post-thumbnail","6":"product_cat-maskar","8":"first","9":"instock","10":"shipping-taxable","11":"product-type-variable"},"yoast_head":"<!-- This site is optimized with the Yoast SEO plugin v27.0 - https:\/\/yoast.com\/product\/yoast-seo-wordpress\/ -->\n<title>Vermox | Effektiv Behandling av Parasiter - Transtoyou<\/title>\n<meta name=\"description\" content=\"Vermox finns p\u00e5 Transtoyou, en p\u00e5litlig h\u00e4lsoplattform. Handla nu f\u00f6r effektiv behandling av parasitinfektioner. Bekv\u00e4m och p\u00e5litlig tillg\u00e5ng.\" \/>\n<meta name=\"robots\" content=\"noindex, follow, max-snippet:-1, max-image-preview:large, max-video-preview:-1\" \/>\n<meta property=\"og:locale\" content=\"sv_SE\" \/>\n<meta property=\"og:type\" content=\"article\" \/>\n<meta property=\"og:title\" content=\"Vermox | Effektiv Behandling av Parasiter - Transtoyou\" \/>\n<meta property=\"og:description\" content=\"Vermox finns p\u00e5 Transtoyou, en p\u00e5litlig h\u00e4lsoplattform. Handla nu f\u00f6r effektiv behandling av parasitinfektioner. Bekv\u00e4m och p\u00e5litlig tillg\u00e5ng.\" \/>\n<meta property=\"og:url\" content=\"https:\/\/www.transtoyou.com\/sv\/product\/vermox\/\" \/>\n<meta property=\"og:site_name\" content=\"Transtoyou - SV\" \/>\n<meta property=\"article:modified_time\" content=\"2026-03-07T14:05:02+00:00\" \/>\n<meta name=\"twitter:card\" content=\"summary_large_image\" \/>\n<meta name=\"twitter:label1\" content=\"Ber\u00e4knad l\u00e4stid\" \/>\n\t<meta name=\"twitter:data1\" content=\"1 minut\" \/>\n<script type=\"application\/ld+json\" class=\"yoast-schema-graph\">{\"@context\":\"https:\/\/schema.org\",\"@graph\":[{\"@type\":\"WebPage\",\"@id\":\"https:\/\/www.transtoyou.com\/sv\/product\/vermox\/\",\"url\":\"https:\/\/www.transtoyou.com\/sv\/product\/vermox\/\",\"name\":\"Vermox | Effektiv Behandling av Parasiter - Transtoyou\",\"isPartOf\":{\"@id\":\"https:\/\/www.transtoyou.com\/sv\/#website\"},\"primaryImageOfPage\":{\"@id\":\"https:\/\/www.transtoyou.com\/sv\/product\/vermox\/#primaryimage\"},\"image\":{\"@id\":\"https:\/\/www.transtoyou.com\/sv\/product\/vermox\/#primaryimage\"},\"thumbnailUrl\":\"https:\/\/www.transtoyou.com\/sv\/wp-content\/uploads\/sites\/15\/2026\/01\/tty-no-product-image-5.webp\",\"datePublished\":\"2026-01-22T13:44:24+00:00\",\"dateModified\":\"2026-03-07T14:05:02+00:00\",\"description\":\"Vermox finns p\u00e5 Transtoyou, en p\u00e5litlig h\u00e4lsoplattform. Handla nu f\u00f6r effektiv behandling av parasitinfektioner. Bekv\u00e4m och p\u00e5litlig tillg\u00e5ng.\",\"breadcrumb\":{\"@id\":\"https:\/\/www.transtoyou.com\/sv\/product\/vermox\/#breadcrumb\"},\"inLanguage\":\"sv-SE\",\"potentialAction\":[{\"@type\":\"ReadAction\",\"target\":[\"https:\/\/www.transtoyou.com\/sv\/product\/vermox\/\"]}]},{\"@type\":\"ImageObject\",\"inLanguage\":\"sv-SE\",\"@id\":\"https:\/\/www.transtoyou.com\/sv\/product\/vermox\/#primaryimage\",\"url\":\"https:\/\/www.transtoyou.com\/sv\/wp-content\/uploads\/sites\/15\/2026\/01\/tty-no-product-image-5.webp\",\"contentUrl\":\"https:\/\/www.transtoyou.com\/sv\/wp-content\/uploads\/sites\/15\/2026\/01\/tty-no-product-image-5.webp\",\"width\":1000,\"height\":1000,\"caption\":\"Standard produktbild\"},{\"@type\":\"WebSite\",\"@id\":\"https:\/\/www.transtoyou.com\/sv\/#website\",\"url\":\"https:\/\/www.transtoyou.com\/sv\/\",\"name\":\"Transtoyou - SV\",\"description\":\"\",\"publisher\":{\"@id\":\"https:\/\/www.transtoyou.com\/sv\/#organization\"},\"potentialAction\":[{\"@type\":\"SearchAction\",\"target\":{\"@type\":\"EntryPoint\",\"urlTemplate\":\"https:\/\/www.transtoyou.com\/sv\/?s={search_term_string}\"},\"query-input\":{\"@type\":\"PropertyValueSpecification\",\"valueRequired\":true,\"valueName\":\"search_term_string\"}}],\"inLanguage\":\"sv-SE\"},{\"@type\":\"Organization\",\"@id\":\"https:\/\/www.transtoyou.com\/sv\/#organization\",\"name\":\"Transtoyou - SV\",\"url\":\"https:\/\/www.transtoyou.com\/sv\/\",\"logo\":{\"@type\":\"ImageObject\",\"inLanguage\":\"sv-SE\",\"@id\":\"https:\/\/www.transtoyou.com\/sv\/#\/schema\/logo\/image\/\",\"url\":\"https:\/\/www.transtoyou.com\/sv\/wp-content\/uploads\/sites\/15\/2026\/01\/logo-tty-menu-bar-300x87-1.webp\",\"contentUrl\":\"https:\/\/www.transtoyou.com\/sv\/wp-content\/uploads\/sites\/15\/2026\/01\/logo-tty-menu-bar-300x87-1.webp\",\"width\":300,\"height\":87,\"caption\":\"Transtoyou - SV\"},\"image\":{\"@id\":\"https:\/\/www.transtoyou.com\/sv\/#\/schema\/logo\/image\/\"}}]}<\/script>\n<!-- \/ Yoast SEO plugin. -->","yoast_head_json":{"title":"Vermox | Effektiv Behandling av Parasiter - Transtoyou","description":"Vermox finns p\u00e5 Transtoyou, en p\u00e5litlig h\u00e4lsoplattform. Handla nu f\u00f6r effektiv behandling av parasitinfektioner. Bekv\u00e4m och p\u00e5litlig tillg\u00e5ng.","robots":{"index":"noindex","follow":"follow","max-snippet":"max-snippet:-1","max-image-preview":"max-image-preview:large","max-video-preview":"max-video-preview:-1"},"og_locale":"sv_SE","og_type":"article","og_title":"Vermox | Effektiv Behandling av Parasiter - Transtoyou","og_description":"Vermox finns p\u00e5 Transtoyou, en p\u00e5litlig h\u00e4lsoplattform. Handla nu f\u00f6r effektiv behandling av parasitinfektioner. Bekv\u00e4m och p\u00e5litlig tillg\u00e5ng.","og_url":"https:\/\/www.transtoyou.com\/sv\/product\/vermox\/","og_site_name":"Transtoyou - SV","article_modified_time":"2026-03-07T14:05:02+00:00","twitter_card":"summary_large_image","twitter_misc":{"Ber\u00e4knad l\u00e4stid":"1 minut"},"schema":{"@context":"https:\/\/schema.org","@graph":[{"@type":"WebPage","@id":"https:\/\/www.transtoyou.com\/sv\/product\/vermox\/","url":"https:\/\/www.transtoyou.com\/sv\/product\/vermox\/","name":"Vermox | Effektiv Behandling av Parasiter - Transtoyou","isPartOf":{"@id":"https:\/\/www.transtoyou.com\/sv\/#website"},"primaryImageOfPage":{"@id":"https:\/\/www.transtoyou.com\/sv\/product\/vermox\/#primaryimage"},"image":{"@id":"https:\/\/www.transtoyou.com\/sv\/product\/vermox\/#primaryimage"},"thumbnailUrl":"https:\/\/www.transtoyou.com\/sv\/wp-content\/uploads\/sites\/15\/2026\/01\/tty-no-product-image-5.webp","datePublished":"2026-01-22T13:44:24+00:00","dateModified":"2026-03-07T14:05:02+00:00","description":"Vermox finns p\u00e5 Transtoyou, en p\u00e5litlig h\u00e4lsoplattform. Handla nu f\u00f6r effektiv behandling av parasitinfektioner. Bekv\u00e4m och p\u00e5litlig tillg\u00e5ng.","breadcrumb":{"@id":"https:\/\/www.transtoyou.com\/sv\/product\/vermox\/#breadcrumb"},"inLanguage":"sv-SE","potentialAction":[{"@type":"ReadAction","target":["https:\/\/www.transtoyou.com\/sv\/product\/vermox\/"]}]},{"@type":"ImageObject","inLanguage":"sv-SE","@id":"https:\/\/www.transtoyou.com\/sv\/product\/vermox\/#primaryimage","url":"https:\/\/www.transtoyou.com\/sv\/wp-content\/uploads\/sites\/15\/2026\/01\/tty-no-product-image-5.webp","contentUrl":"https:\/\/www.transtoyou.com\/sv\/wp-content\/uploads\/sites\/15\/2026\/01\/tty-no-product-image-5.webp","width":1000,"height":1000,"caption":"Standard produktbild"},{"@type":"WebSite","@id":"https:\/\/www.transtoyou.com\/sv\/#website","url":"https:\/\/www.transtoyou.com\/sv\/","name":"Transtoyou - SV","description":"","publisher":{"@id":"https:\/\/www.transtoyou.com\/sv\/#organization"},"potentialAction":[{"@type":"SearchAction","target":{"@type":"EntryPoint","urlTemplate":"https:\/\/www.transtoyou.com\/sv\/?s={search_term_string}"},"query-input":{"@type":"PropertyValueSpecification","valueRequired":true,"valueName":"search_term_string"}}],"inLanguage":"sv-SE"},{"@type":"Organization","@id":"https:\/\/www.transtoyou.com\/sv\/#organization","name":"Transtoyou - SV","url":"https:\/\/www.transtoyou.com\/sv\/","logo":{"@type":"ImageObject","inLanguage":"sv-SE","@id":"https:\/\/www.transtoyou.com\/sv\/#\/schema\/logo\/image\/","url":"https:\/\/www.transtoyou.com\/sv\/wp-content\/uploads\/sites\/15\/2026\/01\/logo-tty-menu-bar-300x87-1.webp","contentUrl":"https:\/\/www.transtoyou.com\/sv\/wp-content\/uploads\/sites\/15\/2026\/01\/logo-tty-menu-bar-300x87-1.webp","width":300,"height":87,"caption":"Transtoyou - SV"},"image":{"@id":"https:\/\/www.transtoyou.com\/sv\/#\/schema\/logo\/image\/"}}]}},"_links":{"self":[{"href":"https:\/\/www.transtoyou.com\/sv\/wp-json\/wp\/v2\/product\/450","targetHints":{"allow":["GET"]}}],"collection":[{"href":"https:\/\/www.transtoyou.com\/sv\/wp-json\/wp\/v2\/product"}],"about":[{"href":"https:\/\/www.transtoyou.com\/sv\/wp-json\/wp\/v2\/types\/product"}],"replies":[{"embeddable":true,"href":"https:\/\/www.transtoyou.com\/sv\/wp-json\/wp\/v2\/comments?post=450"}],"wp:featuredmedia":[{"embeddable":true,"href":"https:\/\/www.transtoyou.com\/sv\/wp-json\/wp\/v2\/media\/452"}],"wp:attachment":[{"href":"https:\/\/www.transtoyou.com\/sv\/wp-json\/wp\/v2\/media?parent=450"}],"wp:term":[{"taxonomy":"product_brand","embeddable":true,"href":"https:\/\/www.transtoyou.com\/sv\/wp-json\/wp\/v2\/product_brand?post=450"},{"taxonomy":"product_cat","embeddable":true,"href":"https:\/\/www.transtoyou.com\/sv\/wp-json\/wp\/v2\/product_cat?post=450"},{"taxonomy":"product_tag","embeddable":true,"href":"https:\/\/www.transtoyou.com\/sv\/wp-json\/wp\/v2\/product_tag?post=450"},{"taxonomy":"expert","embeddable":true,"href":"https:\/\/www.transtoyou.com\/sv\/wp-json\/wp\/v2\/expert?post=450"}],"curies":[{"name":"wp","href":"https:\/\/api.w.org\/{rel}","templated":true}]}}