{"id":453,"date":"2026-01-22T13:59:52","date_gmt":"2026-01-22T13:59:52","guid":{"rendered":"https:\/\/www.transtoyou.com\/sv\/product\/molevac\/"},"modified":"2026-02-28T10:30:46","modified_gmt":"2026-02-28T10:30:46","slug":"molevac","status":"publish","type":"product","link":"https:\/\/www.transtoyou.com\/sv\/product\/molevac\/","title":{"rendered":"Molevac"},"content":{"rendered":"<p>Molevac \u00e4r en medicin som anv\u00e4nds f\u00f6r att behandla infektioner orsakade av tarmmaskar, s\u00e4rskilt springmaskar. Springmaskinfektioner \u00e4r vanliga, s\u00e4rskilt hos barn, och kan orsaka symtom som kl\u00e5da (oro) runt anus, rastl\u00f6shet och milda magbesv\u00e4r. Molevac inneh\u00e5ller den aktiva ingrediensen pyrvinium embonate, som verkar genom att f\u00f6rlama maskarna s\u00e5 att de kan uts\u00f6ndras naturligt genom avf\u00f6ring.<\/p>\n<p>Denna behandling ges vanligtvis som en eng\u00e5ngsdos som tas oralt, med en upprepning rekommenderad efter tv\u00e5 veckor f\u00f6r att f\u00f6rhindra \u00e5terinfektion. Eftersom springmaskar sprids l\u00e4tt genom kontakt och kontaminerade ytor, rekommenderas det att behandla alla hush\u00e5llsmedlemmar samtidigt f\u00f6r att f\u00f6rhindra \u00e5terinfektion.<\/p>\n<p>Molevac tolereras v\u00e4l, med mycket f\u00e5 biverkningar. Vissa personer kan m\u00e4rka milda gastrointestinala symtom som illam\u00e5ende eller kramper, men dessa \u00e4r vanligtvis kortvariga. God hygien \u00e4r avg\u00f6rande under och efter behandlingen f\u00f6r att undvika ytterligare spridning av maskarna. Detta inkluderar regelbunden handtv\u00e4tt, reng\u00f6ring av s\u00e4ngkl\u00e4der och kl\u00e4der, samt klippning av naglar.<\/p>\n","protected":false},"excerpt":{"rendered":"<ul>\n<li>Eng\u00e5ngsdosbehandling<\/li>\n<li>Riktar sig mot springmaskar<\/li>\n<li>Passar m\u00e5nga m\u00e4nniskor<\/li>\n<\/ul>\n","protected":false},"featured_media":454,"comment_status":"open","ping_status":"closed","template":"","meta":[],"product_brand":[],"product_cat":[160],"product_tag":[],"expert":[21],"class_list":{"0":"post-453","1":"product","2":"type-product","3":"status-publish","4":"has-post-thumbnail","6":"product_cat-maskar","7":"expert-dr-m-sharoyko","9":"first","10":"outofstock","11":"shipping-taxable","12":"product-type-simple"},"yoast_head":"<!-- This site is optimized with the Yoast SEO plugin v27.0 - https:\/\/yoast.com\/product\/yoast-seo-wordpress\/ -->\n<title>Molevac | Effektiv Parasitl\u00f6sning - Transtoyou<\/title>\n<meta name=\"description\" content=\"Uppt\u00e4ck Molevac f\u00f6r effektiv parasitbehandling, tillg\u00e4nglig p\u00e5 Transtoyou. St\u00f6d din tarmh\u00e4lsa med v\u00e5r bepr\u00f6vade formel. Skaffa din idag!\" \/>\n<meta name=\"robots\" content=\"noindex, follow, max-snippet:-1, max-image-preview:large, max-video-preview:-1\" \/>\n<meta property=\"og:locale\" content=\"sv_SE\" \/>\n<meta property=\"og:type\" content=\"article\" \/>\n<meta property=\"og:title\" content=\"Molevac | Effektiv Parasitl\u00f6sning - Transtoyou\" \/>\n<meta property=\"og:description\" content=\"Uppt\u00e4ck Molevac f\u00f6r effektiv parasitbehandling, tillg\u00e4nglig p\u00e5 Transtoyou. St\u00f6d din tarmh\u00e4lsa med v\u00e5r bepr\u00f6vade formel. Skaffa din idag!\" \/>\n<meta property=\"og:url\" content=\"https:\/\/www.transtoyou.com\/sv\/product\/molevac\/\" \/>\n<meta property=\"og:site_name\" content=\"Transtoyou - SV\" \/>\n<meta property=\"article:modified_time\" content=\"2026-02-28T10:30:46+00:00\" \/>\n<meta name=\"twitter:card\" content=\"summary_large_image\" \/>\n<meta name=\"twitter:label1\" content=\"Ber\u00e4knad l\u00e4stid\" \/>\n\t<meta name=\"twitter:data1\" content=\"1 minut\" \/>\n<script type=\"application\/ld+json\" class=\"yoast-schema-graph\">{\"@context\":\"https:\/\/schema.org\",\"@graph\":[{\"@type\":\"WebPage\",\"@id\":\"https:\/\/www.transtoyou.com\/sv\/product\/molevac\/\",\"url\":\"https:\/\/www.transtoyou.com\/sv\/product\/molevac\/\",\"name\":\"Molevac | Effektiv Parasitl\u00f6sning - Transtoyou\",\"isPartOf\":{\"@id\":\"https:\/\/www.transtoyou.com\/sv\/#website\"},\"primaryImageOfPage\":{\"@id\":\"https:\/\/www.transtoyou.com\/sv\/product\/molevac\/#primaryimage\"},\"image\":{\"@id\":\"https:\/\/www.transtoyou.com\/sv\/product\/molevac\/#primaryimage\"},\"thumbnailUrl\":\"https:\/\/www.transtoyou.com\/sv\/wp-content\/uploads\/sites\/15\/2026\/01\/tty-no-product-image-6.webp\",\"datePublished\":\"2026-01-22T13:59:52+00:00\",\"dateModified\":\"2026-02-28T10:30:46+00:00\",\"description\":\"Uppt\u00e4ck Molevac f\u00f6r effektiv parasitbehandling, tillg\u00e4nglig p\u00e5 Transtoyou. St\u00f6d din tarmh\u00e4lsa med v\u00e5r bepr\u00f6vade formel. Skaffa din idag!\",\"breadcrumb\":{\"@id\":\"https:\/\/www.transtoyou.com\/sv\/product\/molevac\/#breadcrumb\"},\"inLanguage\":\"sv-SE\",\"potentialAction\":[{\"@type\":\"ReadAction\",\"target\":[\"https:\/\/www.transtoyou.com\/sv\/product\/molevac\/\"]}]},{\"@type\":\"ImageObject\",\"inLanguage\":\"sv-SE\",\"@id\":\"https:\/\/www.transtoyou.com\/sv\/product\/molevac\/#primaryimage\",\"url\":\"https:\/\/www.transtoyou.com\/sv\/wp-content\/uploads\/sites\/15\/2026\/01\/tty-no-product-image-6.webp\",\"contentUrl\":\"https:\/\/www.transtoyou.com\/sv\/wp-content\/uploads\/sites\/15\/2026\/01\/tty-no-product-image-6.webp\",\"width\":1000,\"height\":1000,\"caption\":\"Standard produktbild\"},{\"@type\":\"WebSite\",\"@id\":\"https:\/\/www.transtoyou.com\/sv\/#website\",\"url\":\"https:\/\/www.transtoyou.com\/sv\/\",\"name\":\"Transtoyou - SV\",\"description\":\"\",\"publisher\":{\"@id\":\"https:\/\/www.transtoyou.com\/sv\/#organization\"},\"potentialAction\":[{\"@type\":\"SearchAction\",\"target\":{\"@type\":\"EntryPoint\",\"urlTemplate\":\"https:\/\/www.transtoyou.com\/sv\/?s={search_term_string}\"},\"query-input\":{\"@type\":\"PropertyValueSpecification\",\"valueRequired\":true,\"valueName\":\"search_term_string\"}}],\"inLanguage\":\"sv-SE\"},{\"@type\":\"Organization\",\"@id\":\"https:\/\/www.transtoyou.com\/sv\/#organization\",\"name\":\"Transtoyou - SV\",\"url\":\"https:\/\/www.transtoyou.com\/sv\/\",\"logo\":{\"@type\":\"ImageObject\",\"inLanguage\":\"sv-SE\",\"@id\":\"https:\/\/www.transtoyou.com\/sv\/#\/schema\/logo\/image\/\",\"url\":\"https:\/\/www.transtoyou.com\/sv\/wp-content\/uploads\/sites\/15\/2026\/01\/logo-tty-menu-bar-300x87-1.webp\",\"contentUrl\":\"https:\/\/www.transtoyou.com\/sv\/wp-content\/uploads\/sites\/15\/2026\/01\/logo-tty-menu-bar-300x87-1.webp\",\"width\":300,\"height\":87,\"caption\":\"Transtoyou - SV\"},\"image\":{\"@id\":\"https:\/\/www.transtoyou.com\/sv\/#\/schema\/logo\/image\/\"}}]}<\/script>\n<!-- \/ Yoast SEO plugin. -->","yoast_head_json":{"title":"Molevac | Effektiv Parasitl\u00f6sning - Transtoyou","description":"Uppt\u00e4ck Molevac f\u00f6r effektiv parasitbehandling, tillg\u00e4nglig p\u00e5 Transtoyou. St\u00f6d din tarmh\u00e4lsa med v\u00e5r bepr\u00f6vade formel. Skaffa din idag!","robots":{"index":"noindex","follow":"follow","max-snippet":"max-snippet:-1","max-image-preview":"max-image-preview:large","max-video-preview":"max-video-preview:-1"},"og_locale":"sv_SE","og_type":"article","og_title":"Molevac | Effektiv Parasitl\u00f6sning - Transtoyou","og_description":"Uppt\u00e4ck Molevac f\u00f6r effektiv parasitbehandling, tillg\u00e4nglig p\u00e5 Transtoyou. St\u00f6d din tarmh\u00e4lsa med v\u00e5r bepr\u00f6vade formel. Skaffa din idag!","og_url":"https:\/\/www.transtoyou.com\/sv\/product\/molevac\/","og_site_name":"Transtoyou - SV","article_modified_time":"2026-02-28T10:30:46+00:00","twitter_card":"summary_large_image","twitter_misc":{"Ber\u00e4knad l\u00e4stid":"1 minut"},"schema":{"@context":"https:\/\/schema.org","@graph":[{"@type":"WebPage","@id":"https:\/\/www.transtoyou.com\/sv\/product\/molevac\/","url":"https:\/\/www.transtoyou.com\/sv\/product\/molevac\/","name":"Molevac | Effektiv Parasitl\u00f6sning - Transtoyou","isPartOf":{"@id":"https:\/\/www.transtoyou.com\/sv\/#website"},"primaryImageOfPage":{"@id":"https:\/\/www.transtoyou.com\/sv\/product\/molevac\/#primaryimage"},"image":{"@id":"https:\/\/www.transtoyou.com\/sv\/product\/molevac\/#primaryimage"},"thumbnailUrl":"https:\/\/www.transtoyou.com\/sv\/wp-content\/uploads\/sites\/15\/2026\/01\/tty-no-product-image-6.webp","datePublished":"2026-01-22T13:59:52+00:00","dateModified":"2026-02-28T10:30:46+00:00","description":"Uppt\u00e4ck Molevac f\u00f6r effektiv parasitbehandling, tillg\u00e4nglig p\u00e5 Transtoyou. St\u00f6d din tarmh\u00e4lsa med v\u00e5r bepr\u00f6vade formel. Skaffa din idag!","breadcrumb":{"@id":"https:\/\/www.transtoyou.com\/sv\/product\/molevac\/#breadcrumb"},"inLanguage":"sv-SE","potentialAction":[{"@type":"ReadAction","target":["https:\/\/www.transtoyou.com\/sv\/product\/molevac\/"]}]},{"@type":"ImageObject","inLanguage":"sv-SE","@id":"https:\/\/www.transtoyou.com\/sv\/product\/molevac\/#primaryimage","url":"https:\/\/www.transtoyou.com\/sv\/wp-content\/uploads\/sites\/15\/2026\/01\/tty-no-product-image-6.webp","contentUrl":"https:\/\/www.transtoyou.com\/sv\/wp-content\/uploads\/sites\/15\/2026\/01\/tty-no-product-image-6.webp","width":1000,"height":1000,"caption":"Standard produktbild"},{"@type":"WebSite","@id":"https:\/\/www.transtoyou.com\/sv\/#website","url":"https:\/\/www.transtoyou.com\/sv\/","name":"Transtoyou - SV","description":"","publisher":{"@id":"https:\/\/www.transtoyou.com\/sv\/#organization"},"potentialAction":[{"@type":"SearchAction","target":{"@type":"EntryPoint","urlTemplate":"https:\/\/www.transtoyou.com\/sv\/?s={search_term_string}"},"query-input":{"@type":"PropertyValueSpecification","valueRequired":true,"valueName":"search_term_string"}}],"inLanguage":"sv-SE"},{"@type":"Organization","@id":"https:\/\/www.transtoyou.com\/sv\/#organization","name":"Transtoyou - SV","url":"https:\/\/www.transtoyou.com\/sv\/","logo":{"@type":"ImageObject","inLanguage":"sv-SE","@id":"https:\/\/www.transtoyou.com\/sv\/#\/schema\/logo\/image\/","url":"https:\/\/www.transtoyou.com\/sv\/wp-content\/uploads\/sites\/15\/2026\/01\/logo-tty-menu-bar-300x87-1.webp","contentUrl":"https:\/\/www.transtoyou.com\/sv\/wp-content\/uploads\/sites\/15\/2026\/01\/logo-tty-menu-bar-300x87-1.webp","width":300,"height":87,"caption":"Transtoyou - SV"},"image":{"@id":"https:\/\/www.transtoyou.com\/sv\/#\/schema\/logo\/image\/"}}]}},"_links":{"self":[{"href":"https:\/\/www.transtoyou.com\/sv\/wp-json\/wp\/v2\/product\/453","targetHints":{"allow":["GET"]}}],"collection":[{"href":"https:\/\/www.transtoyou.com\/sv\/wp-json\/wp\/v2\/product"}],"about":[{"href":"https:\/\/www.transtoyou.com\/sv\/wp-json\/wp\/v2\/types\/product"}],"replies":[{"embeddable":true,"href":"https:\/\/www.transtoyou.com\/sv\/wp-json\/wp\/v2\/comments?post=453"}],"wp:featuredmedia":[{"embeddable":true,"href":"https:\/\/www.transtoyou.com\/sv\/wp-json\/wp\/v2\/media\/454"}],"wp:attachment":[{"href":"https:\/\/www.transtoyou.com\/sv\/wp-json\/wp\/v2\/media?parent=453"}],"wp:term":[{"taxonomy":"product_brand","embeddable":true,"href":"https:\/\/www.transtoyou.com\/sv\/wp-json\/wp\/v2\/product_brand?post=453"},{"taxonomy":"product_cat","embeddable":true,"href":"https:\/\/www.transtoyou.com\/sv\/wp-json\/wp\/v2\/product_cat?post=453"},{"taxonomy":"product_tag","embeddable":true,"href":"https:\/\/www.transtoyou.com\/sv\/wp-json\/wp\/v2\/product_tag?post=453"},{"taxonomy":"expert","embeddable":true,"href":"https:\/\/www.transtoyou.com\/sv\/wp-json\/wp\/v2\/expert?post=453"}],"curies":[{"name":"wp","href":"https:\/\/api.w.org\/{rel}","templated":true}]}}